	{"id":18901,"date":"2024-03-22T09:37:54","date_gmt":"2024-03-22T08:37:54","guid":{"rendered":"https:\/\/rebub.u-bordeaux.fr\/?page_id=18901"},"modified":"2024-05-02T12:55:45","modified_gmt":"2024-05-02T10:55:45","slug":"gestion-de-cdi-dans-alma","status":"publish","type":"page","link":"http:\/\/rebub.u-bordeaux.fr\/index.php\/babord\/procedures\/cdi\/gestion-de-cdi-dans-alma\/","title":{"rendered":"Gestion de CDI dans Alma"},"content":{"rendered":"<div id='wpig-floatingbar' class='wpig-floatingbar'><div id='wpig-switch-wrapper' class='wpig-switch-wrapper'><span id='wpig-floating-switch' class='wpig-floating-switch'><img src='http:\/\/rebub.u-bordeaux.fr\/wp-content\/plugins\/sticky-toc-advance-table-of-contents\/\\assets\\menu.png'><\/span><\/div><div id='wpig-contents' class='wpig-contents  wpig-sidebar-widget wpig-style-3'><span class='wpig-headline'>Table des mati\u00e8res<span><a data-action='show' class='wpig-btn-toggledisplay'>[ Show ]<\/a><\/span><\/span><!-- Table of Contents --><div id='wpig-table-of-content' class='wpig-table-of-content'><ol><li class='stoc-pour-les-bouquets-actives-dans-le-resolveur-de-lien'><a href='#stoc-pour-les-bouquets-actives-dans-le-resolveur-de-lien'>Pour les bouquets activ\u00e9s dans le r\u00e9solveur de lien<\/a><ol><li class='stoc-la-preuve-par-lexemple-le-cas-de-la-bibliotheque-dalloz'><a href='#stoc-la-preuve-par-lexemple-le-cas-de-la-bibliotheque-dalloz'>La preuve par l&rsquo;exemple : le cas de la biblioth\u00e8que Dalloz<\/a><\/li><li class='stoc-pour-les-bases-de-donnees'><a href='#stoc-pour-les-bases-de-donnees'>Pour les bases de donn\u00e9es<\/a><\/li><li class='stoc-pour-les-ressources-gratuites'><a href='#stoc-pour-les-ressources-gratuites'>Pour les ressources gratuites<\/a><\/li><\/ol><\/li><\/div><!-- END OF Table of Contents --><\/div><\/div><p><div id='wpig-contents' class='wpig-contents  wpig-sidebar-widget wpig-style-1'><span class='wpig-headline'>Table des mati\u00e8res<span><a data-action='show' class='wpig-btn-toggledisplay'>[ Show ]<\/a><\/span><\/span><!-- Table of Contents --><div id='wpig-table-of-content' class='wpig-table-of-content' ><ol><li class='stoc-pour-les-bouquets-actives-dans-le-resolveur-de-lien'><a href='#stoc-pour-les-bouquets-actives-dans-le-resolveur-de-lien'>Pour les bouquets activ\u00e9s dans le r\u00e9solveur de lien<\/a><ol><li class='stoc-la-preuve-par-lexemple-le-cas-de-la-bibliotheque-dalloz'><a href='#stoc-la-preuve-par-lexemple-le-cas-de-la-bibliotheque-dalloz'>La preuve par l&rsquo;exemple : le cas de la biblioth\u00e8que Dalloz<\/a><\/li><li class='stoc-pour-les-bases-de-donnees'><a href='#stoc-pour-les-bases-de-donnees'>Pour les bases de donn\u00e9es<\/a><\/li><li class='stoc-pour-les-ressources-gratuites'><a href='#stoc-pour-les-ressources-gratuites'>Pour les ressources gratuites<\/a><\/li><\/ol><\/li><\/div><!-- END OF Table of Contents --><\/div><\/p>\n<h2 id=\"stoc-pour-les-bouquets-actives-dans-le-resolveur-de-lien\" class=\"wpig-heading\">Pour les bouquets activ\u00e9s dans le r\u00e9solveur de lien<\/h2>\n\n\n\n<p>A partir du moment o\u00f9 l\u2019on d\u00e9clare dans Alma poss\u00e9der un acc\u00e8s en texte int\u00e9gral pour un bouquet de livres ou de revues \u00e9lectroniques, les m\u00e9tadonn\u00e9es des titres qui composent le bouquet seront automatiquement disponibles pour la recherche dans l\u2019Index Central. Ces donn\u00e9es seront disponibles 48 heures apr\u00e8s l\u2019activation du titre.<br>Il est possible de passer outre ce comportement et de demander la d\u00e9sactivation d\u2019une source pour la recherche via l\u2019option \u201cNe pas montrer en tant que texte int\u00e9gral disponible dans CDI m\u00eame s&rsquo;il est activ\u00e9 dans Alma\u201d.<\/p>\n\n\n<div class=\"wp-block-image wp-image-8859 size-full\">\n<figure class=\"aligncenter\"><a href=\"http:\/\/rebub.u-bordeaux.fr\/wp-content\/uploads\/2020\/05\/CDI_Activation-source.png\" target=\"_blank\" rel=\"noreferrer noopener\"><img decoding=\"async\" loading=\"lazy\" width=\"1600\" height=\"810\" src=\"http:\/\/rebub.u-bordeaux.fr\/wp-content\/uploads\/2020\/05\/CDI_Activation-source.png\" alt=\"\" class=\"wp-image-8859\" srcset=\"https:\/\/rebub.u-bordeaux.fr\/wp-content\/uploads\/2020\/05\/CDI_Activation-source.png 1600w, https:\/\/rebub.u-bordeaux.fr\/wp-content\/uploads\/2020\/05\/CDI_Activation-source-300x152.png 300w, https:\/\/rebub.u-bordeaux.fr\/wp-content\/uploads\/2020\/05\/CDI_Activation-source-1024x518.png 1024w, https:\/\/rebub.u-bordeaux.fr\/wp-content\/uploads\/2020\/05\/CDI_Activation-source-768x389.png 768w, https:\/\/rebub.u-bordeaux.fr\/wp-content\/uploads\/2020\/05\/CDI_Activation-source-1536x778.png 1536w\" sizes=\"(max-width: 1600px) 100vw, 1600px\" \/><\/a><figcaption class=\"wp-element-caption\">Ne pas montrer en tant que Texte int\u00e9gral disponible dans CDI m\u00eame s&rsquo;il est activ\u00e9 dans Alma<\/figcaption><\/figure><\/div>\n\n\n<p>Les m\u00e9tadonn\u00e9es de cette ressource ne seront alors pas renvoy\u00e9es dans la liste des r\u00e9sultats. Les titres seront n\u00e9anmoins expos\u00e9s via les notices bibliographiques li\u00e9es au portfolio dans Alma.<\/p>\n\n\n\n<p>Cette activation automatique pour la recherche est aussi valable lorsque l\u2019on charge un bouquet local.<\/p>\n\n\n\n<h3 id=\"stoc-la-preuve-par-lexemple-le-cas-de-la-bibliotheque-dalloz\" class=\"wpig-heading\">La preuve par l&rsquo;exemple : le cas de la biblioth\u00e8que Dalloz<\/h3>\n\n\n\n<p>La biblioth\u00e8que num\u00e9rique Dalloz n\u2019\u00e9tait pas activ\u00e9e dans l\u2019institution PCI de l\u2019UB. A l\u2019issue de la migration elle n\u2019a donc pas \u00e9t\u00e9 activ\u00e9e pour la recherche dans CDI.<\/p>\n\n\n<div class=\"wp-block-image wp-image-8861 size-full\">\n<figure class=\"aligncenter is-resized\"><a href=\"http:\/\/rebub.u-bordeaux.fr\/wp-content\/uploads\/2020\/05\/CDI_Daloz-param\u00e9trage.png\" target=\"_blank\" rel=\"noreferrer noopener\"><img decoding=\"async\" src=\"https:\/\/rebub.u-bordeaux.fr\/wp-content\/uploads\/2023\/12\/CDI_Daloz-parametrage-edited.png\" alt=\"\" class=\"wp-image-17612\" width=\"889\" srcset=\"https:\/\/rebub.u-bordeaux.fr\/wp-content\/uploads\/2023\/12\/CDI_Daloz-parametrage-edited.png 1060w, https:\/\/rebub.u-bordeaux.fr\/wp-content\/uploads\/2023\/12\/CDI_Daloz-parametrage-edited-300x152.png 300w, https:\/\/rebub.u-bordeaux.fr\/wp-content\/uploads\/2023\/12\/CDI_Daloz-parametrage-edited-1024x518.png 1024w, https:\/\/rebub.u-bordeaux.fr\/wp-content\/uploads\/2023\/12\/CDI_Daloz-parametrage-edited-768x388.png 768w\" sizes=\"(max-width: 1060px) 100vw, 1060px\" \/><\/a><figcaption class=\"wp-element-caption\">Statut CDI Biblioth\u00e8que Num\u00e9rique Dalloz<\/figcaption><\/figure><\/div>\n\n\n<p>Pourtant, <a href=\"https:\/\/babordplus.hosted.exlibrisgroup.com\/primo-explore\/search?query=any,contains,Victimologie%20criminologique%20et%20donn%C3%A9es%20statistiques%20Lopez&amp;tab=default_tab&amp;search_scope=catalog_pci&amp;vid=33PUDB_UB_VU1&amp;lang=fr_FR&amp;offset=0&amp;searchCDI=true\">si j\u2019effectue une recherche sur le titre d\u2019un chapitre d\u2019un des ouvrages de la collection<\/a>, CDI va me renvoyer vers la version \u00e9lectronique du document.<\/p>\n\n\n\n<p><strong>Recherche via PCI :<\/strong><\/p>\n\n\n<div class=\"wp-block-image wp-image-8862 size-full\">\n<figure class=\"aligncenter\"><a href=\"http:\/\/rebub.u-bordeaux.fr\/wp-content\/uploads\/2020\/05\/CDI_Recherche-PCI.png\" target=\"_blank\" rel=\"noreferrer noopener\"><img decoding=\"async\" loading=\"lazy\" width=\"1905\" height=\"964\" src=\"http:\/\/rebub.u-bordeaux.fr\/wp-content\/uploads\/2020\/05\/CDI_Recherche-PCI.png\" alt=\"\" class=\"wp-image-8862\" srcset=\"https:\/\/rebub.u-bordeaux.fr\/wp-content\/uploads\/2020\/05\/CDI_Recherche-PCI.png 1905w, https:\/\/rebub.u-bordeaux.fr\/wp-content\/uploads\/2020\/05\/CDI_Recherche-PCI-300x152.png 300w, https:\/\/rebub.u-bordeaux.fr\/wp-content\/uploads\/2020\/05\/CDI_Recherche-PCI-1024x518.png 1024w, https:\/\/rebub.u-bordeaux.fr\/wp-content\/uploads\/2020\/05\/CDI_Recherche-PCI-768x389.png 768w, https:\/\/rebub.u-bordeaux.fr\/wp-content\/uploads\/2020\/05\/CDI_Recherche-PCI-1536x777.png 1536w\" sizes=\"(max-width: 1905px) 100vw, 1905px\" \/><\/a><\/figure><\/div>\n\n\n<p><strong>Recherche via CDI : <\/strong><\/p>\n\n\n<div class=\"wp-block-image wp-image-8873 size-full\">\n<figure class=\"aligncenter\"><a href=\"http:\/\/rebub.u-bordeaux.fr\/wp-content\/uploads\/2020\/05\/CDI_Recherche-CDI.png\" target=\"_blank\" rel=\"noreferrer noopener\"><img decoding=\"async\" loading=\"lazy\" width=\"1280\" height=\"648\" src=\"http:\/\/rebub.u-bordeaux.fr\/wp-content\/uploads\/2020\/05\/CDI_Recherche-CDI.png\" alt=\"\" class=\"wp-image-8873\" srcset=\"https:\/\/rebub.u-bordeaux.fr\/wp-content\/uploads\/2020\/05\/CDI_Recherche-CDI.png 1280w, https:\/\/rebub.u-bordeaux.fr\/wp-content\/uploads\/2020\/05\/CDI_Recherche-CDI-300x152.png 300w, https:\/\/rebub.u-bordeaux.fr\/wp-content\/uploads\/2020\/05\/CDI_Recherche-CDI-1024x518.png 1024w, https:\/\/rebub.u-bordeaux.fr\/wp-content\/uploads\/2020\/05\/CDI_Recherche-CDI-768x389.png 768w\" sizes=\"(max-width: 1280px) 100vw, 1280px\" \/><\/a><\/figure><\/div>\n\n\n<p>Les documents contenus dans le bouquet Dalloz ont \u00e9t\u00e9 d\u00e9clar\u00e9s comme disponibles en texte int\u00e9gral dans Alma. Sur la base des identifiants bibliographiques, CDI a constat\u00e9 que des m\u00e9tadonn\u00e9es \u00e9taient disponibles pour ces titres. Il les a donc ajout\u00e9s \u00e0 notre p\u00e9rim\u00e8tre de recherche.<\/p>\n\n\n\n<h2 id=\"stoc-pour-les-bases-de-donnees\" class=\"wpig-heading\">Pour les bases de donn\u00e9es<\/h2>\n\n\n\n<p>Pour les collections \u00e9lectroniques de type bases de donn\u00e9es (ne proposant pas de portfolios, par exemple, Encyclopaedia Universalis ou Scopus), il est n\u00e9cessaire d\u2019activer explicitement la ressource pour la recherche.<br>Pour rendre une ressource disponible \u00e0 la recherche dans CDI, il suffit d\u2019\u00e9diter la collection \u00e9lectronique, d\u2019aller dans l\u2019onglet CDI et de rendre la ressource \u201cCherchable\u201d<\/p>\n\n\n<div class=\"wp-block-image wp-image-8867 size-full\">\n<figure class=\"aligncenter is-resized\"><a href=\"http:\/\/rebub.u-bordeaux.fr\/wp-content\/uploads\/2020\/05\/CDI_Activation-base-de-donn\u00e9es-dans-CDI.png\" target=\"_blank\" rel=\"noreferrer noopener\"><img decoding=\"async\" src=\"https:\/\/rebub.u-bordeaux.fr\/wp-content\/uploads\/2023\/12\/CDI_Activation-base-de-donnees-dans-CDI-edited.png\" alt=\"\" class=\"wp-image-17613\" width=\"743\" srcset=\"https:\/\/rebub.u-bordeaux.fr\/wp-content\/uploads\/2023\/12\/CDI_Activation-base-de-donnees-dans-CDI-edited.png 1039w, https:\/\/rebub.u-bordeaux.fr\/wp-content\/uploads\/2023\/12\/CDI_Activation-base-de-donnees-dans-CDI-edited-300x152.png 300w, https:\/\/rebub.u-bordeaux.fr\/wp-content\/uploads\/2023\/12\/CDI_Activation-base-de-donnees-dans-CDI-edited-1024x518.png 1024w, https:\/\/rebub.u-bordeaux.fr\/wp-content\/uploads\/2023\/12\/CDI_Activation-base-de-donnees-dans-CDI-edited-768x389.png 768w\" sizes=\"(max-width: 1039px) 100vw, 1039px\" \/><\/a><figcaption class=\"wp-element-caption\">Activation d\u2019une base de donn\u00e9es dans CDI<\/figcaption><\/figure><\/div>\n\n\n<p class=\"has-medium-font-size\"><strong>Recherche dans Alma <\/strong><\/p>\n\n\n\n<ul>\n<li><strong>Domaine<\/strong> : Collections \u00e9lectroniques<\/li>\n\n\n\n<li><strong>P\u00e9rim\u00e8tre<\/strong> : Institution<\/li>\n\n\n\n<li><strong>Recherche avanc\u00e9e<\/strong><\/li>\n\n\n\n<li><strong>Crit\u00e8re<\/strong> : Type de collection \u00e9lectronique = Base de donn\u00e9es\n<ul>\n<li><strong>ET<\/strong> Droit de texte int\u00e9gral CDI = Abonnement (au niveau de la collection)<\/li>\n<\/ul>\n<\/li>\n<\/ul>\n\n\n\n<figure class=\"is-layout-flex wp-block-gallery-1 wp-block-gallery has-nested-images columns-default is-cropped\">\n<figure class=\"wp-block-image size-large\"><img decoding=\"async\" loading=\"lazy\" width=\"965\" height=\"205\" data-id=\"17617\"  src=\"https:\/\/rebub.u-bordeaux.fr\/wp-content\/uploads\/2023\/12\/Recherche-3.png\" alt=\"\" class=\"wp-image-17617\" srcset=\"https:\/\/rebub.u-bordeaux.fr\/wp-content\/uploads\/2023\/12\/Recherche-3.png 965w, https:\/\/rebub.u-bordeaux.fr\/wp-content\/uploads\/2023\/12\/Recherche-3-300x64.png 300w, https:\/\/rebub.u-bordeaux.fr\/wp-content\/uploads\/2023\/12\/Recherche-3-768x163.png 768w\" sizes=\"(max-width: 965px) 100vw, 965px\" \/><\/figure>\n<\/figure>\n\n\n\n<h2 id=\"stoc-pour-les-ressources-gratuites\" class=\"wpig-heading\">Pour les ressources gratuites<\/h2>\n\n\n\n<p>Pour les ressources qui ne sont habituellement pas g\u00e9r\u00e9es au niveau du r\u00e9solveur de lien, il est n\u00e9cessaire d\u2019activer explicitement la ressource pour la recherche dans CDI.<br>Cette activation est r\u00e9alis\u00e9e depuis la zone communautaire en cliquant sur le bouton \u201cActiver pour la recherche dans CDI\u201d : <\/p>\n\n\n<div class=\"wp-block-image\">\n<figure class=\"aligncenter size-large\"><a href=\"https:\/\/rebub.u-bordeaux.fr\/wp-content\/uploads\/2023\/12\/Activer.png\" target=\"_blank\" rel=\"noreferrer noopener\"><img decoding=\"async\" loading=\"lazy\" width=\"1024\" height=\"273\" src=\"https:\/\/rebub.u-bordeaux.fr\/wp-content\/uploads\/2023\/12\/Activer-1024x273.png\" alt=\"\" class=\"wp-image-17618\" srcset=\"https:\/\/rebub.u-bordeaux.fr\/wp-content\/uploads\/2023\/12\/Activer-1024x273.png 1024w, https:\/\/rebub.u-bordeaux.fr\/wp-content\/uploads\/2023\/12\/Activer-300x80.png 300w, https:\/\/rebub.u-bordeaux.fr\/wp-content\/uploads\/2023\/12\/Activer-768x205.png 768w, https:\/\/rebub.u-bordeaux.fr\/wp-content\/uploads\/2023\/12\/Activer.png 1434w\" sizes=\"(max-width: 1024px) 100vw, 1024px\" \/><\/a><\/figure><\/div>\n\n\n<p>L\u2019activation de cette collection \u00e9lectronique n\u2019entra\u00eene pas la publication de la notice bibliographique dans Alma.<br>Une collection activ\u00e9e uniquement pour la recherche dans CDI se pr\u00e9sente ainsi dans la liste des r\u00e9sultats :<\/p>\n\n\n\n<p><strong>Recherche dans l\u2019institution : <\/strong><\/p>\n\n\n<div class=\"wp-block-image\">\n<figure class=\"aligncenter\"><a href=\"http:\/\/rebub.u-bordeaux.fr\/wp-content\/uploads\/2020\/05\/CDI_Collection-activ\u00e9e-pour-la-recherche_institution.png\" target=\"_blank\" rel=\"noreferrer noopener\"><img decoding=\"async\" loading=\"lazy\" width=\"1829\" height=\"294\" src=\"http:\/\/rebub.u-bordeaux.fr\/wp-content\/uploads\/2020\/05\/CDI_Collection-activ\u00e9e-pour-la-recherche_institution.png\" alt=\"\" class=\"wp-image-8869\" srcset=\"https:\/\/rebub.u-bordeaux.fr\/wp-content\/uploads\/2020\/05\/CDI_Collection-activ\u00e9e-pour-la-recherche_institution.png 1829w, https:\/\/rebub.u-bordeaux.fr\/wp-content\/uploads\/2020\/05\/CDI_Collection-activ\u00e9e-pour-la-recherche_institution-300x48.png 300w, https:\/\/rebub.u-bordeaux.fr\/wp-content\/uploads\/2020\/05\/CDI_Collection-activ\u00e9e-pour-la-recherche_institution-1024x165.png 1024w, https:\/\/rebub.u-bordeaux.fr\/wp-content\/uploads\/2020\/05\/CDI_Collection-activ\u00e9e-pour-la-recherche_institution-768x123.png 768w, https:\/\/rebub.u-bordeaux.fr\/wp-content\/uploads\/2020\/05\/CDI_Collection-activ\u00e9e-pour-la-recherche_institution-1536x247.png 1536w\" sizes=\"(max-width: 1829px) 100vw, 1829px\" \/><\/a><\/figure><\/div>\n\n\n<p><strong>Recherche dans la zone communautaire : <\/strong><\/p>\n\n\n<div class=\"wp-block-image\">\n<figure class=\"aligncenter\"><a href=\"http:\/\/rebub.u-bordeaux.fr\/wp-content\/uploads\/2020\/05\/CDI_Collection-activ\u00e9e-pour-la-recherche_zone-communautaire.png\" target=\"_blank\" rel=\"noreferrer noopener\"><img decoding=\"async\" loading=\"lazy\" width=\"1803\" height=\"353\" src=\"http:\/\/rebub.u-bordeaux.fr\/wp-content\/uploads\/2020\/05\/CDI_Collection-activ\u00e9e-pour-la-recherche_zone-communautaire.png\" alt=\"\" class=\"wp-image-8870\" srcset=\"https:\/\/rebub.u-bordeaux.fr\/wp-content\/uploads\/2020\/05\/CDI_Collection-activ\u00e9e-pour-la-recherche_zone-communautaire.png 1803w, https:\/\/rebub.u-bordeaux.fr\/wp-content\/uploads\/2020\/05\/CDI_Collection-activ\u00e9e-pour-la-recherche_zone-communautaire-300x59.png 300w, https:\/\/rebub.u-bordeaux.fr\/wp-content\/uploads\/2020\/05\/CDI_Collection-activ\u00e9e-pour-la-recherche_zone-communautaire-1024x200.png 1024w, https:\/\/rebub.u-bordeaux.fr\/wp-content\/uploads\/2020\/05\/CDI_Collection-activ\u00e9e-pour-la-recherche_zone-communautaire-768x150.png 768w, https:\/\/rebub.u-bordeaux.fr\/wp-content\/uploads\/2020\/05\/CDI_Collection-activ\u00e9e-pour-la-recherche_zone-communautaire-1536x301.png 1536w\" sizes=\"(max-width: 1803px) 100vw, 1803px\" \/><\/a><\/figure><\/div>\n\n\n<p>L\u2019ic\u00f4ne habituellement bleut\u00e9e qui signale que la ressource est active dans l\u2019institution est gris\u00e9e.<br>Il y a d\u00e9j\u00e0 dans Alma un grand nombre de collections de ce type actives pour la recherche uniquement. Ces collections correspondent aux bases de donn\u00e9es actives dans votre ancienne instance PCI.<\/p>\n\n\n\n<p class=\"has-medium-font-size\"><strong>Recherche dans Alma<\/strong><\/p>\n\n\n\n<ul>\n<li><strong>Domaine<\/strong> : Collections \u00e9lectroniques<\/li>\n\n\n\n<li><strong>P\u00e9rim\u00e8tre<\/strong> : Institution<\/li>\n\n\n\n<li><strong>Recherche avanc\u00e9e<\/strong><\/li>\n\n\n\n<li><strong>Crit\u00e8re<\/strong> : Droits de texte int\u00e9gral CDI : OpenAccess<\/li>\n<\/ul>\n\n\n\n<figure class=\"wp-block-image size-full\"><img decoding=\"async\" loading=\"lazy\" width=\"966\" height=\"143\" src=\"https:\/\/rebub.u-bordeaux.fr\/wp-content\/uploads\/2023\/12\/Recherche-4.png\" alt=\"\" class=\"wp-image-17620\" srcset=\"https:\/\/rebub.u-bordeaux.fr\/wp-content\/uploads\/2023\/12\/Recherche-4.png 966w, https:\/\/rebub.u-bordeaux.fr\/wp-content\/uploads\/2023\/12\/Recherche-4-300x44.png 300w, https:\/\/rebub.u-bordeaux.fr\/wp-content\/uploads\/2023\/12\/Recherche-4-768x114.png 768w\" sizes=\"(max-width: 966px) 100vw, 966px\" \/><\/figure>\n\n\n\n<div class=\"is-layout-flex wp-container-8 wp-block-columns bord-bloc-reutilisable has-background\" style=\"background-color:#d9edf7\">\n<div class=\"is-layout-flow wp-block-column is-vertically-aligned-center\" style=\"font-size:15px;flex-basis:20%\">\n<p style=\"font-size:15px\"><strong>Date de publication<\/strong> <\/p>\n\n\n<div style=\"font-size:15px;\" class=\"wp-block-post-date\"><time datetime=\"2024-03-22T09:37:54+01:00\">22 mars 2024<\/time><\/div><\/div>\n\n\n\n<div class=\"is-layout-flow wp-block-column is-vertically-aligned-center\" style=\"font-size:15px;flex-basis:20%\">\n<p><strong>Mis \u00e0 jour le <\/strong><\/p>\n\n\n<div style=\"font-size:15px;\" class=\"wp-block-post-date\"><time datetime=\"2024-05-02T12:55:45+02:00\">2 mai 2024<\/time><\/div><\/div>\n\n\n\n<div class=\"is-layout-flow wp-block-column is-vertically-aligned-center\" style=\"font-size:15px;flex-basis:40%\">\n<p><\/p>\n\n\n\n<p><strong>Attention ! <\/strong>Certains \u00e9tablissements utilisent parfois de proc\u00e9dures compl\u00e9mentaires <\/p>\n<\/div>\n\n\n\n<div class=\"is-layout-flow wp-block-column is-vertically-aligned-center\" style=\"font-size:15px;flex-basis:25%\">\n<div class=\"is-horizontal is-content-justification-center is-layout-flex wp-container-6 wp-block-buttons alignfull has-custom-font-size\" style=\"font-size:16px\">\n<div class=\"wp-block-button has-custom-width wp-block-button__width-75 has-custom-font-size is-style-fill\" style=\"font-size:15px\"><a class=\"wp-block-button__link has-white-color has-text-color has-background wp-element-button\" href=\"mailto:scoop@u-bordeaux.fr\" style=\"border-radius:65px;background-color:#000000db\"><strong>Signaler une erreur<\/strong><\/a><\/div>\n<\/div>\n<\/div>\n<\/div>\n","protected":false},"excerpt":{"rendered":"<p>Table des mati\u00e8res[ Show ]Pour les bouquets activ\u00e9s dans le r\u00e9solveur de lienLa preuve par l&rsquo;exemple : le cas de la biblioth\u00e8que DallozPour les bases de donn\u00e9esPour les ressources gratuitesPour les bouquets activ\u00e9s dans le r\u00e9solveur de lien A partir&#8230;<\/p>\n","protected":false},"author":81,"featured_media":0,"parent":18427,"menu_order":2,"comment_status":"closed","ping_status":"closed","template":"","meta":[],"post_mailing_queue_ids":[],"_links":{"self":[{"href":"http:\/\/rebub.u-bordeaux.fr\/index.php\/wp-json\/wp\/v2\/pages\/18901"}],"collection":[{"href":"http:\/\/rebub.u-bordeaux.fr\/index.php\/wp-json\/wp\/v2\/pages"}],"about":[{"href":"http:\/\/rebub.u-bordeaux.fr\/index.php\/wp-json\/wp\/v2\/types\/page"}],"author":[{"embeddable":true,"href":"http:\/\/rebub.u-bordeaux.fr\/index.php\/wp-json\/wp\/v2\/users\/81"}],"replies":[{"embeddable":true,"href":"http:\/\/rebub.u-bordeaux.fr\/index.php\/wp-json\/wp\/v2\/comments?post=18901"}],"version-history":[{"count":4,"href":"http:\/\/rebub.u-bordeaux.fr\/index.php\/wp-json\/wp\/v2\/pages\/18901\/revisions"}],"predecessor-version":[{"id":20775,"href":"http:\/\/rebub.u-bordeaux.fr\/index.php\/wp-json\/wp\/v2\/pages\/18901\/revisions\/20775"}],"up":[{"embeddable":true,"href":"http:\/\/rebub.u-bordeaux.fr\/index.php\/wp-json\/wp\/v2\/pages\/18427"}],"wp:attachment":[{"href":"http:\/\/rebub.u-bordeaux.fr\/index.php\/wp-json\/wp\/v2\/media?parent=18901"}],"curies":[{"name":"wp","href":"https:\/\/api.w.org\/{rel}","templated":true}]}}