	{"id":18903,"date":"2024-03-22T09:37:55","date_gmt":"2024-03-22T08:37:55","guid":{"rendered":"https:\/\/rebub.u-bordeaux.fr\/?page_id=18903"},"modified":"2024-05-02T12:59:34","modified_gmt":"2024-05-02T10:59:34","slug":"suivre-les-evolutions-de-lindex","status":"publish","type":"page","link":"http:\/\/rebub.u-bordeaux.fr\/index.php\/babord\/procedures\/cdi\/suivre-les-evolutions-de-lindex\/","title":{"rendered":"Suivre les \u00e9volutions de l\u2019Index central"},"content":{"rendered":"<div id='wpig-floatingbar' class='wpig-floatingbar'><div id='wpig-switch-wrapper' class='wpig-switch-wrapper'><span id='wpig-floating-switch' class='wpig-floating-switch'><img src='http:\/\/rebub.u-bordeaux.fr\/wp-content\/plugins\/sticky-toc-advance-table-of-contents\/\\assets\\menu.png'><\/span><\/div><div id='wpig-contents' class='wpig-contents  wpig-sidebar-widget wpig-style-3'><span class='wpig-headline'>Table des mati\u00e8res<span><a data-action='show' class='wpig-btn-toggledisplay'>[ Show ]<\/a><\/span><\/span><!-- Table of Contents --><div id='wpig-table-of-content' class='wpig-table-of-content'><ol><li class='stoc-en-consultant-les-releases-note'><a href='#stoc-en-consultant-les-releases-note'>En consultant les Releases Note <\/a><\/li><li class='https:\/\/knowledge.exlibrisgroup.com\/Alma\/Product_Documentation\/010Alma_Online_Help_%28English%29\/Electronic_Resource_Management\/060_Alma_Single_Activation_Source_for_CDI\/050CDI_Collection_Lists_for_Alma_Customers#CDI_Collection_Lis'><a href='#https:\/\/knowledge.exlibrisgroup.com\/Alma\/Product_Documentation\/010Alma_Online_Help_%28English%29\/Electronic_Resource_Management\/060_Alma_Single_Activation_Source_for_CDI\/050CDI_Collection_Lists_for_Alma_Customers#CDI_Collection_Lis'>En t\u00e9l\u00e9chargeant la liste des collections au format Excel<\/a><\/li><li class='stoc-en-faisant-une-recherche-dans-la-zone-communautaire-sous-alma'><a href='#stoc-en-faisant-une-recherche-dans-la-zone-communautaire-sous-alma'>En faisant une recherche dans la zone communautaire sous Alma<\/a><\/li><\/ol><\/div><!-- END OF Table of Contents --><\/div><\/div><p><div id='wpig-contents' class='wpig-contents  wpig-sidebar-widget wpig-style-1'><span class='wpig-headline'>Table des mati\u00e8res<span><a data-action='show' class='wpig-btn-toggledisplay'>[ Show ]<\/a><\/span><\/span><!-- Table of Contents --><div id='wpig-table-of-content' class='wpig-table-of-content' ><ol><li class='stoc-en-consultant-les-releases-note'><a href='#stoc-en-consultant-les-releases-note'>En consultant les Releases Note <\/a><\/li><li class='https:\/\/knowledge.exlibrisgroup.com\/Alma\/Product_Documentation\/010Alma_Online_Help_%28English%29\/Electronic_Resource_Management\/060_Alma_Single_Activation_Source_for_CDI\/050CDI_Collection_Lists_for_Alma_Customers#CDI_Collection_Lis'><a href='#https:\/\/knowledge.exlibrisgroup.com\/Alma\/Product_Documentation\/010Alma_Online_Help_%28English%29\/Electronic_Resource_Management\/060_Alma_Single_Activation_Source_for_CDI\/050CDI_Collection_Lists_for_Alma_Customers#CDI_Collection_Lis'>En t\u00e9l\u00e9chargeant la liste des collections au format Excel<\/a><\/li><li class='stoc-en-faisant-une-recherche-dans-la-zone-communautaire-sous-alma'><a href='#stoc-en-faisant-une-recherche-dans-la-zone-communautaire-sous-alma'>En faisant une recherche dans la zone communautaire sous Alma<\/a><\/li><\/ol><\/div><!-- END OF Table of Contents --><\/div><\/p>\n<p>Pour identifier les collections ajout\u00e9es \u00e0 l&rsquo;index central ou dont les param\u00e8tres ont chang\u00e9, il existe 3 strat\u00e9gie<\/p>\n\n\n\n<h2 id=\"stoc-en-consultant-les-releases-note\" class=\"wpig-heading\"><a href=\"https:\/\/knowledge.exlibrisgroup.com\/Content\/New_and_Upcoming_Collections\/CDI_Release_Notes_for_Primo_and_Summon\" data-type=\"URL\">En consultant les Releases Note <\/a><\/h2>\n\n\n\n<figure class=\"wp-block-image size-large\"><img decoding=\"async\" loading=\"lazy\" width=\"1024\" height=\"477\" src=\"https:\/\/rebub.u-bordeaux.fr\/wp-content\/uploads\/2022\/10\/image-1-1024x477.png\" alt=\"\" class=\"wp-image-14382\" srcset=\"https:\/\/rebub.u-bordeaux.fr\/wp-content\/uploads\/2022\/10\/image-1-1024x477.png 1024w, https:\/\/rebub.u-bordeaux.fr\/wp-content\/uploads\/2022\/10\/image-1-300x140.png 300w, https:\/\/rebub.u-bordeaux.fr\/wp-content\/uploads\/2022\/10\/image-1-768x358.png 768w, https:\/\/rebub.u-bordeaux.fr\/wp-content\/uploads\/2022\/10\/image-1-1536x715.png 1536w, https:\/\/rebub.u-bordeaux.fr\/wp-content\/uploads\/2022\/10\/image-1.png 1903w\" sizes=\"(max-width: 1024px) 100vw, 1024px\" \/><\/figure>\n\n\n\n<p>Chaque semaine, Exlibris publie les mises \u00e0 jour apport\u00e9es \u00e0 l&rsquo;index central. Ces modifications sont de 3 types :<\/p>\n\n\n\n<ul>\n<li><strong>CDI content updates :<\/strong> Mises \u00e0 jour impactant des collections existantes dans CDI mais qui n&rsquo;ont aucune incidence sur  le param\u00e8tre de la collection \u00e9lectronique dans Alma (comme la modification du p\u00e9rim\u00e8tre ou l&rsquo;ajout du direct link pour une collection)<\/li>\n\n\n\n<li><strong>Electronic Collections Update :<\/strong> Mises \u00e0 jour CDI entrainant une modification des param\u00e8tres des collections \u00e9lectroniques existantes dans Alma (Dans CDI, Droits de texte int\u00e9gral CDI, Type de lien,&#8230;)<\/li>\n\n\n\n<li><strong>New Electronic Collections<\/strong> : Ajout de nouvelles collections<\/li>\n<\/ul>\n\n\n\n<p>Pour \u00eatre inform\u00e9 des mises \u00e0 jour de cette page, vous pouvez <a href=\"https:\/\/knowledge.exlibrisgroup.com\/Cross-Product\/Knowledge_Articles\/Subscribe_for_CKC_pages_updates_using_RSS_feeds\" data-type=\"URL\" data-id=\"https:\/\/knowledge.exlibrisgroup.com\/Cross-Product\/Knowledge_Articles\/Subscribe_for_CKC_pages_updates_using_RSS_feeds\">vous abonner au flux rss<\/a>.<\/p>\n\n\n\n<h2 class=\"wpig-heading\"><a href=\"https:\/\/knowledge.exlibrisgroup.com\/Alma\/Product_Documentation\/010Alma_Online_Help_%28English%29\/Electronic_Resource_Management\/060_Alma_Single_Activation_Source_for_CDI\/050CDI_Collection_Lists_for_Alma_Customers#CDI_Collection_Lis\" data-type=\"URL\" data-id=\"https:\/\/knowledge.exlibrisgroup.com\/Alma\/Product_Documentation\/010Alma_Online_Help_%28English%29\/Electronic_Resource_Management\/060_Alma_Single_Activation_Source_for_CDI\/050CDI_Collection_Lists_for_Alma_Customers#CDI_Collection_Lis\">En t\u00e9l\u00e9chargeant la liste des collections au format Excel<\/a><\/h2>\n\n\n\n<p>Cette liste est mise \u00e0 jour tous les mois <\/p>\n\n\n\n<h2 id=\"stoc-en-faisant-une-recherche-dans-la-zone-communautaire-sous-alma\" class=\"wpig-heading\">En faisant une recherche dans la zone communautaire sous Alma<\/h2>\n\n\n\n<p>Vous pouvez par exemple lister toutes les collections \u00e9lectroniques en open access  pr\u00e9sentes dans CDI et ajout\u00e9es depuis une certaine date.<\/p>\n\n\n\n<p>En faisant une recherche dans la community zone avec les param\u00e8tres suivants :<\/p>\n\n\n\n<ul>\n<li><strong>Dans CDI<\/strong> \u00e9gale \u00ab\u00a0Yes\u00a0\u00bb<\/li>\n\n\n\n<li><strong>Droits de texte int\u00e9gral CDI<\/strong> \u00e9gale \u00ab\u00a0OpenAccess\u00a0\u00bb<\/li>\n\n\n\n<li><strong>Date de cr\u00e9ation<\/strong> apr\u00e8s \u00ab\u00a02022-03-02\u00a0\u00bb<\/li>\n<\/ul>\n\n\n\n<p>Vous pourrez directement visualiser les collections qui sont activ\u00e9es pour la recherche dans votre institution gr\u00e2ce \u00e0 l&rsquo;ic\u00f4ne de la maison situ\u00e9e \u00e0 gauche de la notice. Comme toute liste de r\u00e9sultats Alma cette derni\u00e8re est exportable sous forme de fichier tabul\u00e9.<\/p>\n\n\n\n<div class=\"is-layout-flex wp-container-6 wp-block-columns bord-bloc-reutilisable has-background\" style=\"background-color:#d9edf7\">\n<div class=\"is-layout-flow wp-block-column is-vertically-aligned-center\" style=\"font-size:15px;flex-basis:20%\">\n<p style=\"font-size:15px\"><strong>Date de publication<\/strong> <\/p>\n\n\n<div style=\"font-size:15px;\" class=\"wp-block-post-date\"><time datetime=\"2024-03-22T09:37:55+01:00\">22 mars 2024<\/time><\/div><\/div>\n\n\n\n<div class=\"is-layout-flow wp-block-column is-vertically-aligned-center\" style=\"font-size:15px;flex-basis:20%\">\n<p><strong>Mis \u00e0 jour le <\/strong><\/p>\n\n\n<div style=\"font-size:15px;\" class=\"wp-block-post-date\"><time datetime=\"2024-05-02T12:59:34+02:00\">2 mai 2024<\/time><\/div><\/div>\n\n\n\n<div class=\"is-layout-flow wp-block-column is-vertically-aligned-center\" style=\"font-size:15px;flex-basis:40%\">\n<p><\/p>\n\n\n\n<p><strong>Attention ! <\/strong>Certains \u00e9tablissements utilisent parfois de proc\u00e9dures compl\u00e9mentaires <\/p>\n<\/div>\n\n\n\n<div class=\"is-layout-flow wp-block-column is-vertically-aligned-center\" style=\"font-size:15px;flex-basis:25%\">\n<div class=\"is-horizontal is-content-justification-center is-layout-flex wp-container-4 wp-block-buttons alignfull has-custom-font-size\" style=\"font-size:16px\">\n<div class=\"wp-block-button has-custom-width wp-block-button__width-75 has-custom-font-size is-style-fill\" style=\"font-size:15px\"><a class=\"wp-block-button__link has-white-color has-text-color has-background wp-element-button\" href=\"mailto:scoop@u-bordeaux.fr\" style=\"border-radius:65px;background-color:#000000db\"><strong>Signaler une erreur<\/strong><\/a><\/div>\n<\/div>\n<\/div>\n<\/div>\n","protected":false},"excerpt":{"rendered":"<p>Table des mati\u00e8res[ Show ]En consultant les Releases Note En t\u00e9l\u00e9chargeant la liste des collections au format ExcelEn faisant une recherche dans la zone communautaire sous AlmaPour identifier les collections ajout\u00e9es \u00e0 l&rsquo;index central ou dont les param\u00e8tres ont chang\u00e9,&#8230;<\/p>\n","protected":false},"author":2,"featured_media":0,"parent":18427,"menu_order":3,"comment_status":"closed","ping_status":"closed","template":"","meta":[],"post_mailing_queue_ids":[],"_links":{"self":[{"href":"http:\/\/rebub.u-bordeaux.fr\/index.php\/wp-json\/wp\/v2\/pages\/18903"}],"collection":[{"href":"http:\/\/rebub.u-bordeaux.fr\/index.php\/wp-json\/wp\/v2\/pages"}],"about":[{"href":"http:\/\/rebub.u-bordeaux.fr\/index.php\/wp-json\/wp\/v2\/types\/page"}],"author":[{"embeddable":true,"href":"http:\/\/rebub.u-bordeaux.fr\/index.php\/wp-json\/wp\/v2\/users\/2"}],"replies":[{"embeddable":true,"href":"http:\/\/rebub.u-bordeaux.fr\/index.php\/wp-json\/wp\/v2\/comments?post=18903"}],"version-history":[{"count":5,"href":"http:\/\/rebub.u-bordeaux.fr\/index.php\/wp-json\/wp\/v2\/pages\/18903\/revisions"}],"predecessor-version":[{"id":20780,"href":"http:\/\/rebub.u-bordeaux.fr\/index.php\/wp-json\/wp\/v2\/pages\/18903\/revisions\/20780"}],"up":[{"embeddable":true,"href":"http:\/\/rebub.u-bordeaux.fr\/index.php\/wp-json\/wp\/v2\/pages\/18427"}],"wp:attachment":[{"href":"http:\/\/rebub.u-bordeaux.fr\/index.php\/wp-json\/wp\/v2\/media?parent=18903"}],"curies":[{"name":"wp","href":"https:\/\/api.w.org\/{rel}","templated":true}]}}