	{"id":18918,"date":"2024-03-22T09:38:12","date_gmt":"2024-03-22T08:38:12","guid":{"rendered":"https:\/\/rebub.u-bordeaux.fr\/?page_id=18918"},"modified":"2025-08-22T10:05:17","modified_gmt":"2025-08-22T08:05:17","slug":"collection-discovery","status":"publish","type":"page","link":"http:\/\/rebub.u-bordeaux.fr\/index.php\/babord\/configuration-administration\/signalement\/collection-discovery\/","title":{"rendered":"Collection Discovery"},"content":{"rendered":"<div id='wpig-floatingbar' class='wpig-floatingbar'><div id='wpig-switch-wrapper' class='wpig-switch-wrapper'><span id='wpig-floating-switch' class='wpig-floating-switch'><img src='http:\/\/rebub.u-bordeaux.fr\/wp-content\/plugins\/sticky-toc-advance-table-of-contents\/\\assets\\menu.png'><\/span><\/div><div id='wpig-contents' class='wpig-contents  wpig-sidebar-widget wpig-style-3'><span class='wpig-headline'>Table des mati\u00e8res<span><a data-action='show' class='wpig-btn-toggledisplay'>[ Show ]<\/a><\/span><\/span><!-- Table of Contents --><div id='wpig-table-of-content' class='wpig-table-of-content'><ol><li class='creer_une_collection'><a href='#creer_une_collection'>Cr\u00e9er une collection<\/a><ol><li class='roles_necessaires'><a href='#roles_necessaires'>R\u00f4les n\u00e9cessaires<\/a><\/li><li class='ajout_d_une_collection_de_niveau_superieur'><a href='#ajout_d_une_collection_de_niveau_superieur'>Ajout d&rsquo;une collection de niveau sup\u00e9rieur<\/a><\/li><li class='ajout_d_une_sous-collection'><a href='#ajout_d_une_sous-collection'>Ajout d&rsquo;une sous-collection<\/a><\/li><\/ol><li class='ajouter_des_notices_a_la_collection'><a href='#ajouter_des_notices_a_la_collection'>Ajouter des notices \u00e0 la collection<\/a><ol><li class='via_la_collection_ou_la_sous_collection'><a href='#via_la_collection_ou_la_sous_collection'>via la collection ou la sous collection<\/a><\/li><li class='via_la_recherche_de_titres_dans_alma'><a href='#via_la_recherche_de_titres_dans_alma'>via la recherche de titres dans Alma<\/a><\/li><\/ol><li class='re-publier_les_notices_lie_es_a_des_collections_dans_babord'><a href='#re-publier_les_notices_lie_es_a_des_collections_dans_babord'>Re-publier les notices li\u00e9es \u00e0 des collections dans Babord +<\/a><\/li><li class='parametrage_dans_primo'><a href='#parametrage_dans_primo'>Param\u00e9trage dans Primo<\/a><ol><li class='que_faire_si_votre_collection_n_apparait_pas'><a href='#que_faire_si_votre_collection_n_apparait_pas'>Que faire si votre collection n&rsquo;apparait pas<\/a><\/li><\/ol><li class='correctifs_apportes'><a href='#correctifs_apportes'>Correctifs apport\u00e9s<\/a><ol><li class='rn_control_colldiscovery'><a href='#rn_control_colldiscovery'>RN control\/colldiscovery<\/a><\/li><\/ol><\/li><\/li><\/li><\/li><\/div><!-- END OF Table of Contents --><\/div><\/div><p><div id='wpig-contents' class='wpig-contents  wpig-sidebar-widget wpig-style-1'><span class='wpig-headline'>Table des mati\u00e8res<span><a data-action='show' class='wpig-btn-toggledisplay'>[ Show ]<\/a><\/span><\/span><!-- Table of Contents --><div id='wpig-table-of-content' class='wpig-table-of-content' ><ol><li class='creer_une_collection'><a href='#creer_une_collection'>Cr\u00e9er une collection<\/a><ol><li class='roles_necessaires'><a href='#roles_necessaires'>R\u00f4les n\u00e9cessaires<\/a><\/li><li class='ajout_d_une_collection_de_niveau_superieur'><a href='#ajout_d_une_collection_de_niveau_superieur'>Ajout d&rsquo;une collection de niveau sup\u00e9rieur<\/a><\/li><li class='ajout_d_une_sous-collection'><a href='#ajout_d_une_sous-collection'>Ajout d&rsquo;une sous-collection<\/a><\/li><\/ol><li class='ajouter_des_notices_a_la_collection'><a href='#ajouter_des_notices_a_la_collection'>Ajouter des notices \u00e0 la collection<\/a><ol><li class='via_la_collection_ou_la_sous_collection'><a href='#via_la_collection_ou_la_sous_collection'>via la collection ou la sous collection<\/a><\/li><li class='via_la_recherche_de_titres_dans_alma'><a href='#via_la_recherche_de_titres_dans_alma'>via la recherche de titres dans Alma<\/a><\/li><\/ol><li class='re-publier_les_notices_lie_es_a_des_collections_dans_babord'><a href='#re-publier_les_notices_lie_es_a_des_collections_dans_babord'>Re-publier les notices li\u00e9es \u00e0 des collections dans Babord +<\/a><\/li><li class='parametrage_dans_primo'><a href='#parametrage_dans_primo'>Param\u00e9trage dans Primo<\/a><ol><li class='que_faire_si_votre_collection_n_apparait_pas'><a href='#que_faire_si_votre_collection_n_apparait_pas'>Que faire si votre collection n&rsquo;apparait pas<\/a><\/li><\/ol><li class='correctifs_apportes'><a href='#correctifs_apportes'>Correctifs apport\u00e9s<\/a><ol><li class='rn_control_colldiscovery'><a href='#rn_control_colldiscovery'>RN control\/colldiscovery<\/a><\/li><\/ol><\/li><\/li><\/li><\/li><\/div><!-- END OF Table of Contents --><\/div><\/p>\n<div class=\"is-layout-flex wp-container-3 wp-block-columns bord-bloc-reutilisable has-background\" style=\"background-color:#ffeec2\">\n<div class=\"is-layout-flow wp-block-column is-vertically-aligned-center\" style=\"flex-basis:7%\">\n<figure class=\"wp-block-image alignfull size-full is-style-default\"><img decoding=\"async\" loading=\"lazy\" width=\"512\" height=\"512\" src=\"https:\/\/rebub.u-bordeaux.fr\/wp-content\/uploads\/2024\/04\/nouvelles-idees-en-cours.png\" alt=\"\" class=\"wp-image-19897\" srcset=\"https:\/\/rebub.u-bordeaux.fr\/wp-content\/uploads\/2024\/04\/nouvelles-idees-en-cours.png 512w, https:\/\/rebub.u-bordeaux.fr\/wp-content\/uploads\/2024\/04\/nouvelles-idees-en-cours-300x300.png 300w, https:\/\/rebub.u-bordeaux.fr\/wp-content\/uploads\/2024\/04\/nouvelles-idees-en-cours-150x150.png 150w\" sizes=\"(max-width: 512px) 100vw, 512px\" \/><\/figure>\n<\/div>\n\n\n\n<div class=\"is-layout-flow wp-block-column is-vertically-aligned-center\" style=\"flex-basis:85%\">\n<p><strong>Note<\/strong> : <a rel=\"noreferrer noopener\" href=\"https:\/\/pudb-primosb.hosted.exlibrisgroup.com\/primo-explore\/collectionDiscovery?vid=33PUDB_UB_VU1&amp;lang=fr_FR\" target=\"_blank\">Demo<\/a><\/p>\n<\/div>\n<\/div>\n\n\n\n<h2 id=\"creer_une_collection\" id=\"creer_une_collection\" class=\"wpig-heading\">Cr\u00e9er une collection<\/h2>\n\n\n\n<h3 id=\"roles_necessaires\" id=\"roles_necessaires\" class=\"wpig-heading\">R\u00f4les n\u00e9cessaires<\/h3>\n\n\n\n<div class=\"level3\">\n<p>Les r\u00f4les suivants permettent de travailler avec des collections :<\/p>\n<ul>\n<li class=\"li\"><strong>Op\u00e9rateur d&rsquo;inventaire de collection<\/strong> \u2013 Cr\u00e9er et modifier des sous-collections et d\u00e9placer des sous-collections entre collections parentes.<\/li>\n<li class=\"li\"><strong>Op\u00e9rateur d&rsquo;inventaire de collection \u00e9tendu avec op\u00e9rateur d&rsquo;inventaire de collection<\/strong> \u2013 Cr\u00e9er, modifier et supprimer des collections de niveau sup\u00e9rieur et promouvoir une sous-collection vers une collection de niveau sup\u00e9rieur. Cr\u00e9er, modifier, ou supprimer une sous-collection et d\u00e9placer des sous-collections entre collections parentes.<\/li>\n<li class=\"li\"><strong>Op\u00e9rateur d&rsquo;inventaire num\u00e9rique<\/strong> \u2013 Ajouter\/supprimer des titres \u00e0\/d&rsquo;une collection et d\u00e9placer un titre entre des collections.<\/li>\n<\/ul>\n<\/div>\n\n\n\n<h3 id=\"ajout_d_une_collection_de_niveau_superieur\" id=\"ajout_d_une_collection_de_niveau_superieur\" class=\"wpig-heading\">Ajout d&rsquo;une collection de niveau sup\u00e9rieur<\/h3>\n\n\n\n<div class=\"is-layout-flex wp-container-6 wp-block-columns bord-bloc-reutilisable has-background\" style=\"background-color:#ffeec2\">\n<div class=\"is-layout-flow wp-block-column is-vertically-aligned-center\" style=\"flex-basis:7%\">\n<figure class=\"wp-block-image alignfull size-full is-style-default\"><img decoding=\"async\" loading=\"lazy\" width=\"512\" height=\"512\" src=\"https:\/\/rebub.u-bordeaux.fr\/wp-content\/uploads\/2024\/04\/nouvelles-idees-en-cours.png\" alt=\"\" class=\"wp-image-19897\" srcset=\"https:\/\/rebub.u-bordeaux.fr\/wp-content\/uploads\/2024\/04\/nouvelles-idees-en-cours.png 512w, https:\/\/rebub.u-bordeaux.fr\/wp-content\/uploads\/2024\/04\/nouvelles-idees-en-cours-300x300.png 300w, https:\/\/rebub.u-bordeaux.fr\/wp-content\/uploads\/2024\/04\/nouvelles-idees-en-cours-150x150.png 150w\" sizes=\"(max-width: 512px) 100vw, 512px\" \/><\/figure>\n<\/div>\n\n\n\n<div class=\"is-layout-flow wp-block-column is-vertically-aligned-center\" style=\"flex-basis:85%\">\n<p><a rel=\"noreferrer noopener\" href=\"https:\/\/www.loom.com\/share\/fa1d7b2b33cf4279b7c99404d69d75c2\" target=\"_blank\">Voir la d\u00e9monstration vid\u00e9o<\/a><\/p>\n<\/div>\n<\/div>\n\n\n\n<ol>\n<li>Se rendre sur <strong>Ressources\/(G\u00e9rer l\u2019inventaire)\/G\u00e9rer les collections<\/strong><\/li>\n\n\n\n<li>Cliquer sur <strong>Ajouter une collection de niveau sup\u00e9rieure<\/strong><\/li>\n\n\n\n<li>A partir de cet \u00e9cran voici les champs \u00e0 renseigner :\n<ul>\n<li><strong>Format de notice<\/strong> = \u201cUnimarc Bibliographic\u201d<\/li>\n\n\n\n<li><strong>Titre de la notice<\/strong> = 200$$a de la notice bibliographique signalant la collection. Ce titre doit \u00eatre identique au nom de la collection<\/li>\n\n\n\n<li><strong>Nom<\/strong> : nom interne de la collection. Doit \u00eatre identique au titre<\/li>\n\n\n\n<li><strong>Description<\/strong> : Pr\u00e9sentation de la collection s&rsquo;affiche dans Primo au niveau de la page Collection Discovery<\/li>\n\n\n\n<li><strong>Biblioth\u00e8que<\/strong> : obligatoire mais sans importance pour la gestion des bibliographies<\/li>\n\n\n\n<li><strong>T\u00e9l\u00e9charger la vignette<\/strong> : s\u00e9lectionner une vignette pour la collection. Le fichier ne doit pas d\u00e9passer 100K.Vous pourrez ajouter des vignettes suppl\u00e9mentaires une fois la collection cr\u00e9\u00e9e via l&rsquo;onglet <strong>D\u00e9couverte<\/strong><\/li>\n\n\n\n<li><strong>Placer \u00e0\/avant<\/strong> : Permet de g\u00e9rer l&rsquo;ordre d&rsquo;affichage des collections<\/li>\n<\/ul>\n<\/li>\n\n\n\n<li><a href=\"https:\/\/www.loom.com\/share\/40330019ea1a4b0e8b0fa86f5bdb1aab\" target=\"_blank\" rel=\"noreferrer noopener\">Partager la notice de collection dans le r\u00e9seau<\/a>. Cette \u00e9tape est n\u00e9cessaire pour que la notice soit publi\u00e9e dans Primo.<\/li>\n<\/ol>\n\n\n\n<h3 id=\"ajout_d_une_sous-collection\" id=\"ajout_d_une_sous-collection\" class=\"wpig-heading\">Ajout d&rsquo;une sous-collection<\/h3>\n\n\n\n<div class=\"is-layout-flex wp-container-9 wp-block-columns bord-bloc-reutilisable has-background\" style=\"background-color:#ffeec2\">\n<div class=\"is-layout-flow wp-block-column is-vertically-aligned-center\" style=\"flex-basis:7%\">\n<figure class=\"wp-block-image alignfull size-full is-style-default\"><img decoding=\"async\" loading=\"lazy\" width=\"512\" height=\"512\" src=\"https:\/\/rebub.u-bordeaux.fr\/wp-content\/uploads\/2024\/04\/nouvelles-idees-en-cours.png\" alt=\"\" class=\"wp-image-19897\" srcset=\"https:\/\/rebub.u-bordeaux.fr\/wp-content\/uploads\/2024\/04\/nouvelles-idees-en-cours.png 512w, https:\/\/rebub.u-bordeaux.fr\/wp-content\/uploads\/2024\/04\/nouvelles-idees-en-cours-300x300.png 300w, https:\/\/rebub.u-bordeaux.fr\/wp-content\/uploads\/2024\/04\/nouvelles-idees-en-cours-150x150.png 150w\" sizes=\"(max-width: 512px) 100vw, 512px\" \/><\/figure>\n<\/div>\n\n\n\n<div class=\"is-layout-flow wp-block-column is-vertically-aligned-center\" style=\"flex-basis:85%\">\n<p><strong><a rel=\"noreferrer noopener\" href=\"https:\/\/www.loom.com\/share\/be5b1b367a4a4fb984db79cbffa6bbed\" target=\"_blank\">Voir le tutoriel vid\u00e9o<\/a><\/strong><\/p>\n<\/div>\n<\/div>\n\n\n\n<ol>\n<li>Editer la collection de premier niveau<\/li>\n\n\n\n<li>Aller sur l&rsquo;onglet <strong>sous-colection<\/strong><\/li>\n\n\n\n<li>Cliquer sur <strong>ajouter une sous-collection<\/strong><\/li>\n\n\n\n<li>Suivre les \u00e9tapes de la cr\u00e9ation d&rsquo;une collection<\/li>\n\n\n\n<li><a href=\"https:\/\/www.loom.com\/share\/40330019ea1a4b0e8b0fa86f5bdb1aab\" target=\"_blank\" rel=\"noreferrer noopener\">Penser \u00e0 partager la notice au niveau du r\u00e9seau<\/a><\/li>\n<\/ol>\n\n\n\n<h2 id=\"ajouter_des_notices_a_la_collection\" id=\"ajouter_des_notices_a_la_collection\" class=\"wpig-heading\">Ajouter des notices \u00e0 la collection<\/h2>\n\n\n\n<h3 id=\"via_la_collection_ou_la_sous_collection\" id=\"via_la_collection_ou_la_sous_collection\" class=\"wpig-heading\">via la collection ou la sous collection<\/h3>\n\n\n\n<div class=\"level3\">\n<figure><a href=\"http:\/\/rebub.u-bordeaux.fr\/wp-content\/uploads\/2021\/05\/editeur_de_ressource_de_collection.png\" target=\"_blank\" rel=\"noopener noreferrer\"><img decoding=\"async\" loading=\"lazy\" class=\"aligncenter wp-image-11473 size-full\" src=\"http:\/\/rebub.u-bordeaux.fr\/wp-content\/uploads\/2021\/05\/editeur_de_ressource_de_collection.png\" alt=\"\" width=\"1903\" height=\"898\" srcset=\"https:\/\/rebub.u-bordeaux.fr\/wp-content\/uploads\/2021\/05\/editeur_de_ressource_de_collection.png 1903w, https:\/\/rebub.u-bordeaux.fr\/wp-content\/uploads\/2021\/05\/editeur_de_ressource_de_collection-300x142.png 300w, https:\/\/rebub.u-bordeaux.fr\/wp-content\/uploads\/2021\/05\/editeur_de_ressource_de_collection-1024x483.png 1024w, https:\/\/rebub.u-bordeaux.fr\/wp-content\/uploads\/2021\/05\/editeur_de_ressource_de_collection-768x362.png 768w, https:\/\/rebub.u-bordeaux.fr\/wp-content\/uploads\/2021\/05\/editeur_de_ressource_de_collection-1536x725.png 1536w\" sizes=\"(max-width: 1903px) 100vw, 1903px\" \/><\/a><\/figure><p><\/p>\n<p>A partir de l&rsquo;\u00e9cran d&rsquo;\u00e9dition d&rsquo;une collection, via l&rsquo;onglet <strong>Liste des titres(1.)<\/strong> vous pouvez ajouter une notice individuelle (2.) ou ajouter un lot de notice (3.)<\/p>\n<\/div>\n\n\n\n<h3 id=\"via_la_recherche_de_titres_dans_alma\" id=\"via_la_recherche_de_titres_dans_alma\" class=\"wpig-heading\">via la recherche de titres dans Alma<\/h3>\n\n\n\n<div class=\"level3\">\n<figure><a href=\"http:\/\/rebub.u-bordeaux.fr\/wp-content\/uploads\/2021\/05\/tous_les_titres.png\" target=\"_blank\" rel=\"noopener noreferrer\"><img decoding=\"async\" loading=\"lazy\" class=\"aligncenter wp-image-11474 size-full\" src=\"http:\/\/rebub.u-bordeaux.fr\/wp-content\/uploads\/2021\/05\/tous_les_titres.png\" alt=\"\" width=\"1663\" height=\"868\" srcset=\"https:\/\/rebub.u-bordeaux.fr\/wp-content\/uploads\/2021\/05\/tous_les_titres.png 1663w, https:\/\/rebub.u-bordeaux.fr\/wp-content\/uploads\/2021\/05\/tous_les_titres-300x157.png 300w, https:\/\/rebub.u-bordeaux.fr\/wp-content\/uploads\/2021\/05\/tous_les_titres-1024x534.png 1024w, https:\/\/rebub.u-bordeaux.fr\/wp-content\/uploads\/2021\/05\/tous_les_titres-768x401.png 768w, https:\/\/rebub.u-bordeaux.fr\/wp-content\/uploads\/2021\/05\/tous_les_titres-1536x802.png 1536w\" sizes=\"(max-width: 1663px) 100vw, 1663px\" \/><\/a><\/figure><p><\/p>\n<\/div>\n\n\n\n<h2 id=\"re-publier_les_notices_lie_es_a_des_collections_dans_babord\" id=\"re-publier_les_notices_lie_es_a_des_collections_dans_babord\" class=\"wpig-heading\">Re-publier les notices li\u00e9es \u00e0 des collections dans Babord +<\/h2>\n\n\n\n<div class=\"level2\">\n<div class=\"plugin_note noteimportant\">Dans le bac \u00e0 sable, la publication des notices n&rsquo;est aps automatis\u00e9s contactez le SCOOP si vous souhaitez voir dans Primo les notices que vous avez ajout\u00e9s \u00e0 al collection.<\/div>\n<\/div>\n\n\n\n<h2 id=\"parametrage_dans_primo\" id=\"parametrage_dans_primo\" class=\"wpig-heading\">Param\u00e9trage dans Primo<\/h2>\n\n\n\n<div class=\"level2\">\n<p><a class=\"urlextern\" title=\"https:\/\/knowledge.exlibrisgroup.com\/Primo\/Product_Documentation\/Primo\/Back_Office_Guide\/060Configuring_Primo%E2%80%99s_Front_End\/050Collection_Discovery\" href=\"https:\/\/knowledge.exlibrisgroup.com\/Primo\/Product_Documentation\/Primo\/Back_Office_Guide\/060Configuring_Primo%E2%80%99s_Front_End\/050Collection_Discovery\" target=\"_blank\" rel=\"nofollow noopener noreferrer\">Voir la documentation d&rsquo;Exlibris<\/a> et appliquer ces modifications suppl\u00e9mentaire<\/p>\n<\/div>\n\n\n\n<h3 id=\"que_faire_si_votre_collection_n_apparait_pas\" id=\"que_faire_si_votre_collection_n_apparait_pas\" class=\"wpig-heading\">Que faire si votre collection n&rsquo;apparait pas<\/h3>\n\n\n\n<div class=\"level3\">\n<p>Il faut vider le cache de Primo en relancer l&rsquo;interrogation de l&rsquo;<abbr title=\"\" data-original-title=\"Application Programming Interface\">API<\/abbr> Collection d&rsquo;Alma. Pour se faire allez dans le back-office PRIMO. Sous <strong>General &gt; Institutions list<\/strong>, editez votre institution. Dans la section <strong>Delivery Base URLs:<\/strong>, cliquez sur <strong>Refresh Collection <abbr title=\"\" data-original-title=\"Application Programming Interface\">API<\/abbr> Response<\/strong>. Validez le message. Pas besoin d&rsquo;aller plus loin. C&rsquo;est pr\u00eat !<\/p>\n<\/div>\n\n\n\n<h1 id=\"correctifs_apportes\" id=\"correctifs_apportes\" class=\"wpig-heading\">Correctifs apport\u00e9s<\/h1>\n\n\n\n<h2 id=\"rn_control_colldiscovery\" id=\"rn_control_colldiscovery\" class=\"wpig-heading\">RN control\/colldiscovery<\/h2>\n\n\n\n<div class=\"level2\">\n<p>On filtre le Champ INST sur $$B = C pour ne pas r\u00e9cup\u00e9rer l&rsquo;identifiant de la notice dans la NZ<\/p>\n<\/div>\n\n\n\n<div class=\"is-layout-flex wp-container-15 wp-block-columns bord-bloc-reutilisable has-background\" style=\"background-color:#d9edf7\">\n<div class=\"is-layout-flow wp-block-column is-vertically-aligned-center\" style=\"font-size:15px;flex-basis:20%\">\n<p style=\"font-size:15px\"><strong>Date de publication<\/strong> <\/p>\n\n\n<div style=\"font-size:15px;\" class=\"wp-block-post-date\"><time datetime=\"2024-03-22T09:38:12+01:00\">22 mars 2024<\/time><\/div><\/div>\n\n\n\n<div class=\"is-layout-flow wp-block-column is-vertically-aligned-center\" style=\"font-size:15px;flex-basis:20%\">\n<p><strong>Mis \u00e0 jour le <\/strong><\/p>\n\n\n<div style=\"font-size:15px;\" class=\"wp-block-post-date\"><time datetime=\"2025-08-22T10:05:17+02:00\">22 ao\u00fbt 2025<\/time><\/div><\/div>\n\n\n\n<div class=\"is-layout-flow wp-block-column is-vertically-aligned-center\" style=\"font-size:15px;flex-basis:40%\">\n<p><\/p>\n\n\n\n<p><strong>Attention ! <\/strong>Certains \u00e9tablissements utilisent parfois de proc\u00e9dures compl\u00e9mentaires <\/p>\n<\/div>\n\n\n\n<div class=\"is-layout-flow wp-block-column is-vertically-aligned-center\" style=\"font-size:15px;flex-basis:25%\">\n<div class=\"is-horizontal is-content-justification-center is-layout-flex wp-container-13 wp-block-buttons alignfull has-custom-font-size\" style=\"font-size:16px\">\n<div class=\"wp-block-button has-custom-width wp-block-button__width-75 has-custom-font-size is-style-fill\" style=\"font-size:15px\"><a class=\"wp-block-button__link has-white-color has-text-color has-background wp-element-button\" href=\"mailto:scoop@u-bordeaux.fr\" style=\"border-radius:65px;background-color:#000000db\"><strong>Signaler une erreur<\/strong><\/a><\/div>\n<\/div>\n<\/div>\n<\/div>\n","protected":false},"excerpt":{"rendered":"<p>Table des mati\u00e8res[ Show ]Cr\u00e9er une collectionR\u00f4les n\u00e9cessairesAjout d&rsquo;une collection de niveau sup\u00e9rieurAjout d&rsquo;une sous-collectionAjouter des notices \u00e0 la collectionvia la collection ou la sous collectionvia la recherche de titres dans AlmaRe-publier les notices li\u00e9es \u00e0 des collections dans Babord&#8230;<\/p>\n","protected":false},"author":46,"featured_media":0,"parent":18430,"menu_order":2,"comment_status":"closed","ping_status":"closed","template":"","meta":[],"post_mailing_queue_ids":[],"_links":{"self":[{"href":"http:\/\/rebub.u-bordeaux.fr\/index.php\/wp-json\/wp\/v2\/pages\/18918"}],"collection":[{"href":"http:\/\/rebub.u-bordeaux.fr\/index.php\/wp-json\/wp\/v2\/pages"}],"about":[{"href":"http:\/\/rebub.u-bordeaux.fr\/index.php\/wp-json\/wp\/v2\/types\/page"}],"author":[{"embeddable":true,"href":"http:\/\/rebub.u-bordeaux.fr\/index.php\/wp-json\/wp\/v2\/users\/46"}],"replies":[{"embeddable":true,"href":"http:\/\/rebub.u-bordeaux.fr\/index.php\/wp-json\/wp\/v2\/comments?post=18918"}],"version-history":[{"count":4,"href":"http:\/\/rebub.u-bordeaux.fr\/index.php\/wp-json\/wp\/v2\/pages\/18918\/revisions"}],"predecessor-version":[{"id":21102,"href":"http:\/\/rebub.u-bordeaux.fr\/index.php\/wp-json\/wp\/v2\/pages\/18918\/revisions\/21102"}],"up":[{"embeddable":true,"href":"http:\/\/rebub.u-bordeaux.fr\/index.php\/wp-json\/wp\/v2\/pages\/18430"}],"wp:attachment":[{"href":"http:\/\/rebub.u-bordeaux.fr\/index.php\/wp-json\/wp\/v2\/media?parent=18918"}],"curies":[{"name":"wp","href":"https:\/\/api.w.org\/{rel}","templated":true}]}}