	{"id":19020,"date":"2024-03-22T09:39:29","date_gmt":"2024-03-22T08:39:29","guid":{"rendered":"https:\/\/rebub.u-bordeaux.fr\/?page_id=19020"},"modified":"2024-03-28T14:04:08","modified_gmt":"2024-03-28T13:04:08","slug":"nombre-de-documents-acquis-par-budget-en-2015","status":"publish","type":"page","link":"http:\/\/rebub.u-bordeaux.fr\/index.php\/statistiques\/donnees-statistiques\/archives-2009-2018\/statistiques-2015\/nombre-de-documents-acquis-par-budget-en-2015\/","title":{"rendered":"Nombre de documents acquis par budget en 2015"},"content":{"rendered":"<div id='wpig-floatingbar' class='wpig-floatingbar'><div id='wpig-switch-wrapper' class='wpig-switch-wrapper'><span id='wpig-floating-switch' class='wpig-floating-switch'><img src='http:\/\/rebub.u-bordeaux.fr\/wp-content\/plugins\/sticky-toc-advance-table-of-contents\/\\assets\\menu.png'><\/span><\/div><div id='wpig-contents' class='wpig-contents  wpig-sidebar-widget wpig-style-3'><span class='wpig-headline'>Table des mati\u00e8res<span><a data-action='show' class='wpig-btn-toggledisplay'>[ Show ]<\/a><\/span><\/span><!-- Table of Contents --><div id='wpig-table-of-content' class='wpig-table-of-content'><ol><li class='stoc-donnees-statistiques'><a href='#stoc-donnees-statistiques'>Donn\u00e9es statistiques<\/a><ol><li class='stoc-vue-globale'><a href='#stoc-vue-globale'>Vue globale<\/a><\/li><li class='stoc-ventilation-par-code-polstat'><a href='#stoc-ventilation-par-code-polstat'>Ventilation par code Polstat<\/a><\/li><li class='stoc-ventilation-par-budget'><a href='#stoc-ventilation-par-budget'>Ventilation par budget<\/a><\/li><\/ol><li class='stoc-methodologie-de-recolte-des-donnees'><a href='#stoc-methodologie-de-recolte-des-donnees'>M\u00e9thodologie de r\u00e9colte des donn\u00e9es<\/a><\/li><\/ol><\/li><\/div><!-- END OF Table of Contents --><\/div><\/div><p><div id='wpig-contents' class='wpig-contents  wpig-sidebar-widget wpig-style-1'><span class='wpig-headline'>Table des mati\u00e8res<span><a data-action='show' class='wpig-btn-toggledisplay'>[ Show ]<\/a><\/span><\/span><!-- Table of Contents --><div id='wpig-table-of-content' class='wpig-table-of-content' ><ol><li class='stoc-donnees-statistiques'><a href='#stoc-donnees-statistiques'>Donn\u00e9es statistiques<\/a><ol><li class='stoc-vue-globale'><a href='#stoc-vue-globale'>Vue globale<\/a><\/li><li class='stoc-ventilation-par-code-polstat'><a href='#stoc-ventilation-par-code-polstat'>Ventilation par code Polstat<\/a><\/li><li class='stoc-ventilation-par-budget'><a href='#stoc-ventilation-par-budget'>Ventilation par budget<\/a><\/li><\/ol><li class='stoc-methodologie-de-recolte-des-donnees'><a href='#stoc-methodologie-de-recolte-des-donnees'>M\u00e9thodologie de r\u00e9colte des donn\u00e9es<\/a><\/li><\/ol><\/li><\/div><!-- END OF Table of Contents --><\/div><\/p><div class=\"row\">\n<h1 id=\"stoc-donnees-statistiques\" class=\"wpig-heading\">Donn\u00e9es statistiques<\/h1>\n<p><script type=\"text\/javascript\" src=\"http:\/\/rebub.u-bordeaux.fr\/wp-content\/uploads\/2016\/11\/Rapp_ESGBU_Acquisition_2015.js\"><\/script><\/p>\n<h2 id=\"stoc-vue-globale\" class=\"wpig-heading\">Vue globale<\/h2>\n<div id=\"dashboard1_div\"><!--Divs that will hold each control and chart--><\/p>\n<div class=\"col-md-12\">\n<div id=\"bibPicker_div\"><\/div>\n<\/div>\n<div class=\"col-md-12\">\n<div id=\"chart1\"><\/div>\n<\/div>\n<h2 id=\"stoc-ventilation-par-code-polstat\" class=\"wpig-heading\">Ventilation par code Polstat<\/h2>\n<div class=\"col-md-12\">\n<div id=\"chart2\"><\/div>\n<\/div>\n<h2 id=\"stoc-ventilation-par-budget\" class=\"wpig-heading\">Ventilation par budget<\/h2>\n<div class=\"col-md-12\">\n<div id=\"typePicker_div\"><\/div>\n<\/div>\n<div class=\"col-md-12\">\n<div id=\"barchart_div\"><\/div>\n<\/div>\n<div class=\"col-md-12\">\n<div id=\"table_div\"><\/div>\n<\/div>\n<\/div>\n<\/div>\n<p>&lt;class=\u00a0\u00bbrow\u00a0\u00bb&gt;&lt;\/class=\u00a0\u00bbrow\u00a0\u00bb&gt;<\/p>\n<p class=\"message important\"><a href=\"http:\/\/rebub.u-bordeaux.fr\/wp-content\/uploads\/2022\/01\/Rapp_ESGBU_Acquisition_2015-1.xlsx\" target=\"_blank\" rel=\"noopener\">T\u00e9l\u00e9charger les donn\u00e9es ventil\u00e9es par biblioth\u00e8que et budget<\/a><\/p>\n<p class=\"message important\"><a href=\"http:\/\/rebub.u-bordeaux.fr\/wp-content\/uploads\/2022\/01\/Rapp_ESGBU_Acquisition_Par_Budgets_Etab_2015-1.xlsx\" target=\"_blank\" rel=\"noopener\">T\u00e9l\u00e9charger les donn\u00e9es agr\u00e9g\u00e9es par \u00e9tablissement<\/a><\/p>\n<p class=\"message important\"><a href=\"http:\/\/rebub.u-bordeaux.fr\/wp-content\/uploads\/2016\/11\/Rapp_ESGBU_Acquisition_Par_Budgets_Plateforme_2015.xlsx\">T\u00e9l\u00e9charger les donn\u00e9es agr\u00e9g\u00e9es par plateforme<\/a><\/p>\n<h1 id=\"stoc-methodologie-de-recolte-des-donnees\" class=\"wpig-heading\">M\u00e9thodologie de r\u00e9colte des donn\u00e9es<\/h1>\n<dl>\n<dd>\n<table border=\"0\" width=\"653\" cellspacing=\"0\" cellpadding=\"2\">\n<colgroup>\n<col width=\"184\" \/>\n<col width=\"460\" \/> <\/colgroup>\n<tbody>\n<tr valign=\"top\">\n<td style=\"border-top: 1px solid #000001; border-bottom: 1px solid #000001; border-left: 1px solid #000001; border-right: none; padding: 0.1cm 0cm 0.1cm 0.05cm;\" bgcolor=\"#ffffff\" width=\"184\">\n<p style=\"margin-left: 0.1cm; text-indent: 0cm; widows: 0; orphans: 0;\" align=\"left\"><strong>D\u00e9finitions :<\/strong><\/p>\n<\/td>\n<td style=\"border: 1px solid #000001; padding: 0.1cm 0.1cm 0.1cm 0.05cm;\" bgcolor=\"#ffffff\" width=\"460\">\n<p style=\"text-indent: 0cm;\"><strong>Nombre d&rsquo;exemplaires re\u00e7us : <\/strong>Pour chaque biblioth\u00e8que, on compte le nombre d&rsquo;exemplaires r\u00e9ceptionn\u00e9s li\u00e9s \u00e0 une ligne de bon de commande lui m\u00eame rattach\u00e9 \u00e0 un budget ouvert sur l&rsquo;ann\u00e9e \u00e9tudi\u00e9.<\/p>\n<p style=\"text-indent: 0cm;\">Un exemplaire r\u00e9ceptionn\u00e9 est un exemplaire qui poss\u00e8de une date de r\u00e9ception au niveau de la ligne de bon de commande.<\/p>\n<p style=\"text-indent: 0cm;\"><span style=\"color: #00000a;\">Un budget d&rsquo;acquisition ouvert sur l&rsquo;ann\u00e9e \u00e9tudi\u00e9e est un budget dont le code budget se termine par la cha\u00eene &lsquo;.AAAA&rsquo;. AAAA \u00e9tant l&rsquo;ann\u00e9e \u00e9tudi\u00e9e.<\/span><\/p>\n<p style=\"text-indent: 0cm;\"><span style=\"color: #00000a;\"><strong>Nombre de titres re\u00e7us : <\/strong><\/span><span style=\"color: #00000a;\"><span style=\"font-weight: normal;\">Nombre de notices li\u00e9es \u00e0 au moins un exemplaire re\u00e7u dans l&rsquo;ann\u00e9e.<\/span><\/span><\/p>\n<\/td>\n<\/tr>\n<tr valign=\"top\">\n<td style=\"border-top: none; border-bottom: 1px solid #000001; border-left: 1px solid #000001; border-right: none; padding: 0cm 0cm 0.1cm 0.05cm;\" bgcolor=\"#ffffff\" width=\"184\">\n<p style=\"margin-left: 0.1cm; text-indent: 0cm; widows: 0; orphans: 0;\" align=\"left\"><strong>Niveau :<\/strong><\/p>\n<\/td>\n<td style=\"border-top: none; border-bottom: 1px solid #000001; border-left: 1px solid #000001; border-right: 1px solid #000001; padding: 0cm 0.1cm 0.1cm 0.05cm;\" bgcolor=\"#ffffff\" width=\"460\">\n<p style=\"text-indent: 0cm;\">\u00c9tablissement de la biblioth\u00e8que d&rsquo;acquisition<\/p>\n<p style=\"text-indent: 0cm;\">Plate-forme la biblioth\u00e8que d&rsquo;acquisition<\/p>\n<p style=\"text-indent: 0cm;\">Biblioth\u00e8que biblioth\u00e8que d&rsquo;acquisition (division de l&rsquo;exemplaire au moment de la commande)<\/p>\n<p style=\"text-indent: 0cm;\">Code budget<\/p>\n<p style=\"text-indent: 0cm;\">POLSTAT<\/p>\n<\/td>\n<\/tr>\n<tr valign=\"top\">\n<td style=\"border-top: none; border-bottom: 1px solid #000001; border-left: 1px solid #000001; border-right: none; padding: 0cm 0cm 0.1cm 0.05cm;\" bgcolor=\"#ffffff\" width=\"184\">\n<p style=\"margin-left: 0.1cm; text-indent: 0cm; widows: 0; orphans: 0;\" align=\"left\"><strong>P\u00e9riode d&rsquo;observation :<\/strong><\/p>\n<\/td>\n<td style=\"border-top: none; border-bottom: 1px solid #000001; border-left: 1px solid #000001; border-right: 1px solid #000001; padding: 0cm 0.1cm 0.1cm 0.05cm;\" bgcolor=\"#ffffff\" width=\"460\">\n<p style=\"margin-left: 0.1cm; text-indent: 0cm; widows: 0; orphans: 0;\" align=\"justify\">Ann\u00e9e civile (du 01 janvier Au 31 d\u00e9cembre.) mais d\u00e9pend en r\u00e9alit\u00e9 de la date de cl\u00f4ture de vos budgets.<\/p>\n<\/td>\n<\/tr>\n<tr valign=\"top\">\n<td style=\"border-top: none; border-bottom: 1px solid #000001; border-left: 1px solid #000001; border-right: none; padding: 0cm 0cm 0.1cm 0.05cm;\" bgcolor=\"#ffffff\" width=\"184\">\n<p style=\"margin-left: 0.2cm; text-indent: 0cm; widows: 0; orphans: 0;\" align=\"left\"><strong>Agr\u00e9gations des r\u00e9sultats :<\/strong><\/p>\n<\/td>\n<td style=\"border-top: none; border-bottom: 1px solid #000001; border-left: 1px solid #000001; border-right: 1px solid #000001; padding: 0cm 0.1cm 0.1cm 0.05cm;\" bgcolor=\"#ffffff\" width=\"460\">\n<p style=\"text-indent: 0cm; widows: 0; orphans: 0;\" align=\"justify\">Seuls les nombres d&rsquo;exemplaires re\u00e7us peuvent \u00eatre cumul\u00e9s par \u00e9tablissement et plateforme puisque un m\u00eame titre peut \u00eatre acquis sur plusieurs budgets ou pour plusieurs biblioth\u00e8que.<\/p>\n<\/td>\n<\/tr>\n<tr valign=\"top\">\n<td style=\"border-top: none; border-bottom: 1px solid #000001; border-left: 1px solid #000001; border-right: none; padding: 0cm 0cm 0.1cm 0.05cm;\" bgcolor=\"#ffffff\" width=\"184\">\n<p style=\"margin-left: 0.1cm; text-indent: 0cm; widows: 0; orphans: 0;\" align=\"left\"><strong>Forme des r\u00e9sultats :<\/strong><\/p>\n<\/td>\n<td style=\"border-top: none; border-bottom: 1px solid #000001; border-left: 1px solid #000001; border-right: 1px solid #000001; padding: 0cm 0.1cm 0.1cm 0.05cm;\" bgcolor=\"#ffffff\" width=\"460\">\n<p style=\"text-indent: 0cm;\">Fichier:<span style=\"color: #0000ff;\"><span style=\"font-family: monospace;\">Rapp_ESGBU_Acquisition_Par_Budgets_AAAA<\/span><\/span><span style=\"color: #0000ff;\"><span style=\"font-family: monospace;\"><span lang=\"fr-FR\">.xlsx<\/span><\/span><\/span><\/p>\n<p style=\"text-indent: 0cm;\"><span style=\"text-decoration: underline;\">Acqu_par_bib<\/span> : Agr\u00e9gation des donn\u00e9es par biblioth\u00e8ques.<\/p>\n<p style=\"text-indent: 0cm;\"><span style=\"text-decoration: underline;\">Acqu_par_budget :<\/span> Agr\u00e9gation des donn\u00e9es par budget.<\/p>\n<p style=\"text-indent: 0cm;\"><span style=\"color: #00000a;\"><span lang=\"fr-FR\"><span style=\"text-decoration: underline;\">Acqu_Par_Bib_Budget_POLSTAT <\/span><\/span><\/span>: Vue des donn\u00e9es par budget et POLSTAT.<\/p>\n<\/td>\n<\/tr>\n<\/tbody>\n<\/table>\n<\/dd>\n<\/dl>\n","protected":false},"excerpt":{"rendered":"<p>Table des mati\u00e8res[ Show ]Donn\u00e9es statistiquesVue globaleVentilation par code PolstatVentilation par budgetM\u00e9thodologie de r\u00e9colte des donn\u00e9es Donn\u00e9es statistiques Vue globale Ventilation par code Polstat Ventilation par budget &lt;class=\u00a0\u00bbrow\u00a0\u00bb&gt;&lt;\/class=\u00a0\u00bbrow\u00a0\u00bb&gt; T\u00e9l\u00e9charger les donn\u00e9es ventil\u00e9es par biblioth\u00e8que et budget T\u00e9l\u00e9charger les donn\u00e9es agr\u00e9g\u00e9es&#8230;<\/p>\n","protected":false},"author":2,"featured_media":0,"parent":19005,"menu_order":1,"comment_status":"closed","ping_status":"closed","template":"","meta":[],"post_mailing_queue_ids":[],"_links":{"self":[{"href":"http:\/\/rebub.u-bordeaux.fr\/index.php\/wp-json\/wp\/v2\/pages\/19020"}],"collection":[{"href":"http:\/\/rebub.u-bordeaux.fr\/index.php\/wp-json\/wp\/v2\/pages"}],"about":[{"href":"http:\/\/rebub.u-bordeaux.fr\/index.php\/wp-json\/wp\/v2\/types\/page"}],"author":[{"embeddable":true,"href":"http:\/\/rebub.u-bordeaux.fr\/index.php\/wp-json\/wp\/v2\/users\/2"}],"replies":[{"embeddable":true,"href":"http:\/\/rebub.u-bordeaux.fr\/index.php\/wp-json\/wp\/v2\/comments?post=19020"}],"version-history":[{"count":2,"href":"http:\/\/rebub.u-bordeaux.fr\/index.php\/wp-json\/wp\/v2\/pages\/19020\/revisions"}],"predecessor-version":[{"id":19717,"href":"http:\/\/rebub.u-bordeaux.fr\/index.php\/wp-json\/wp\/v2\/pages\/19020\/revisions\/19717"}],"up":[{"embeddable":true,"href":"http:\/\/rebub.u-bordeaux.fr\/index.php\/wp-json\/wp\/v2\/pages\/19005"}],"wp:attachment":[{"href":"http:\/\/rebub.u-bordeaux.fr\/index.php\/wp-json\/wp\/v2\/media?parent=19020"}],"curies":[{"name":"wp","href":"https:\/\/api.w.org\/{rel}","templated":true}]}}