	{"id":19023,"date":"2024-03-22T09:39:32","date_gmt":"2024-03-22T08:39:32","guid":{"rendered":"https:\/\/rebub.u-bordeaux.fr\/?page_id=19023"},"modified":"2024-03-28T14:04:16","modified_gmt":"2024-03-28T13:04:16","slug":"statistiques-2015-sur-les-transactions-par-bibliotheques","status":"publish","type":"page","link":"http:\/\/rebub.u-bordeaux.fr\/index.php\/statistiques\/donnees-statistiques\/archives-2009-2018\/statistiques-2015\/statistiques-2015-sur-les-transactions-par-bibliotheques\/","title":{"rendered":"Statistiques 2015 sur les  transactions par biblioth\u00e8ques"},"content":{"rendered":"<div id='wpig-floatingbar' class='wpig-floatingbar'><div id='wpig-switch-wrapper' class='wpig-switch-wrapper'><span id='wpig-floating-switch' class='wpig-floating-switch'><img src='http:\/\/rebub.u-bordeaux.fr\/wp-content\/plugins\/sticky-toc-advance-table-of-contents\/\\assets\\menu.png'><\/span><\/div><div id='wpig-contents' class='wpig-contents  wpig-sidebar-widget wpig-style-3'><span class='wpig-headline'>Table des mati\u00e8res<span><a data-action='show' class='wpig-btn-toggledisplay'>[ Show ]<\/a><\/span><\/span><!-- Table of Contents --><div id='wpig-table-of-content' class='wpig-table-of-content'><ol><li class='stoc-donnees-statistiques'><a href='#stoc-donnees-statistiques'>Donn\u00e9es statistiques<\/a><ol><li class='stoc-vue-par-bibliotheque'><a href='#stoc-vue-par-bibliotheque'>Vue par biblioth\u00e8que<\/a><\/li><li class='stoc-vue-par-plateforme'><a href='#stoc-vue-par-plateforme'>Vue par plateforme<\/a><\/li><\/ol><li class='stoc-methodologie-de-recolte-des-donnees'><a href='#stoc-methodologie-de-recolte-des-donnees'>M\u00e9thodologie de r\u00e9colte des donn\u00e9es<\/a><\/li><\/ol><\/li><\/div><!-- END OF Table of Contents --><\/div><\/div><p><div id='wpig-contents' class='wpig-contents  wpig-sidebar-widget wpig-style-1'><span class='wpig-headline'>Table des mati\u00e8res<span><a data-action='show' class='wpig-btn-toggledisplay'>[ Show ]<\/a><\/span><\/span><!-- Table of Contents --><div id='wpig-table-of-content' class='wpig-table-of-content' ><ol><li class='stoc-donnees-statistiques'><a href='#stoc-donnees-statistiques'>Donn\u00e9es statistiques<\/a><ol><li class='stoc-vue-par-bibliotheque'><a href='#stoc-vue-par-bibliotheque'>Vue par biblioth\u00e8que<\/a><\/li><li class='stoc-vue-par-plateforme'><a href='#stoc-vue-par-plateforme'>Vue par plateforme<\/a><\/li><\/ol><li class='stoc-methodologie-de-recolte-des-donnees'><a href='#stoc-methodologie-de-recolte-des-donnees'>M\u00e9thodologie de r\u00e9colte des donn\u00e9es<\/a><\/li><\/ol><\/li><\/div><!-- END OF Table of Contents --><\/div><\/p><p><script type=\"text\/javascript\" src=\"http:\/\/rebub.u-bordeaux.fr\/wp-content\/uploads\/2016\/11\/\/Rapp_ESGBU_NbPrets_2015.js\"><\/script><\/p>\n<h2 id=\"stoc-donnees-statistiques\" class=\"wpig-heading\">Donn\u00e9es statistiques<\/h2>\n<div id=\"dashboard_div\">\n<h3 id=\"stoc-vue-par-bibliotheque\" class=\"wpig-heading\">Vue par biblioth\u00e8que<\/h3>\n<div id=\"etabPicker_div\"><\/div>\n<div id=\"plateformePicker_div\"><\/div>\n<div id=\"bibPicker_div\"><\/div>\n<div id=\"barchart_div\"><\/div>\n<div id=\"table_div\"><\/div>\n<h3 id=\"stoc-vue-par-plateforme\" class=\"wpig-heading\">Vue par plateforme<\/h3>\n<div id=\"chart2\"><\/div>\n<\/p><\/div>\n<p class=\"message important\"><a href='http:\/\/rebub.u-bordeaux.fr\/wp-content\/uploads\/2016\/11\/\/Rapp_ESGBU_NbPrets_2015.xlsx'>T\u00e9l\u00e9charger les donn\u00e9es<\/a><\/p>\n<h2 id=\"stoc-methodologie-de-recolte-des-donnees\" class=\"wpig-heading\">M\u00e9thodologie de r\u00e9colte des donn\u00e9es<\/h2>\n<table border=\"0\" cellspacing=\"0\" cellpadding=\"0\" class=\"Tableau1\">\n<colgroup>\n<col width=\"218\"\/>\n<col width=\"537\"\/><\/colgroup>\n<tr class=\"Tableau11\">\n<td style=\"text-align:left;width:4.994cm; \" class=\"Tableau1_A1\">\n<p class=\"P4\"><span class=\"T1\">D\u00e9finitions :<\/span><\/p>\n<\/td>\n<td style=\"text-align:left;width:12.293cm; \" class=\"Tableau1_B1\">\n<p class=\"P5\"><span class=\"T2\">Pr\u00eats initiaux :<\/span> Nombre de pr\u00eats hors renouvellements et consultation sur place<\/p>\n<p class=\"P5\"><span class=\"T2\">Renouvellements :<\/span> Nombre de prolongations d&#8217;emprunt r\u00e9alis\u00e9es via Babord + ou via Horizon<\/p>\n<p class=\"P5\"><span class=\"T2\">Communications sur place :<\/span> Pr\u00eats de documents ayant un statut de pr\u00eat commen\u00e7ant par \u00ab CP \u00bb ou transactions enregistr\u00e9es via le Mode \u00ab\u00a0consultation sur place\u00a0\u00bb de Horizon.<\/p>\n<\/td>\n<\/tr>\n<tr class=\"Tableau11\">\n<td style=\"text-align:left;width:4.994cm; \" class=\"Tableau1_A2\">\n<p class=\"P4\"><span class=\"T1\">Niveau :<\/span><\/p>\n<\/td>\n<td style=\"text-align:left;width:12.293cm; \" class=\"Tableau1_B2\">\n<p class=\"P6\">\u00c9tablissement (D\u00e9duit de la division)<\/p>\n<p class=\"P6\">Plate-forme (D\u00e9duit de la division)<\/p>\n<p class=\"P6\">Biblioth\u00e8que (Division Horizon : division de l&rsquo;exemplaire au moment o\u00f9 il a \u00e9t\u00e9 emprunt\u00e9)<\/p>\n<\/td>\n<\/tr>\n<tr class=\"Tableau11\">\n<td style=\"text-align:left;width:4.994cm; \" class=\"Tableau1_A2\">\n<p class=\"P4\"><span class=\"T1\">P\u00e9riode d&rsquo;observation :<\/span><\/p>\n<\/td>\n<td style=\"text-align:left;width:12.293cm; \" class=\"Tableau1_B2\">\n<p class=\"P6\">Ann\u00e9e civile (du 1<span class=\"T3\">er<\/span> janv. Au 31d\u00e8c.)<\/p>\n<\/td>\n<\/tr>\n<tr class=\"Tableau11\">\n<td style=\"text-align:left;width:4.994cm; \" class=\"Tableau1_A2\">\n<p class=\"P4\"><span class=\"T1\">Forme des r\u00e9sultats<\/span><\/p>\n<\/td>\n<td style=\"text-align:left;width:12.293cm; \" class=\"Tableau1_B2\">\n<p class=\"P6\"><span class=\"T2\">Fichier<\/span> <span class=\"T4\">Rapp_ESGBU_NbPrets_AAAA.xlsx<\/span><\/p>\n<p class=\"P6\">Pour chaque biblioth\u00e8que, nombre cumul\u00e9 des transactions selon leur nature.<\/p>\n<\/td>\n<\/tr>\n<tr class=\"Tableau11\">\n<td style=\"text-align:left;width:4.994cm; \" class=\"Tableau1_A2\">\n<p class=\"P4\"><span class=\"T1\">Agr\u00e9gations des r\u00e9sultats :<\/span><\/p>\n<\/td>\n<td style=\"text-align:left;width:12.293cm; \" class=\"Tableau1_B2\">\n<p class=\"P6\">Les donn\u00e9es peuvent \u00eatre cumul\u00e9es par \u00e9tablissement et plateforme en utilisant un tableau crois\u00e9 dynamique.<\/p>\n<\/td>\n<\/tr>\n<tr class=\"Tableau11\">\n<td style=\"text-align:left;width:4.994cm; \" class=\"Tableau1_A2\">\n<p class=\"P4\"><span class=\"T1\">Observations :<\/span><\/p>\n<\/td>\n<td style=\"text-align:left;width:12.293cm; \" class=\"Tableau1_B2\">\n<p class=\"P2\">La m\u00e9thode de construction de l&rsquo;indicateur n&rsquo;est pas la m\u00eame que celle utilis\u00e9e les ann\u00e9es pr\u00e9c\u00e9dentes.<\/p>\n<p class=\"P3\">Cette nouvelle m\u00e9thode s&rsquo;appuie sur les tables sql utilis\u00e9es pour g\u00e9n\u00e9rer les rapports que que vous pouvez \u00e9diter dans le client Horizon (rapport ad-hoc). Cette table mensualise les statistiques de circulation en conservant la division et la collection de l&rsquo;exemplaire au moment de son emprunt.<\/p>\n<\/td>\n<\/tr>\n<\/table>\n","protected":false},"excerpt":{"rendered":"<p>Table des mati\u00e8res[ Show ]Donn\u00e9es statistiquesVue par biblioth\u00e8queVue par plateformeM\u00e9thodologie de r\u00e9colte des donn\u00e9es Donn\u00e9es statistiques Vue par biblioth\u00e8que Vue par plateforme T\u00e9l\u00e9charger les donn\u00e9es M\u00e9thodologie de r\u00e9colte des donn\u00e9es D\u00e9finitions : Pr\u00eats initiaux : Nombre de pr\u00eats hors renouvellements&#8230;<\/p>\n","protected":false},"author":2,"featured_media":0,"parent":19005,"menu_order":4,"comment_status":"closed","ping_status":"closed","template":"","meta":[],"post_mailing_queue_ids":[],"_links":{"self":[{"href":"http:\/\/rebub.u-bordeaux.fr\/index.php\/wp-json\/wp\/v2\/pages\/19023"}],"collection":[{"href":"http:\/\/rebub.u-bordeaux.fr\/index.php\/wp-json\/wp\/v2\/pages"}],"about":[{"href":"http:\/\/rebub.u-bordeaux.fr\/index.php\/wp-json\/wp\/v2\/types\/page"}],"author":[{"embeddable":true,"href":"http:\/\/rebub.u-bordeaux.fr\/index.php\/wp-json\/wp\/v2\/users\/2"}],"replies":[{"embeddable":true,"href":"http:\/\/rebub.u-bordeaux.fr\/index.php\/wp-json\/wp\/v2\/comments?post=19023"}],"version-history":[{"count":2,"href":"http:\/\/rebub.u-bordeaux.fr\/index.php\/wp-json\/wp\/v2\/pages\/19023\/revisions"}],"predecessor-version":[{"id":19718,"href":"http:\/\/rebub.u-bordeaux.fr\/index.php\/wp-json\/wp\/v2\/pages\/19023\/revisions\/19718"}],"up":[{"embeddable":true,"href":"http:\/\/rebub.u-bordeaux.fr\/index.php\/wp-json\/wp\/v2\/pages\/19005"}],"wp:attachment":[{"href":"http:\/\/rebub.u-bordeaux.fr\/index.php\/wp-json\/wp\/v2\/media?parent=19023"}],"curies":[{"name":"wp","href":"https:\/\/api.w.org\/{rel}","templated":true}]}}