	{"id":19024,"date":"2024-03-22T09:39:34","date_gmt":"2024-03-22T08:39:34","guid":{"rendered":"https:\/\/rebub.u-bordeaux.fr\/?page_id=19024"},"modified":"2024-03-28T14:05:05","modified_gmt":"2024-03-28T13:05:05","slug":"lecteurs-inscrits-et-lecteurs-actifs-par-division-dinscription-pour-lannee-universitaire-2015-2016","status":"publish","type":"page","link":"http:\/\/rebub.u-bordeaux.fr\/index.php\/statistiques\/donnees-statistiques\/archives-2009-2018\/statistiques-2016\/lecteurs-inscrits-et-lecteurs-actifs-par-division-dinscription-pour-lannee-universitaire-2015-2016\/","title":{"rendered":"Lecteurs inscrits et lecteurs actifs par division d\u2019inscription pour l\u2019ann\u00e9e universitaire 2015 \u2013 2016"},"content":{"rendered":"<div id='wpig-floatingbar' class='wpig-floatingbar'><div id='wpig-switch-wrapper' class='wpig-switch-wrapper'><span id='wpig-floating-switch' class='wpig-floating-switch'><img src='http:\/\/rebub.u-bordeaux.fr\/wp-content\/plugins\/sticky-toc-advance-table-of-contents\/\\assets\\menu.png'><\/span><\/div><div id='wpig-contents' class='wpig-contents  wpig-sidebar-widget wpig-style-3'><span class='wpig-headline'>Table des mati\u00e8res<span><a data-action='show' class='wpig-btn-toggledisplay'>[ Show ]<\/a><\/span><\/span><!-- Table of Contents --><div id='wpig-table-of-content' class='wpig-table-of-content'><ol><li class='stoc-donnees-statistiques'><a href='#stoc-donnees-statistiques'>Donn\u00e9es statistiques<\/a><ol><li class='stoc-vue-globale'><a href='#stoc-vue-globale'>Vue globale<\/a><\/li><li class='stoc-ventilation-par-type-de-public'><a href='#stoc-ventilation-par-type-de-public'>Ventilation par type de public<\/a><\/li><li class='stoc-detail-par-type-dusager'><a href='#stoc-detail-par-type-dusager'>D\u00e9tail par type d&rsquo;usager<\/a><\/li><\/ol><li class='stoc-methodologie-de-recolte-des-donnees'><a href='#stoc-methodologie-de-recolte-des-donnees'>M\u00e9thodologie de r\u00e9colte des donn\u00e9es<\/a><\/li><\/ol><\/li><\/div><!-- END OF Table of Contents --><\/div><\/div><p><div id='wpig-contents' class='wpig-contents  wpig-sidebar-widget wpig-style-1'><span class='wpig-headline'>Table des mati\u00e8res<span><a data-action='show' class='wpig-btn-toggledisplay'>[ Show ]<\/a><\/span><\/span><!-- Table of Contents --><div id='wpig-table-of-content' class='wpig-table-of-content' ><ol><li class='stoc-donnees-statistiques'><a href='#stoc-donnees-statistiques'>Donn\u00e9es statistiques<\/a><ol><li class='stoc-vue-globale'><a href='#stoc-vue-globale'>Vue globale<\/a><\/li><li class='stoc-ventilation-par-type-de-public'><a href='#stoc-ventilation-par-type-de-public'>Ventilation par type de public<\/a><\/li><li class='stoc-detail-par-type-dusager'><a href='#stoc-detail-par-type-dusager'>D\u00e9tail par type d&rsquo;usager<\/a><\/li><\/ol><li class='stoc-methodologie-de-recolte-des-donnees'><a href='#stoc-methodologie-de-recolte-des-donnees'>M\u00e9thodologie de r\u00e9colte des donn\u00e9es<\/a><\/li><\/ol><\/li><\/div><!-- END OF Table of Contents --><\/div><\/p><p><script src=\"http:\/\/rebub.u-bordeaux.fr\/wp-content\/uploads\/Statistiques\/Rapp_ESGBU_Lecteur_Inscrits_2015-2016.js\" type=\"text\/javascript\"><\/script><\/p>\n<h2 id=\"stoc-donnees-statistiques\" class=\"wpig-heading\">Donn\u00e9es statistiques<\/h2>\n<h3 id=\"stoc-vue-globale\" class=\"wpig-heading\">Vue globale<\/h3>\n<div id=\"dashboard1_div\">\n<div id=\"dashboard2_div\"><!--Divs that will hold each control and chart--><\/p>\n<div id=\"bibPicker_div\"><\/div>\n<div id=\"chart1\"><\/div>\n<h3 id=\"stoc-ventilation-par-type-de-public\" class=\"wpig-heading\">Ventilation par type de public<\/h3>\n<div id=\"chart2\"><\/div>\n<div id=\"table_div\" style=\"display: none;\"><\/div>\n<\/div>\n<h3 id=\"stoc-detail-par-type-dusager\" class=\"wpig-heading\">D\u00e9tail par type d&rsquo;usager<\/h3>\n<div id=\"typePicker_div\"><\/div>\n<div id=\"barchart_div\"><\/div>\n<div id=\"table2_div\"><\/div>\n<p class=\"message important\"><a href=\"http:\/\/rebub.u-bordeaux.fr\/wp-content\/uploads\/2017\/03\/Rapp_ESGBU_Lecteur_Inscrits_2015-2016.xlsx\">T\u00e9l\u00e9charger les donn\u00e9es<\/a><\/p>\n<h2 id=\"stoc-methodologie-de-recolte-des-donnees\" class=\"wpig-heading\">M\u00e9thodologie de r\u00e9colte des donn\u00e9es<\/h2>\n<p><!-- td p { text-indent: 0.75cm; margin-bottom: 0cm; direction: ltr; color: rgb(0, 0, 10); text-align: justify; }td p.western { font-family: \"Trebuchet MS\",serif; font-size: 10pt; }td p.cjk { font-family: \"Times New Roman\"; font-size: 10pt; }td p.ctl { font-family: \"Times New Roman\"; font-size: 12pt; }p { text-indent: 0.75cm; margin-bottom: 0.25cm; direction: ltr; color: rgb(0, 0, 10); line-height: 120%; text-align: justify; }p.western { font-family: \"Trebuchet MS\",serif; font-size: 10pt; }p.cjk { font-family: \"Times New Roman\"; font-size: 10pt; }p.ctl { font-family: \"Times New Roman\"; font-size: 12pt; }a:link { color: rgb(0, 0, 255); } --><\/p>\n<dl>\n<dd>\n<table border=\"0\" width=\"653\" cellspacing=\"0\" cellpadding=\"2\">\n<colgroup>\n<col width=\"184\" \/>\n<col width=\"460\" \/> <\/colgroup>\n<tbody>\n<tr valign=\"top\">\n<td style=\"border-top: 1px solid #000001; border-bottom: 1px solid #000001; border-left: 1px solid #000001; border-right: none; padding: 0.1cm 0cm 0.1cm 0.05cm;\" bgcolor=\"#ffffff\" width=\"184\">\n<p style=\"margin-left: 0.1cm; text-indent: 0cm; widows: 0; orphans: 0;\" align=\"left\"><strong>D\u00e9finitions :<\/strong><\/p>\n<\/td>\n<td style=\"border: 1px solid #000001; padding: 0.1cm 0.1cm 0.1cm 0.05cm;\" bgcolor=\"#ffffff\" width=\"460\">\n<p style=\"margin-left: 0.1cm; text-indent: 0cm; widows: 0; orphans: 0;\" align=\"justify\"><span style=\"color: #00000a;\"><strong>Lecteurs inscrits pour une ann\u00e9e universitaire:<\/strong><\/span><span style=\"color: #00000a;\"> Au moment o\u00f9 la scolarit\u00e9 arr\u00eate les inscriptions (au 31 juin 2014 pour notre exemple) nombre de lecteurs dont la date de fin d&rsquo;inscription dans horizon est sup\u00e9rieure au 31\/07 de l&rsquo;ann\u00e9e analys\u00e9e (ex : &gt;= 31\/07\/2014 pour 2013-2014)<\/span><\/p>\n<p style=\"margin-left: 0.1cm; text-indent: 0cm; widows: 0; orphans: 0;\" align=\"justify\"><span style=\"color: #00000a;\"><strong>Lecteurs actifs : <\/strong><\/span><span style=\"color: #00000a;\"><span style=\"font-weight: normal;\">Nombre de lecteurs inscrits ayant effectu\u00e9 au moins un emprunt dans une des biblioth\u00e8ques du r\u00e9seau durant l&rsquo;ann\u00e9e universitaire (ex : entre le 01\/08\/2012 au 31\/07\/2013)<\/span><\/span><\/p>\n<\/td>\n<\/tr>\n<tr valign=\"top\">\n<td style=\"border-top: none; border-bottom: 1px solid #000001; border-left: 1px solid #000001; border-right: none; padding: 0cm 0cm 0.1cm 0.05cm;\" bgcolor=\"#ffffff\" width=\"184\">\n<p style=\"margin-left: 0.1cm; text-indent: 0cm; widows: 0; orphans: 0;\" align=\"left\"><strong>Niveau :<\/strong><\/p>\n<\/td>\n<td style=\"border-top: none; border-bottom: 1px solid #000001; border-left: 1px solid #000001; border-right: 1px solid #000001; padding: 0cm 0.1cm 0.1cm 0.05cm;\" bgcolor=\"#ffffff\" width=\"460\">\n<p style=\"margin-left: 0.1cm; text-indent: 0cm; widows: 0; orphans: 0;\" align=\"justify\">\u00c9tablissement d&rsquo;inscription (D\u00e9duit de la division)<\/p>\n<p style=\"margin-left: 0.1cm; text-indent: 0cm; widows: 0; orphans: 0;\" align=\"justify\">Plate-forme d&rsquo;inscription (D\u00e9duit de la division)<\/p>\n<p style=\"margin-left: 0.1cm; text-indent: 0cm; widows: 0; orphans: 0;\" align=\"justify\">Biblioth\u00e8que d&rsquo;inscription (Division Horizon)<\/p>\n<\/td>\n<\/tr>\n<tr valign=\"top\">\n<td style=\"border-top: none; border-bottom: 1px solid #000001; border-left: 1px solid #000001; border-right: none; padding: 0cm 0cm 0.1cm 0.05cm;\" bgcolor=\"#ffffff\" width=\"184\">\n<p style=\"margin-left: 0.1cm; text-indent: 0cm; widows: 0; orphans: 0;\" align=\"left\"><strong>P\u00e9riode d&rsquo;observation :<\/strong><\/p>\n<\/td>\n<td style=\"border-top: none; border-bottom: 1px solid #000001; border-left: 1px solid #000001; border-right: 1px solid #000001; padding: 0cm 0.1cm 0.1cm 0.05cm;\" bgcolor=\"#ffffff\" width=\"460\">\n<p style=\"margin-left: 0.1cm; text-indent: 0cm; widows: 0; orphans: 0;\" align=\"justify\">Ann\u00e9e universitaire (du 01 ao\u00fbt Au 31 juillet.)<\/p>\n<\/td>\n<\/tr>\n<tr valign=\"top\">\n<td style=\"border-top: none; border-bottom: 1px solid #000001; border-left: 1px solid #000001; border-right: none; padding: 0cm 0cm 0.1cm 0.05cm;\" bgcolor=\"#ffffff\" width=\"184\">\n<p style=\"margin-left: 0.2cm; text-indent: 0cm; widows: 0; orphans: 0;\" align=\"left\"><strong>Agr\u00e9gations des r\u00e9sultats :<\/strong><\/p>\n<\/td>\n<td style=\"border-top: none; border-bottom: 1px solid #000001; border-left: 1px solid #000001; border-right: 1px solid #000001; padding: 0cm 0.1cm 0.1cm 0.05cm;\" bgcolor=\"#ffffff\" width=\"460\">\n<p style=\"text-indent: 0cm; widows: 0; orphans: 0;\" align=\"justify\">Les donn\u00e9es peuvent \u00eatre cumul\u00e9es par \u00e9tablissement et plateforme en utilisant un tableau crois\u00e9 dynamique.<\/p>\n<\/td>\n<\/tr>\n<tr valign=\"top\">\n<td style=\"border-top: none; border-bottom: 1px solid #000001; border-left: 1px solid #000001; border-right: none; padding: 0cm 0cm 0.1cm 0.05cm;\" bgcolor=\"#ffffff\" width=\"184\">\n<p style=\"margin-left: 0.1cm; text-indent: 0cm; widows: 0; orphans: 0;\" align=\"left\"><strong>Observations<\/strong><\/p>\n<\/td>\n<td style=\"border-top: none; border-bottom: 1px solid #000001; border-left: 1px solid #000001; border-right: 1px solid #000001; padding: 0cm 0.1cm 0.1cm 0.05cm;\" bgcolor=\"#ffffff\" width=\"460\">\n<p style=\"margin-left: 0.1cm; text-indent: 0cm; widows: 0; orphans: 0;\" align=\"justify\"><strong>Cas des lecteurs autoris\u00e9s :<\/strong> Les lecteurs autoris\u00e9s \u00e9tant inscrits de date \u00e0 date il est difficile de d\u00e9terminer dans quel exercice les comptabiliser. Cette requ\u00eate compte les lecteurs ext\u00e9rieurs inscrits entre le 31\/07\/aaaa -1 et le 31\/07\/aaaa<\/p>\n<\/td>\n<\/tr>\n<tr valign=\"top\">\n<td style=\"border-top: none; border-bottom: 1px solid #000001; border-left: 1px solid #000001; border-right: none; padding: 0cm 0cm 0.1cm 0.05cm;\" bgcolor=\"#ffffff\" width=\"184\">\n<p style=\"margin-left: 0.1cm; text-indent: 0cm; widows: 0; orphans: 0;\" align=\"left\"><strong>Forme des r\u00e9sultats :<\/strong><\/p>\n<\/td>\n<td style=\"border-top: none; border-bottom: 1px solid #000001; border-left: 1px solid #000001; border-right: 1px solid #000001; padding: 0cm 0.1cm 0.1cm 0.05cm;\" bgcolor=\"#ffffff\" width=\"460\">\n<p style=\"margin-left: 0.1cm; text-indent: 0cm; widows: 0; orphans: 0;\" align=\"justify\">Fichier <span style=\"color: #0000ff;\"><span style=\"font-family: monospace;\"><span style=\"font-size: x-small;\"><span lang=\"fr-FR\">Rapp_ESGBU_Lecteurs_Inscrits_AAAA.xlsx<\/span><\/span><\/span><\/span><\/p>\n<p style=\"margin-left: 0.1cm; text-indent: 0cm; widows: 0; orphans: 0;\" align=\"justify\"><span style=\"text-decoration: underline;\">Onglet \u00ab Lecteurs_Par_Bib_inscription \u00bb<\/span> : Pour chaque biblioth\u00e8que, nombre cumul\u00e9 des lecteurs inscrits et nombre cumul\u00e9 de lecteurs actifs.<\/p>\n<p style=\"margin-left: 0.1cm; text-indent: 0cm; widows: 0; orphans: 0;\" align=\"justify\"><span style=\"text-decoration: underline;\">Onglet \u00ab Lecteurs_Par_Btype \u00bb :<\/span> Pour chaque biblioth\u00e8que, nombre cumul\u00e9 des lecteurs inscrits et nombre cumul\u00e9 de lecteurs actifs ventil\u00e9s par type de lecteur.<\/p>\n<p style=\"margin-left: 0.1cm; text-indent: 0cm; widows: 0; orphans: 0;\" align=\"justify\"><span style=\"text-decoration: underline;\">Onglet \u00ab Lecteurs_Par_Bstat \u00bb<\/span> : Pour chaque biblioth\u00e8que, nombre cumul\u00e9 des lecteurs inscrits et nombre cumul\u00e9 de lecteurs actifs ventil\u00e9s par code statistique lecteur.<\/p>\n<p style=\"margin-left: 0.1cm; text-indent: 0cm; widows: 0; orphans: 0;\" align=\"justify\"><span style=\"text-decoration: underline;\">Onglet \u00ab Lecteurs_Par_Btype_Bstat \u00bb <\/span>: Pour chaque biblioth\u00e8que, nombre cumul\u00e9 des lecteurs inscrits et nombre cumul\u00e9 de lecteurs actifs ventil\u00e9s par type de lecteur et code statistique.<\/p>\n<p style=\"margin-left: 0.1cm; text-indent: 0cm; widows: 0; orphans: 0;\" align=\"justify\"><span style=\"text-decoration: underline;\">Onglet \u00ab Lecteurs_Par_Niveau \u00bb <\/span>: Pour chaque biblioth\u00e8que, nombre cumul\u00e9 des lecteurs inscrits et nombre cumul\u00e9 de lecteurs actifs ventil\u00e9s par type de lecteur et niveau d&rsquo;\u00e9tude.<\/p>\n<\/td>\n<\/tr>\n<\/tbody>\n<\/table>\n<\/dd>\n<\/dl>\n<\/div>\n<p><span style=\"border-radius: 2px; text-indent: 20px; width: auto; padding: 0px 4px 0px 0px; text-align: center; font: bold 11px\/20px 'Helvetica Neue',Helvetica,sans-serif; color: #ffffff; background: #bd081c  no-repeat scroll 3px 50% \/ 14px 14px; position: absolute; opacity: 1; z-index: 8675309; display: none; cursor: pointer;\">Enregistrer<\/span><\/p>\n","protected":false},"excerpt":{"rendered":"<p>Table des mati\u00e8res[ Show ]Donn\u00e9es statistiquesVue globaleVentilation par type de publicD\u00e9tail par type d&rsquo;usagerM\u00e9thodologie de r\u00e9colte des donn\u00e9es Donn\u00e9es statistiques Vue globale Ventilation par type de public D\u00e9tail par type d&rsquo;usager T\u00e9l\u00e9charger les donn\u00e9es M\u00e9thodologie de r\u00e9colte des donn\u00e9es D\u00e9finitions&#8230;<\/p>\n","protected":false},"author":2,"featured_media":0,"parent":19006,"menu_order":0,"comment_status":"closed","ping_status":"closed","template":"","meta":[],"post_mailing_queue_ids":[],"_links":{"self":[{"href":"http:\/\/rebub.u-bordeaux.fr\/index.php\/wp-json\/wp\/v2\/pages\/19024"}],"collection":[{"href":"http:\/\/rebub.u-bordeaux.fr\/index.php\/wp-json\/wp\/v2\/pages"}],"about":[{"href":"http:\/\/rebub.u-bordeaux.fr\/index.php\/wp-json\/wp\/v2\/types\/page"}],"author":[{"embeddable":true,"href":"http:\/\/rebub.u-bordeaux.fr\/index.php\/wp-json\/wp\/v2\/users\/2"}],"replies":[{"embeddable":true,"href":"http:\/\/rebub.u-bordeaux.fr\/index.php\/wp-json\/wp\/v2\/comments?post=19024"}],"version-history":[{"count":2,"href":"http:\/\/rebub.u-bordeaux.fr\/index.php\/wp-json\/wp\/v2\/pages\/19024\/revisions"}],"predecessor-version":[{"id":19719,"href":"http:\/\/rebub.u-bordeaux.fr\/index.php\/wp-json\/wp\/v2\/pages\/19024\/revisions\/19719"}],"up":[{"embeddable":true,"href":"http:\/\/rebub.u-bordeaux.fr\/index.php\/wp-json\/wp\/v2\/pages\/19006"}],"wp:attachment":[{"href":"http:\/\/rebub.u-bordeaux.fr\/index.php\/wp-json\/wp\/v2\/media?parent=19024"}],"curies":[{"name":"wp","href":"https:\/\/api.w.org\/{rel}","templated":true}]}}