	{"id":19094,"date":"2024-03-22T09:40:15","date_gmt":"2024-03-22T08:40:15","guid":{"rendered":"https:\/\/rebub.u-bordeaux.fr\/?page_id=19094"},"modified":"2025-07-11T14:24:23","modified_gmt":"2025-07-11T12:24:23","slug":"utiliser-les-regex-dans-lanalytique","status":"publish","type":"page","link":"http:\/\/rebub.u-bordeaux.fr\/index.php\/statistiques\/analytics\/utiliser-les-regex-dans-lanalytique\/","title":{"rendered":"Utiliser les Regex dans l\u2019analytique"},"content":{"rendered":"<div id='wpig-floatingbar' class='wpig-floatingbar'><div id='wpig-switch-wrapper' class='wpig-switch-wrapper'><span id='wpig-floating-switch' class='wpig-floating-switch'><img src='http:\/\/rebub.u-bordeaux.fr\/wp-content\/plugins\/sticky-toc-advance-table-of-contents\/\\assets\\menu.png'><\/span><\/div><\/div><p><\/p>\n<div class=\"level1\">\n<p>Doc Ex Libris : <a class=\"urlextern\" title=\"https:\/\/knowledge.exlibrisgroup.com\/@api\/deki\/files\/60300\/Analytics_-_How_to_use_regular_expressions_to_retrieve_analytics_fields_by_alpha_and_numeric_characters_and_combinations.docx\" href=\"https:\/\/knowledge.exlibrisgroup.com\/@api\/deki\/files\/60300\/Analytics_-_How_to_use_regular_expressions_to_retrieve_analytics_fields_by_alpha_and_numeric_characters_and_combinations.docx\" target=\"_blank\" rel=\"nofollow noopener noreferrer\">T\u00e9l\u00e9charger<\/a><\/p>\n<p>Doc Oracle : <a class=\"urlextern\" title=\"https:\/\/docs.oracle.com\/cd\/B19306_01\/server.102\/b14200\/functions129.htm\" href=\"https:\/\/docs.oracle.com\/cd\/B19306_01\/server.102\/b14200\/functions129.htm\" target=\"_blank\" rel=\"nofollow noopener noreferrer\">Doc oracle<\/a><\/p>\n<p>Doc compl\u00e9mentaire de Li\u00e8ge : <a class=\"urlextern\" title=\"https:\/\/lib.uliege.be\/alma\/afficher-un-seul-isbn-13-par-colonne\/\" href=\"https:\/\/lib.uliege.be\/alma\/afficher-un-seul-isbn-13-par-colonne\/\" target=\"_blank\" rel=\"nofollow noopener noreferrer\">Lien Li\u00e8ge<\/a><\/p>\n<p>Doc de formation de Montpellier : <a href=\"http:\/\/rebub.u-bordeaux.fr\/wp-content\/uploads\/2021\/05\/33mon_analytics_2019_analytics.pdf\" target=\"_blank\" rel=\"noopener noreferrer\">T\u00e9l\u00e9charger<\/a><\/p>\n<\/div>\n\n\n\n<div class=\"is-layout-flex wp-container-6 wp-block-columns bord-bloc-reutilisable has-background\" style=\"background-color:#d9edf7\">\n<div class=\"is-layout-flow wp-block-column is-vertically-aligned-center\" style=\"font-size:15px;flex-basis:20%\">\n<p style=\"font-size:15px\"><strong>Date de publication<\/strong> <\/p>\n\n\n<div style=\"font-size:15px;\" class=\"wp-block-post-date\"><time datetime=\"2024-03-22T09:40:15+01:00\">22 mars 2024<\/time><\/div><\/div>\n\n\n\n<div class=\"is-layout-flow wp-block-column is-vertically-aligned-center\" style=\"font-size:15px;flex-basis:20%\">\n<p><strong>Mis \u00e0 jour le <\/strong><\/p>\n\n\n<div style=\"font-size:15px;\" class=\"wp-block-post-date\"><time datetime=\"2025-07-11T14:24:23+02:00\">11 juillet 2025<\/time><\/div><\/div>\n\n\n\n<div class=\"is-layout-flow wp-block-column is-vertically-aligned-center\" style=\"font-size:15px;flex-basis:40%\">\n<p><\/p>\n\n\n\n<p><strong>Attention ! <\/strong>Certains \u00e9tablissements utilisent parfois de proc\u00e9dures compl\u00e9mentaires <\/p>\n<\/div>\n\n\n\n<div class=\"is-layout-flow wp-block-column is-vertically-aligned-center\" style=\"font-size:15px;flex-basis:25%\">\n<div class=\"is-horizontal is-content-justification-center is-layout-flex wp-container-4 wp-block-buttons alignfull has-custom-font-size\" style=\"font-size:16px\">\n<div class=\"wp-block-button has-custom-width wp-block-button__width-75 has-custom-font-size is-style-fill\" style=\"font-size:15px\"><a class=\"wp-block-button__link has-white-color has-text-color has-background wp-element-button\" href=\"mailto:scoop@u-bordeaux.fr\" style=\"border-radius:65px;background-color:#000000db\"><strong>Signaler une erreur<\/strong><\/a><\/div>\n<\/div>\n<\/div>\n<\/div>\n","protected":false},"excerpt":{"rendered":"<p>Doc Ex Libris : T\u00e9l\u00e9charger Doc Oracle : Doc oracle Doc compl\u00e9mentaire de Li\u00e8ge : Lien Li\u00e8ge Doc de formation de Montpellier : T\u00e9l\u00e9charger<\/p>\n","protected":false},"author":46,"featured_media":0,"parent":18410,"menu_order":12,"comment_status":"closed","ping_status":"closed","template":"","meta":[],"post_mailing_queue_ids":[],"_links":{"self":[{"href":"http:\/\/rebub.u-bordeaux.fr\/index.php\/wp-json\/wp\/v2\/pages\/19094"}],"collection":[{"href":"http:\/\/rebub.u-bordeaux.fr\/index.php\/wp-json\/wp\/v2\/pages"}],"about":[{"href":"http:\/\/rebub.u-bordeaux.fr\/index.php\/wp-json\/wp\/v2\/types\/page"}],"author":[{"embeddable":true,"href":"http:\/\/rebub.u-bordeaux.fr\/index.php\/wp-json\/wp\/v2\/users\/46"}],"replies":[{"embeddable":true,"href":"http:\/\/rebub.u-bordeaux.fr\/index.php\/wp-json\/wp\/v2\/comments?post=19094"}],"version-history":[{"count":3,"href":"http:\/\/rebub.u-bordeaux.fr\/index.php\/wp-json\/wp\/v2\/pages\/19094\/revisions"}],"predecessor-version":[{"id":21173,"href":"http:\/\/rebub.u-bordeaux.fr\/index.php\/wp-json\/wp\/v2\/pages\/19094\/revisions\/21173"}],"up":[{"embeddable":true,"href":"http:\/\/rebub.u-bordeaux.fr\/index.php\/wp-json\/wp\/v2\/pages\/18410"}],"wp:attachment":[{"href":"http:\/\/rebub.u-bordeaux.fr\/index.php\/wp-json\/wp\/v2\/media?parent=19094"}],"curies":[{"name":"wp","href":"https:\/\/api.w.org\/{rel}","templated":true}]}}