	{"id":19095,"date":"2024-03-22T09:40:22","date_gmt":"2024-03-22T08:40:22","guid":{"rendered":"https:\/\/rebub.u-bordeaux.fr\/?page_id=19095"},"modified":"2025-07-11T14:24:41","modified_gmt":"2025-07-11T12:24:41","slug":"gestion-des-liens-entre-rapports","status":"publish","type":"page","link":"http:\/\/rebub.u-bordeaux.fr\/index.php\/statistiques\/analytics\/gestion-des-liens-entre-rapports\/","title":{"rendered":"Gestion des liens entre rapports"},"content":{"rendered":"<div id='wpig-floatingbar' class='wpig-floatingbar'><div id='wpig-switch-wrapper' class='wpig-switch-wrapper'><span id='wpig-floating-switch' class='wpig-floating-switch'><img src='http:\/\/rebub.u-bordeaux.fr\/wp-content\/plugins\/sticky-toc-advance-table-of-contents\/\\assets\\menu.png'><\/span><\/div><div id='wpig-contents' class='wpig-contents  wpig-sidebar-widget wpig-style-3'><span class='wpig-headline'>Table des mati\u00e8res<span><a data-action='show' class='wpig-btn-toggledisplay'>[ Show ]<\/a><\/span><\/span><!-- Table of Contents --><div id='wpig-table-of-content' class='wpig-table-of-content'><ol><li class='creer_un_lien_d_un_rapport_vers_un_autre'><a href='#creer_un_lien_d_un_rapport_vers_un_autre'>Cr\u00e9er un lien d&rsquo;un rapport vers un autre<\/a><\/li><li class='creer_un_lien_vers_un_rapport_en_envoyant_des_parametres_dans_l_url'><a href='#creer_un_lien_vers_un_rapport_en_envoyant_des_parametres_dans_l_url'>Cr\u00e9er un lien vers un rapport en envoyant des param\u00e8tres dans l&rsquo;url<\/a><ol><li class='op\u00e9rateurs-de-recherche'><a href='#op\u00e9rateurs-de-recherche'>Op\u00e9rateurs de recherche<\/a><\/li><\/ol><\/li><\/div><!-- END OF Table of Contents --><\/div><\/div><p><div id='wpig-contents' class='wpig-contents  wpig-sidebar-widget wpig-style-1'><span class='wpig-headline'>Table des mati\u00e8res<span><a data-action='show' class='wpig-btn-toggledisplay'>[ Show ]<\/a><\/span><\/span><!-- Table of Contents --><div id='wpig-table-of-content' class='wpig-table-of-content' ><ol><li class='creer_un_lien_d_un_rapport_vers_un_autre'><a href='#creer_un_lien_d_un_rapport_vers_un_autre'>Cr\u00e9er un lien d&rsquo;un rapport vers un autre<\/a><\/li><li class='creer_un_lien_vers_un_rapport_en_envoyant_des_parametres_dans_l_url'><a href='#creer_un_lien_vers_un_rapport_en_envoyant_des_parametres_dans_l_url'>Cr\u00e9er un lien vers un rapport en envoyant des param\u00e8tres dans l&rsquo;url<\/a><ol><li class='op\u00e9rateurs-de-recherche'><a href='#op\u00e9rateurs-de-recherche'>Op\u00e9rateurs de recherche<\/a><\/li><\/ol><\/li><\/div><!-- END OF Table of Contents --><\/div><\/p>\n<div class=\"level1\">\n<p>Documentation Oracle : <a class=\"urlextern\" title=\"https:\/\/docs.oracle.com\/cd\/E14571_01\/bi.1111\/e16364\/apiwebintegrate.htm#BIEIT365\" href=\"https:\/\/docs.oracle.com\/cd\/E14571_01\/bi.1111\/e16364\/apiwebintegrate.htm#BIEIT365\" target=\"_blank\" rel=\"nofollow noopener noreferrer\">https:\/\/docs.oracle.com\/cd\/E14571_01\/bi.1111\/e16364\/apiwebintegrate.htm#BIEIT365<\/a><\/p>\n<p>Documentation Oracle : <a class=\"urlextern\" title=\"https:\/\/docs.oracle.com\/middleware\/1221\/biee\/BIEIT\/apiwebintegrate.htm#BIEIT355\" href=\"https:\/\/docs.oracle.com\/middleware\/1221\/biee\/BIEIT\/apiwebintegrate.htm#BIEIT355\" target=\"_blank\" rel=\"nofollow noopener noreferrer\">https:\/\/docs.oracle.com\/middleware\/1221\/biee\/BIEIT\/apiwebintegrate.htm#BIEIT355<\/a><\/p>\n<\/div>\n\n\n\n<h2 id=\"creer_un_lien_d_un_rapport_vers_un_autre\" id=\"creer_un_lien_d_un_rapport_vers_un_autre\" class=\"wpig-heading\">Cr\u00e9er un lien d&rsquo;un rapport vers un autre<\/h2>\n\n\n\n<p>Il est possible de cr\u00e9er un lien depuis une vue d&rsquo;un rapport analytique vers une autre vue. Pour le moment, cette action n&rsquo;a \u00e9t\u00e9 test\u00e9e que depuis une vue de type table.<\/p>\n\n\n\n<div class=\"is-layout-flex wp-container-3 wp-block-columns bord-bloc-reutilisable has-background\" style=\"background-color:#ffeec2\">\n<div class=\"is-layout-flow wp-block-column is-vertically-aligned-center\" style=\"flex-basis:7%\">\n<figure class=\"wp-block-image alignfull size-full is-style-default\"><img decoding=\"async\" loading=\"lazy\" width=\"512\" height=\"512\" src=\"https:\/\/rebub.u-bordeaux.fr\/wp-content\/uploads\/2024\/04\/nouvelles-idees-en-cours.png\" alt=\"\" class=\"wp-image-19897\" srcset=\"https:\/\/rebub.u-bordeaux.fr\/wp-content\/uploads\/2024\/04\/nouvelles-idees-en-cours.png 512w, https:\/\/rebub.u-bordeaux.fr\/wp-content\/uploads\/2024\/04\/nouvelles-idees-en-cours-300x300.png 300w, https:\/\/rebub.u-bordeaux.fr\/wp-content\/uploads\/2024\/04\/nouvelles-idees-en-cours-150x150.png 150w\" sizes=\"(max-width: 512px) 100vw, 512px\" \/><\/figure>\n<\/div>\n\n\n\n<div class=\"is-layout-flow wp-block-column is-vertically-aligned-center\" style=\"flex-basis:85%\">\n<p><strong>Exemple<\/strong> : le rapport &lsquo;liste_titres&rsquo; dans le r\u00e9pertoire partag\u00e9 du SCOOP de l&rsquo;institution Network est construit avec des exemples de ce type. Ici, on s&rsquo;int\u00e9resse au lien entre l&rsquo;en-t\u00eate de la colonne biblioth\u00e8que et le rapport &lsquo;liste_bib_localisation&rsquo;<\/p>\n<\/div>\n<\/div>\n\n\n\n<p>Dans l&rsquo;onglet &lsquo;Crit\u00e8res&rsquo;, s\u00e9lectionner &lsquo;Propri\u00e9t\u00e9s de colonne&rsquo; dans le bouton d&rsquo;action de la colonne qui doit porter le lien. Aller dans l&rsquo;onglet &lsquo;Interaction&rsquo;.<\/p>\n\n\n\n<p>On peut choisir de faire porter le lien sur l&rsquo;en-t\u00eate de colonne ou sur la liste des valeurs. Pour le moment, on va choisir l&rsquo;en-t\u00eate de colonne pour faire un lien g\u00e9n\u00e9ral. S\u00e9lectionner dans la liste d\u00e9roulante la valeur &lsquo;Liens d&rsquo;action&rsquo;. Un tableau listant les actions possibles s&rsquo;ouvre. Il est possible d&rsquo;\u00e9diter ceux qui existent ou d&rsquo;en ajouter de nouveaux. En cliquant sur le + on acc\u00e8de \u00e0 une fen\u00eatre de cr\u00e9ation de lien :<\/p>\n\n\n\n<ul>\n<li>texte de lien : le texte qui apparaitra dans le rapport pour caract\u00e9riser le lien<\/li>\n\n\n\n<li>Action : cliquer sur le bouton d&rsquo;ajout et s\u00e9lectionner dans la liste &lsquo;Acc\u00e9der au contenu BI&rsquo; ; il vous faut alors seulement choisir le rapport qui vous int\u00e9resse<\/li>\n\n\n\n<li>Afficher le lien : on peut choisir de n&rsquo;afficher le lien que dans certains cas mais ne semble pas fonctionner au niveau des en-t\u00eates (permet d&rsquo;appliquer un filtre pour l&rsquo;affichage du lien dans les valeurs)<\/li>\n\n\n\n<li>coche &lsquo;Ne pas afficher dans une liste instantan\u00e9e\u2026&rsquo; : permet de faire un lien direct quand il n&rsquo;y a qu&rsquo;une action list\u00e9e ; sinon, cliquer sur la colonne propose une liste d&rsquo;action.<\/li>\n<\/ul>\n\n\n\n<h2 id=\"creer_un_lien_vers_un_rapport_en_envoyant_des_parametres_dans_l_url\" id=\"creer_un_lien_vers_un_rapport_en_envoyant_des_parametres_dans_l_url\" class=\"wpig-heading\">Cr\u00e9er un lien vers un rapport en envoyant des param\u00e8tres dans l&rsquo;url<\/h2>\n\n\n\n<div class=\"is-layout-flex wp-container-6 wp-block-columns bord-bloc-reutilisable has-background\" style=\"background-color:#ffeec2\">\n<div class=\"is-layout-flow wp-block-column is-vertically-aligned-center\" style=\"flex-basis:7%\">\n<figure class=\"wp-block-image alignfull size-full is-style-default\"><img decoding=\"async\" loading=\"lazy\" width=\"512\" height=\"512\" src=\"https:\/\/rebub.u-bordeaux.fr\/wp-content\/uploads\/2024\/04\/nouvelles-idees-en-cours.png\" alt=\"\" class=\"wp-image-19897\" srcset=\"https:\/\/rebub.u-bordeaux.fr\/wp-content\/uploads\/2024\/04\/nouvelles-idees-en-cours.png 512w, https:\/\/rebub.u-bordeaux.fr\/wp-content\/uploads\/2024\/04\/nouvelles-idees-en-cours-300x300.png 300w, https:\/\/rebub.u-bordeaux.fr\/wp-content\/uploads\/2024\/04\/nouvelles-idees-en-cours-150x150.png 150w\" sizes=\"(max-width: 512px) 100vw, 512px\" \/><\/figure>\n<\/div>\n\n\n\n<div class=\"is-layout-flow wp-block-column is-vertically-aligned-center\" style=\"flex-basis:85%\">\n<p><strong>Exemple<\/strong> : le rapport &lsquo;liste_titres&rsquo; dans le r\u00e9pertoire partag\u00e9 du SCOOP de l&rsquo;institution Network est construit avec des exemples de ce type. Ici, on s&rsquo;int\u00e9resse au lien entre lmes valeurs de la colonne titre et le rapport &lsquo;details_titres&rsquo;<\/p>\n<\/div>\n<\/div>\n\n\n\n<p>Avant de pouvoir construire le lien profond, il faut que le rapport vers lequel on veut pointer dispose d&rsquo;un filtre en entr\u00e9e. Ici le filtre porte sur la colonne &lsquo;Title&rsquo; : c&rsquo;est un filtre simple du type &lsquo;Est demand\u00e9&rsquo;.<\/p>\n\n\n\n<p>L&rsquo;url pour acc\u00e9der \u00e0 1 rapport est construite de la fa\u00e7on suivante : <code><a href=\"https:\/\/analytics-eu.alma.exlibrisgroup.com\/analytics\/saw.dll?Go&amp;Options=mfdr&amp;path=\">https:\/\/analytics-eu.alma.exlibrisgroup.com\/analytics\/saw.dll?Go&amp;Options=mfdr&amp;path=<\/a><\/code><strong>&lt;chemin d&rsquo;acc\u00e8s du rapport&gt;<\/strong><code>&amp;Action=Navigate&amp;P0=<\/code><strong>&lt;n\u00b0ordre&gt;<\/strong><code>&amp;P1=<\/code><strong>&lt;operateur de recherche&gt;<\/strong><code>&amp;P2=<\/code><strong>&lt;d\u00e9tail de la colonne dont on envoi les donn\u00e9es&gt;<\/strong><code>&amp;P3=<\/code><strong>&lt;valeur&gt;<\/strong><\/p>\n\n\n\n<ul>\n<li>chemin d&rsquo;acc\u00e8s du rapport : on le trouve dans les propri\u00e9t\u00e9s du rapport (via le bouton &lsquo;plus&rsquo; dans le catalogue par exemple)<\/li>\n\n\n\n<li>n\u00b0 d&rsquo;ordre : c&rsquo;est simplement le num\u00e9ro d&rsquo;ordre des diff\u00e9rents filtres s&rsquo;il y en a plusieurs (la s\u00e9rie commence \u00e0 1 &#8211; la documentation indique 6 comme maximum)<\/li>\n\n\n\n<li>op\u00e9rateur de recherche (voir liste ci-dessous)<\/li>\n\n\n\n<li>d\u00e9tail de la colonne dont on envoie les donn\u00e9es : il faut recopier ici la formule de la colonne sur laquelle on filtre<\/li>\n\n\n\n<li>valeur : soit la valeur simple soit une liste de valeurs s\u00e9par\u00e9es par +<\/li>\n<\/ul>\n\n\n\n<h4 id=\"op\u00e9rateurs-de-recherche\" id=\"op\u00e9rateurs-de-recherche\" class=\"wpig-heading\">Op\u00e9rateurs de recherche<\/h4>\n\n\n\n<ul>\n<li><strong>eq<\/strong> Equal to or in.<\/li>\n\n\n\n<li><strong>neq<\/strong> Not equal to or not in.<\/li>\n\n\n\n<li><strong>lt<\/strong> Less than.<\/li>\n\n\n\n<li><strong>gt<\/strong> Greater than.<\/li>\n\n\n\n<li><strong>ge<\/strong> Greater than or equal to.<\/li>\n\n\n\n<li><strong>le<\/strong> Less than or equal to.<\/li>\n\n\n\n<li><strong>bwith<\/strong> Begins with.<\/li>\n\n\n\n<li><strong>ewith<\/strong> Ends with.<\/li>\n\n\n\n<li><strong>cany<\/strong> Contains any (of the values in &amp;P3).<\/li>\n\n\n\n<li><strong>call<\/strong> Contains all (of the values in &amp;P3).<\/li>\n\n\n\n<li><strong>like<\/strong> You need to type %25 in place of the usual % wildcard. See the examples that follow.<\/li>\n\n\n\n<li><strong>top<\/strong> &amp;P3 contains 1+n, where n is the number of top items to display.<\/li>\n\n\n\n<li><strong>bottom<\/strong> &amp;P3 contains 1+n, where n is the number of bottom items to display.<\/li>\n\n\n\n<li><strong>bet Between<\/strong> (&amp;P3 must have two values).<\/li>\n\n\n\n<li><strong>null<\/strong> Is null (&amp;P3 must be 0 or omitted).<\/li>\n\n\n\n<li><strong>nnul<\/strong> Is not null (&amp;P3 must be 0 or omitted).<\/li>\n<\/ul>\n\n\n\n<div class=\"is-layout-flex wp-container-9 wp-block-columns bord-bloc-reutilisable has-background\" style=\"background-color:#ffeec2\">\n<div class=\"is-layout-flow wp-block-column is-vertically-aligned-center\" style=\"flex-basis:7%\">\n<figure class=\"wp-block-image alignfull size-full is-style-default\"><img decoding=\"async\" loading=\"lazy\" width=\"512\" height=\"512\" src=\"https:\/\/rebub.u-bordeaux.fr\/wp-content\/uploads\/2024\/04\/nouvelles-idees-en-cours.png\" alt=\"\" class=\"wp-image-19897\" srcset=\"https:\/\/rebub.u-bordeaux.fr\/wp-content\/uploads\/2024\/04\/nouvelles-idees-en-cours.png 512w, https:\/\/rebub.u-bordeaux.fr\/wp-content\/uploads\/2024\/04\/nouvelles-idees-en-cours-300x300.png 300w, https:\/\/rebub.u-bordeaux.fr\/wp-content\/uploads\/2024\/04\/nouvelles-idees-en-cours-150x150.png 150w\" sizes=\"(max-width: 512px) 100vw, 512px\" \/><\/figure>\n<\/div>\n\n\n\n<div class=\"is-layout-flow wp-block-column is-vertically-aligned-center\" style=\"flex-basis:85%\">\n<p>Dans notre exemple, cela donne <a rel=\"noreferrer noopener\" href=\"https:\/\/analytics-eu.alma.exlibrisgroup.com\/analytics\/saw.dll?Go&amp;Options=mfdr&amp;path=%2Fshared%2FCommunity%2FReports%2FInstitutions%2F33PUDB%2FDossier_Scoop%2FExemples+(wiki)%2Fdetails_titres&amp;Action=Navigate&amp;P0=1&amp;P1=eq&amp;P2=%22Bibliographic%20Details%22.%22Title%22&amp;P3=Ch%C3%A2timents\" target=\"_blank\">https:\/\/analytics-eu.alma.exlibrisgroup.com\/analytics\/saw.dll?Go&amp;Options=mfdr&amp;path=%2Fshared%2FCommunity%2FReports%2FInstitutions%2F33PUDB%2FDossier_Scoop%2FExemples+(wiki)%2Fdetails_titres&amp;Action=Navigate&amp;P0=1&amp;P1=eq&amp;P2=%22Bibliographic%20Details%22.%22Title%22&amp;P3=Ch%C3%A2timents<\/a> <\/p>\n\n\n\n<p><strong>Remarque<\/strong> : il peut \u00eatre n\u00e9cessaire d&rsquo;\u00e9chapper les caract\u00e8res de type \/ ou parenth\u00e8se dans le chemin d&rsquo;acc\u00e8s<\/p>\n<\/div>\n<\/div>\n\n\n\n<p>C&rsquo;est ce lien que l&rsquo;on utilise alors dans le rapport parent. Comme dans la section pr\u00e9c\u00e9dente, dans l&rsquo;onglet &lsquo;Crit\u00e8res&rsquo;, s\u00e9lectionner &lsquo;Propri\u00e9t\u00e9s de colonne&rsquo; dans le bouton d&rsquo;action de la colonne qui doit porter le lien. Aller dans l&rsquo;onglet &lsquo;Interaction&rsquo;.<\/p>\n\n\n\n<p>On peut choisir de faire porter le lien sur l&rsquo;en-t\u00eate de colonne ou sur la liste des valeurs. cette fois, on va choisir les valeurs pour faire des liens sp\u00e9cifiques (ici sur le titre). S\u00e9lectionner dans la liste d\u00e9roulante la valeur &lsquo;Liens d&rsquo;action&rsquo;. Un tableau listant les actions possibles s&rsquo;ouvre. Il est possible d&rsquo;\u00e9diter ceux qui existent ou d&rsquo;en ajouter de nouveaux. En cliquant sur le + on acc\u00e8de \u00e0 une fen\u00eatre de cr\u00e9ation de lien :<\/p>\n\n\n\n<ul>\n<li>texte de lien : le texte qui appara\u00eetra dans le rapport pour caract\u00e9riser le lien<\/li>\n\n\n\n<li>Action : cliquer sur le bouton d&rsquo;ajout et s\u00e9lectionner dans la liste &lsquo;Acc\u00e9der \u00e0 une page web&rsquo; une nouvelle fen\u00eatre s&rsquo;ouvre &#8211; copier l&rsquo;url \u00e0 param\u00e8tre dans le champ URL plus cliquer sur &lsquo;D\u00e9finir des param\u00e8tres&rsquo; \u21d2 un tableau avec la liste des param\u00e8tres a \u00e9t\u00e9 cr\u00e9\u00e9, il est alors possible d&rsquo;alimenter certaines valeurs avec les donn\u00e9es issues de la requ\u00eate : cliquer sur la fl\u00e8che dans la colonne Valeur de la ligne qui vous int\u00e9resse (P3 dans l&rsquo;exemple) et choisir &lsquo;Valeur de colonne&rsquo; on peut alors s\u00e9lectionner la colonne qui nous int\u00e9resse dans la liste d\u00e9roulante.<\/li>\n<\/ul>\n\n\n\n<div class=\"is-layout-flex wp-container-15 wp-block-columns bord-bloc-reutilisable has-background\" style=\"background-color:#d9edf7\">\n<div class=\"is-layout-flow wp-block-column is-vertically-aligned-center\" style=\"font-size:15px;flex-basis:20%\">\n<p style=\"font-size:15px\"><strong>Date de publication<\/strong> <\/p>\n\n\n<div style=\"font-size:15px;\" class=\"wp-block-post-date\"><time datetime=\"2024-03-22T09:40:22+01:00\">22 mars 2024<\/time><\/div><\/div>\n\n\n\n<div class=\"is-layout-flow wp-block-column is-vertically-aligned-center\" style=\"font-size:15px;flex-basis:20%\">\n<p><strong>Mis \u00e0 jour le <\/strong><\/p>\n\n\n<div style=\"font-size:15px;\" class=\"wp-block-post-date\"><time datetime=\"2025-07-11T14:24:41+02:00\">11 juillet 2025<\/time><\/div><\/div>\n\n\n\n<div class=\"is-layout-flow wp-block-column is-vertically-aligned-center\" style=\"font-size:15px;flex-basis:40%\">\n<p><\/p>\n\n\n\n<p><strong>Attention ! <\/strong>Certains \u00e9tablissements utilisent parfois de proc\u00e9dures compl\u00e9mentaires <\/p>\n<\/div>\n\n\n\n<div class=\"is-layout-flow wp-block-column is-vertically-aligned-center\" style=\"font-size:15px;flex-basis:25%\">\n<div class=\"is-horizontal is-content-justification-center is-layout-flex wp-container-13 wp-block-buttons alignfull has-custom-font-size\" style=\"font-size:16px\">\n<div class=\"wp-block-button has-custom-width wp-block-button__width-75 has-custom-font-size is-style-fill\" style=\"font-size:15px\"><a class=\"wp-block-button__link has-white-color has-text-color has-background wp-element-button\" href=\"mailto:scoop@u-bordeaux.fr\" style=\"border-radius:65px;background-color:#000000db\"><strong>Signaler une erreur<\/strong><\/a><\/div>\n<\/div>\n<\/div>\n<\/div>\n","protected":false},"excerpt":{"rendered":"<p>Table des mati\u00e8res[ Show ]Cr\u00e9er un lien d&rsquo;un rapport vers un autreCr\u00e9er un lien vers un rapport en envoyant des param\u00e8tres dans l&rsquo;urlOp\u00e9rateurs de recherche Documentation Oracle : https:\/\/docs.oracle.com\/cd\/E14571_01\/bi.1111\/e16364\/apiwebintegrate.htm#BIEIT365 Documentation Oracle : https:\/\/docs.oracle.com\/middleware\/1221\/biee\/BIEIT\/apiwebintegrate.htm#BIEIT355 Cr\u00e9er un lien d&rsquo;un rapport vers un&#8230;<\/p>\n","protected":false},"author":46,"featured_media":0,"parent":18410,"menu_order":7,"comment_status":"closed","ping_status":"closed","template":"","meta":[],"post_mailing_queue_ids":[],"_links":{"self":[{"href":"http:\/\/rebub.u-bordeaux.fr\/index.php\/wp-json\/wp\/v2\/pages\/19095"}],"collection":[{"href":"http:\/\/rebub.u-bordeaux.fr\/index.php\/wp-json\/wp\/v2\/pages"}],"about":[{"href":"http:\/\/rebub.u-bordeaux.fr\/index.php\/wp-json\/wp\/v2\/types\/page"}],"author":[{"embeddable":true,"href":"http:\/\/rebub.u-bordeaux.fr\/index.php\/wp-json\/wp\/v2\/users\/46"}],"replies":[{"embeddable":true,"href":"http:\/\/rebub.u-bordeaux.fr\/index.php\/wp-json\/wp\/v2\/comments?post=19095"}],"version-history":[{"count":4,"href":"http:\/\/rebub.u-bordeaux.fr\/index.php\/wp-json\/wp\/v2\/pages\/19095\/revisions"}],"predecessor-version":[{"id":21188,"href":"http:\/\/rebub.u-bordeaux.fr\/index.php\/wp-json\/wp\/v2\/pages\/19095\/revisions\/21188"}],"up":[{"embeddable":true,"href":"http:\/\/rebub.u-bordeaux.fr\/index.php\/wp-json\/wp\/v2\/pages\/18410"}],"wp:attachment":[{"href":"http:\/\/rebub.u-bordeaux.fr\/index.php\/wp-json\/wp\/v2\/media?parent=19095"}],"curies":[{"name":"wp","href":"https:\/\/api.w.org\/{rel}","templated":true}]}}