	{"id":19096,"date":"2024-03-22T09:40:23","date_gmt":"2024-03-22T08:40:23","guid":{"rendered":"https:\/\/rebub.u-bordeaux.fr\/?page_id=19096"},"modified":"2025-07-11T14:24:18","modified_gmt":"2025-07-11T12:24:18","slug":"valeur-par-defaut-dune-invite-de-date-sur-la-date-de-debut-et-de-fin-de-lannee-universitaire-en-cours-ou-passee","status":"publish","type":"page","link":"http:\/\/rebub.u-bordeaux.fr\/index.php\/statistiques\/analytics\/valeur-par-defaut-dune-invite-de-date-sur-la-date-de-debut-et-de-fin-de-lannee-universitaire-en-cours-ou-passee\/","title":{"rendered":"Valeur par d\u00e9faut d\u2019une invite de date sur la date de d\u00e9but et de fin de l\u2019ann\u00e9e universitaire en cours ou pass\u00e9e"},"content":{"rendered":"<div id='wpig-floatingbar' class='wpig-floatingbar'><div id='wpig-switch-wrapper' class='wpig-switch-wrapper'><span id='wpig-floating-switch' class='wpig-floating-switch'><img src='http:\/\/rebub.u-bordeaux.fr\/wp-content\/plugins\/sticky-toc-advance-table-of-contents\/\\assets\\menu.png'><\/span><\/div><div id='wpig-contents' class='wpig-contents  wpig-sidebar-widget wpig-style-3'><span class='wpig-headline'>Table des mati\u00e8res<span><a data-action='show' class='wpig-btn-toggledisplay'>[ Show ]<\/a><\/span><\/span><!-- Table of Contents --><div id='wpig-table-of-content' class='wpig-table-of-content'><ol><li class='annee_universitaire_en_cours'><a href='#annee_universitaire_en_cours'>Ann\u00e9e universitaire en cours<\/a><\/li><li class='annee_universitaire_passee'><a href='#annee_universitaire_passee'>Ann\u00e9e universitaire pass\u00e9e<\/a><\/li><\/div><!-- END OF Table of Contents --><\/div><\/div><p><div id='wpig-contents' class='wpig-contents  wpig-sidebar-widget wpig-style-1'><span class='wpig-headline'>Table des mati\u00e8res<span><a data-action='show' class='wpig-btn-toggledisplay'>[ Show ]<\/a><\/span><\/span><!-- Table of Contents --><div id='wpig-table-of-content' class='wpig-table-of-content' ><ol><li class='annee_universitaire_en_cours'><a href='#annee_universitaire_en_cours'>Ann\u00e9e universitaire en cours<\/a><\/li><li class='annee_universitaire_passee'><a href='#annee_universitaire_passee'>Ann\u00e9e universitaire pass\u00e9e<\/a><\/li><\/div><!-- END OF Table of Contents --><\/div><\/p>\n<div class=\"level1\">\n<p>L&rsquo;objectif est de faire en sorte que notre utilisateur se voit proposer par d\u00e9faut comme p\u00e9riode d&rsquo;observation la p\u00e9riode universitaire en cours <a href=\"#annee\"><sup>1).<\/sup><\/a><\/p>\n<\/div>\n\n\n\n<h1 id=\"annee_universitaire_en_cours\" id=\"annee_universitaire_en_cours\" class=\"wpig-heading\">Ann\u00e9e universitaire en cours<\/h1>\n\n\n<div class=\"wp-block-image\">\n<figure class=\"aligncenter\"><a href=\"http:\/\/rebub.u-bordeaux.fr\/wp-content\/uploads\/2021\/05\/screenshot-2019-10-9_alex_ventilation_transac_sur_localisation_selon_origine_lecteur.png\" target=\"_blank\" rel=\"noopener noreferrer\"><img decoding=\"async\" loading=\"lazy\" width=\"433\" height=\"92\" src=\"http:\/\/rebub.u-bordeaux.fr\/wp-content\/uploads\/2021\/05\/screenshot-2019-10-9_alex_ventilation_transac_sur_localisation_selon_origine_lecteur.png\" alt=\"\" class=\"wp-image-11491\" srcset=\"https:\/\/rebub.u-bordeaux.fr\/wp-content\/uploads\/2021\/05\/screenshot-2019-10-9_alex_ventilation_transac_sur_localisation_selon_origine_lecteur.png 433w, https:\/\/rebub.u-bordeaux.fr\/wp-content\/uploads\/2021\/05\/screenshot-2019-10-9_alex_ventilation_transac_sur_localisation_selon_origine_lecteur-300x64.png 300w\" sizes=\"(max-width: 433px) 100vw, 433px\" \/><\/a><\/figure><\/div>\n\n\n<div class=\"level1\"><br>Dans les options d&rsquo;\u00e9dition de votre invite (prompt), choississez \u201cDefault selection\u201d = SQL Results.<\/div>\n\n\n\n<div class=\"level1\">\n<figure><a href=\"http:\/\/rebub.u-bordeaux.fr\/wp-content\/uploads\/2021\/05\/screenshot-2019-10-9_oracle_bi_answers.png\" target=\"_blank\" rel=\"noopener noreferrer\"><img decoding=\"async\" loading=\"lazy\" class=\"aligncenter wp-image-11492 size-full\" src=\"http:\/\/rebub.u-bordeaux.fr\/wp-content\/uploads\/2021\/05\/screenshot-2019-10-9_oracle_bi_answers.png\" alt=\"\" width=\"422\" height=\"667\" srcset=\"https:\/\/rebub.u-bordeaux.fr\/wp-content\/uploads\/2021\/05\/screenshot-2019-10-9_oracle_bi_answers.png 422w, https:\/\/rebub.u-bordeaux.fr\/wp-content\/uploads\/2021\/05\/screenshot-2019-10-9_oracle_bi_answers-190x300.png 190w\" sizes=\"(max-width: 422px) 100vw, 422px\" \/><\/a><\/figure><p><\/p>\n<p>Pour la date de d\u00e9part, dans le premier masque de saisie entrez :<\/p>\n<pre class=\"code\">SELECT CAST (CONCAT(TRIM(BOTH ' ' FROM CAST((CASE WHEN MONTH(CURRENT_DATE) &gt;= 8 THEN YEAR(CURRENT_DATE) ELSE YEAR(CURRENT_DATE) -1 END) as CHAR)),'\/08\/01') AS DATE) FROM \"[Nom de l'environnement]\"<\/pre>\n<p>Pour la date de fin, dans le second masque de saisie entrez :<\/p>\n<pre class=\"code\">SELECT CAST (CONCAT(TRIM(BOTH ' ' FROM CAST((CASE WHEN MONTH(CURRENT_DATE) &gt;= 8 THEN YEAR(CURRENT_DATE) +1 ELSE YEAR(CURRENT_DATE) END) as CHAR)),'\/07\/31') AS DATE) FROM \"[Nom de l'environnement]\"<\/pre>\n<\/div>\n\n\n\n<h1 id=\"annee_universitaire_passee\" id=\"annee_universitaire_passee\" class=\"wpig-heading\">Ann\u00e9e universitaire pass\u00e9e<\/h1>\n\n\n\n<div class=\"level1\">\n<p>Pour la date de d\u00e9part, dans le premier masque de saisie entrez :<\/p>\n<pre class=\"code\">SELECT CAST (CONCAT(TRIM(BOTH ' ' FROM CAST((CASE WHEN MONTH(CURRENT_DATE) &gt;= 8 THEN YEAR(CURRENT_DATE) -1 ELSE YEAR(CURRENT_DATE) -2 END) as CHAR)),'\/08\/01') AS DATE) FROM \"[Nom de l'environnement]\"<\/pre>\n<p>Pour la date de fin, dans le second masque de saisie entrez :<\/p>\n<pre class=\"code\">SELECT CAST (CONCAT(TRIM(BOTH ' ' FROM CAST((CASE WHEN MONTH(CURRENT_DATE) &gt;= 8 THEN YEAR(CURRENT_DATE) ELSE YEAR(CURRENT_DATE) - 1 END) as CHAR)),'\/07\/31') AS DATE) FROM \"[Nom de l'environnement]\"\n\n\n<\/pre>\n<\/div>\n\n\n\n<hr class=\"wp-block-separator has-alpha-channel-opacity\"\/>\n\n\n\n<div class=\"footnotes\">\n<div id=\"annee\">&nbsp;<\/div>\n<div class=\"fn\"><sup>1)<\/sup>du 01\/08 au 31\/07<\/div>\n<\/div>\n\n\n\n<div class=\"is-layout-flex wp-container-6 wp-block-columns bord-bloc-reutilisable has-background\" style=\"background-color:#d9edf7\">\n<div class=\"is-layout-flow wp-block-column is-vertically-aligned-center\" style=\"font-size:15px;flex-basis:20%\">\n<p style=\"font-size:15px\"><strong>Date de publication<\/strong> <\/p>\n\n\n<div style=\"font-size:15px;\" class=\"wp-block-post-date\"><time datetime=\"2024-03-22T09:40:23+01:00\">22 mars 2024<\/time><\/div><\/div>\n\n\n\n<div class=\"is-layout-flow wp-block-column is-vertically-aligned-center\" style=\"font-size:15px;flex-basis:20%\">\n<p><strong>Mis \u00e0 jour le <\/strong><\/p>\n\n\n<div style=\"font-size:15px;\" class=\"wp-block-post-date\"><time datetime=\"2025-07-11T14:24:18+02:00\">11 juillet 2025<\/time><\/div><\/div>\n\n\n\n<div class=\"is-layout-flow wp-block-column is-vertically-aligned-center\" style=\"font-size:15px;flex-basis:40%\">\n<p><\/p>\n\n\n\n<p><strong>Attention ! <\/strong>Certains \u00e9tablissements utilisent parfois de proc\u00e9dures compl\u00e9mentaires <\/p>\n<\/div>\n\n\n\n<div class=\"is-layout-flow wp-block-column is-vertically-aligned-center\" style=\"font-size:15px;flex-basis:25%\">\n<div class=\"is-horizontal is-content-justification-center is-layout-flex wp-container-4 wp-block-buttons alignfull has-custom-font-size\" style=\"font-size:16px\">\n<div class=\"wp-block-button has-custom-width wp-block-button__width-75 has-custom-font-size is-style-fill\" style=\"font-size:15px\"><a class=\"wp-block-button__link has-white-color has-text-color has-background wp-element-button\" href=\"mailto:scoop@u-bordeaux.fr\" style=\"border-radius:65px;background-color:#000000db\"><strong>Signaler une erreur<\/strong><\/a><\/div>\n<\/div>\n<\/div>\n<\/div>\n","protected":false},"excerpt":{"rendered":"<p>Table des mati\u00e8res[ Show ]Ann\u00e9e universitaire en coursAnn\u00e9e universitaire pass\u00e9e L&rsquo;objectif est de faire en sorte que notre utilisateur se voit proposer par d\u00e9faut comme p\u00e9riode d&rsquo;observation la p\u00e9riode universitaire en cours 1). Ann\u00e9e universitaire en cours Dans les options&#8230;<\/p>\n","protected":false},"author":46,"featured_media":0,"parent":18410,"menu_order":13,"comment_status":"closed","ping_status":"closed","template":"","meta":[],"post_mailing_queue_ids":[],"_links":{"self":[{"href":"http:\/\/rebub.u-bordeaux.fr\/index.php\/wp-json\/wp\/v2\/pages\/19096"}],"collection":[{"href":"http:\/\/rebub.u-bordeaux.fr\/index.php\/wp-json\/wp\/v2\/pages"}],"about":[{"href":"http:\/\/rebub.u-bordeaux.fr\/index.php\/wp-json\/wp\/v2\/types\/page"}],"author":[{"embeddable":true,"href":"http:\/\/rebub.u-bordeaux.fr\/index.php\/wp-json\/wp\/v2\/users\/46"}],"replies":[{"embeddable":true,"href":"http:\/\/rebub.u-bordeaux.fr\/index.php\/wp-json\/wp\/v2\/comments?post=19096"}],"version-history":[{"count":3,"href":"http:\/\/rebub.u-bordeaux.fr\/index.php\/wp-json\/wp\/v2\/pages\/19096\/revisions"}],"predecessor-version":[{"id":21190,"href":"http:\/\/rebub.u-bordeaux.fr\/index.php\/wp-json\/wp\/v2\/pages\/19096\/revisions\/21190"}],"up":[{"embeddable":true,"href":"http:\/\/rebub.u-bordeaux.fr\/index.php\/wp-json\/wp\/v2\/pages\/18410"}],"wp:attachment":[{"href":"http:\/\/rebub.u-bordeaux.fr\/index.php\/wp-json\/wp\/v2\/media?parent=19096"}],"curies":[{"name":"wp","href":"https:\/\/api.w.org\/{rel}","templated":true}]}}