	{"id":19098,"date":"2024-03-22T09:40:26","date_gmt":"2024-03-22T08:40:26","guid":{"rendered":"https:\/\/rebub.u-bordeaux.fr\/?page_id=19098"},"modified":"2025-07-11T14:24:46","modified_gmt":"2025-07-11T12:24:46","slug":"filtrer-sur-une-variable-de-presentation-multi-valuee","status":"publish","type":"page","link":"http:\/\/rebub.u-bordeaux.fr\/index.php\/statistiques\/analytics\/filtrer-sur-une-variable-de-presentation-multi-valuee\/","title":{"rendered":"Filtrer sur une variable de pr\u00e9sentation multi valu\u00e9e"},"content":{"rendered":"<div id='wpig-floatingbar' class='wpig-floatingbar'><div id='wpig-switch-wrapper' class='wpig-switch-wrapper'><span id='wpig-floating-switch' class='wpig-floating-switch'><img src='http:\/\/rebub.u-bordeaux.fr\/wp-content\/plugins\/sticky-toc-advance-table-of-contents\/\\assets\\menu.png'><\/span><\/div><\/div><p><\/p>\n<div class=\"level1\">\n<pre class=\"code\">[Colonne \u00e0 filtrer] IN (@{[Variable}['@']{'[Valeur par d\u00e9faut'}))<\/pre>\n<p><a class=\"urlextern\" title=\"http:\/\/obiee11gtips.blogspot.com\/2015\/10\/how-to-work-with-multiple-value-select.html\" href=\"http:\/\/obiee11gtips.blogspot.com\/2015\/10\/how-to-work-with-multiple-value-select.html\" target=\"_blank\" rel=\"nofollow noopener noreferrer\">http:\/\/obiee11gtips.blogspot.com\/2015\/10\/how-to-work-with-multiple-value-select.html<\/a><\/p>\n<\/div>\n\n\n\n<div class=\"is-layout-flex wp-container-6 wp-block-columns bord-bloc-reutilisable has-background\" style=\"background-color:#d9edf7\">\n<div class=\"is-layout-flow wp-block-column is-vertically-aligned-center\" style=\"font-size:15px;flex-basis:20%\">\n<p style=\"font-size:15px\"><strong>Date de publication<\/strong> <\/p>\n\n\n<div style=\"font-size:15px;\" class=\"wp-block-post-date\"><time datetime=\"2024-03-22T09:40:26+01:00\">22 mars 2024<\/time><\/div><\/div>\n\n\n\n<div class=\"is-layout-flow wp-block-column is-vertically-aligned-center\" style=\"font-size:15px;flex-basis:20%\">\n<p><strong>Mis \u00e0 jour le <\/strong><\/p>\n\n\n<div style=\"font-size:15px;\" class=\"wp-block-post-date\"><time datetime=\"2025-07-11T14:24:46+02:00\">11 juillet 2025<\/time><\/div><\/div>\n\n\n\n<div class=\"is-layout-flow wp-block-column is-vertically-aligned-center\" style=\"font-size:15px;flex-basis:40%\">\n<p><\/p>\n\n\n\n<p><strong>Attention ! <\/strong>Certains \u00e9tablissements utilisent parfois de proc\u00e9dures compl\u00e9mentaires <\/p>\n<\/div>\n\n\n\n<div class=\"is-layout-flow wp-block-column is-vertically-aligned-center\" style=\"font-size:15px;flex-basis:25%\">\n<div class=\"is-horizontal is-content-justification-center is-layout-flex wp-container-4 wp-block-buttons alignfull has-custom-font-size\" style=\"font-size:16px\">\n<div class=\"wp-block-button has-custom-width wp-block-button__width-75 has-custom-font-size is-style-fill\" style=\"font-size:15px\"><a class=\"wp-block-button__link has-white-color has-text-color has-background wp-element-button\" href=\"mailto:scoop@u-bordeaux.fr\" style=\"border-radius:65px;background-color:#000000db\"><strong>Signaler une erreur<\/strong><\/a><\/div>\n<\/div>\n<\/div>\n<\/div>\n","protected":false},"excerpt":{"rendered":"<p>[Colonne \u00e0 filtrer] IN (@{[Variable}[&lsquo;@&rsquo;]{&lsquo;[Valeur par d\u00e9faut&rsquo;})) http:\/\/obiee11gtips.blogspot.com\/2015\/10\/how-to-work-with-multiple-value-select.html<\/p>\n","protected":false},"author":46,"featured_media":0,"parent":18410,"menu_order":6,"comment_status":"closed","ping_status":"closed","template":"","meta":[],"post_mailing_queue_ids":[],"_links":{"self":[{"href":"http:\/\/rebub.u-bordeaux.fr\/index.php\/wp-json\/wp\/v2\/pages\/19098"}],"collection":[{"href":"http:\/\/rebub.u-bordeaux.fr\/index.php\/wp-json\/wp\/v2\/pages"}],"about":[{"href":"http:\/\/rebub.u-bordeaux.fr\/index.php\/wp-json\/wp\/v2\/types\/page"}],"author":[{"embeddable":true,"href":"http:\/\/rebub.u-bordeaux.fr\/index.php\/wp-json\/wp\/v2\/users\/46"}],"replies":[{"embeddable":true,"href":"http:\/\/rebub.u-bordeaux.fr\/index.php\/wp-json\/wp\/v2\/comments?post=19098"}],"version-history":[{"count":3,"href":"http:\/\/rebub.u-bordeaux.fr\/index.php\/wp-json\/wp\/v2\/pages\/19098\/revisions"}],"predecessor-version":[{"id":21195,"href":"http:\/\/rebub.u-bordeaux.fr\/index.php\/wp-json\/wp\/v2\/pages\/19098\/revisions\/21195"}],"up":[{"embeddable":true,"href":"http:\/\/rebub.u-bordeaux.fr\/index.php\/wp-json\/wp\/v2\/pages\/18410"}],"wp:attachment":[{"href":"http:\/\/rebub.u-bordeaux.fr\/index.php\/wp-json\/wp\/v2\/media?parent=19098"}],"curies":[{"name":"wp","href":"https:\/\/api.w.org\/{rel}","templated":true}]}}