	{"id":19845,"date":"2024-04-03T13:30:54","date_gmt":"2024-04-03T11:30:54","guid":{"rendered":"https:\/\/rebub.u-bordeaux.fr\/?page_id=19845"},"modified":"2024-04-22T11:55:49","modified_gmt":"2024-04-22T09:55:49","slug":"les-codes-statistiaques-des-usagers","status":"publish","type":"page","link":"http:\/\/rebub.u-bordeaux.fr\/index.php\/alma\/procedures\/services-aux-usagers\/gestion-des-lecteurs\/les-codes-statistiaques-des-usagers\/","title":{"rendered":"Les codes statistiques des usagers"},"content":{"rendered":"<div id='wpig-floatingbar' class='wpig-floatingbar'><div id='wpig-switch-wrapper' class='wpig-switch-wrapper'><span id='wpig-floating-switch' class='wpig-floating-switch'><img src='http:\/\/rebub.u-bordeaux.fr\/wp-content\/plugins\/sticky-toc-advance-table-of-contents\/\\assets\\menu.png'><\/span><\/div><div id='wpig-contents' class='wpig-contents  wpig-sidebar-widget wpig-style-3'><span class='wpig-headline'>Table des mati\u00e8res<span><a data-action='show' class='wpig-btn-toggledisplay'>[ Show ]<\/a><\/span><\/span><!-- Table of Contents --><div id='wpig-table-of-content' class='wpig-table-of-content'><ol><li class='stoc-pour-les-etudiants'><a href='#stoc-pour-les-etudiants'>Pour les \u00e9tudiants<\/a><ol><li class='stoc-discipline-etudiee'><a href='#stoc-discipline-etudiee'>Discipline \u00e9tudi\u00e9e<\/a><\/li><li class='stoc-niveau-detude'><a href='#stoc-niveau-detude'>Niveau d&rsquo;\u00e9tude<\/a><\/li><li class='stoc-etablissement-de-rattachement-du-lecteur'><a href='#stoc-etablissement-de-rattachement-du-lecteur'>\u00c9tablissement de rattachement du lecteur<\/a><\/li><li class='stoc-formation'><a href='#stoc-formation'>Formation<\/a><\/li><li class='stoc-affectation'><a href='#stoc-affectation'>Affectation<\/a><\/li><\/ol><li class='stoc-pour-les-personnels'><a href='#stoc-pour-les-personnels'>Pour les personnels<\/a><ol><li class='stoc-section-cnu'><a href='#stoc-section-cnu'>Section CNU<\/a><\/li><li class='stoc-etablissement-de-rattachement-du-lecteur'><a href='#stoc-etablissement-de-rattachement-du-lecteur'>\u00c9tablissement de rattachement du lecteur<\/a><\/li><li class='stoc-affectation'><a href='#stoc-affectation'>Affectation<\/a><\/li><\/ol><\/li><\/li><\/div><!-- END OF Table of Contents --><\/div><\/div><p><div id='wpig-contents' class='wpig-contents  wpig-sidebar-widget wpig-style-1'><span class='wpig-headline'>Table des mati\u00e8res<span><a data-action='show' class='wpig-btn-toggledisplay'>[ Show ]<\/a><\/span><\/span><!-- Table of Contents --><div id='wpig-table-of-content' class='wpig-table-of-content' ><ol><li class='stoc-pour-les-etudiants'><a href='#stoc-pour-les-etudiants'>Pour les \u00e9tudiants<\/a><ol><li class='stoc-discipline-etudiee'><a href='#stoc-discipline-etudiee'>Discipline \u00e9tudi\u00e9e<\/a><\/li><li class='stoc-niveau-detude'><a href='#stoc-niveau-detude'>Niveau d&rsquo;\u00e9tude<\/a><\/li><li class='stoc-etablissement-de-rattachement-du-lecteur'><a href='#stoc-etablissement-de-rattachement-du-lecteur'>\u00c9tablissement de rattachement du lecteur<\/a><\/li><li class='stoc-formation'><a href='#stoc-formation'>Formation<\/a><\/li><li class='stoc-affectation'><a href='#stoc-affectation'>Affectation<\/a><\/li><\/ol><li class='stoc-pour-les-personnels'><a href='#stoc-pour-les-personnels'>Pour les personnels<\/a><ol><li class='stoc-section-cnu'><a href='#stoc-section-cnu'>Section CNU<\/a><\/li><li class='stoc-etablissement-de-rattachement-du-lecteur'><a href='#stoc-etablissement-de-rattachement-du-lecteur'>\u00c9tablissement de rattachement du lecteur<\/a><\/li><li class='stoc-affectation'><a href='#stoc-affectation'>Affectation<\/a><\/li><\/ol><\/li><\/li><\/div><!-- END OF Table of Contents --><\/div><\/p>\n<p>Les codes statistiques des usagers sont historis\u00e9s avec la transaction. Ils permettent d&rsquo;obtenir des vues plus fines sur nos usages.<\/p>\n\n\n\n<h2 id=\"stoc-pour-les-etudiants\" class=\"wpig-heading\">Pour les \u00e9tudiants<\/h2>\n\n\n\n<p>Un \u00e9tudiant peut avoir plusieurs inscriptions administratives dans un m\u00eame \u00e9tablissement, les donn\u00e9es sont tir\u00e9es de la premi\u00e8re inscription saisie dans la base Apog\u00e9e.<\/p>\n\n\n\n<figure class=\"wp-block-image size-large\"><img decoding=\"async\" loading=\"lazy\" width=\"1024\" height=\"518\" src=\"https:\/\/rebub.u-bordeaux.fr\/wp-content\/uploads\/2024\/04\/screenshot-pudb-network.alma_.exlibrisgroup.com-2024.04.03-10_19_59-1024x518.png\" alt=\"Vue Alma des codes statistiques usagers\" class=\"wp-image-19846\" srcset=\"https:\/\/rebub.u-bordeaux.fr\/wp-content\/uploads\/2024\/04\/screenshot-pudb-network.alma_.exlibrisgroup.com-2024.04.03-10_19_59-1024x518.png 1024w, https:\/\/rebub.u-bordeaux.fr\/wp-content\/uploads\/2024\/04\/screenshot-pudb-network.alma_.exlibrisgroup.com-2024.04.03-10_19_59-300x152.png 300w, https:\/\/rebub.u-bordeaux.fr\/wp-content\/uploads\/2024\/04\/screenshot-pudb-network.alma_.exlibrisgroup.com-2024.04.03-10_19_59-768x388.png 768w, https:\/\/rebub.u-bordeaux.fr\/wp-content\/uploads\/2024\/04\/screenshot-pudb-network.alma_.exlibrisgroup.com-2024.04.03-10_19_59.png 1280w\" sizes=\"(max-width: 1024px) 100vw, 1024px\" \/><figcaption class=\"wp-element-caption\">Vue Alma des codes statistiques usagers<\/figcaption><\/figure>\n\n\n\n<p>Apog\u00e9e est le syst\u00e8me informatique qui permet de g\u00e9rer les inscriptions et la scolarit\u00e9 des \u00e9tudiants (Inscription, Dipl\u00f4me pr\u00e9par\u00e9, Notes,&#8230;). <\/p>\n\n\n\n<h3 id=\"stoc-discipline-etudiee\" class=\"wpig-heading\">Discipline \u00e9tudi\u00e9e<\/h3>\n\n\n\n<p>Cette information est tir\u00e9e du champ de donn\u00e9es \u00ab\u00a0Secteur disciplinaire\u00a0\u00bb c&rsquo;est un champ norm\u00e9 <a href=\"https:\/\/infocentre.pleiade.education.fr\/bcn\/search\" data-type=\"URL\" data-id=\"https:\/\/infocentre.pleiade.education.fr\/bcn\/search\">par une nomenclature SISE<\/a> qui permet de rattacher le dipl\u00f4me de l&rsquo;\u00e9tudiant \u00e0 une discipline.<\/p>\n\n\n\n<h3 id=\"stoc-niveau-detude\" class=\"wpig-heading\">Niveau d&rsquo;\u00e9tude<\/h3>\n\n\n\n<p>C&rsquo;est le niveau d&rsquo;\u00e9tude tel qu&rsquo;il est d\u00e9fini pour affecter le lecteur \u00e0 un groupe utilisateur<\/p>\n\n\n\n<h3 id=\"stoc-etablissement-de-rattachement-du-lecteur\" class=\"wpig-heading\">\u00c9tablissement de rattachement du lecteur<\/h3>\n\n\n\n<p>C&rsquo;est l&rsquo;\u00e9tablissement qui a fourni \u00e0 Alma les donn\u00e9es du lecteur. Il s&rsquo;agit de son \u00e9tablissement d&rsquo;inscription.<\/p>\n\n\n\n<h3 id=\"stoc-formation\" class=\"wpig-heading\">Formation<\/h3>\n\n\n\n<p>La formation est tir\u00e9e du code \u00e9tape li\u00e9 \u00e0 l&rsquo;inscription. <\/p>\n\n\n\n<blockquote class=\"wp-block-quote has-text-align-left is-style-default\">\n<p>Synonyme : unit\u00e9 de parcours. Fractionnement dans le temps (ann\u00e9e, ensemble d&rsquo;ann\u00e9es, semestres\u2026) d&rsquo;un enseignement conduisant \u00e0 un dipl\u00f4me\u202f; \u00e0 chaque \u00e9tape est associ\u00e9e au moins une version d&rsquo;\u00e9tape. <\/p>\n<cite><a href=\"https:\/\/services.renater.fr\/supann2\/documents_supann2\/terminologie\">Renater<\/a><\/cite><\/blockquote>\n\n\n\n<h3 id=\"stoc-affectation\" class=\"wpig-heading\">Affectation<\/h3>\n\n\n\n<p>Composante ou UFR de rattachement du lecteur<\/p>\n\n\n\n<h2 id=\"stoc-pour-les-personnels\" class=\"wpig-heading\">Pour les personnels<\/h2>\n\n\n\n<figure class=\"wp-block-image size-large\"><img decoding=\"async\" loading=\"lazy\" width=\"1024\" height=\"518\" src=\"https:\/\/rebub.u-bordeaux.fr\/wp-content\/uploads\/2024\/04\/screenshot-pudb-network.alma_.exlibrisgroup.com-2024.04.03-12_42_06-1024x518.png\" alt=\"\" class=\"wp-image-19851\" srcset=\"https:\/\/rebub.u-bordeaux.fr\/wp-content\/uploads\/2024\/04\/screenshot-pudb-network.alma_.exlibrisgroup.com-2024.04.03-12_42_06-1024x518.png 1024w, https:\/\/rebub.u-bordeaux.fr\/wp-content\/uploads\/2024\/04\/screenshot-pudb-network.alma_.exlibrisgroup.com-2024.04.03-12_42_06-300x152.png 300w, https:\/\/rebub.u-bordeaux.fr\/wp-content\/uploads\/2024\/04\/screenshot-pudb-network.alma_.exlibrisgroup.com-2024.04.03-12_42_06-768x388.png 768w, https:\/\/rebub.u-bordeaux.fr\/wp-content\/uploads\/2024\/04\/screenshot-pudb-network.alma_.exlibrisgroup.com-2024.04.03-12_42_06.png 1280w\" sizes=\"(max-width: 1024px) 100vw, 1024px\" \/><\/figure>\n\n\n\n<h3 id=\"stoc-section-cnu\" class=\"wpig-heading\">Section CNU<\/h3>\n\n\n\n<p>Code de la section CNU  de rattachement du secteur. Permet de rattacher le chercheur \u00e0 un secteur disciplinaire.<\/p>\n\n\n\n<h3 id=\"stoc-etablissement-de-rattachement-du-lecteur\" class=\"wpig-heading\">\u00c9tablissement de rattachement du lecteur<\/h3>\n\n\n\n<p>C&rsquo;est l&rsquo;\u00e9tablissement qui a fourni \u00e0 Alma les donn\u00e9es du lecteur.<\/p>\n\n\n\n<h3 id=\"stoc-affectation\" class=\"wpig-heading\">Affectation<\/h3>\n\n\n\n<p>Service de rattachement de la personne (supannEntiteAffectation).<\/p>\n\n\n\n<div class=\"is-layout-flex wp-container-6 wp-block-columns bord-bloc-reutilisable has-background\" style=\"background-color:#d9edf7\">\n<div class=\"is-layout-flow wp-block-column is-vertically-aligned-center\" style=\"font-size:15px;flex-basis:20%\">\n<p style=\"font-size:15px\"><strong>Date de publication<\/strong> <\/p>\n\n\n<div style=\"font-size:15px;\" class=\"wp-block-post-date\"><time datetime=\"2024-04-03T13:30:54+02:00\">3 avril 2024<\/time><\/div><\/div>\n\n\n\n<div class=\"is-layout-flow wp-block-column is-vertically-aligned-center\" style=\"font-size:15px;flex-basis:20%\">\n<p><strong>Mis \u00e0 jour le <\/strong><\/p>\n\n\n<div style=\"font-size:15px;\" class=\"wp-block-post-date\"><time datetime=\"2024-04-22T11:55:49+02:00\">22 avril 2024<\/time><\/div><\/div>\n\n\n\n<div class=\"is-layout-flow wp-block-column is-vertically-aligned-center\" style=\"font-size:15px;flex-basis:40%\">\n<p><\/p>\n\n\n\n<p><strong>Attention ! <\/strong>Certains \u00e9tablissements utilisent parfois de proc\u00e9dures compl\u00e9mentaires <\/p>\n<\/div>\n\n\n\n<div class=\"is-layout-flow wp-block-column is-vertically-aligned-center\" style=\"font-size:15px;flex-basis:25%\">\n<div class=\"is-horizontal is-content-justification-center is-layout-flex wp-container-4 wp-block-buttons alignfull has-custom-font-size\" style=\"font-size:16px\">\n<div class=\"wp-block-button has-custom-width wp-block-button__width-75 has-custom-font-size is-style-fill\" style=\"font-size:15px\"><a class=\"wp-block-button__link has-white-color has-text-color has-background wp-element-button\" href=\"mailto:scoop@u-bordeaux.fr\" style=\"border-radius:65px;background-color:#000000db\"><strong>Signaler une erreur<\/strong><\/a><\/div>\n<\/div>\n<\/div>\n<\/div>\n","protected":false},"excerpt":{"rendered":"<p>Table des mati\u00e8res[ Show ]Pour les \u00e9tudiantsDiscipline \u00e9tudi\u00e9eNiveau d&rsquo;\u00e9tude\u00c9tablissement de rattachement du lecteurFormationAffectationPour les personnelsSection CNU\u00c9tablissement de rattachement du lecteurAffectationLes codes statistiques des usagers sont historis\u00e9s avec la transaction. Ils permettent d&rsquo;obtenir des vues plus fines sur nos usages. Pour&#8230;<\/p>\n","protected":false},"author":2,"featured_media":0,"parent":18469,"menu_order":12,"comment_status":"closed","ping_status":"closed","template":"","meta":[],"post_mailing_queue_ids":[],"_links":{"self":[{"href":"http:\/\/rebub.u-bordeaux.fr\/index.php\/wp-json\/wp\/v2\/pages\/19845"}],"collection":[{"href":"http:\/\/rebub.u-bordeaux.fr\/index.php\/wp-json\/wp\/v2\/pages"}],"about":[{"href":"http:\/\/rebub.u-bordeaux.fr\/index.php\/wp-json\/wp\/v2\/types\/page"}],"author":[{"embeddable":true,"href":"http:\/\/rebub.u-bordeaux.fr\/index.php\/wp-json\/wp\/v2\/users\/2"}],"replies":[{"embeddable":true,"href":"http:\/\/rebub.u-bordeaux.fr\/index.php\/wp-json\/wp\/v2\/comments?post=19845"}],"version-history":[{"count":6,"href":"http:\/\/rebub.u-bordeaux.fr\/index.php\/wp-json\/wp\/v2\/pages\/19845\/revisions"}],"predecessor-version":[{"id":20314,"href":"http:\/\/rebub.u-bordeaux.fr\/index.php\/wp-json\/wp\/v2\/pages\/19845\/revisions\/20314"}],"up":[{"embeddable":true,"href":"http:\/\/rebub.u-bordeaux.fr\/index.php\/wp-json\/wp\/v2\/pages\/18469"}],"wp:attachment":[{"href":"http:\/\/rebub.u-bordeaux.fr\/index.php\/wp-json\/wp\/v2\/media?parent=19845"}],"curies":[{"name":"wp","href":"https:\/\/api.w.org\/{rel}","templated":true}]}}