	{"id":21309,"date":"2024-06-07T11:46:13","date_gmt":"2024-06-07T09:46:13","guid":{"rendered":"https:\/\/rebub.u-bordeaux.fr\/?page_id=21309"},"modified":"2024-06-07T11:46:13","modified_gmt":"2024-06-07T09:46:13","slug":"deriver-une-notice-depuis-le-sudoc","status":"publish","type":"page","link":"http:\/\/rebub.u-bordeaux.fr\/index.php\/alma\/procedures\/gestion-des-ressources\/catalogage\/deriver-une-notice-depuis-le-sudoc\/","title":{"rendered":"D\u00e9river une notice depuis le SUDOC"},"content":{"rendered":"<div id='wpig-floatingbar' class='wpig-floatingbar'><div id='wpig-switch-wrapper' class='wpig-switch-wrapper'><span id='wpig-floating-switch' class='wpig-floating-switch'><img src='http:\/\/rebub.u-bordeaux.fr\/wp-content\/plugins\/sticky-toc-advance-table-of-contents\/\\assets\\menu.png'><\/span><\/div><\/div><p><\/p>\n<p>Depuis le menu\u00a0Ressources > Catalogage > Chercher des ressources externes :<\/p>\n\n\n\n<figure class=\"wp-block-image size-large\"><img decoding=\"async\" loading=\"lazy\" width=\"1024\" height=\"494\" src=\"https:\/\/rebub.u-bordeaux.fr\/wp-content\/uploads\/2024\/06\/menuderiver-1024x494.png\" alt=\"\" class=\"wp-image-21316\" srcset=\"https:\/\/rebub.u-bordeaux.fr\/wp-content\/uploads\/2024\/06\/menuderiver-1024x494.png 1024w, https:\/\/rebub.u-bordeaux.fr\/wp-content\/uploads\/2024\/06\/menuderiver-300x145.png 300w, https:\/\/rebub.u-bordeaux.fr\/wp-content\/uploads\/2024\/06\/menuderiver-768x371.png 768w, https:\/\/rebub.u-bordeaux.fr\/wp-content\/uploads\/2024\/06\/menuderiver-1536x742.png 1536w, https:\/\/rebub.u-bordeaux.fr\/wp-content\/uploads\/2024\/06\/menuderiver.png 1920w\" sizes=\"(max-width: 1024px) 100vw, 1024px\" \/><\/figure>\n\n\n\n<p>Ou depuis l\u2019\u00e9diteur de m\u00e9tadonn\u00e9es, menu\u00a0Rechercher et parcourir\u00a0>\u00a0Rechercher des ressources :<\/p>\n\n\n\n<figure class=\"wp-block-image size-large\"><img decoding=\"async\" loading=\"lazy\" width=\"1024\" height=\"339\" src=\"https:\/\/rebub.u-bordeaux.fr\/wp-content\/uploads\/2021\/02\/D\u00e9river-notice_menu-rechercher-et-parcourir-1024x339.png\" alt=\"\" class=\"wp-image-10135\" srcset=\"https:\/\/rebub.u-bordeaux.fr\/wp-content\/uploads\/2021\/02\/D\u00e9river-notice_menu-rechercher-et-parcourir-1024x339.png 1024w, https:\/\/rebub.u-bordeaux.fr\/wp-content\/uploads\/2021\/02\/D\u00e9river-notice_menu-rechercher-et-parcourir-300x99.png 300w, https:\/\/rebub.u-bordeaux.fr\/wp-content\/uploads\/2021\/02\/D\u00e9river-notice_menu-rechercher-et-parcourir-768x254.png 768w, https:\/\/rebub.u-bordeaux.fr\/wp-content\/uploads\/2021\/02\/D\u00e9river-notice_menu-rechercher-et-parcourir.png 1361w\" sizes=\"(max-width: 1024px) 100vw, 1024px\" \/><\/figure>\n\n\n\n<p>Dans le formulaire qui s\u2019ouvre, deux profils de catalogage sont \u00e0 votre disposition pour importer une notice depuis le Sudoc :<\/p>\n\n\n\n<ul>\n<li>SUDOC &#8211; Marc 21 &#8211; Notices \u00e9lectroniques<\/li>\n\n\n\n<li>SUDOC \u2013 Unimarc<\/li>\n<\/ul>\n\n\n\n<div class=\"is-layout-constrained wp-block-group bord-bloc-reutilisable\"><div class=\"wp-block-group__inner-container\">\n<div class=\"is-layout-flex wp-container-3 wp-block-columns alignfull bord-bloc-reutilisable has-background\" style=\"background-color:#ff303047\">\n<div class=\"is-layout-flow wp-block-column is-vertically-aligned-center\" style=\"flex-basis:7%\">\n<figure class=\"wp-block-image alignfull size-full\"><img decoding=\"async\" loading=\"lazy\" width=\"512\" height=\"512\" src=\"https:\/\/rebub.u-bordeaux.fr\/wp-content\/uploads\/2024\/04\/point-dexclamation.png\" alt=\"\" class=\"wp-image-19898\" srcset=\"https:\/\/rebub.u-bordeaux.fr\/wp-content\/uploads\/2024\/04\/point-dexclamation.png 512w, https:\/\/rebub.u-bordeaux.fr\/wp-content\/uploads\/2024\/04\/point-dexclamation-300x300.png 300w, https:\/\/rebub.u-bordeaux.fr\/wp-content\/uploads\/2024\/04\/point-dexclamation-150x150.png 150w\" sizes=\"(max-width: 512px) 100vw, 512px\" \/><\/figure>\n<\/div>\n\n\n\n<div class=\"is-layout-flow wp-block-column is-vertically-aligned-center\" style=\"flex-basis:85%\">\n<p><strong>Attention !<\/strong> choisissez le profil correspondant au type de document que vous voulez importer. Le chargeur Marc21 doit \u00eatre privil\u00e9gi\u00e9 pour importer les notices des monographies ou p\u00e9riodiques \u00e9lectroniques. Le profil Unimarc est \u00e0 choisir pour toute la documentation physique.<\/p>\n<\/div>\n<\/div>\n<\/div><\/div>\n\n\n\n<p>Une fois que vous avez s\u00e9lectionn\u00e9 le profil de catalogage, saisir le PPN de la notice que l\u2019on veut r\u00e9cup\u00e9rer dans le champ \u00ab\u00a0Num\u00e9ro Syst\u00e8me\u00a0\u00bb (sans le pr\u00e9fixe PPN) : <\/p>\n\n\n\n<figure class=\"wp-block-image size-large\"><img decoding=\"async\" loading=\"lazy\" width=\"1024\" height=\"440\" src=\"https:\/\/rebub.u-bordeaux.fr\/wp-content\/uploads\/2024\/06\/deriverPPN-1024x440.png\" alt=\"\" class=\"wp-image-21312\" srcset=\"https:\/\/rebub.u-bordeaux.fr\/wp-content\/uploads\/2024\/06\/deriverPPN-1024x440.png 1024w, https:\/\/rebub.u-bordeaux.fr\/wp-content\/uploads\/2024\/06\/deriverPPN-300x129.png 300w, https:\/\/rebub.u-bordeaux.fr\/wp-content\/uploads\/2024\/06\/deriverPPN-768x330.png 768w, https:\/\/rebub.u-bordeaux.fr\/wp-content\/uploads\/2024\/06\/deriverPPN.png 1455w\" sizes=\"(max-width: 1024px) 100vw, 1024px\" \/><\/figure>\n\n\n\n<p>Cliquer sur le bouton \u00ab&nbsp;Chercher&nbsp;\u00bb :<\/p>\n\n\n\n<p>Un r\u00e9sum\u00e9 de la notice bibliographique appara\u00eet. Pour voir la notice au format UNIMARC, cliquer sur \u00ab&nbsp;Voir&nbsp;\u00bb :<\/p>\n\n\n\n<figure class=\"wp-block-image size-large\"><img decoding=\"async\" loading=\"lazy\" width=\"1024\" height=\"458\" src=\"https:\/\/rebub.u-bordeaux.fr\/wp-content\/uploads\/2024\/06\/derivernotice-1024x458.png\" alt=\"\" class=\"wp-image-21314\" srcset=\"https:\/\/rebub.u-bordeaux.fr\/wp-content\/uploads\/2024\/06\/derivernotice-1024x458.png 1024w, https:\/\/rebub.u-bordeaux.fr\/wp-content\/uploads\/2024\/06\/derivernotice-300x134.png 300w, https:\/\/rebub.u-bordeaux.fr\/wp-content\/uploads\/2024\/06\/derivernotice-768x344.png 768w, https:\/\/rebub.u-bordeaux.fr\/wp-content\/uploads\/2024\/06\/derivernotice.png 1483w\" sizes=\"(max-width: 1024px) 100vw, 1024px\" \/><\/figure>\n\n\n\n<p>Si la notice correspond, cliquer sur \u00ab Importer \u00bb :<\/p>\n\n\n\n<p>La notice appara\u00eet dans l\u2019\u00e9diteur de m\u00e9tadonn\u00e9es et elle est en mode \u00e9dition. On peut ainsi modifier des zones.<\/p>\n\n\n\n<p>Une fois termin\u00e9, aller dans le menu \u00ab&nbsp;Enregistrer&nbsp;\u00bb et choisir :<\/p>\n\n\n\n<ul>\n<li>\u00ab&nbsp;Enregistrer la notice&nbsp;\u00bb si vous souhaitez continuer de travailler sur cette notice. Il faudra donc penser \u00e0 lib\u00e9rer la notice \u00e0 la fin du traitement.<\/li>\n\n\n\n<li>\u00ab&nbsp;Enregistrer et d\u00e9bloquer la notice&nbsp;\u00bb si vous avez fini avec cette notice.<\/li>\n<\/ul>\n\n\n\n<div class=\"is-layout-flex wp-container-10 wp-block-columns bord-bloc-reutilisable has-background\" style=\"background-color:#d9edf7\">\n<div class=\"is-layout-flow wp-block-column is-vertically-aligned-center\" style=\"font-size:15px;flex-basis:20%\">\n<p style=\"font-size:15px\"><strong>Date de publication<\/strong> <\/p>\n\n\n<div style=\"font-size:15px;\" class=\"wp-block-post-date\"><time datetime=\"2024-06-07T11:46:13+02:00\">7 juin 2024<\/time><\/div><\/div>\n\n\n\n<div class=\"is-layout-flow wp-block-column is-vertically-aligned-center\" style=\"font-size:15px;flex-basis:20%\">\n<p><strong>Mis \u00e0 jour le <\/strong><\/p>\n\n\n<div style=\"font-size:15px;\" class=\"wp-block-post-date\"><time datetime=\"2024-06-07T11:46:13+02:00\">7 juin 2024<\/time><\/div><\/div>\n\n\n\n<div class=\"is-layout-flow wp-block-column is-vertically-aligned-center\" style=\"font-size:15px;flex-basis:40%\">\n<p><\/p>\n\n\n\n<p><strong>Attention ! <\/strong>Certains \u00e9tablissements utilisent parfois de proc\u00e9dures compl\u00e9mentaires <\/p>\n<\/div>\n\n\n\n<div class=\"is-layout-flow wp-block-column is-vertically-aligned-center\" style=\"font-size:15px;flex-basis:25%\">\n<div class=\"is-horizontal is-content-justification-center is-layout-flex wp-container-8 wp-block-buttons alignfull has-custom-font-size\" style=\"font-size:16px\">\n<div class=\"wp-block-button has-custom-width wp-block-button__width-75 has-custom-font-size is-style-fill\" style=\"font-size:15px\"><a class=\"wp-block-button__link has-white-color has-text-color has-background wp-element-button\" href=\"mailto:scoop@u-bordeaux.fr\" style=\"border-radius:65px;background-color:#000000db\"><strong>Signaler une erreur<\/strong><\/a><\/div>\n<\/div>\n<\/div>\n<\/div>\n","protected":false},"excerpt":{"rendered":"<p>Depuis le menu\u00a0Ressources > Catalogage > Chercher des ressources externes : Ou depuis l\u2019\u00e9diteur de m\u00e9tadonn\u00e9es, menu\u00a0Rechercher et parcourir\u00a0>\u00a0Rechercher des ressources : Dans le formulaire qui s\u2019ouvre, deux profils de catalogage sont \u00e0 votre disposition pour importer une notice depuis&#8230;<\/p>\n","protected":false},"author":82,"featured_media":0,"parent":18540,"menu_order":5,"comment_status":"closed","ping_status":"closed","template":"","meta":[],"post_mailing_queue_ids":[],"_links":{"self":[{"href":"http:\/\/rebub.u-bordeaux.fr\/index.php\/wp-json\/wp\/v2\/pages\/21309"}],"collection":[{"href":"http:\/\/rebub.u-bordeaux.fr\/index.php\/wp-json\/wp\/v2\/pages"}],"about":[{"href":"http:\/\/rebub.u-bordeaux.fr\/index.php\/wp-json\/wp\/v2\/types\/page"}],"author":[{"embeddable":true,"href":"http:\/\/rebub.u-bordeaux.fr\/index.php\/wp-json\/wp\/v2\/users\/82"}],"replies":[{"embeddable":true,"href":"http:\/\/rebub.u-bordeaux.fr\/index.php\/wp-json\/wp\/v2\/comments?post=21309"}],"version-history":[{"count":6,"href":"http:\/\/rebub.u-bordeaux.fr\/index.php\/wp-json\/wp\/v2\/pages\/21309\/revisions"}],"predecessor-version":[{"id":21318,"href":"http:\/\/rebub.u-bordeaux.fr\/index.php\/wp-json\/wp\/v2\/pages\/21309\/revisions\/21318"}],"up":[{"embeddable":true,"href":"http:\/\/rebub.u-bordeaux.fr\/index.php\/wp-json\/wp\/v2\/pages\/18540"}],"wp:attachment":[{"href":"http:\/\/rebub.u-bordeaux.fr\/index.php\/wp-json\/wp\/v2\/media?parent=21309"}],"curies":[{"name":"wp","href":"https:\/\/api.w.org\/{rel}","templated":true}]}}