	{"id":21368,"date":"2024-06-07T15:41:55","date_gmt":"2024-06-07T13:41:55","guid":{"rendered":"https:\/\/rebub.u-bordeaux.fr\/?page_id=21368"},"modified":"2025-01-31T10:51:55","modified_gmt":"2025-01-31T09:51:55","slug":"traiter-un-numero-thematique","status":"publish","type":"page","link":"http:\/\/rebub.u-bordeaux.fr\/index.php\/alma\/procedures\/gestion-des-ressources\/catalogage\/traiter-un-numero-thematique\/","title":{"rendered":"Traiter un num\u00e9ro th\u00e9matique"},"content":{"rendered":"<div id='wpig-floatingbar' class='wpig-floatingbar'><div id='wpig-switch-wrapper' class='wpig-switch-wrapper'><span id='wpig-floating-switch' class='wpig-floating-switch'><img src='http:\/\/rebub.u-bordeaux.fr\/wp-content\/plugins\/sticky-toc-advance-table-of-contents\/\\assets\\menu.png'><\/span><\/div><div id='wpig-contents' class='wpig-contents  wpig-sidebar-widget wpig-style-3'><span class='wpig-headline'>Table des mati\u00e8res<span><a data-action='show' class='wpig-btn-toggledisplay'>[ Show ]<\/a><\/span><\/span><!-- Table of Contents --><div id='wpig-table-of-content' class='wpig-table-of-content'><ol><li class='stoc-dans-le-sudoc'><a href='#stoc-dans-le-sudoc'>Dans le Sudoc : <\/a><\/li><li class='stoc-dans-alma'><a href='#stoc-dans-alma'>Dans Alma :<\/a><ol><li class='stoc-sous-la-notice-de-periodique'><a href='#stoc-sous-la-notice-de-periodique'>Sous la notice de p\u00e9riodique :<\/a><\/li><li class='stoc-sous-la-notice-de-monographie'><a href='#stoc-sous-la-notice-de-monographie'>Sous la notice de monographie&nbsp;:<\/a><\/li><\/ol><li class='stoc-supprimer-un-numero-thematique'><a href='#stoc-supprimer-un-numero-thematique'>Supprimer un num\u00e9ro th\u00e9matique&nbsp;:<\/a><\/li><\/ol><\/li><\/div><!-- END OF Table of Contents --><\/div><\/div><p><div id='wpig-contents' class='wpig-contents  wpig-sidebar-widget wpig-style-1'><span class='wpig-headline'>Table des mati\u00e8res<span><a data-action='show' class='wpig-btn-toggledisplay'>[ Show ]<\/a><\/span><\/span><!-- Table of Contents --><div id='wpig-table-of-content' class='wpig-table-of-content' ><ol><li class='stoc-dans-le-sudoc'><a href='#stoc-dans-le-sudoc'>Dans le Sudoc : <\/a><\/li><li class='stoc-dans-alma'><a href='#stoc-dans-alma'>Dans Alma :<\/a><ol><li class='stoc-sous-la-notice-de-periodique'><a href='#stoc-sous-la-notice-de-periodique'>Sous la notice de p\u00e9riodique :<\/a><\/li><li class='stoc-sous-la-notice-de-monographie'><a href='#stoc-sous-la-notice-de-monographie'>Sous la notice de monographie&nbsp;:<\/a><\/li><\/ol><li class='stoc-supprimer-un-numero-thematique'><a href='#stoc-supprimer-un-numero-thematique'>Supprimer un num\u00e9ro th\u00e9matique&nbsp;:<\/a><\/li><\/ol><\/li><\/div><!-- END OF Table of Contents --><\/div><\/p>\n<p>Proc\u00e9dure pour signaler un num\u00e9ro de p\u00e9riodique comme une monographie. Int\u00e9ressant dans les cas o\u00f9 la biblioth\u00e8que ach\u00e8te des num\u00e9ros de p\u00e9riodique de fa\u00e7on isol\u00e9e ou pour mettre en valeur les p\u00e9riodiques (avec un abonnement vivant ou mort) ayant des livraisons th\u00e9matiques.<\/p>\n\n\n\n<div class=\"is-layout-flex wp-container-3 wp-block-columns bord-bloc-reutilisable has-background\" style=\"background-color:#ffeec2\">\n<div class=\"is-layout-flow wp-block-column is-vertically-aligned-center\" style=\"flex-basis:7%\">\n<figure class=\"wp-block-image alignfull size-full is-style-default\"><img decoding=\"async\" loading=\"lazy\" width=\"512\" height=\"512\" src=\"https:\/\/rebub.u-bordeaux.fr\/wp-content\/uploads\/2024\/04\/nouvelles-idees-en-cours.png\" alt=\"\" class=\"wp-image-19897\" srcset=\"https:\/\/rebub.u-bordeaux.fr\/wp-content\/uploads\/2024\/04\/nouvelles-idees-en-cours.png 512w, https:\/\/rebub.u-bordeaux.fr\/wp-content\/uploads\/2024\/04\/nouvelles-idees-en-cours-300x300.png 300w, https:\/\/rebub.u-bordeaux.fr\/wp-content\/uploads\/2024\/04\/nouvelles-idees-en-cours-150x150.png 150w\" sizes=\"(max-width: 512px) 100vw, 512px\" \/><\/figure>\n<\/div>\n\n\n\n<div class=\"is-layout-flow wp-block-column is-vertically-aligned-center\" style=\"flex-basis:85%\">\n<p><strong>Avantages<\/strong> :<\/p>\n\n\n\n<ul>\n<li>Dans Babord+, pour ces num\u00e9ros, la recherche est possible par sujets.<\/li>\n\n\n\n<li>Dans Babord+, le document peut \u00eatre cherch\u00e9 via la notice de p\u00e9riodique ou via la notice du num\u00e9ro isol\u00e9. Dans les deux cas, l\u2019exemplaire visible se met \u00e0 jour en temps r\u00e9el sous les deux notices. Il est r\u00e9servable selon les r\u00e8gles de pr\u00eat associ\u00e9es \u00e0 sa localisation.<\/li>\n\n\n\n<li>Dans Alma, pas besoin d\u2019utiliser un exemplaire fictif.<\/li>\n<\/ul>\n<\/div>\n<\/div>\n\n\n\n<div class=\"is-layout-constrained wp-block-group bord-bloc-reutilisable\"><div class=\"wp-block-group__inner-container\">\n<div class=\"is-layout-flex wp-container-6 wp-block-columns alignfull bord-bloc-reutilisable has-background\" style=\"background-color:#ff303047\">\n<div class=\"is-layout-flow wp-block-column is-vertically-aligned-center\" style=\"flex-basis:7%\">\n<figure class=\"wp-block-image alignfull size-full\"><img decoding=\"async\" loading=\"lazy\" width=\"512\" height=\"512\" src=\"https:\/\/rebub.u-bordeaux.fr\/wp-content\/uploads\/2024\/04\/point-dexclamation.png\" alt=\"\" class=\"wp-image-19898\" srcset=\"https:\/\/rebub.u-bordeaux.fr\/wp-content\/uploads\/2024\/04\/point-dexclamation.png 512w, https:\/\/rebub.u-bordeaux.fr\/wp-content\/uploads\/2024\/04\/point-dexclamation-300x300.png 300w, https:\/\/rebub.u-bordeaux.fr\/wp-content\/uploads\/2024\/04\/point-dexclamation-150x150.png 150w\" sizes=\"(max-width: 512px) 100vw, 512px\" \/><\/figure>\n<\/div>\n\n\n\n<div class=\"is-layout-flow wp-block-column is-vertically-aligned-center\" style=\"flex-basis:85%\">\n<p><strong>Attention !<\/strong> <\/p>\n\n\n\n<ul>\n<li>Le lien entre les notices n\u00e9cessite un traitement automatique qui d\u00e9marre tous les jours \u00e0 23h00. Le lien ne sera visible que le lendemain.<\/li>\n\n\n\n<li>Dans Alma&nbsp;: pour que le traitement soit correct, cette proc\u00e9dure comprend plusieurs \u00e9tapes. Pensez \u00e0 v\u00e9rifier l\u2019affichage dans Babord+.<\/li>\n\n\n\n<li>Dans Alma\u00a0: La pr\u00e9sence du lien entre les notices ne g\u00e9n\u00e8re pas d\u2019alerte en cas de suppression de l\u2019exemplaire. <\/li>\n\n\n\n<li>Chaque biblioth\u00e8que doit imp\u00e9rativement cr\u00e9er sa propre 461 car en cas de d\u00e9localisation d\u2019une des biblioth\u00e8que le lien est ainsi pr\u00e9serv\u00e9.<\/li>\n<\/ul>\n<\/div>\n<\/div>\n<\/div><\/div>\n\n\n\n<h2 id=\"stoc-dans-le-sudoc\" class=\"wpig-heading\">Dans le Sudoc : <\/h2>\n\n\n\n<p>Se localiser sous la notice de la monographie.<\/p>\n\n\n\n<p>La notice d\u2019un NT doit comporter deux zones sp\u00e9cifiques&nbsp;:<\/p>\n\n\n\n<ul>\n<li>Une zone 305 du type&nbsp;: ##\u200e$aNum\u00e9ro de : \u00ab&nbsp;Probl\u00e8mes politiques et sociaux&nbsp;\u00bb, ISSN 0015-9743, (2010) n\u00b0975<\/li>\n\n\n\n<li>Une zone 461 avec un lien vers la notice du p\u00e9riodique&nbsp;: ##<a href=\"pica3:\/\/nacarat.sudoc.abes.fr:1040-1055,1,262836\/?\\zoe+\\12+|001012614|\">\u200e$0001012614<\/a>@Probl\u00e8mes politiques et sociaux. Articles et documents d\u2019actualit\u00e9 mondiale, ISSN 0015-9743\u200e$v975<\/li>\n<\/ul>\n\n\n\n<p>Se localiser sous la notice du p\u00e9riodique et faire un \u00e9tat de collection.<\/p>\n\n\n\n<h2 id=\"stoc-dans-alma\" class=\"wpig-heading\">Dans Alma :<\/h2>\n\n\n\n<p>Faire la recherche des PPN correspondants. Si besoin importer la ou les notices via la recherche de ressource externe &gt; choix du profil d\u2019import \u00ab&nbsp;SUDOC \u2013 Unimarc&nbsp;\u00bb<\/p>\n\n\n\n<h3 id=\"stoc-sous-la-notice-de-periodique\" class=\"wpig-heading\">Sous la notice de p\u00e9riodique :<\/h3>\n\n\n\n<ul>\n<li>Si besoin cr\u00e9er la notice de fonds<\/li>\n\n\n\n<li>Dans la notice d\u2019exemplaire&nbsp;: le type de mat\u00e9riel = fascicule, remplir les donn\u00e9es de num\u00e9rotation et g\u00e9n\u00e9rer le champs \u00ab&nbsp;description&nbsp;\u00bb<\/li>\n\n\n\n<li>Si chaque NT a une cote diff\u00e9rente pour une m\u00eame localisation, la cote pr\u00e9cise peut \u00eatre ajout\u00e9e dans la partie \u00ab&nbsp;information sur la localisation&nbsp;\u00bb de la notice d\u2019exemplaire.<\/li>\n<\/ul>\n\n\n\n<figure class=\"wp-block-image size-large\"><img decoding=\"async\" loading=\"lazy\" width=\"1024\" height=\"555\" src=\"https:\/\/rebub.u-bordeaux.fr\/wp-content\/uploads\/2020\/03\/Donnees_Exemplaires_Periodique-1024x555.png\" alt=\"\" class=\"wp-image-8426\" srcset=\"https:\/\/rebub.u-bordeaux.fr\/wp-content\/uploads\/2020\/03\/Donnees_Exemplaires_Periodique-1024x555.png 1024w, https:\/\/rebub.u-bordeaux.fr\/wp-content\/uploads\/2020\/03\/Donnees_Exemplaires_Periodique-300x163.png 300w, https:\/\/rebub.u-bordeaux.fr\/wp-content\/uploads\/2020\/03\/Donnees_Exemplaires_Periodique-768x417.png 768w, https:\/\/rebub.u-bordeaux.fr\/wp-content\/uploads\/2020\/03\/Donnees_Exemplaires_Periodique.png 1156w\" sizes=\"(max-width: 1024px) 100vw, 1024px\" \/><\/figure>\n\n\n\n<h3 id=\"stoc-sous-la-notice-de-monographie\" class=\"wpig-heading\">Sous la notice de monographie&nbsp;:<\/h3>\n\n\n\n<ul>\n<li>Ouvrir la notice en modification dans l\u2019\u00e9diteur de m\u00e9tadonn\u00e9es.\n<ul>\n<li>Modifier la zone 461 en ajoutant si besoin&nbsp;:<ul><li>$$v no: (num\u00e9ro = num\u00e9rotation A de l\u2019exemplaire)<\/li><\/ul><ul><li>$$v yr: (ann\u00e9e = chronologie I de l\u2019exemplaire)<\/li><\/ul>\n<ul>\n<li>$$5 33PUDB en fin de zone, afin de prot\u00e9ger la zone lors des mises \u00e0 jour de la notice.<\/li>\n<\/ul>\n<\/li>\n<\/ul>\n<\/li>\n\n\n\n<li>Enregistrer<\/li>\n<\/ul>\n\n\n\n<figure class=\"wp-block-image size-large\"><img decoding=\"async\" loading=\"lazy\" width=\"1024\" height=\"510\" src=\"https:\/\/rebub.u-bordeaux.fr\/wp-content\/uploads\/2020\/03\/Notice-1024x510.png\" alt=\"\" class=\"wp-image-8419\" srcset=\"https:\/\/rebub.u-bordeaux.fr\/wp-content\/uploads\/2020\/03\/Notice-1024x510.png 1024w, https:\/\/rebub.u-bordeaux.fr\/wp-content\/uploads\/2020\/03\/Notice-300x149.png 300w, https:\/\/rebub.u-bordeaux.fr\/wp-content\/uploads\/2020\/03\/Notice-768x382.png 768w, https:\/\/rebub.u-bordeaux.fr\/wp-content\/uploads\/2020\/03\/Notice-1536x764.png 1536w, https:\/\/rebub.u-bordeaux.fr\/wp-content\/uploads\/2020\/03\/Notice.png 1658w\" sizes=\"(max-width: 1024px) 100vw, 1024px\" \/><\/figure>\n\n\n\n<div class=\"is-layout-constrained wp-block-group bord-bloc-reutilisable\"><div class=\"wp-block-group__inner-container\">\n<div class=\"is-layout-flex wp-container-10 wp-block-columns alignfull bord-bloc-reutilisable has-background\" style=\"background-color:#ff303047\">\n<div class=\"is-layout-flow wp-block-column is-vertically-aligned-center\" style=\"flex-basis:7%\">\n<figure class=\"wp-block-image alignfull size-full\"><img decoding=\"async\" loading=\"lazy\" width=\"512\" height=\"512\" src=\"https:\/\/rebub.u-bordeaux.fr\/wp-content\/uploads\/2024\/04\/point-dexclamation.png\" alt=\"\" class=\"wp-image-19898\" srcset=\"https:\/\/rebub.u-bordeaux.fr\/wp-content\/uploads\/2024\/04\/point-dexclamation.png 512w, https:\/\/rebub.u-bordeaux.fr\/wp-content\/uploads\/2024\/04\/point-dexclamation-300x300.png 300w, https:\/\/rebub.u-bordeaux.fr\/wp-content\/uploads\/2024\/04\/point-dexclamation-150x150.png 150w\" sizes=\"(max-width: 512px) 100vw, 512px\" \/><\/figure>\n<\/div>\n\n\n\n<div class=\"is-layout-flow wp-block-column is-vertically-aligned-center\" style=\"flex-basis:85%\">\n<p><strong>Attention !<\/strong> Si malencontreusement des modifications chronologiques, de num\u00e9rotations ou de descriptions sont effectu\u00e9es dans la notice d\u2019exemplaire le $$v n\u2019est plus valable et le lien est perdu entre la notice bibliographique et la notice de p\u00e9riodique. <\/p>\n\n\n\n<p>Si certains p\u00e9riodiques sont sujets \u00e0 ce type de modifications r\u00e9guli\u00e8res, vous pouvez mettre plut\u00f4t le code-barre ($$v no&nbsp;:code-barre)<\/p>\n<\/div>\n<\/div>\n<\/div><\/div>\n\n\n\n<p>Cr\u00e9er une notice de fonds et la masquer \u00e0 la d\u00e9couverte.<\/p>\n\n\n\n<p>Dans l\u2019\u00e9diteur de m\u00e9tadonn\u00e9es &gt; Actions de la notice &gt; Supprimer de la d\u00e9couverte<\/p>\n\n\n\n<p>Pas besoin de faire d\u2019exemplaire.<\/p>\n\n\n\n<p>Le lendemain, v\u00e9rifier que le lien s\u2019est construit entre les deux notices. Sous la notice de monographie, la notice de fonds masqu\u00e9e doit \u00eatre accompagn\u00e9e d\u2019une autre notice de fonds avec un chainon \u00ab\u00a0associ\u00e9\u00a0\u00bb.<\/p>\n\n\n<div class=\"wp-block-image\">\n<figure class=\"aligncenter size-large\"><img decoding=\"async\" loading=\"lazy\" width=\"1024\" height=\"177\" src=\"https:\/\/rebub.u-bordeaux.fr\/wp-content\/uploads\/2025\/01\/resultatsliage-1024x177.png\" alt=\"\" class=\"wp-image-23081\" srcset=\"https:\/\/rebub.u-bordeaux.fr\/wp-content\/uploads\/2025\/01\/resultatsliage-1024x177.png 1024w, https:\/\/rebub.u-bordeaux.fr\/wp-content\/uploads\/2025\/01\/resultatsliage-300x52.png 300w, https:\/\/rebub.u-bordeaux.fr\/wp-content\/uploads\/2025\/01\/resultatsliage-768x133.png 768w, https:\/\/rebub.u-bordeaux.fr\/wp-content\/uploads\/2025\/01\/resultatsliage.png 1491w\" sizes=\"(max-width: 1024px) 100vw, 1024px\" \/><\/figure><\/div>\n\n\n<p>Le lien est visible dans la notice de la monographie et dans la notice du p\u00e9riodique, \u00e0 tous les niveaux.<\/p>\n\n\n<div class=\"wp-block-image\">\n<figure class=\"aligncenter size-large\"><img decoding=\"async\" loading=\"lazy\" width=\"1024\" height=\"363\" src=\"https:\/\/rebub.u-bordeaux.fr\/wp-content\/uploads\/2025\/01\/affichagenoticeliee-1024x363.png\" alt=\"\" class=\"wp-image-23082\" srcset=\"https:\/\/rebub.u-bordeaux.fr\/wp-content\/uploads\/2025\/01\/affichagenoticeliee-1024x363.png 1024w, https:\/\/rebub.u-bordeaux.fr\/wp-content\/uploads\/2025\/01\/affichagenoticeliee-300x106.png 300w, https:\/\/rebub.u-bordeaux.fr\/wp-content\/uploads\/2025\/01\/affichagenoticeliee-768x272.png 768w, https:\/\/rebub.u-bordeaux.fr\/wp-content\/uploads\/2025\/01\/affichagenoticeliee-1536x544.png 1536w, https:\/\/rebub.u-bordeaux.fr\/wp-content\/uploads\/2025\/01\/affichagenoticeliee.png 1626w\" sizes=\"(max-width: 1024px) 100vw, 1024px\" \/><\/figure><\/div>\n\n\n<figure class=\"wp-block-image size-large\"><img decoding=\"async\" loading=\"lazy\" width=\"1024\" height=\"146\" src=\"https:\/\/rebub.u-bordeaux.fr\/wp-content\/uploads\/2025\/01\/holdingliee-1024x146.png\" alt=\"\" class=\"wp-image-23083\" srcset=\"https:\/\/rebub.u-bordeaux.fr\/wp-content\/uploads\/2025\/01\/holdingliee-1024x146.png 1024w, https:\/\/rebub.u-bordeaux.fr\/wp-content\/uploads\/2025\/01\/holdingliee-300x43.png 300w, https:\/\/rebub.u-bordeaux.fr\/wp-content\/uploads\/2025\/01\/holdingliee-768x110.png 768w, https:\/\/rebub.u-bordeaux.fr\/wp-content\/uploads\/2025\/01\/holdingliee.png 1100w\" sizes=\"(max-width: 1024px) 100vw, 1024px\" \/><\/figure>\n\n\n\n<figure class=\"wp-block-image size-large\"><img decoding=\"async\" loading=\"lazy\" width=\"1024\" height=\"288\" src=\"https:\/\/rebub.u-bordeaux.fr\/wp-content\/uploads\/2025\/01\/exemplaireslies-1024x288.png\" alt=\"\" class=\"wp-image-23084\" srcset=\"https:\/\/rebub.u-bordeaux.fr\/wp-content\/uploads\/2025\/01\/exemplaireslies-1024x288.png 1024w, https:\/\/rebub.u-bordeaux.fr\/wp-content\/uploads\/2025\/01\/exemplaireslies-300x84.png 300w, https:\/\/rebub.u-bordeaux.fr\/wp-content\/uploads\/2025\/01\/exemplaireslies-768x216.png 768w, https:\/\/rebub.u-bordeaux.fr\/wp-content\/uploads\/2025\/01\/exemplaireslies.png 1053w\" sizes=\"(max-width: 1024px) 100vw, 1024px\" \/><\/figure>\n\n\n\n<h2 id=\"stoc-supprimer-un-numero-thematique\" class=\"wpig-heading\">Supprimer un num\u00e9ro th\u00e9matique&nbsp;:<\/h2>\n\n\n\n<p>Avant de d\u00e9sherber un document, pensez \u00e0 v\u00e9rifier dans l\u2019onglet \u00ab&nbsp;Autres d\u00e9tails&nbsp;\u00bb qu\u2019il n\u2019y a pas de notices li\u00e9es. Si c\u2019est le cas, il faudra supprimer la notice de fonds masqu\u00e9e sous la notice de monographie et l\u2019exemplaire sous la notice de p\u00e9riodique.<\/p>\n\n\n\n<p>Le cas \u00e9ch\u00e9ant, supprimer la notice bibliographique et faire la suppression de la localisation dans le Sudoc. Penser \u00e0 mettre \u00e0 jour l\u2019\u00e9tat de collection du p\u00e9riodique.<\/p>\n\n\n\n<div class=\"is-layout-flex wp-container-14 wp-block-columns bord-bloc-reutilisable has-background\" style=\"background-color:#ffeec2\">\n<div class=\"is-layout-flow wp-block-column is-vertically-aligned-center\" style=\"flex-basis:7%\">\n<figure class=\"wp-block-image alignfull size-full is-style-default\"><img decoding=\"async\" loading=\"lazy\" width=\"512\" height=\"512\" src=\"https:\/\/rebub.u-bordeaux.fr\/wp-content\/uploads\/2024\/04\/nouvelles-idees-en-cours.png\" alt=\"\" class=\"wp-image-19897\" srcset=\"https:\/\/rebub.u-bordeaux.fr\/wp-content\/uploads\/2024\/04\/nouvelles-idees-en-cours.png 512w, https:\/\/rebub.u-bordeaux.fr\/wp-content\/uploads\/2024\/04\/nouvelles-idees-en-cours-300x300.png 300w, https:\/\/rebub.u-bordeaux.fr\/wp-content\/uploads\/2024\/04\/nouvelles-idees-en-cours-150x150.png 150w\" sizes=\"(max-width: 512px) 100vw, 512px\" \/><\/figure>\n<\/div>\n\n\n\n<div class=\"is-layout-flow wp-block-column is-vertically-aligned-center\" style=\"flex-basis:85%\">\n<p>Le SCOOP peut vous accompagner pour la reprise ou le traitement des num\u00e9ros th\u00e9matiques en masse dans Alma. Retrouver toutes les informations n\u00e9cessaires sur la <a href=\"http:\/\/rebub.u-bordeaux.fr\/index.php\/le-scoop\/nos-services\/faire-une-demande-de-creation-en-masse-de-recueils-factices\/\" data-type=\"URL\" data-id=\"http:\/\/rebub.u-bordeaux.fr\/index.php\/le-scoop\/nos-services\/faire-une-demande-de-creation-en-masse-de-recueils-factices\/\">page d\u00e9di\u00e9e <\/a>!<\/p>\n<\/div>\n<\/div>\n\n\n\n<div class=\"is-layout-flex wp-container-20 wp-block-columns bord-bloc-reutilisable has-background\" style=\"background-color:#d9edf7\">\n<div class=\"is-layout-flow wp-block-column is-vertically-aligned-center\" style=\"font-size:15px;flex-basis:20%\">\n<p style=\"font-size:15px\"><strong>Date de publication<\/strong> <\/p>\n\n\n<div style=\"font-size:15px;\" class=\"wp-block-post-date\"><time datetime=\"2024-06-07T15:41:55+02:00\">7 juin 2024<\/time><\/div><\/div>\n\n\n\n<div class=\"is-layout-flow wp-block-column is-vertically-aligned-center\" style=\"font-size:15px;flex-basis:20%\">\n<p><strong>Mis \u00e0 jour le <\/strong><\/p>\n\n\n<div style=\"font-size:15px;\" class=\"wp-block-post-date\"><time datetime=\"2025-01-31T10:51:55+01:00\">31 janvier 2025<\/time><\/div><\/div>\n\n\n\n<div class=\"is-layout-flow wp-block-column is-vertically-aligned-center\" style=\"font-size:15px;flex-basis:40%\">\n<p><\/p>\n\n\n\n<p><strong>Attention ! <\/strong>Certains \u00e9tablissements utilisent parfois de proc\u00e9dures compl\u00e9mentaires <\/p>\n<\/div>\n\n\n\n<div class=\"is-layout-flow wp-block-column is-vertically-aligned-center\" style=\"font-size:15px;flex-basis:25%\">\n<div class=\"is-horizontal is-content-justification-center is-layout-flex wp-container-18 wp-block-buttons alignfull has-custom-font-size\" style=\"font-size:16px\">\n<div class=\"wp-block-button has-custom-width wp-block-button__width-75 has-custom-font-size is-style-fill\" style=\"font-size:15px\"><a class=\"wp-block-button__link has-white-color has-text-color has-background wp-element-button\" href=\"mailto:scoop@u-bordeaux.fr\" style=\"border-radius:65px;background-color:#000000db\"><strong>Signaler une erreur<\/strong><\/a><\/div>\n<\/div>\n<\/div>\n<\/div>\n","protected":false},"excerpt":{"rendered":"<p>Table des mati\u00e8res[ Show ]Dans le Sudoc : Dans Alma :Sous la notice de p\u00e9riodique :Sous la notice de monographie&nbsp;:Supprimer un num\u00e9ro th\u00e9matique&nbsp;:Proc\u00e9dure pour signaler un num\u00e9ro de p\u00e9riodique comme une monographie. Int\u00e9ressant dans les cas o\u00f9 la biblioth\u00e8que ach\u00e8te&#8230;<\/p>\n","protected":false},"author":82,"featured_media":0,"parent":18540,"menu_order":7,"comment_status":"closed","ping_status":"closed","template":"","meta":[],"post_mailing_queue_ids":[],"_links":{"self":[{"href":"http:\/\/rebub.u-bordeaux.fr\/index.php\/wp-json\/wp\/v2\/pages\/21368"}],"collection":[{"href":"http:\/\/rebub.u-bordeaux.fr\/index.php\/wp-json\/wp\/v2\/pages"}],"about":[{"href":"http:\/\/rebub.u-bordeaux.fr\/index.php\/wp-json\/wp\/v2\/types\/page"}],"author":[{"embeddable":true,"href":"http:\/\/rebub.u-bordeaux.fr\/index.php\/wp-json\/wp\/v2\/users\/82"}],"replies":[{"embeddable":true,"href":"http:\/\/rebub.u-bordeaux.fr\/index.php\/wp-json\/wp\/v2\/comments?post=21368"}],"version-history":[{"count":8,"href":"http:\/\/rebub.u-bordeaux.fr\/index.php\/wp-json\/wp\/v2\/pages\/21368\/revisions"}],"predecessor-version":[{"id":23085,"href":"http:\/\/rebub.u-bordeaux.fr\/index.php\/wp-json\/wp\/v2\/pages\/21368\/revisions\/23085"}],"up":[{"embeddable":true,"href":"http:\/\/rebub.u-bordeaux.fr\/index.php\/wp-json\/wp\/v2\/pages\/18540"}],"wp:attachment":[{"href":"http:\/\/rebub.u-bordeaux.fr\/index.php\/wp-json\/wp\/v2\/media?parent=21368"}],"curies":[{"name":"wp","href":"https:\/\/api.w.org\/{rel}","templated":true}]}}