	{"id":21520,"date":"2024-07-11T11:57:57","date_gmt":"2024-07-11T09:57:57","guid":{"rendered":"https:\/\/rebub.u-bordeaux.fr\/?page_id=21520"},"modified":"2024-07-11T11:59:12","modified_gmt":"2024-07-11T09:59:12","slug":"suppression-des-comptes-en-attente","status":"publish","type":"page","link":"http:\/\/rebub.u-bordeaux.fr\/index.php\/alma\/configuration-administration\/services-aux-usagers\/gestion-des-lecteurs\/suppression-des-comptes-en-attente\/","title":{"rendered":"Suppression des comptes en attente"},"content":{"rendered":"<div id='wpig-floatingbar' class='wpig-floatingbar'><div id='wpig-switch-wrapper' class='wpig-switch-wrapper'><span id='wpig-floating-switch' class='wpig-floating-switch'><img src='http:\/\/rebub.u-bordeaux.fr\/wp-content\/plugins\/sticky-toc-advance-table-of-contents\/\\assets\\menu.png'><\/span><\/div><\/div><p><\/p>\n<p>Les comptes d\u2019attente servent \u00e0 d\u00e9panner les lecteurs institutionnels dont le compte n\u2019est pas encore pr\u00e9sent dans Alma. Pour cr\u00e9er ce type de compte provisoire, il faut suivre la <a href=\"http:\/\/rebub.u-bordeaux.fr\/index.php\/alma\/procedures\/services-aux-usagers\/gestion-des-lecteurs\/creer-un-compte-lecteur-dattente\/\" data-type=\"URL\" data-id=\"http:\/\/rebub.u-bordeaux.fr\/index.php\/alma\/procedures\/services-aux-usagers\/gestion-des-lecteurs\/creer-un-compte-lecteur-dattente\/\">d\u00e9marche suivante<\/a>. UBM et les INSPE utilisent plus particuli\u00e8rement les comptes en attente. <\/p>\n\n\n\n<p>La suppression de ces comptes n&rsquo;est pas forc\u00e9ment suivie par ceux qui les ont cr\u00e9\u00e9, c&rsquo;est pour \u00e7a qu&rsquo;il est n\u00e9cessaire de les nettoyer, <a href=\"http:\/\/rebub.u-bordeaux.fr\/index.php\/alma\/configuration-administration\/exploitation\/generalites\/calendrier-dexploitation-des-donnees\/\" data-type=\"URL\" data-id=\"http:\/\/rebub.u-bordeaux.fr\/index.php\/alma\/configuration-administration\/exploitation\/generalites\/calendrier-dexploitation-des-donnees\/\">en juin<\/a> et \u00e0 d&rsquo;autres moments de l&rsquo;ann\u00e9e si besoin.<\/p>\n\n\n\n<p>Dans Analytics, dans <em>Dossiers partag\u00e9s\/Bordeaux NZ 33PUDB_NETWORK\/prod\/Technique\/Gestion des lecteurs\/Les comptes en attente<\/em>, un tableau de bord liste les comptes en attente et le statut des pr\u00eats de de ces comptes. <\/p>\n\n\n\n<p>Parmi ceux qui n&rsquo;ont <strong>pas de pr\u00eats en cours<\/strong> (dans l&rsquo;analyse des <em>Pr\u00eats en cours<\/em>, cela correspond aux comptes qui n&rsquo;ont pas de <em>Statut de pr\u00eat<\/em> \u00ab\u00a0En cours\u00a0\u00bb) peuvent \u00eatre supprim\u00e9s les comptes :<\/p>\n\n\n\n<ul>\n<li>Au <em>Statut<\/em> : \u00ab\u00a0Inactive\u00a0\u00bb (utiliser le filtre pour les isoler) <\/li>\n\n\n\n<li>OU au <em>Groupe utilisateur<\/em> : \u00ab\u00a0Compte \u00e0 supprimer\u00a0\u00bb (en rouge) <\/li>\n\n\n\n<li>OU qui ont \u00e9t\u00e9 supprim\u00e9s de leur institution d&rsquo;origine mais existent encore dans les autres institutions<\/li>\n\n\n\n<li>OU qui existent dans les fichiers de chargement des lecteurs (utiliser FileZilla) <\/li>\n<\/ul>\n\n\n\n<p>Pour les autres cas ou en cas de doute demander \u00e0 la personne qui a cr\u00e9\u00e9 et\/ou modifi\u00e9 le compte en attente. <\/p>\n\n\n\n<p>Pour supprimer le compte, vous pouvez utiliser <a href=\"https:\/\/scoop.u-bordeaux.fr\/lecteurs\/recherche-lecteur\" data-type=\"URL\" data-id=\"https:\/\/scoop.u-bordeaux.fr\/lecteurs\/recherche-lecteur\">cet outil<\/a>, il permet de v\u00e9rifier la pr\u00e9sence du comptes dans les autres institutions (parfois le compte est \u00ab\u00a0interne\u00a0\u00bb et \u00ab\u00a0en attente\u00a0\u00bb seulement dans une institution) et de v\u00e9rifier une derni\u00e8re fois que le compte n&rsquo;a pas de pr\u00eats en cours.<\/p>\n","protected":false},"excerpt":{"rendered":"<p>Les comptes d\u2019attente servent \u00e0 d\u00e9panner les lecteurs institutionnels dont le compte n\u2019est pas encore pr\u00e9sent dans Alma. Pour cr\u00e9er ce type de compte provisoire, il faut suivre la d\u00e9marche suivante. UBM et les INSPE utilisent plus particuli\u00e8rement les comptes&#8230;<\/p>\n","protected":false},"author":81,"featured_media":0,"parent":18750,"menu_order":8,"comment_status":"closed","ping_status":"closed","template":"","meta":[],"post_mailing_queue_ids":[],"_links":{"self":[{"href":"http:\/\/rebub.u-bordeaux.fr\/index.php\/wp-json\/wp\/v2\/pages\/21520"}],"collection":[{"href":"http:\/\/rebub.u-bordeaux.fr\/index.php\/wp-json\/wp\/v2\/pages"}],"about":[{"href":"http:\/\/rebub.u-bordeaux.fr\/index.php\/wp-json\/wp\/v2\/types\/page"}],"author":[{"embeddable":true,"href":"http:\/\/rebub.u-bordeaux.fr\/index.php\/wp-json\/wp\/v2\/users\/81"}],"replies":[{"embeddable":true,"href":"http:\/\/rebub.u-bordeaux.fr\/index.php\/wp-json\/wp\/v2\/comments?post=21520"}],"version-history":[{"count":5,"href":"http:\/\/rebub.u-bordeaux.fr\/index.php\/wp-json\/wp\/v2\/pages\/21520\/revisions"}],"predecessor-version":[{"id":22203,"href":"http:\/\/rebub.u-bordeaux.fr\/index.php\/wp-json\/wp\/v2\/pages\/21520\/revisions\/22203"}],"up":[{"embeddable":true,"href":"http:\/\/rebub.u-bordeaux.fr\/index.php\/wp-json\/wp\/v2\/pages\/18750"}],"wp:attachment":[{"href":"http:\/\/rebub.u-bordeaux.fr\/index.php\/wp-json\/wp\/v2\/media?parent=21520"}],"curies":[{"name":"wp","href":"https:\/\/api.w.org\/{rel}","templated":true}]}}