	{"id":22260,"date":"2024-07-16T15:57:32","date_gmt":"2024-07-16T13:57:32","guid":{"rendered":"https:\/\/rebub.u-bordeaux.fr\/?page_id=22260"},"modified":"2024-07-18T10:03:40","modified_gmt":"2024-07-18T08:03:40","slug":"liste-des-taches-de-mise-a-jour-de-la-zone-de-communaute","status":"publish","type":"page","link":"http:\/\/rebub.u-bordeaux.fr\/index.php\/alma\/procedures\/documentation-electronique\/controles\/liste-des-taches-de-mise-a-jour-de-la-zone-de-communaute\/","title":{"rendered":"Liste des t\u00e2ches de mise \u00e0 jour de la Zone de Communaut\u00e9"},"content":{"rendered":"<div id='wpig-floatingbar' class='wpig-floatingbar'><div id='wpig-switch-wrapper' class='wpig-switch-wrapper'><span id='wpig-floating-switch' class='wpig-floating-switch'><img src='http:\/\/rebub.u-bordeaux.fr\/wp-content\/plugins\/sticky-toc-advance-table-of-contents\/\\assets\\menu.png'><\/span><\/div><\/div><p><\/p>\n<p>La <em>Liste des t\u00e2ches de mise \u00e0 jour de la Zone de Communaut\u00e9<\/em> est un menu de gestion de la documentation \u00e9lectronique <em>(Ressources \/ G\u00e9rer l&rsquo;inventaire : Liste des t\u00e2ches de mise \u00e0 jour de la Zone de Communaut\u00e9)<\/em><\/p>\n\n\n\n<p>\u00c0 l&rsquo;ouverture de ce menu sont affich\u00e9es les derni\u00e8res modifications de la documentation \u00e9lectronique dans la CZ. Ces modifications sont tri\u00e9es par <em>Type de rapport<\/em> (voir le dernier tableau). Ces types correspondent aux diff\u00e9rentes modifications possibles dans la CZ de la documentation \u00e9lectronique comme par exemple la suppression d\u2019une collection \u00e9lectronique.<\/p>\n\n\n\n<p>Le menu <em>Liste des t\u00e2ches de mise \u00e0 jour de la Zone de Communaut\u00e9<\/em> propose deux onglets. L\u2019onglet <em>R\u00e9viser<\/em> est un onglet de gestion, il permet de cocher les lignes, puis de les supprimer (il est aussi possible de supprimer une ligne en cliquant sur <em>Plus d\u2019actions<\/em> puis <em>Rejeter<\/em>). N\u00e9anmoins, quelques soient les suppression effectu\u00e9es sous l&rsquo;onglet <em>R\u00e9viser<\/em>, toutes les t\u00e2ches apparaitront sous l&rsquo;onglet <em>Tout<\/em>. <\/p>\n\n\n\n<p>Au niveau de chaque ligne, le bouton <em>Plus d&rsquo;action<\/em> permet d&rsquo;aller modifier directement la collection, le service et\/ou le portfolio selon les situations. <\/p>\n\n\n\n<p>Les deux tableaux suivants pr\u00e9sentent les informations disponibles et les possibilit\u00e9s de recherche et de filtres du menu : <\/p>\n\n\n\n<p><span style=\"background-color: #38B6FF5C;\">Le calendrier<\/span><\/p>\n\n\n\n<p><span style=\"background-color: #ffeec2\">Les champs de recherche<\/span><\/p>\n\n\n\n<p><span style=\"background-color: #F88888;\">Les filtres possibles<\/span> (un dernier filtre \u201cService \u00e9lectronique\u00a0\u00bb permet de trier sur \u00ab\u00a0tout\u00a0\u00bb, \u00ab\u00a0auto-activ\u00e9\u00a0\u00bb ou \u00ab\u00a0non auto-activ\u00e9\u201d)<\/p>\n\n\n\n<figure class=\"wp-block-table\"><table><thead><tr><th><\/th><th><span style=\"background-color: #F88888;\">Type de rapport<\/span><\/th><th><span style=\"background-color: #ffeec2\">Nom de la collection \u00e9lectronique<\/span><\/th><th><span style=\"background-color: #ffeec2\">Titre<\/span><\/th><th><span style=\"background-color: #ffeec2\">Identifiant<\/span><\/th><th><span style=\"background-color: #38B6FF5C\">Date de soumission<\/span><\/th><th>Avant modification<\/th><th>Apr\u00e8s modification<\/th><th><span style=\"background-color: #F88888;\">Information locale<\/span><\/th><\/tr><\/thead><tbody><tr><td>Exemple<\/td><td>Collections \u00e9lectroniques supprim\u00e9es<\/td><td>Europresse<\/td><td>100 mots du marathon<\/td><td>1190-9110<\/td><td>15\/07\/2024 08:23:59 CEST<\/td><td>Disponible depuis 2020.<\/td><td>Disponible depuis 2020 jusqu&rsquo;\u00e0 2022.<\/td><td>Disponible depuis 1998 volume: 78 fascicule : 1.<\/td><\/tr><tr><td>Commentaire<\/td><td>Les diff\u00e9rents types de rapports sont pr\u00e9sent\u00e9s en bas de l\u2019article<\/td><td><\/td><td>Titre du portfolio<\/td><td>ISBN ou ISSN du titre<\/td><td>Date de la mise \u00e0 jour<\/td><td>\u00c9tat du champs de donn\u00e9es avant modification <\/td><td>\u00c9tat du champs de donn\u00e9es apr\u00e8s modification <\/td><td>Valeurs saisies localement pour le champs modifi\u00e9<\/td><\/tr><\/tbody><\/table><\/figure>\n\n\n\n<p>Autres informations qu\u2019il est possible d\u2019afficher en utilisant la roue crant\u00e9e<\/p>\n\n\n\n<figure class=\"wp-block-table\"><table><thead><tr><th><\/th><th><span style=\"background-color: #ffeec2\">Identifiant de ressource<\/span><\/th><th><span style=\"background-color: #F88888;\">Type de ressource<\/span><\/th><th><span style=\"background-color: #ffeec2\">Identifiant MMS<\/span><\/th><th><span style=\"background-color: #F88888;\">Gratuit<\/span><\/th><th><span style=\"background-color: #F88888;\">Type de collection<\/span><\/th><th><span style=\"background-color: #F88888;\">Type de contenu de collection<\/span><\/th><th><span style=\"background-color: #F88888;\">Nom de la biblioth\u00e8que<\/span><\/th><th><span style=\"background-color: #F88888;\">Commandes<\/span><\/th><\/tr><\/thead><tbody><tr><td>Exemple<\/td><td>6191334380004671<\/td><td>Collection \u00e9lectronique<\/td><td>991010682526604671<\/td><td>Non<\/td><td>Bouquet s\u00e9lectif<\/td><td>Journal<\/td><td>Biblioth\u00e8que \u00e9lectronique<\/td><td>0<\/td><\/tr><tr><td>Commentaire<\/td><td><\/td><td>Service \u00e9lectronique, portfolio \u00e9lectronique ou collection \u00e9lectronique<\/td><td><\/td><td>Oui ou non <\/td><td>Bouquet s\u00e9lectif, bouquet agr\u00e9gateur ou base de donn\u00e9es<\/td><td>Type de documents : Journal, Book, Mixed, Database, etc.<\/td><td><\/td><td><\/td><\/tr><\/tbody><\/table><\/figure>\n\n\n\n<p>Dans la NZ, une colonne suppl\u00e9mentaire existe \u201cDisponible pour\u201d, elle nous indique les institutions pour qui la ressource existe.<\/p>\n\n\n\n<p>Le tableau suivant pr\u00e9sente, via des exemples de changements, les diff\u00e9rents types de rapport. <\/p>\n\n\n\n<p>Sous l\u2019onglet <em>Tout<\/em>, sont propos\u00e9s deux types de rapports suppl\u00e9mentaires \u00ab\u00a0Portfolio ajout\u00e9 \u00e0 un bouquet auto-activ\u00e9\u00a0\u00bb et \u00ab\u00a0Portfolio ajout\u00e9 \u00e0 un bouquet non auto-activ\u00e9\u00a0\u00bb.<\/p>\n\n\n\n<figure class=\"wp-block-table\"><table><thead><tr><th>Type de rapport<\/th><th>Ex \u201cAvant le changement\u201d<\/th><th>Ex \u201cApr\u00e8s le changement\u201d<\/th><th>Champs (\u00e0 priori) modifi\u00e9s<\/th><\/tr><\/thead><tbody><tr><td>Champ \u00ab\u00a0Liaison de texte int\u00e9gral <strong>CDI<\/strong>\u00a0\u00bb de <strong>collection \u00e9lectronique <\/strong>mis \u00e0 jour<\/td><td>Linkresolver<\/td><td>Link in record<\/td><td><em>Menu \u00c9diteur de collection \u00e9lectronique \/ Onglet CDI \/ Champs Liaison de texte int\u00e9gral CDI<\/em><\/td><\/tr><tr><td>Champ \u00ab\u00a0Droits de texte int\u00e9gral <strong>CDI<\/strong>\u00a0\u00bb de <strong>collection \u00e9lectronique<\/strong> mis \u00e0 jour<\/td><td>Subscription (Collection Level)<\/td><td>Subscription (Title Level)<\/td><td><em>Menu \u00c9diteur de collection \u00e9lectronique \/ Onglet CDI \/ Champs Droits de texte int\u00e9gral CDI<\/em><\/td><\/tr><tr><td>Champ \u00ab\u00a0Activation de recherche<strong> CDI<\/strong>\u00a0\u00bb de <strong>collection \u00e9lectronique <\/strong>mis \u00e0 jour<\/td><td>Available for CDI search activation<\/td><td>Not available for CDI search activation<\/td><td><em>Menu \u00c9diteur de collection \u00e9lectronique \/ Onglet CDI \/ Champs Statut d&rsquo;activation de recherche CD<\/em>I<\/td><\/tr><tr><td>Champ \u00ab\u00a0Droits de recherche <strong>CDI<\/strong>\u00a0\u00bb de <strong>collection \u00e9lectronique<\/strong> mis \u00e0 jour<\/td><td>Free<\/td><td>Subscription<\/td><td><em>Menu \u00c9diteur de collection \u00e9lectronique \/ Onglet CDI \/ Champs Droits de recherche CDI<\/em><\/td><\/tr><tr><td>Champ \u00ab\u00a0Type <strong>CDI<\/strong>\u00a0\u00bb de <strong>collection \u00e9lectronique <\/strong>mis \u00e0 jour<\/td><td>(vide)<\/td><td>Full Text Collection<\/td><td><em>Menu \u00c9diteur de collection \u00e9lectronique \/ Onglet CDI \/ Champs Type CDI<\/em><\/td><\/tr><tr><td>Champ &lsquo;Niveau de gestion dans la Zone de communaut\u00e9&rsquo; de la collection \u00e9lectronique mis \u00e0 jour<\/td><td>Pas d\u2019exemple<\/td><td>Pas d\u2019exemple<\/td><td>Note : indique qui s\u2019occupe de la mise \u00e0 jour de la collection \u00e9lectronique dans la KB. C&rsquo;est g\u00e9n\u00e9ralement  Exlibris mais cela peut \u00eatre n&rsquo;importe quel \u00e9tablissement qui d\u00e9cide de contribuer sa collection \u00e0 la KB.<\/td><\/tr><tr><td>Mise \u00e0 jour de la notice bibliographique de la collection \u00e9lectronique<\/td><td>Pas d\u2019exemple<\/td><td>Pas d\u2019exemple<\/td><td><\/td><\/tr><tr><td><strong>Collections \u00e9lectroniques <\/strong>supprim\u00e9es<\/td><td>(vide)<\/td><td>(vide)<\/td><td>Note : semble aussi correspondre \u00e0 des changements de Type de collection (<em>Menu \u00c9diteur de collection \u00e9lectronique \/ Onglet Information g\u00e9n\u00e9rale \/ Champs Type de collection \u00e9lectronique<\/em>)<\/td><\/tr><tr><td>Mise \u00e0 jour des param\u00e8tres de liaison de collection \u00e9lectronique<\/td><td>Pas d\u2019exemple<\/td><td>Pas d\u2019exemple<\/td><td><\/td><\/tr><tr><td>Mise \u00e0 jour des URL de base de <strong>service \u00e9lectronique<\/strong><\/td><td>url=https:\/\/onlinelibrary.wiley.com\/book\/<\/td><td>url=https:\/\/onlinelibrary.wiley.com &amp; shib=$$SHIBBOLETH &amp; u_shib=$$U_SHIBBOLETH<\/td><td><em>Menu \u00c9diteur de service \u00e9lectronique \/ Onglet Informations de lien \/ Champs Param\u00e8tres d&rsquo;analyseur<\/em><\/td><\/tr><tr><td><strong>Service \u00e9lectronique <\/strong>supprim\u00e9<\/td><td>(vide)<\/td><td>(vide)<\/td><td><em>Menu \u00c9diteur de collection \u00e9lectronique \/ Onglet Information suppl\u00e9mentaire \/ Rubrique Services disponibles<\/em><\/td><\/tr><tr><td>Mise \u00e0 jour des param\u00e8tres de lien du <strong>service \u00e9lectronique<\/strong><\/td><td>(vide)<\/td><td>(vide)<\/td><td><em>Menu \u00c9diteur de service \u00e9lectronique \/ Onglet Informations de lien \/ Rubrique Param\u00e8tres de lien<\/em><\/td><\/tr><tr><td>Notice bibliographique de <strong>portfolio <\/strong>mise \u00e0 jour<\/td><td>32621086500040<\/td><td>32621086500041<\/td><td>Note : \u00e0 priori surtout des changements de 035(CKB)<\/td><\/tr><tr><td>Mise \u00e0 jour de la couverture du <strong>Portfolio<\/strong><\/td><td>Disponible depuis 26\/06\/2023.<\/td><td>Disponible depuis 03\/07\/2023.<\/td><td><em>Menu \u00c9diteur de portfolio \u00e9lectronique \/ Onglet Information de couverture \/ Rubrique Information sur la date<\/em><\/td><\/tr><tr><td><strong>Portfolio <\/strong>supprim\u00e9 du service \u00e9lectronique auto-activ\u00e9<\/td><td>(vide)<\/td><td>(vide)<\/td><td>Note : concerne les services \u00e9lectroniques ayant <em>Activer automatiquement les nouveaux portfolios associ\u00e9s \u00e0 ce service<\/em> = Oui <\/td><\/tr><tr><td><strong>Portfolio<\/strong> supprim\u00e9 de bouquets non auto-activ\u00e9s<\/td><td>(vide)<\/td><td>(vide)<\/td><td>Note : concerne les  services \u00e9lectroniques ayant <em>Activer automatiquement les nouveaux portfolios associ\u00e9s \u00e0 ce service<\/em> = Non <\/td><\/tr><tr><td>Mise \u00e0 jour des param\u00e8tres de lien du <strong>portfolio<\/strong><\/td><td>bkey=https:\/\/directory.doabooks.org\/handle\/20.500.12854\/130788<\/td><td>bkey=https:\/\/www.intechopen.com\/books\/6991<\/td><td>Menu \u00c9diteur de portfolio \u00e9lectronique \/ Onglet Information de lien \/ Champs Param\u00e8tres d&rsquo;analyseur<\/td><\/tr><tr><td><strong>Portfolio<\/strong> ajout\u00e9 \u00e0 un bouquet auto-activ\u00e9<\/td><td>(vide)<\/td><td>(vide)<\/td><td>Note : concerne les services \u00e9lectroniques ayant <em>Activer automatiquement les nouveaux portfolios associ\u00e9s \u00e0 ce service<\/em> = Oui <\/td><\/tr><tr><td><strong>Portfolio<\/strong> ajout\u00e9 \u00e0 un bouquet non auto-activ\u00e9<\/td><td>(vide)<\/td><td>(vide)<\/td><td>Note : concerne les  services \u00e9lectroniques ayant <em>Activer automatiquement les nouveaux portfolios associ\u00e9s \u00e0 ce service<\/em> = Non <\/td><\/tr><\/tbody><\/table><figcaption class=\"wp-element-caption\">Type de rapport<\/figcaption><\/figure>\n\n\n\n<p><\/p>\n\n\n\n<p><\/p>\n","protected":false},"excerpt":{"rendered":"<p>La Liste des t\u00e2ches de mise \u00e0 jour de la Zone de Communaut\u00e9 est un menu de gestion de la documentation \u00e9lectronique (Ressources \/ G\u00e9rer l&rsquo;inventaire : Liste des t\u00e2ches de mise \u00e0 jour de la Zone de Communaut\u00e9) \u00c0&#8230;<\/p>\n","protected":false},"author":81,"featured_media":0,"parent":18670,"menu_order":4,"comment_status":"closed","ping_status":"closed","template":"","meta":[],"post_mailing_queue_ids":[],"_links":{"self":[{"href":"http:\/\/rebub.u-bordeaux.fr\/index.php\/wp-json\/wp\/v2\/pages\/22260"}],"collection":[{"href":"http:\/\/rebub.u-bordeaux.fr\/index.php\/wp-json\/wp\/v2\/pages"}],"about":[{"href":"http:\/\/rebub.u-bordeaux.fr\/index.php\/wp-json\/wp\/v2\/types\/page"}],"author":[{"embeddable":true,"href":"http:\/\/rebub.u-bordeaux.fr\/index.php\/wp-json\/wp\/v2\/users\/81"}],"replies":[{"embeddable":true,"href":"http:\/\/rebub.u-bordeaux.fr\/index.php\/wp-json\/wp\/v2\/comments?post=22260"}],"version-history":[{"count":38,"href":"http:\/\/rebub.u-bordeaux.fr\/index.php\/wp-json\/wp\/v2\/pages\/22260\/revisions"}],"predecessor-version":[{"id":22373,"href":"http:\/\/rebub.u-bordeaux.fr\/index.php\/wp-json\/wp\/v2\/pages\/22260\/revisions\/22373"}],"up":[{"embeddable":true,"href":"http:\/\/rebub.u-bordeaux.fr\/index.php\/wp-json\/wp\/v2\/pages\/18670"}],"wp:attachment":[{"href":"http:\/\/rebub.u-bordeaux.fr\/index.php\/wp-json\/wp\/v2\/media?parent=22260"}],"curies":[{"name":"wp","href":"https:\/\/api.w.org\/{rel}","templated":true}]}}