	{"id":22321,"date":"2024-07-17T09:57:13","date_gmt":"2024-07-17T07:57:13","guid":{"rendered":"https:\/\/rebub.u-bordeaux.fr\/?page_id=22321"},"modified":"2025-03-10T13:18:43","modified_gmt":"2025-03-10T12:18:43","slug":"traiter-une-carte-ou-une-serie-cartographique","status":"publish","type":"page","link":"http:\/\/rebub.u-bordeaux.fr\/index.php\/alma\/procedures\/gestion-des-ressources\/catalogage\/traiter-une-carte-ou-une-serie-cartographique\/","title":{"rendered":"Traiter une carte ou une s\u00e9rie cartographique"},"content":{"rendered":"<div id='wpig-floatingbar' class='wpig-floatingbar'><div id='wpig-switch-wrapper' class='wpig-switch-wrapper'><span id='wpig-floating-switch' class='wpig-floating-switch'><img src='http:\/\/rebub.u-bordeaux.fr\/wp-content\/plugins\/sticky-toc-advance-table-of-contents\/\\assets\\menu.png'><\/span><\/div><div id='wpig-contents' class='wpig-contents  wpig-sidebar-widget wpig-style-3'><span class='wpig-headline'>Table des mati\u00e8res<span><a data-action='show' class='wpig-btn-toggledisplay'>[ Show ]<\/a><\/span><\/span><!-- Table of Contents --><div id='wpig-table-of-content' class='wpig-table-of-content'><ol><li class='stoc-dans-le-sudoc'><a href='#stoc-dans-le-sudoc'>Dans le Sudoc :<\/a><\/li><li class='stoc-dans-alma'><a href='#stoc-dans-alma'>Dans Alma : <\/a><\/li><\/div><!-- END OF Table of Contents --><\/div><\/div><p><div id='wpig-contents' class='wpig-contents  wpig-sidebar-widget wpig-style-1'><span class='wpig-headline'>Table des mati\u00e8res<span><a data-action='show' class='wpig-btn-toggledisplay'>[ Show ]<\/a><\/span><\/span><!-- Table of Contents --><div id='wpig-table-of-content' class='wpig-table-of-content' ><ol><li class='stoc-dans-le-sudoc'><a href='#stoc-dans-le-sudoc'>Dans le Sudoc :<\/a><\/li><li class='stoc-dans-alma'><a href='#stoc-dans-alma'>Dans Alma : <\/a><\/li><\/div><!-- END OF Table of Contents --><\/div><\/p>\n<p>Proc\u00e9dure mise en place suite aux d\u00e9cisions du groupe de travail sur les cartes pilot\u00e9 par l\u2019ABES en mai 2024, valid\u00e9e par le r\u00e9seau en juin 2024. <\/p>\n\n\n\n<div class=\"is-layout-flex wp-container-3 wp-block-columns bord-bloc-reutilisable has-background\" style=\"background-color:#ffeec2\">\n<div class=\"is-layout-flow wp-block-column is-vertically-aligned-center\" style=\"flex-basis:7%\">\n<figure class=\"wp-block-image alignfull size-full is-style-default\"><img decoding=\"async\" loading=\"lazy\" width=\"512\" height=\"512\" src=\"https:\/\/rebub.u-bordeaux.fr\/wp-content\/uploads\/2024\/04\/nouvelles-idees-en-cours.png\" alt=\"\" class=\"wp-image-19897\" srcset=\"https:\/\/rebub.u-bordeaux.fr\/wp-content\/uploads\/2024\/04\/nouvelles-idees-en-cours.png 512w, https:\/\/rebub.u-bordeaux.fr\/wp-content\/uploads\/2024\/04\/nouvelles-idees-en-cours-300x300.png 300w, https:\/\/rebub.u-bordeaux.fr\/wp-content\/uploads\/2024\/04\/nouvelles-idees-en-cours-150x150.png 150w\" sizes=\"(max-width: 512px) 100vw, 512px\" \/><\/figure>\n<\/div>\n\n\n\n<div class=\"is-layout-flow wp-block-column is-vertically-aligned-center\" style=\"flex-basis:85%\">\n<p><strong>Avantages<\/strong> :<\/p>\n\n\n\n<ul>\n<li>Dans Babord+, la recherche est possible autant par la carte que par la s\u00e9rie de cartes, ces deux points d\u2019entr\u00e9e sont importants pour les g\u00e9ographes.<\/li>\n\n\n\n<li>Dans les deux cas, l\u2019exemplaire visible se met \u00e0 jour en temps r\u00e9el sous les deux notices. Il est r\u00e9servable selon les r\u00e8gles de pr\u00eat associ\u00e9es \u00e0 sa localisation.<\/li>\n\n\n\n<li>Dans Alma, pas besoin d\u2019utiliser un exemplaire fictif.<\/li>\n<\/ul>\n<\/div>\n<\/div>\n\n\n\n<div class=\"is-layout-constrained wp-block-group bord-bloc-reutilisable\"><div class=\"wp-block-group__inner-container\">\n<div class=\"is-layout-flex wp-container-6 wp-block-columns alignfull bord-bloc-reutilisable has-background\" style=\"background-color:#ff303047\">\n<div class=\"is-layout-flow wp-block-column is-vertically-aligned-center\" style=\"flex-basis:7%\">\n<figure class=\"wp-block-image alignfull size-full\"><img decoding=\"async\" loading=\"lazy\" width=\"512\" height=\"512\" src=\"https:\/\/rebub.u-bordeaux.fr\/wp-content\/uploads\/2024\/04\/point-dexclamation.png\" alt=\"\" class=\"wp-image-19898\" srcset=\"https:\/\/rebub.u-bordeaux.fr\/wp-content\/uploads\/2024\/04\/point-dexclamation.png 512w, https:\/\/rebub.u-bordeaux.fr\/wp-content\/uploads\/2024\/04\/point-dexclamation-300x300.png 300w, https:\/\/rebub.u-bordeaux.fr\/wp-content\/uploads\/2024\/04\/point-dexclamation-150x150.png 150w\" sizes=\"(max-width: 512px) 100vw, 512px\" \/><\/figure>\n<\/div>\n\n\n\n<div class=\"is-layout-flow wp-block-column is-vertically-aligned-center\" style=\"flex-basis:85%\">\n<p><strong>Attention !<\/strong> <\/p>\n\n\n\n<ul>\n<li>Le lien entre les notices n\u00e9cessite un traitement automatique qui d\u00e9marre tous les jours \u00e0 23h00. Le lien ne sera visible que le lendemain.<\/li>\n\n\n\n<li>Dans Alma&nbsp;: pour que le traitement soit correct, cette proc\u00e9dure comprend plusieurs \u00e9tapes. Pensez \u00e0 v\u00e9rifier l\u2019affichage dans Babord+.<\/li>\n\n\n\n<li>Dans Alma&nbsp;: La pr\u00e9sence du lien entre les notices ne g\u00e9n\u00e8re pas d\u2019alerte en cas de suppression de l\u2019exemplaire.<\/li>\n\n\n\n<li>Chaque biblioth\u00e8que doit imp\u00e9rativement cr\u00e9er sa propre 461 car en cas de d\u00e9localisation d\u2019une des biblioth\u00e8que le lien est ainsi pr\u00e9serv\u00e9.<\/li>\n<\/ul>\n<\/div>\n<\/div>\n<\/div><\/div>\n\n\n\n<h2 id=\"stoc-dans-le-sudoc\" class=\"wpig-heading\">Dans le Sudoc :<\/h2>\n\n\n\n<p>Se localiser sous la notice de la carte (notice de type Ka) EX&nbsp;: PPN 05566279X<\/p>\n\n\n\n<p><a href=\"https:\/\/documentation.abes.fr\/sudoc\/regles\/Catalogage\/Regles_Cartes.htm\">https:\/\/documentation.abes.fr\/sudoc\/regles\/Catalogage\/Regles_Cartes.htm<\/a><\/p>\n\n\n\n<p>En plus des zones sp\u00e9cifiques \u00e0 la description de ce type de document, la notice doit comporter deux zones sp\u00e9cifiques&nbsp;:<\/p>\n\n\n\n<ul>\n<li>Une zone 225 du type&nbsp;: 225 0#\u200e$a@Carte de la v\u00e9g\u00e9tation de la France au 200000e \/ C.N.R.S\u200e$v4<\/li>\n\n\n\n<li>Une zone 461 avec un lien vers la notice de la s\u00e9rie cartographique&nbsp;: 461 ##<a href=\"pica3:\/\/nacarat.sudoc.abes.fr:1040-1055,1,722384\/?%5Czoe+%5C12+%7C25775265X%7C\">\u200e$025775265X<\/a>@France. V\u00e9g\u00e9tation. 1:200 000. 1947-1991. 64 feuilles (s\u00e9rie cartographique)\u200e$v4 <\/li>\n\n\n\n<li>Se localiser sous la notice de la s\u00e9rie cartographique et faire un \u00e9tat de collection.<\/li>\n<\/ul>\n\n\n\n<p>Se localiser sous la notice de la s\u00e9rie (notice de type Ke) EX&nbsp;: PPN 25775265X<\/p>\n\n\n\n<p><a href=\"https:\/\/documentation.abes.fr\/sudoc\/regles\/Catalogage\/Regles_SeriesCartographiques.htm\">https:\/\/documentation.abes.fr\/sudoc\/regles\/Catalogage\/Regles_SeriesCartographiques.htm<\/a><\/p>\n\n\n\n<p>Dans l\u2019exemplaire faire un \u00e9tat de collection avec une zone 955, par exemple&nbsp;: 955 ##\u200e$4S\u00e9rie compl\u00e8te sauf feuilles 21, 34, 52, 67, 68, 74<\/p>\n\n\n\n<h2 id=\"stoc-dans-alma\" class=\"wpig-heading\">Dans Alma : <\/h2>\n\n\n\n<p>Faire la recherche des PPN correspondants. Si besoin importer la ou les notices via la recherche de ressource externe &gt; choix du profil d\u2019import \u00ab&nbsp;SUDOC \u2013 Unimarc&nbsp;\u00bb<\/p>\n\n\n\n<p><strong>Sous la notice de la s\u00e9rie :<\/strong><\/p>\n\n\n\n<p>Si besoin cr\u00e9er la notice de fonds<\/p>\n\n\n\n<figure class=\"wp-block-image size-full\"><img decoding=\"async\" loading=\"lazy\" width=\"485\" height=\"196\" src=\"https:\/\/rebub.u-bordeaux.fr\/wp-content\/uploads\/2024\/07\/noticedefondsserie.png\" alt=\"\" class=\"wp-image-22330\" srcset=\"https:\/\/rebub.u-bordeaux.fr\/wp-content\/uploads\/2024\/07\/noticedefondsserie.png 485w, https:\/\/rebub.u-bordeaux.fr\/wp-content\/uploads\/2024\/07\/noticedefondsserie-300x121.png 300w\" sizes=\"(max-width: 485px) 100vw, 485px\" \/><\/figure>\n\n\n\n<p>Dans la notice d\u2019exemplaire&nbsp;: le type de mat\u00e9riel = carte, remplir les donn\u00e9es de num\u00e9rotation avec le num\u00e9ro de la carte et g\u00e9n\u00e9rer le champs \u00ab&nbsp;description&nbsp;\u00bb<\/p>\n\n\n\n<p>Si chaque carte a une cote diff\u00e9rente pour une m\u00eame localisation, la cote pr\u00e9cise peut \u00eatre ajout\u00e9e dans la partie \u00ab&nbsp;information sur la localisation&nbsp;\u00bb de la notice d\u2019exemplaire.<\/p>\n\n\n\n<figure class=\"wp-block-image size-large\"><img decoding=\"async\" loading=\"lazy\" width=\"1024\" height=\"226\" src=\"https:\/\/rebub.u-bordeaux.fr\/wp-content\/uploads\/2024\/07\/exsousnoticeseriecarte-1024x226.png\" alt=\"\" class=\"wp-image-22331\" srcset=\"https:\/\/rebub.u-bordeaux.fr\/wp-content\/uploads\/2024\/07\/exsousnoticeseriecarte-1024x226.png 1024w, https:\/\/rebub.u-bordeaux.fr\/wp-content\/uploads\/2024\/07\/exsousnoticeseriecarte-300x66.png 300w, https:\/\/rebub.u-bordeaux.fr\/wp-content\/uploads\/2024\/07\/exsousnoticeseriecarte-768x170.png 768w, https:\/\/rebub.u-bordeaux.fr\/wp-content\/uploads\/2024\/07\/exsousnoticeseriecarte.png 1477w\" sizes=\"(max-width: 1024px) 100vw, 1024px\" \/><\/figure>\n\n\n\n<p><strong>Sous la notice de la carte&nbsp;:<\/strong><\/p>\n\n\n\n<p>Ouvrir la notice en modification dans l\u2019\u00e9diteur de m\u00e9tadonn\u00e9es.<\/p>\n\n\n\n<p>Modifier la zone 461 en ajoutant au minimum&nbsp;:<\/p>\n\n\n\n<p>$$v no: (mettre le CB)<\/p>\n\n\n\n<p>$$5 33PUDB en fin de zone, afin de prot\u00e9ger la zone lors des mises \u00e0 jour de la notice.<\/p>\n\n\n\n<p>Enregistrer<\/p>\n\n\n\n<figure class=\"wp-block-image size-large\"><img decoding=\"async\" loading=\"lazy\" width=\"1024\" height=\"436\" src=\"https:\/\/rebub.u-bordeaux.fr\/wp-content\/uploads\/2024\/07\/noticecarte-1024x436.png\" alt=\"\" class=\"wp-image-22333\" srcset=\"https:\/\/rebub.u-bordeaux.fr\/wp-content\/uploads\/2024\/07\/noticecarte-1024x436.png 1024w, https:\/\/rebub.u-bordeaux.fr\/wp-content\/uploads\/2024\/07\/noticecarte-300x128.png 300w, https:\/\/rebub.u-bordeaux.fr\/wp-content\/uploads\/2024\/07\/noticecarte-768x327.png 768w, https:\/\/rebub.u-bordeaux.fr\/wp-content\/uploads\/2024\/07\/noticecarte.png 1236w\" sizes=\"(max-width: 1024px) 100vw, 1024px\" \/><\/figure>\n\n\n\n<p>Cr\u00e9er une notice de fonds et la masquer \u00e0 la d\u00e9couverte.<\/p>\n\n\n\n<p>Dans l\u2019\u00e9diteur de m\u00e9tadonn\u00e9es &gt; Actions de la notice &gt; Supprimer de la d\u00e9couverte<\/p>\n\n\n\n<p>Pas besoin de faire d\u2019exemplaire.<\/p>\n\n\n\n<p>Le lendemain, v\u00e9rifier que le lien s\u2019est construit entre les deux notices. Sous la notice de carte, la notice de fonds masqu\u00e9e doit \u00eatre accompagn\u00e9e d\u2019une autre notice de fonds avec un petit maillon \u00ab\u00a0notice li\u00e9e\u00a0\u00bb.<\/p>\n\n\n\n<figure class=\"wp-block-image size-full\"><img decoding=\"async\" loading=\"lazy\" width=\"694\" height=\"464\" src=\"https:\/\/rebub.u-bordeaux.fr\/wp-content\/uploads\/2025\/03\/carte.png\" alt=\"\" class=\"wp-image-23433\" srcset=\"https:\/\/rebub.u-bordeaux.fr\/wp-content\/uploads\/2025\/03\/carte.png 694w, https:\/\/rebub.u-bordeaux.fr\/wp-content\/uploads\/2025\/03\/carte-300x201.png 300w\" sizes=\"(max-width: 694px) 100vw, 694px\" \/><\/figure>\n\n\n\n<p>Le lien est visible \u00e9galement dans l\u2019onglet \u00ab\u00a0Voir les holdings de notices li\u00e9es\u00a0\u00bb ou bien dans la partie \u00ab\u00a0r\u00e9sum\u00e9\u00a0\u00bb de la notice bibliographique, un lien cliquable existe sous \u00ab\u00a0Notices li\u00e9es\u00a0\u00bb dans les notices des cartes ou de la s\u00e9rie cartographique. <\/p>\n","protected":false},"excerpt":{"rendered":"<p>Table des mati\u00e8res[ Show ]Dans le Sudoc :Dans Alma : Proc\u00e9dure mise en place suite aux d\u00e9cisions du groupe de travail sur les cartes pilot\u00e9 par l\u2019ABES en mai 2024, valid\u00e9e par le r\u00e9seau en juin 2024. Avantages : Attention&#8230;<\/p>\n","protected":false},"author":82,"featured_media":0,"parent":18540,"menu_order":8,"comment_status":"closed","ping_status":"closed","template":"","meta":[],"post_mailing_queue_ids":[],"_links":{"self":[{"href":"http:\/\/rebub.u-bordeaux.fr\/index.php\/wp-json\/wp\/v2\/pages\/22321"}],"collection":[{"href":"http:\/\/rebub.u-bordeaux.fr\/index.php\/wp-json\/wp\/v2\/pages"}],"about":[{"href":"http:\/\/rebub.u-bordeaux.fr\/index.php\/wp-json\/wp\/v2\/types\/page"}],"author":[{"embeddable":true,"href":"http:\/\/rebub.u-bordeaux.fr\/index.php\/wp-json\/wp\/v2\/users\/82"}],"replies":[{"embeddable":true,"href":"http:\/\/rebub.u-bordeaux.fr\/index.php\/wp-json\/wp\/v2\/comments?post=22321"}],"version-history":[{"count":14,"href":"http:\/\/rebub.u-bordeaux.fr\/index.php\/wp-json\/wp\/v2\/pages\/22321\/revisions"}],"predecessor-version":[{"id":23435,"href":"http:\/\/rebub.u-bordeaux.fr\/index.php\/wp-json\/wp\/v2\/pages\/22321\/revisions\/23435"}],"up":[{"embeddable":true,"href":"http:\/\/rebub.u-bordeaux.fr\/index.php\/wp-json\/wp\/v2\/pages\/18540"}],"wp:attachment":[{"href":"http:\/\/rebub.u-bordeaux.fr\/index.php\/wp-json\/wp\/v2\/media?parent=22321"}],"curies":[{"name":"wp","href":"https:\/\/api.w.org\/{rel}","templated":true}]}}