	{"id":22956,"date":"2025-01-22T14:39:04","date_gmt":"2025-01-22T13:39:04","guid":{"rendered":"https:\/\/rebub.u-bordeaux.fr\/?page_id=22956"},"modified":"2026-03-02T09:12:33","modified_gmt":"2026-03-02T08:12:33","slug":"creer-des-notices-des-holdings-et-des-exemplaires-pour-le-petit-materiel","status":"publish","type":"page","link":"http:\/\/rebub.u-bordeaux.fr\/index.php\/alma\/procedures\/gestion-des-ressources\/catalogage\/creer-des-notices-des-holdings-et-des-exemplaires-pour-le-petit-materiel\/","title":{"rendered":"Cr\u00e9er des notices, des holdings et des exemplaires pour le petit mat\u00e9riel"},"content":{"rendered":"<div id='wpig-floatingbar' class='wpig-floatingbar'><div id='wpig-switch-wrapper' class='wpig-switch-wrapper'><span id='wpig-floating-switch' class='wpig-floating-switch'><img src='http:\/\/rebub.u-bordeaux.fr\/wp-content\/plugins\/sticky-toc-advance-table-of-contents\/\\assets\\menu.png'><\/span><\/div><div id='wpig-contents' class='wpig-contents  wpig-sidebar-widget wpig-style-3'><span class='wpig-headline'>Table des mati\u00e8res<span><a data-action='show' class='wpig-btn-toggledisplay'>[ Show ]<\/a><\/span><\/span><!-- Table of Contents --><div id='wpig-table-of-content' class='wpig-table-of-content'><ol><li class='stoc-creer-une-notice-de-petit-materiel'><a href='#stoc-creer-une-notice-de-petit-materiel'>Cr\u00e9er une notice de petit mat\u00e9riel&nbsp;:<\/a><\/li><li class='stoc-se-localiser-sur-une-notice-de-petit-materiel'><a href='#stoc-se-localiser-sur-une-notice-de-petit-materiel'>Se localiser sur une notice de petit mat\u00e9riel&nbsp;: <\/a><\/li><\/div><!-- END OF Table of Contents --><\/div><\/div><p><div id='wpig-contents' class='wpig-contents  wpig-sidebar-widget wpig-style-1'><span class='wpig-headline'>Table des mati\u00e8res<span><a data-action='show' class='wpig-btn-toggledisplay'>[ Show ]<\/a><\/span><\/span><!-- Table of Contents --><div id='wpig-table-of-content' class='wpig-table-of-content' ><ol><li class='stoc-creer-une-notice-de-petit-materiel'><a href='#stoc-creer-une-notice-de-petit-materiel'>Cr\u00e9er une notice de petit mat\u00e9riel&nbsp;:<\/a><\/li><li class='stoc-se-localiser-sur-une-notice-de-petit-materiel'><a href='#stoc-se-localiser-sur-une-notice-de-petit-materiel'>Se localiser sur une notice de petit mat\u00e9riel&nbsp;: <\/a><\/li><\/div><!-- END OF Table of Contents --><\/div><\/p>\n<div class=\"is-layout-constrained wp-block-group bord-bloc-reutilisable\"><div class=\"wp-block-group__inner-container\">\n<div class=\"is-layout-flex wp-container-3 wp-block-columns alignfull bord-bloc-reutilisable has-background\" style=\"background-color:#ff303047\">\n<div class=\"is-layout-flow wp-block-column is-vertically-aligned-center\" style=\"flex-basis:7%\">\n<figure class=\"wp-block-image alignfull size-full\"><img decoding=\"async\" loading=\"lazy\" width=\"512\" height=\"512\" src=\"https:\/\/rebub.u-bordeaux.fr\/wp-content\/uploads\/2024\/04\/point-dexclamation.png\" alt=\"\" class=\"wp-image-19898\" srcset=\"https:\/\/rebub.u-bordeaux.fr\/wp-content\/uploads\/2024\/04\/point-dexclamation.png 512w, https:\/\/rebub.u-bordeaux.fr\/wp-content\/uploads\/2024\/04\/point-dexclamation-300x300.png 300w, https:\/\/rebub.u-bordeaux.fr\/wp-content\/uploads\/2024\/04\/point-dexclamation-150x150.png 150w\" sizes=\"(max-width: 512px) 100vw, 512px\" \/><\/figure>\n<\/div>\n\n\n\n<div class=\"is-layout-flow wp-block-column is-vertically-aligned-center\" style=\"flex-basis:85%\">\n<p>Afin de tenir cette proc\u00e9dure \u00e0 jour, merci de pr\u00e9venir le Scoop en cas de cr\u00e9ation de nouvelle notice de petit mat\u00e9riel : scoop@u-bordeaux.fr <\/p>\n<\/div>\n<\/div>\n<\/div><\/div>\n\n\n\n<p>Les petits mat\u00e9riels sont d\u00e9crits par des notices \u00ab bibliographiques \u00bb g\u00e9r\u00e9es au niveau du r\u00e9seau.<\/p>\n\n\n\n<h2 id=\"stoc-creer-une-notice-de-petit-materiel\" class=\"wpig-heading\">Cr\u00e9er une notice de petit mat\u00e9riel&nbsp;:<\/h2>\n\n\n\n<p>Avant de faire la cr\u00e9ation d\u2019une nouvelle notice, v\u00e9rifier s\u2019il n\u2019en existe pas d\u00e9j\u00e0 une en recherchant en recherche avanc\u00e9e avec l\u2019index \u00ab&nbsp;Tous les titres&nbsp;\u00bb dans la zone R\u00e9seau + \u00ab&nbsp;autre num\u00e9ro syst\u00e8me&nbsp;\u00bb Commence par (MAT)* .<\/p>\n\n\n\n<p>Depuis l\u2019Editeur de m\u00e9tadonn\u00e9es, aller dans l\u2019onglet \u00ab&nbsp;Mod\u00e8les&nbsp;\u00bb et dans la partie \u00ab&nbsp;Partag\u00e9&nbsp;\u00bb<\/p>\n\n\n<div class=\"wp-block-image\">\n<figure class=\"aligncenter size-full is-resized\"><img decoding=\"async\" loading=\"lazy\" src=\"https:\/\/rebub.u-bordeaux.fr\/wp-content\/uploads\/2025\/01\/modele_notice.png\" alt=\"\" class=\"wp-image-22957\" width=\"-108\" height=\"-103\" srcset=\"https:\/\/rebub.u-bordeaux.fr\/wp-content\/uploads\/2025\/01\/modele_notice.png 521w, https:\/\/rebub.u-bordeaux.fr\/wp-content\/uploads\/2025\/01\/modele_notice-300x289.png 300w\" sizes=\"(max-width: 521px) 100vw, 521px\" \/><\/figure><\/div>\n\n\n<p>Dans la fen\u00eatre de recherche, chercher \u00ab&nbsp;Notice de mat\u00e9riel&nbsp;\u00bb et cliquer dessus.<\/p>\n\n\n\n<p>Une grille de notice apparait en modification.<\/p>\n\n\n<div class=\"wp-block-image\">\n<figure class=\"aligncenter size-full\"><img decoding=\"async\" loading=\"lazy\" width=\"508\" height=\"271\" src=\"https:\/\/rebub.u-bordeaux.fr\/wp-content\/uploads\/2025\/01\/grille-notice.png\" alt=\"\" class=\"wp-image-22959\" srcset=\"https:\/\/rebub.u-bordeaux.fr\/wp-content\/uploads\/2025\/01\/grille-notice.png 508w, https:\/\/rebub.u-bordeaux.fr\/wp-content\/uploads\/2025\/01\/grille-notice-300x160.png 300w\" sizes=\"(max-width: 508px) 100vw, 508px\" \/><\/figure><\/div>\n\n\n<p>Dans la zone 035, entrer un num\u00e9ro de notice sous la forme (MAT)0000000XX. Pour connaitre le prochaine num\u00e9ro syst\u00e8me, consulter la liste des petits mat\u00e9riels disponible dans le tableau ci-dessous. <\/p>\n\n\n\n<table id=\"tablepress-152\" class=\"tablepress tablepress-id-152\">\n<thead>\n<tr class=\"row-1 odd\">\n\t<th class=\"column-1\">Titre<\/th><th class=\"column-2\">Num\u00e9ro de notice<\/th>\n<\/tr>\n<\/thead>\n<tbody class=\"row-hover\">\n<tr class=\"row-2 even\">\n\t<td class=\"column-1\">Kit Wifi - cl\u00e9 USB<\/td><td class=\"column-2\">(MAT)000000001<\/td>\n<\/tr>\n<tr class=\"row-3 odd\">\n\t<td class=\"column-1\">Calculatrice<\/td><td class=\"column-2\">(MAT)000000002<\/td>\n<\/tr>\n<tr class=\"row-4 even\">\n\t<td class=\"column-1\">Cl\u00e9 USB<\/td><td class=\"column-2\">(MAT)000000003<\/td>\n<\/tr>\n<tr class=\"row-5 odd\">\n\t<td class=\"column-1\">Casque audio<\/td><td class=\"column-2\">(MAT)000000004<\/td>\n<\/tr>\n<tr class=\"row-6 even\">\n\t<td class=\"column-1\">Multiprise<\/td><td class=\"column-2\">(MAT)000000005<\/td>\n<\/tr>\n<tr class=\"row-7 odd\">\n\t<td class=\"column-1\">Feutres<\/td><td class=\"column-2\">(MAT)000000006<\/td>\n<\/tr>\n<tr class=\"row-8 even\">\n\t<td class=\"column-1\">Ordinateur portable<\/td><td class=\"column-2\">(MAT)000000007<\/td>\n<\/tr>\n<tr class=\"row-9 odd\">\n\t<td class=\"column-1\">Double jack (prise)<\/td><td class=\"column-2\">(MAT)000000008<\/td>\n<\/tr>\n<tr class=\"row-10 even\">\n\t<td class=\"column-1\">Badge<\/td><td class=\"column-2\">(MAT)000000009<\/td>\n<\/tr>\n<tr class=\"row-11 odd\">\n\t<td class=\"column-1\">Alimentation ordinateur<\/td><td class=\"column-2\">(MAT)000000010<\/td>\n<\/tr>\n<tr class=\"row-12 even\">\n\t<td class=\"column-1\">Adaptateur USB-C m\u00e2le \/ USB-A femelle<\/td><td class=\"column-2\">(MAT)000000011<\/td>\n<\/tr>\n<tr class=\"row-13 odd\">\n\t<td class=\"column-1\">Lecteur DVD externe<\/td><td class=\"column-2\">(MAT)000000012<\/td>\n<\/tr>\n<tr class=\"row-14 even\">\n\t<td class=\"column-1\">Kit chargeur USB - Bloc alimentation<\/td><td class=\"column-2\">(MAT)000000013<\/td>\n<\/tr>\n<tr class=\"row-15 odd\">\n\t<td class=\"column-1\">Mat\u00e9riel scolaire INSPE<\/td><td class=\"column-2\">(MAT)000000014<\/td>\n<\/tr>\n<tr class=\"row-16 even\">\n\t<td class=\"column-1\">Mat\u00e9riel informatique INSPE<\/td><td class=\"column-2\">(MAT)000000015<\/td>\n<\/tr>\n<tr class=\"row-17 odd\">\n\t<td class=\"column-1\">Kit chargeur USB - C\u00e2ble USB-C<\/td><td class=\"column-2\">(MAT)000000016<\/td>\n<\/tr>\n<tr class=\"row-18 even\">\n\t<td class=\"column-1\">Kit chargeur USB - C\u00e2ble lightning<\/td><td class=\"column-2\">(MAT)000000017<\/td>\n<\/tr>\n<tr class=\"row-19 odd\">\n\t<td class=\"column-1\">Casques anti-bruit<\/td><td class=\"column-2\">(MAT)000000018<\/td>\n<\/tr>\n<tr class=\"row-20 even\">\n\t<td class=\"column-1\">Kit tableau blanc<\/td><td class=\"column-2\">(MAT)000000019<\/td>\n<\/tr>\n<tr class=\"row-21 odd\">\n\t<td class=\"column-1\">Plaid<\/td><td class=\"column-2\">(MAT)000000020<\/td>\n<\/tr>\n<tr class=\"row-22 even\">\n\t<td class=\"column-1\">Papeterie<\/td><td class=\"column-2\">(MAT)000000021<\/td>\n<\/tr>\n<tr class=\"row-23 odd\">\n\t<td class=\"column-1\">Kit chargeur USB - C\u00e2ble micro-usb<\/td><td class=\"column-2\">(MAT)000000022<\/td>\n<\/tr>\n<tr class=\"row-24 even\">\n\t<td class=\"column-1\">Casque audio avec micro<\/td><td class=\"column-2\">(MAT)000000023<\/td>\n<\/tr>\n<tr class=\"row-25 odd\">\n\t<td class=\"column-1\">Vid\u00e9oprojecteur<\/td><td class=\"column-2\">(MAT)000000024<\/td>\n<\/tr>\n<tr class=\"row-26 even\">\n\t<td class=\"column-1\">Ardoise blanche<\/td><td class=\"column-2\">(MAT)000000025<\/td>\n<\/tr>\n<tr class=\"row-27 odd\">\n\t<td class=\"column-1\">Support ordinateur portable<\/td><td class=\"column-2\">(MAT)000000026<\/td>\n<\/tr>\n<tr class=\"row-28 even\">\n\t<td class=\"column-1\">C\u00e2ble HDMI<\/td><td class=\"column-2\">(MAT)000000027<\/td>\n<\/tr>\n<tr class=\"row-29 odd\">\n\t<td class=\"column-1\">C\u00e2ble ethernet<\/td><td class=\"column-2\">(MAT)000000028<\/td>\n<\/tr>\n<tr class=\"row-30 even\">\n\t<td class=\"column-1\">Souris sans fil<\/td><td class=\"column-2\">(MAT)000000029<\/td>\n<\/tr>\n<tr class=\"row-31 odd\">\n\t<td class=\"column-1\">Manette jeu vid\u00e9o<\/td><td class=\"column-2\">(MAT)000000030<\/td>\n<\/tr>\n<tr class=\"row-32 even\">\n\t<td class=\"column-1\">Adaptateur USB-C m\u00e2le vers formats multiples (bo\u00eetier rond)<\/td><td class=\"column-2\">(MAT)000000031<\/td>\n<\/tr>\n<tr class=\"row-33 odd\">\n\t<td class=\"column-1\">Adaptateur Mini DisplayPort m\u00e2le \/ HDMI femelle<\/td><td class=\"column-2\">(MAT)000000032<\/td>\n<\/tr>\n<tr class=\"row-34 even\">\n\t<td class=\"column-1\">Adaptateur USB-C m\u00e2le \/ HDMI femelle<\/td><td class=\"column-2\">(MAT)000000033<\/td>\n<\/tr>\n<tr class=\"row-35 odd\">\n\t<td class=\"column-1\">Chargeurs pour t\u00e9l\u00e9phone portables<\/td><td class=\"column-2\">(MAT)000000034<\/td>\n<\/tr>\n<tr class=\"row-36 even\">\n\t<td class=\"column-1\">Jeu de soci\u00e9t\u00e9<\/td><td class=\"column-2\">(MAT)000000035<\/td>\n<\/tr>\n<tr class=\"row-37 odd\">\n\t<td class=\"column-1\">Lutrin : support de lecture<\/td><td class=\"column-2\">(MAT)000000036<\/td>\n<\/tr>\n<tr class=\"row-38 even\">\n\t<td class=\"column-1\">Clavier Qwerty<\/td><td class=\"column-2\">(MAT)000000037<\/td>\n<\/tr>\n<tr class=\"row-39 odd\">\n\t<td class=\"column-1\">Bo\u00eete d'aimants<\/td><td class=\"column-2\">(MAT)000000038<\/td>\n<\/tr>\n<tr class=\"row-40 even\">\n\t<td class=\"column-1\">D\u00e9trompeur<\/td><td class=\"column-2\">(MAT)000000039<\/td>\n<\/tr>\n<tr class=\"row-41 odd\">\n\t<td class=\"column-1\">Puzzles<\/td><td class=\"column-2\">(MAT)000000040<\/td>\n<\/tr>\n<\/tbody>\n<\/table>\n<!-- #tablepress-152 from cache -->\n\n\n\n<p>Dans la zone 200, donner un titre significatif pour d\u00e9crire le mat\u00e9riel. <\/p>\n\n\n\n<p>Enregistrer la notice.<\/p>\n\n\n\n<h2 id=\"stoc-se-localiser-sur-une-notice-de-petit-materiel\" class=\"wpig-heading\">Se localiser sur une notice de petit mat\u00e9riel&nbsp;: <\/h2>\n\n\n\n<p>Cr\u00e9er une notice de fonds ou si la biblioth\u00e8que en a d\u00e9j\u00e0 un, ajouter des exemplaires. <\/p>\n\n\n\n<p>Ajouter le type de mat\u00e9riel \u00ab\u00a0Art\u00e9fact 3D\u00a0\u00bb dans la notice d&rsquo;exemplaire.<\/p>\n\n\n\n<p>Pour ces manipulations, reportez-vous aux <a href=\"http:\/\/rebub.u-bordeaux.fr\/index.php\/alma\/procedures\/gestion-des-ressources\/exemplaires-holding\/exemplariser-une-monographie\/\" data-type=\"URL\" data-id=\"http:\/\/rebub.u-bordeaux.fr\/index.php\/alma\/procedures\/gestion-des-ressources\/exemplaires-holding\/exemplariser-une-monographie\/\">proc\u00e9dures<\/a>.&nbsp;<\/p>\n","protected":false},"excerpt":{"rendered":"<p>Table des mati\u00e8res[ Show ]Cr\u00e9er une notice de petit mat\u00e9riel&nbsp;:Se localiser sur une notice de petit mat\u00e9riel&nbsp;: Afin de tenir cette proc\u00e9dure \u00e0 jour, merci de pr\u00e9venir le Scoop en cas de cr\u00e9ation de nouvelle notice de petit mat\u00e9riel :&#8230;<\/p>\n","protected":false},"author":82,"featured_media":0,"parent":18540,"menu_order":9,"comment_status":"closed","ping_status":"closed","template":"","meta":[],"post_mailing_queue_ids":[],"_links":{"self":[{"href":"http:\/\/rebub.u-bordeaux.fr\/index.php\/wp-json\/wp\/v2\/pages\/22956"}],"collection":[{"href":"http:\/\/rebub.u-bordeaux.fr\/index.php\/wp-json\/wp\/v2\/pages"}],"about":[{"href":"http:\/\/rebub.u-bordeaux.fr\/index.php\/wp-json\/wp\/v2\/types\/page"}],"author":[{"embeddable":true,"href":"http:\/\/rebub.u-bordeaux.fr\/index.php\/wp-json\/wp\/v2\/users\/82"}],"replies":[{"embeddable":true,"href":"http:\/\/rebub.u-bordeaux.fr\/index.php\/wp-json\/wp\/v2\/comments?post=22956"}],"version-history":[{"count":11,"href":"http:\/\/rebub.u-bordeaux.fr\/index.php\/wp-json\/wp\/v2\/pages\/22956\/revisions"}],"predecessor-version":[{"id":24711,"href":"http:\/\/rebub.u-bordeaux.fr\/index.php\/wp-json\/wp\/v2\/pages\/22956\/revisions\/24711"}],"up":[{"embeddable":true,"href":"http:\/\/rebub.u-bordeaux.fr\/index.php\/wp-json\/wp\/v2\/pages\/18540"}],"wp:attachment":[{"href":"http:\/\/rebub.u-bordeaux.fr\/index.php\/wp-json\/wp\/v2\/media?parent=22956"}],"curies":[{"name":"wp","href":"https:\/\/api.w.org\/{rel}","templated":true}]}}