	{"id":23765,"date":"2025-06-04T14:38:20","date_gmt":"2025-06-04T12:38:20","guid":{"rendered":"https:\/\/rebub.u-bordeaux.fr\/?page_id=23765"},"modified":"2025-06-04T14:44:17","modified_gmt":"2025-06-04T12:44:17","slug":"foire-aux-questions","status":"publish","type":"page","link":"http:\/\/rebub.u-bordeaux.fr\/index.php\/alma\/procedures\/acquisitions\/foire-aux-questions\/","title":{"rendered":"Foire Aux Questions"},"content":{"rendered":"<div id='wpig-floatingbar' class='wpig-floatingbar'><div id='wpig-switch-wrapper' class='wpig-switch-wrapper'><span id='wpig-floating-switch' class='wpig-floating-switch'><img src='http:\/\/rebub.u-bordeaux.fr\/wp-content\/plugins\/sticky-toc-advance-table-of-contents\/\\assets\\menu.png'><\/span><\/div><\/div><p><\/p>\n<p><strong>Je viens de faire un import de notices mais une de mes notices ne s\u2019est pas import\u00e9e.<\/strong><\/p>\n\n\n\n<p>Il existe d\u00e9j\u00e0 probablement plusieurs notices dans Alma avec l\u2019ISBN concern\u00e9. Si deux notices portent le m\u00eame ISBN, Alma ne peut pas choisir entre ces notices, la notice est rejet\u00e9e.<\/p>\n\n\n\n<p><strong>Je viens de faire un import de notices depuis Electre mais les exemplaires n\u2019ont pas \u00e9t\u00e9 cr\u00e9\u00e9s.<\/strong><\/p>\n\n\n\n<p>V\u00e9rifier le panier dans Electre, il y a probablement une erreur dans les colonnes ou une donn\u00e9e qui ne serait pas remplie.<\/p>\n\n\n\n<p><strong>Ma ligne de commande n\u2019a pas le statut \u00ab&nbsp;Envoy\u00e9&nbsp;\u00bb Quel est le probl\u00e8me&nbsp;?<\/strong><\/p>\n\n\n\n<p>Si c\u2019est un autre statut qui appara\u00eet \u00ab&nbsp;(Pr\u00eat)&nbsp;\u00bb par exemple, c\u2019est qu\u2019il y a un probl\u00e8me : par exemple un code budg\u00e9taire manquant ou erron\u00e9 dans le fichier d\u2019import.<\/p>\n\n\n\n<p>D\u00e9tail des statuts des LBC et BC:<\/p>\n\n\n\n<figure class=\"wp-block-table aligncenter\"><table><tbody><tr><td><strong>Ligne de Bon de Commande<\/strong><\/td><td><strong>Bon de commande<\/strong><\/td><td class=\"has-text-align-center\" data-align=\"center\"><strong>\u00c9tape Suivante<\/strong><\/td><\/tr><tr><td>En r\u00e9vision<\/td><td>N\/A<\/td><td class=\"has-text-align-center\" data-align=\"center\"><a href=\"https:\/\/rebub.u-bordeaux.fr\/index.php\/alma\/procedures\/acquisitions\/commandes\/reprises-des-lbs-incompletes\/\" data-type=\"page\" data-id=\"23782\">Compl\u00e9ter la LBC<\/a><\/td><\/tr><tr><td>Regroupement<\/td><td>N\/A<\/td><td class=\"has-text-align-center\" data-align=\"center\">Regrouper<\/td><\/tr><tr><td>Pr\u00eat<\/td><td>En r\u00e9vision<\/td><td class=\"has-text-align-center\" data-align=\"center\">Regrouper<\/td><\/tr><tr><td>Envoy\u00e9<\/td><td>Envoy\u00e9<\/td><td class=\"has-text-align-center\" data-align=\"center\">R\u00e9ceptionner<\/td><\/tr><tr><td>En attente de facturation<\/td><td>Envoy\u00e9<\/td><td class=\"has-text-align-center\" data-align=\"center\">Facturer<\/td><\/tr><tr><td>Cl\u00f4tur\u00e9e<\/td><td>Cl\u00f4tur\u00e9e<\/td><td class=\"has-text-align-center\" data-align=\"center\">N\/A<\/td><\/tr><\/tbody><\/table><\/figure>\n","protected":false},"excerpt":{"rendered":"<p>Je viens de faire un import de notices mais une de mes notices ne s\u2019est pas import\u00e9e. Il existe d\u00e9j\u00e0 probablement plusieurs notices dans Alma avec l\u2019ISBN concern\u00e9. Si deux notices portent le m\u00eame ISBN, Alma ne peut pas choisir&#8230;<\/p>\n","protected":false},"author":82,"featured_media":0,"parent":18415,"menu_order":5,"comment_status":"closed","ping_status":"closed","template":"","meta":[],"post_mailing_queue_ids":[],"_links":{"self":[{"href":"http:\/\/rebub.u-bordeaux.fr\/index.php\/wp-json\/wp\/v2\/pages\/23765"}],"collection":[{"href":"http:\/\/rebub.u-bordeaux.fr\/index.php\/wp-json\/wp\/v2\/pages"}],"about":[{"href":"http:\/\/rebub.u-bordeaux.fr\/index.php\/wp-json\/wp\/v2\/types\/page"}],"author":[{"embeddable":true,"href":"http:\/\/rebub.u-bordeaux.fr\/index.php\/wp-json\/wp\/v2\/users\/82"}],"replies":[{"embeddable":true,"href":"http:\/\/rebub.u-bordeaux.fr\/index.php\/wp-json\/wp\/v2\/comments?post=23765"}],"version-history":[{"count":2,"href":"http:\/\/rebub.u-bordeaux.fr\/index.php\/wp-json\/wp\/v2\/pages\/23765\/revisions"}],"predecessor-version":[{"id":23786,"href":"http:\/\/rebub.u-bordeaux.fr\/index.php\/wp-json\/wp\/v2\/pages\/23765\/revisions\/23786"}],"up":[{"embeddable":true,"href":"http:\/\/rebub.u-bordeaux.fr\/index.php\/wp-json\/wp\/v2\/pages\/18415"}],"wp:attachment":[{"href":"http:\/\/rebub.u-bordeaux.fr\/index.php\/wp-json\/wp\/v2\/media?parent=23765"}],"curies":[{"name":"wp","href":"https:\/\/api.w.org\/{rel}","templated":true}]}}