	{"id":23782,"date":"2025-06-04T14:43:43","date_gmt":"2025-06-04T12:43:43","guid":{"rendered":"https:\/\/rebub.u-bordeaux.fr\/?page_id=23782"},"modified":"2025-06-04T14:43:43","modified_gmt":"2025-06-04T12:43:43","slug":"reprises-des-lbs-incompletes","status":"publish","type":"page","link":"http:\/\/rebub.u-bordeaux.fr\/index.php\/alma\/procedures\/acquisitions\/commandes\/reprises-des-lbs-incompletes\/","title":{"rendered":"Reprises des LBC incompl\u00e8tes"},"content":{"rendered":"<div id='wpig-floatingbar' class='wpig-floatingbar'><div id='wpig-switch-wrapper' class='wpig-switch-wrapper'><span id='wpig-floating-switch' class='wpig-floating-switch'><img src='http:\/\/rebub.u-bordeaux.fr\/wp-content\/plugins\/sticky-toc-advance-table-of-contents\/\\assets\\menu.png'><\/span><\/div><\/div><p><\/p>\n<p>Il peut arriver, suite \u00e0 des imports Electre, que des LBC soient incompl\u00e8tes et\/ou \u00e0 corriger. Dans Alma elles seront signal\u00e9es en r\u00e9vision. La consultation du panier \u00ab T\u00e2ches n\u00e9cessitant votre attention \u00bb renseigne sur la n\u00e9cessit\u00e9 de proc\u00e9der \u00e0 des corrections.<\/p>\n\n\n<div class=\"wp-block-image\">\n<figure class=\"aligncenter size-full is-resized\"><img decoding=\"async\" loading=\"lazy\" src=\"https:\/\/rebub.u-bordeaux.fr\/wp-content\/uploads\/2023\/10\/taches-necessitant.png\" alt=\"\" class=\"wp-image-17082\" width=\"391\" height=\"453\" srcset=\"https:\/\/rebub.u-bordeaux.fr\/wp-content\/uploads\/2023\/10\/taches-necessitant.png 573w, https:\/\/rebub.u-bordeaux.fr\/wp-content\/uploads\/2023\/10\/taches-necessitant-258x300.png 258w\" sizes=\"(max-width: 391px) 100vw, 391px\" \/><\/figure><\/div>\n\n\n<p>On peut aussi aller directement sur le menu concern\u00e9 : <em>Acquisitions \/ Lignes de commande : Examiner (ligne de commande)<\/em><\/p>\n\n\n\n<p>Par d\u00e9faut, le filtre est <em>Attribu\u00e9 \u00e0 moi<\/em>, mais, dans les facettes, il est possible de filtrer sur <em>Non attribu\u00e9 <\/em>et\/ou <em>Attribu\u00e9 \u00e0 d&rsquo;autres.&nbsp;<\/em><\/p>\n\n\n\n<p>Pour v\u00e9rifier qu\u2019aucune LBC ne concerne sa biblioth\u00e8que, utiliser les filtres de la facette <em>Propri\u00e9taire de la ligne de commande<\/em>.<\/p>\n\n\n<div class=\"wp-block-image\">\n<figure class=\"alignleft\"><img decoding=\"async\" loading=\"lazy\" width=\"226\" height=\"284\" src=\"https:\/\/rebub.u-bordeaux.fr\/wp-content\/uploads\/2023\/10\/Facette-s-attibue-a-moi.png\" alt=\"\" class=\"wp-image-17085\"\/><\/figure><\/div>\n\n<div class=\"wp-block-image\">\n<figure class=\"aligncenter size-full is-resized\"><img decoding=\"async\" loading=\"lazy\" src=\"https:\/\/rebub.u-bordeaux.fr\/wp-content\/uploads\/2023\/10\/atrribution-facette-1.png\" alt=\"\" class=\"wp-image-17092\" width=\"529\" height=\"641\"\/><\/figure><\/div>\n\n\n<p>Noter que dans les facettes de tri, plusieurs types d\u2019achat sont propos\u00e9s, exclure les abonnements permet de faciliter la lecture des listes obtenues.<\/p>\n\n\n\n<p>Dans les LBC <em>Non attribu\u00e9<\/em> sont d\u00e9pos\u00e9es des notices avec probl\u00e8me (pas de prix, pas de code budg\u00e9taire par ex).<\/p>\n\n\n\n<p>L\u2019ouverture d\u2019une LBC \u00e0 ce niveau attribue automatiquement la LBC \u00e0 la personne qui fait la modification. La LBC bascule alors dans la liste des LBC <em>Attribu\u00e9 \u00e0 moi<\/em>.<\/p>\n\n\n\n<p>Se positionner sur chaque LBC concernant sa biblioth\u00e8que et cliquer sur le menu <strong>\u00ab Modifier \u00bb <\/strong>:<\/p>\n\n\n<div class=\"wp-block-image\">\n<figure class=\"aligncenter size-full\"><img decoding=\"async\" loading=\"lazy\" width=\"1250\" height=\"790\" src=\"https:\/\/rebub.u-bordeaux.fr\/wp-content\/uploads\/2023\/10\/alertes.png\" alt=\"\" class=\"wp-image-17100\" srcset=\"https:\/\/rebub.u-bordeaux.fr\/wp-content\/uploads\/2023\/10\/alertes.png 1250w, https:\/\/rebub.u-bordeaux.fr\/wp-content\/uploads\/2023\/10\/alertes-300x190.png 300w, https:\/\/rebub.u-bordeaux.fr\/wp-content\/uploads\/2023\/10\/alertes-1024x647.png 1024w, https:\/\/rebub.u-bordeaux.fr\/wp-content\/uploads\/2023\/10\/alertes-768x485.png 768w\" sizes=\"(max-width: 1250px) 100vw, 1250px\" \/><\/figure><\/div>\n\n\n<p>Les alertes aident \u00e0 retrouver l\u2019information manquante. Apporter les modifications n\u00e9cessaires (prix, compte budg\u00e9taire, etc) :<\/p>\n\n\n\n<p>Valider les modifications en cliquant sur <em><strong>Enregistrer et continuer<\/strong><\/em><\/p>\n\n\n\n<p>La LBC dispara\u00eet de la liste des LBC <em><strong>Non attribu\u00e9<\/strong><\/em>. Il faut ensuite traiter toutes les autres lignes en attente.<\/p>\n\n\n\n<p>Si on modifie par erreur une LBC qui n\u2019appartient pas \u00e0 sa biblioth\u00e8que, il est possible d\u2019annuler l\u2019attribution.<\/p>\n\n\n\n<p>Depuis la liste de LBC <em><strong>Attribu\u00e9 \u00e0 moi<\/strong><\/em>, \u00e0 droite de l&rsquo;\u00e9cran sur la page d\u00e9taill\u00e9e de la LBC cliquer sur <strong><em>Annuler l\u2019attribution <\/em><\/strong>et la LBC rebasculera dans la liste des LBC <em>Non attribu\u00e9. <\/em>Si on souhaite attribuer la LBC \u00e0 un(e) coll\u00e8gue en particulier, cliquer sur <em><strong>Attribuer \u00e0 <\/strong><\/em>et choisir le nom du coll\u00e8gue dans la liste d\u00e9roulante<em>.<\/em> Il est possible d&rsquo;informer par mail ce coll\u00e8gue en cochant la case sur <em>Envoyer en tant qu&rsquo;e-mail<\/em> et d\u2019ajouter une note. Valider en cliquant sur <em>Enregistrer<\/em>.<\/p>\n\n\n<div class=\"wp-block-image\">\n<figure class=\"aligncenter size-full\"><img decoding=\"async\" loading=\"lazy\" width=\"1586\" height=\"745\" src=\"https:\/\/rebub.u-bordeaux.fr\/wp-content\/uploads\/2023\/10\/annuler-latribution.png\" alt=\"\" class=\"wp-image-17101\" srcset=\"https:\/\/rebub.u-bordeaux.fr\/wp-content\/uploads\/2023\/10\/annuler-latribution.png 1586w, https:\/\/rebub.u-bordeaux.fr\/wp-content\/uploads\/2023\/10\/annuler-latribution-300x141.png 300w, https:\/\/rebub.u-bordeaux.fr\/wp-content\/uploads\/2023\/10\/annuler-latribution-1024x481.png 1024w, https:\/\/rebub.u-bordeaux.fr\/wp-content\/uploads\/2023\/10\/annuler-latribution-768x361.png 768w, https:\/\/rebub.u-bordeaux.fr\/wp-content\/uploads\/2023\/10\/annuler-latribution-1536x722.png 1536w\" sizes=\"(max-width: 1586px) 100vw, 1586px\" \/><\/figure><\/div>","protected":false},"excerpt":{"rendered":"<p>Il peut arriver, suite \u00e0 des imports Electre, que des LBC soient incompl\u00e8tes et\/ou \u00e0 corriger. Dans Alma elles seront signal\u00e9es en r\u00e9vision. La consultation du panier \u00ab T\u00e2ches n\u00e9cessitant votre attention \u00bb renseigne sur la n\u00e9cessit\u00e9 de proc\u00e9der \u00e0&#8230;<\/p>\n","protected":false},"author":82,"featured_media":0,"parent":18698,"menu_order":7,"comment_status":"closed","ping_status":"closed","template":"","meta":[],"post_mailing_queue_ids":[],"_links":{"self":[{"href":"http:\/\/rebub.u-bordeaux.fr\/index.php\/wp-json\/wp\/v2\/pages\/23782"}],"collection":[{"href":"http:\/\/rebub.u-bordeaux.fr\/index.php\/wp-json\/wp\/v2\/pages"}],"about":[{"href":"http:\/\/rebub.u-bordeaux.fr\/index.php\/wp-json\/wp\/v2\/types\/page"}],"author":[{"embeddable":true,"href":"http:\/\/rebub.u-bordeaux.fr\/index.php\/wp-json\/wp\/v2\/users\/82"}],"replies":[{"embeddable":true,"href":"http:\/\/rebub.u-bordeaux.fr\/index.php\/wp-json\/wp\/v2\/comments?post=23782"}],"version-history":[{"count":2,"href":"http:\/\/rebub.u-bordeaux.fr\/index.php\/wp-json\/wp\/v2\/pages\/23782\/revisions"}],"predecessor-version":[{"id":23785,"href":"http:\/\/rebub.u-bordeaux.fr\/index.php\/wp-json\/wp\/v2\/pages\/23782\/revisions\/23785"}],"up":[{"embeddable":true,"href":"http:\/\/rebub.u-bordeaux.fr\/index.php\/wp-json\/wp\/v2\/pages\/18698"}],"wp:attachment":[{"href":"http:\/\/rebub.u-bordeaux.fr\/index.php\/wp-json\/wp\/v2\/media?parent=23782"}],"curies":[{"name":"wp","href":"https:\/\/api.w.org\/{rel}","templated":true}]}}