	{"id":23928,"date":"2025-07-11T14:30:43","date_gmt":"2025-07-11T12:30:43","guid":{"rendered":"https:\/\/rebub.u-bordeaux.fr\/?page_id=23928"},"modified":"2025-07-11T14:50:27","modified_gmt":"2025-07-11T12:50:27","slug":"nombre-dexemplaires-empruntables","status":"publish","type":"page","link":"http:\/\/rebub.u-bordeaux.fr\/index.php\/statistiques\/donnees-statistiques\/les-rapports-et-les-indicateurs\/dedinition-des-indicateurs\/nombre-dexemplaires-empruntables\/","title":{"rendered":"Nombre d&rsquo;exemplaires empruntables"},"content":{"rendered":"<div id='wpig-floatingbar' class='wpig-floatingbar'><div id='wpig-switch-wrapper' class='wpig-switch-wrapper'><span id='wpig-floating-switch' class='wpig-floating-switch'><img src='http:\/\/rebub.u-bordeaux.fr\/wp-content\/plugins\/sticky-toc-advance-table-of-contents\/\\assets\\menu.png'><\/span><\/div><div id='wpig-contents' class='wpig-contents  wpig-sidebar-widget wpig-style-3'><span class='wpig-headline'>Table des mati\u00e8res<span><a data-action='show' class='wpig-btn-toggledisplay'>[ Show ]<\/a><\/span><\/span><!-- Table of Contents --><div id='wpig-table-of-content' class='wpig-table-of-content'><ol><li class='stoc-definition-de-lindicateur'><a href='#stoc-definition-de-lindicateur'>D\u00e9finition de l&rsquo;indicateur<\/a><\/li><li class='stoc-indicateur'><a href='#stoc-indicateur'>Indicateur<\/a><\/li><\/div><!-- END OF Table of Contents --><\/div><\/div><p><div id='wpig-contents' class='wpig-contents  wpig-sidebar-widget wpig-style-1'><span class='wpig-headline'>Table des mati\u00e8res<span><a data-action='show' class='wpig-btn-toggledisplay'>[ Show ]<\/a><\/span><\/span><!-- Table of Contents --><div id='wpig-table-of-content' class='wpig-table-of-content' ><ol><li class='stoc-definition-de-lindicateur'><a href='#stoc-definition-de-lindicateur'>D\u00e9finition de l&rsquo;indicateur<\/a><\/li><li class='stoc-indicateur'><a href='#stoc-indicateur'>Indicateur<\/a><\/li><\/div><!-- END OF Table of Contents --><\/div><\/p>\n<h2 id=\"stoc-definition-de-lindicateur\" class=\"wpig-heading\">D\u00e9finition de l&rsquo;indicateur<\/h2>\n\n\n\n<p>Compte les exemplaires dont la politique de circulation autorise le pr\u00eat.<\/p>\n\n\n\n<p>Dans Alma, la politique de circulation de l\u2019exemplaire peut \u00eatre d\u00e9finie \u00e0 deux niveaux :<\/p>\n\n\n\n<ul>\n<li>Au niveau de la localisation (unit\u00e9 de service aux usagers) : l\u2019exemplaire h\u00e9rite de l\u2019unit\u00e9 de service de sa localisation<\/li>\n\n\n\n<li>Au niveau de l\u2019exemplaire (exception de circulation) : cette r\u00e8gle vient surcharger la r\u00e8gle d\u00e9finie au niveau de la localisation.<\/li>\n<\/ul>\n\n\n\n<p>Par exemple, pour mettre un exemplaire exclu du pr\u00eat au sein d\u2019une localisation libre acc\u00e8s\/empruntable, on lui applique une exception de type <em>\u00ab&nbsp;consultation su place uniquement&nbsp;\u00bb<\/em>.<\/p>\n\n\n\n<p>Si l\u2019exception de circulation est disponible dans Analytic (\u00ab&nbsp;Physical Item Details&nbsp;\u00bb.&nbsp;\u00bbItem Policy\u201d), il est impossible en revanche de filtrer sur l\u2019unit\u00e9 de services \u00e0 laquelle la localisation est attach\u00e9e. En effet, la donn\u00e9e n\u2019est pas disponible dans l\u2019entrep\u00f4t.<\/p>\n\n\n\n<p>Pour identifier les localisations pour lesquelles l\u2019unit\u00e9 de service appliqu\u00e9e par d\u00e9faut aux exemplaires interdit le pr\u00eat, nous excluons les localisations qui contiennent dans leur nom la cha\u00eene &lsquo;ecxlu&rsquo; ou &lsquo;communication&rsquo;.<\/p>\n\n\n\n<h2 id=\"stoc-indicateur\" class=\"wpig-heading\">Indicateur<\/h2>\n\n\n\n<pre class=\"wp-block-code\"><code>IFNULL (\n    FILTER (\n        \"Physical Item Details\".\"Num of Items (In Repository)\" USING (\n            (\n                \"Physical Item Details\".\"Item Policy\" in ('no item policy', 'None')\n            )\n            AND (\n                (\n                    LOWER(\"Location\".\"Location Name\") NOT LIKE '%exclu%'\n                )\n                AND (\n                    LOWER(\"Location\".\"Location Name\") NOT LIKE '%consultation%'\n                )\n            )\n        )\n        OR (\n            \"Physical Item Details\".\"Item Policy\" IN (\n                'empruntable',\n                'empruntable - num\u00e9risable',\n                'empruntable limit\u00e9',\n                'empruntable limit\u00e9 - num\u00e9risable',\n                'empruntable soir et week-end',\n                'empruntable soir et week-end - num\u00e9risable'\n            )\n        )\n    ),\n    0\n)<\/code><\/pre>\n\n\n\n<p>Compte <strong>(<\/strong>les exemplaires sans exception de circulation <strong>ET<\/strong> dans une localisation dont le nom ne contient pas &lsquo;exclu&rsquo; ou &lsquo;consultation<strong>)<\/strong> <strong>OU <\/strong>les exemplaires avec une Exception de circulation \u00e9gale \u00e0 :<\/p>\n\n\n\n<ul>\n<li>&#8217;empruntable&rsquo;<\/li>\n\n\n\n<li>&#8217;empruntable &#8211; num\u00e9risable&rsquo;<\/li>\n\n\n\n<li>&#8217;empruntable limit\u00e9&rsquo;<\/li>\n\n\n\n<li>&#8217;empruntable limit\u00e9 &#8211; num\u00e9risable&rsquo;<\/li>\n\n\n\n<li>&#8217;empruntable soir et week-end&rsquo;<\/li>\n\n\n\n<li>&#8217;empruntable soir et week-end &#8211; num\u00e9risable&rsquo;<\/li>\n<\/ul>\n","protected":false},"excerpt":{"rendered":"<p>Table des mati\u00e8res[ Show ]D\u00e9finition de l&rsquo;indicateurIndicateurD\u00e9finition de l&rsquo;indicateur Compte les exemplaires dont la politique de circulation autorise le pr\u00eat. Dans Alma, la politique de circulation de l\u2019exemplaire peut \u00eatre d\u00e9finie \u00e0 deux niveaux : Par exemple, pour mettre un&#8230;<\/p>\n","protected":false},"author":2,"featured_media":0,"parent":23926,"menu_order":2,"comment_status":"closed","ping_status":"closed","template":"","meta":[],"post_mailing_queue_ids":[],"_links":{"self":[{"href":"http:\/\/rebub.u-bordeaux.fr\/index.php\/wp-json\/wp\/v2\/pages\/23928"}],"collection":[{"href":"http:\/\/rebub.u-bordeaux.fr\/index.php\/wp-json\/wp\/v2\/pages"}],"about":[{"href":"http:\/\/rebub.u-bordeaux.fr\/index.php\/wp-json\/wp\/v2\/types\/page"}],"author":[{"embeddable":true,"href":"http:\/\/rebub.u-bordeaux.fr\/index.php\/wp-json\/wp\/v2\/users\/2"}],"replies":[{"embeddable":true,"href":"http:\/\/rebub.u-bordeaux.fr\/index.php\/wp-json\/wp\/v2\/comments?post=23928"}],"version-history":[{"count":3,"href":"http:\/\/rebub.u-bordeaux.fr\/index.php\/wp-json\/wp\/v2\/pages\/23928\/revisions"}],"predecessor-version":[{"id":23933,"href":"http:\/\/rebub.u-bordeaux.fr\/index.php\/wp-json\/wp\/v2\/pages\/23928\/revisions\/23933"}],"up":[{"embeddable":true,"href":"http:\/\/rebub.u-bordeaux.fr\/index.php\/wp-json\/wp\/v2\/pages\/23926"}],"wp:attachment":[{"href":"http:\/\/rebub.u-bordeaux.fr\/index.php\/wp-json\/wp\/v2\/media?parent=23928"}],"curies":[{"name":"wp","href":"https:\/\/api.w.org\/{rel}","templated":true}]}}