	{"id":23934,"date":"2025-07-11T14:54:54","date_gmt":"2025-07-11T12:54:54","guid":{"rendered":"https:\/\/rebub.u-bordeaux.fr\/?page_id=23934"},"modified":"2025-07-11T14:54:54","modified_gmt":"2025-07-11T12:54:54","slug":"date-dentree-du-premier-exemplaire-dans-les-collections","status":"publish","type":"page","link":"http:\/\/rebub.u-bordeaux.fr\/index.php\/statistiques\/donnees-statistiques\/les-rapports-et-les-indicateurs\/dedinition-des-indicateurs\/date-dentree-du-premier-exemplaire-dans-les-collections\/","title":{"rendered":"Date d&rsquo;entr\u00e9e du premier exemplaire dans les collections"},"content":{"rendered":"<div id='wpig-floatingbar' class='wpig-floatingbar'><div id='wpig-switch-wrapper' class='wpig-switch-wrapper'><span id='wpig-floating-switch' class='wpig-floating-switch'><img src='http:\/\/rebub.u-bordeaux.fr\/wp-content\/plugins\/sticky-toc-advance-table-of-contents\/\\assets\\menu.png'><\/span><\/div><div id='wpig-contents' class='wpig-contents  wpig-sidebar-widget wpig-style-3'><span class='wpig-headline'>Table des mati\u00e8res<span><a data-action='show' class='wpig-btn-toggledisplay'>[ Show ]<\/a><\/span><\/span><!-- Table of Contents --><div id='wpig-table-of-content' class='wpig-table-of-content'><ol><li class='stoc-definition'><a href='#stoc-definition'>D\u00e9finition<\/a><\/li><li class='stoc-indicateur'><a href='#stoc-indicateur'>Indicateur<\/a><\/li><\/div><!-- END OF Table of Contents --><\/div><\/div><p><div id='wpig-contents' class='wpig-contents  wpig-sidebar-widget wpig-style-1'><span class='wpig-headline'>Table des mati\u00e8res<span><a data-action='show' class='wpig-btn-toggledisplay'>[ Show ]<\/a><\/span><\/span><!-- Table of Contents --><div id='wpig-table-of-content' class='wpig-table-of-content' ><ol><li class='stoc-definition'><a href='#stoc-definition'>D\u00e9finition<\/a><\/li><li class='stoc-indicateur'><a href='#stoc-indicateur'>Indicateur<\/a><\/li><\/div><!-- END OF Table of Contents --><\/div><\/p>\n<h2 id=\"stoc-definition\" class=\"wpig-heading\">D\u00e9finition<\/h2>\n\n\n\n<p>Date de r\u00e9ception ou \u00e0 d\u00e9faut de cr\u00e9ation de l&rsquo;exemplaire dans Alma<\/p>\n\n\n\n<h2 id=\"stoc-indicateur\" class=\"wpig-heading\">Indicateur<\/h2>\n\n\n\n<pre class=\"wp-block-code\"><code>IFNULL(MIN(\"Physical Item Details\".\"Receiving Date (Calendar)\"),MIN(\"Physical Item Details\".\"Creation Date\"))<\/code><\/pre>\n","protected":false},"excerpt":{"rendered":"<p>Table des mati\u00e8res[ Show ]D\u00e9finitionIndicateurD\u00e9finition Date de r\u00e9ception ou \u00e0 d\u00e9faut de cr\u00e9ation de l&rsquo;exemplaire dans Alma Indicateur<\/p>\n","protected":false},"author":2,"featured_media":0,"parent":23926,"menu_order":0,"comment_status":"closed","ping_status":"closed","template":"","meta":[],"post_mailing_queue_ids":[],"_links":{"self":[{"href":"http:\/\/rebub.u-bordeaux.fr\/index.php\/wp-json\/wp\/v2\/pages\/23934"}],"collection":[{"href":"http:\/\/rebub.u-bordeaux.fr\/index.php\/wp-json\/wp\/v2\/pages"}],"about":[{"href":"http:\/\/rebub.u-bordeaux.fr\/index.php\/wp-json\/wp\/v2\/types\/page"}],"author":[{"embeddable":true,"href":"http:\/\/rebub.u-bordeaux.fr\/index.php\/wp-json\/wp\/v2\/users\/2"}],"replies":[{"embeddable":true,"href":"http:\/\/rebub.u-bordeaux.fr\/index.php\/wp-json\/wp\/v2\/comments?post=23934"}],"version-history":[{"count":1,"href":"http:\/\/rebub.u-bordeaux.fr\/index.php\/wp-json\/wp\/v2\/pages\/23934\/revisions"}],"predecessor-version":[{"id":23935,"href":"http:\/\/rebub.u-bordeaux.fr\/index.php\/wp-json\/wp\/v2\/pages\/23934\/revisions\/23935"}],"up":[{"embeddable":true,"href":"http:\/\/rebub.u-bordeaux.fr\/index.php\/wp-json\/wp\/v2\/pages\/23926"}],"wp:attachment":[{"href":"http:\/\/rebub.u-bordeaux.fr\/index.php\/wp-json\/wp\/v2\/media?parent=23934"}],"curies":[{"name":"wp","href":"https:\/\/api.w.org\/{rel}","templated":true}]}}