	{"id":23936,"date":"2025-07-11T15:00:05","date_gmt":"2025-07-11T13:00:05","guid":{"rendered":"https:\/\/rebub.u-bordeaux.fr\/?page_id=23936"},"modified":"2025-07-11T15:29:10","modified_gmt":"2025-07-11T13:29:10","slug":"les-types-de-transactions","status":"publish","type":"page","link":"http:\/\/rebub.u-bordeaux.fr\/index.php\/statistiques\/donnees-statistiques\/les-rapports-et-les-indicateurs\/dedinition-des-indicateurs\/les-types-de-transactions\/","title":{"rendered":"Les types de transactions"},"content":{"rendered":"<div id='wpig-floatingbar' class='wpig-floatingbar'><div id='wpig-switch-wrapper' class='wpig-switch-wrapper'><span id='wpig-floating-switch' class='wpig-floating-switch'><img src='http:\/\/rebub.u-bordeaux.fr\/wp-content\/plugins\/sticky-toc-advance-table-of-contents\/\\assets\\menu.png'><\/span><\/div><div id='wpig-contents' class='wpig-contents  wpig-sidebar-widget wpig-style-3'><span class='wpig-headline'>Table des mati\u00e8res<span><a data-action='show' class='wpig-btn-toggledisplay'>[ Show ]<\/a><\/span><\/span><!-- Table of Contents --><div id='wpig-table-of-content' class='wpig-table-of-content'><ol><li class='stoc-definition'><a href='#stoc-definition'>D\u00e9finition<\/a><\/li><li class='stoc-indicateurs'><a href='#stoc-indicateurs'> <\/a><\/li><\/div><!-- END OF Table of Contents --><\/div><\/div><p><div id='wpig-contents' class='wpig-contents  wpig-sidebar-widget wpig-style-1'><span class='wpig-headline'>Table des mati\u00e8res<span><a data-action='show' class='wpig-btn-toggledisplay'>[ Show ]<\/a><\/span><\/span><!-- Table of Contents --><div id='wpig-table-of-content' class='wpig-table-of-content' ><ol><li class='stoc-definition'><a href='#stoc-definition'>D\u00e9finition<\/a><\/li><li class='stoc-indicateurs'><a href='#stoc-indicateurs'> <\/a><\/li><\/div><!-- END OF Table of Contents --><\/div><\/p>\n<h2 id=\"stoc-definition\" class=\"wpig-heading\">D\u00e9finition<\/h2>\n\n\n\n<p>Analytics distingue deux types de pr\u00eats :<\/p>\n\n\n\n<ul>\n<li>Les <strong>\u00ab\u00a0in house loan\u00a0\u00bb<\/strong> sont toutes les transactions qui sont enregistr\u00e9es via le menu \u00ab\u00a0scanner les exemplaires\u00a0\u00bb lorsque l&rsquo;option \u00ab\u00a0Enregistrer un usage interne\u00a0\u00bb est active. Ces op\u00e9rations correspondent \u00e0 des <a href=\"https:\/\/rebub.u-bordeaux.fr\/index.php\/alma\/procedures\/services-aux-usagers\/pret-retour\/comptabiliser-les-consultations-sur-place\/\">Consultations sur place<\/a> de documents en libre acc\u00e8s.<\/li>\n\n\n\n<li>Les not \u00ab\u00a0<strong>in house loan\u00a0\u00bb <\/strong>regroupe deux types de transactions distinguables gr\u00e2ce au type de bureau de pr\u00eat  :\n<ul>\n<li>Les pr\u00eats de documents <\/li>\n\n\n\n<li><a href=\"https:\/\/rebub.u-bordeaux.fr\/index.php\/alma\/procedures\/services-aux-usagers\/pret-retour\/communiquer-un-document-du-magasin\/\">Les communications des documents magasins pour consultation dans les locaux de la biblioth\u00e8que<\/a> ou <strong>Consultations magasins<\/strong>. Ce sont des documents pr\u00eat\u00e9s depuis un bureau de pr\u00eat \u00ab\u00a0Consultation sur place\u00a0\u00bb. C&rsquo;est-\u00e0-dire rattach\u00e9 dans Alma \u00e0 une salle de lecture (Reading Room = &lsquo;Yes&rsquo;) et qui dessert des magasins (Location type = &lsquo;closed&rsquo;)<\/li>\n<\/ul>\n<\/li>\n<\/ul>\n\n\n\n<figure class=\"wp-block-image size-large\"><img decoding=\"async\" loading=\"lazy\" width=\"1024\" height=\"345\" src=\"https:\/\/rebub.u-bordeaux.fr\/wp-content\/uploads\/2021\/05\/capture-1024x345.png\" alt=\"\" class=\"wp-image-11489\" srcset=\"https:\/\/rebub.u-bordeaux.fr\/wp-content\/uploads\/2021\/05\/capture-1024x345.png 1024w, https:\/\/rebub.u-bordeaux.fr\/wp-content\/uploads\/2021\/05\/capture-300x101.png 300w, https:\/\/rebub.u-bordeaux.fr\/wp-content\/uploads\/2021\/05\/capture-768x258.png 768w, https:\/\/rebub.u-bordeaux.fr\/wp-content\/uploads\/2021\/05\/capture.png 1171w\" sizes=\"(max-width: 1024px) 100vw, 1024px\" \/><\/figure>\n\n\n\n<h2 id=\"stoc-indicateurs\" class=\"wpig-heading\">Indicateurs <strong>:<\/strong> <\/h2>\n\n\n\n<p><\/p>\n\n\n\n<figure class=\"wp-block-table\"><table><tbody><tr><td class=\"has-text-align-center\" data-align=\"center\"><strong>Transactions (Pr\u00eats + consultations magasins)<\/strong><\/td><td>\u201cLoan\u201d.\u201cLoans (Not In House)\u201d<\/td><\/tr><tr><th class=\"has-text-align-center\" data-align=\"center\">Pr\u00eats<\/th><td>FILTER(\u201cLoan\u201d.\u201cLoans (Not In House)\u201d USING (\u201cLoan Circulation Desk\u201d.\u201cReading Room Desk\u201d = \u2018N\u2019))<\/td><\/tr><tr><th class=\"has-text-align-center\" data-align=\"center\">Consultations magasin<\/th><td>FILTER(\u201cLoan\u201d.\u201cLoans (Not In House)\u201d USING (\u201cLoan Circulation Desk\u201d.\u201cReading Room Desk\u201d = \u2018Y\u2019))<\/td><\/tr><tr><th class=\"has-text-align-center\" data-align=\"center\">Consultations sur place libre acc\u00e8s<\/th><td>FILTER(\u201cLoan\u201d.\u201cLoans (In House)\u201d USING (\u201cItem Location at time of loan\u201d.\u201cLocation Type\u201d = \u2018OPEN\u2019))<\/td><\/tr><\/tbody><\/table><\/figure>\n","protected":false},"excerpt":{"rendered":"<p>Table des mati\u00e8res[ Show ]D\u00e9finition D\u00e9finition Analytics distingue deux types de pr\u00eats : Indicateurs : Transactions (Pr\u00eats + consultations magasins) \u201cLoan\u201d.\u201cLoans (Not In House)\u201d Pr\u00eats FILTER(\u201cLoan\u201d.\u201cLoans (Not In House)\u201d USING (\u201cLoan Circulation Desk\u201d.\u201cReading Room Desk\u201d = \u2018N\u2019)) Consultations magasin FILTER(\u201cLoan\u201d.\u201cLoans&#8230;<\/p>\n","protected":false},"author":2,"featured_media":0,"parent":23926,"menu_order":5,"comment_status":"closed","ping_status":"closed","template":"","meta":[],"post_mailing_queue_ids":[],"_links":{"self":[{"href":"http:\/\/rebub.u-bordeaux.fr\/index.php\/wp-json\/wp\/v2\/pages\/23936"}],"collection":[{"href":"http:\/\/rebub.u-bordeaux.fr\/index.php\/wp-json\/wp\/v2\/pages"}],"about":[{"href":"http:\/\/rebub.u-bordeaux.fr\/index.php\/wp-json\/wp\/v2\/types\/page"}],"author":[{"embeddable":true,"href":"http:\/\/rebub.u-bordeaux.fr\/index.php\/wp-json\/wp\/v2\/users\/2"}],"replies":[{"embeddable":true,"href":"http:\/\/rebub.u-bordeaux.fr\/index.php\/wp-json\/wp\/v2\/comments?post=23936"}],"version-history":[{"count":3,"href":"http:\/\/rebub.u-bordeaux.fr\/index.php\/wp-json\/wp\/v2\/pages\/23936\/revisions"}],"predecessor-version":[{"id":23941,"href":"http:\/\/rebub.u-bordeaux.fr\/index.php\/wp-json\/wp\/v2\/pages\/23936\/revisions\/23941"}],"up":[{"embeddable":true,"href":"http:\/\/rebub.u-bordeaux.fr\/index.php\/wp-json\/wp\/v2\/pages\/23926"}],"wp:attachment":[{"href":"http:\/\/rebub.u-bordeaux.fr\/index.php\/wp-json\/wp\/v2\/media?parent=23936"}],"curies":[{"name":"wp","href":"https:\/\/api.w.org\/{rel}","templated":true}]}}