	{"id":23944,"date":"2025-07-11T15:37:54","date_gmt":"2025-07-11T13:37:54","guid":{"rendered":"https:\/\/rebub.u-bordeaux.fr\/?page_id=23944"},"modified":"2025-07-17T16:04:23","modified_gmt":"2025-07-17T14:04:23","slug":"disciplines-note-stat-2","status":"publish","type":"page","link":"http:\/\/rebub.u-bordeaux.fr\/index.php\/statistiques\/donnees-statistiques\/les-rapports-et-les-indicateurs\/dedinition-des-indicateurs\/disciplines-note-stat-2\/","title":{"rendered":"Disciplines (Note stat. 2)"},"content":{"rendered":"<div id='wpig-floatingbar' class='wpig-floatingbar'><div id='wpig-switch-wrapper' class='wpig-switch-wrapper'><span id='wpig-floating-switch' class='wpig-floating-switch'><img src='http:\/\/rebub.u-bordeaux.fr\/wp-content\/plugins\/sticky-toc-advance-table-of-contents\/\\assets\\menu.png'><\/span><\/div><\/div><p><\/p>\n<p>Dans Analytics les Notes statistiques sont stock\u00e9es sous forme de code. La colonne suivante permet d&rsquo;ajouter les libell\u00e9s aux codes.<\/p>\n\n\n\n<pre class=\"wp-block-code\"><code>    CASE\n        WHEN \"Physical Item Details\".\"Statistics Note 2\" = 'A00' THEN 'A00 : Math\u00e9matiques'\n        WHEN \"Physical Item Details\".\"Statistics Note 2\" = 'AA0' THEN 'AA0 : Math\u00e9matiques appliqu\u00e9es'\n        WHEN \"Physical Item Details\".\"Statistics Note 2\" = 'AAA' THEN 'AAA : Math\u00e9matiques appliqu\u00e9es aux sciences sociales'\n        WHEN \"Physical Item Details\".\"Statistics Note 2\" = 'B00' THEN 'B00 : Physique'\n        WHEN \"Physical Item Details\".\"Statistics Note 2\" = 'BA0' THEN 'BA0 : Milieu dense et mat\u00e9riaux'\n        WHEN \"Physical Item Details\".\"Statistics Note 2\" = 'BB0' THEN 'BB0 : Constituants \u00e9l\u00e9mentaires'\n        WHEN \"Physical Item Details\".\"Statistics Note 2\" = 'BC0' THEN 'BC0 : Milieux dilu\u00e9es et optiques'\n        WHEN \"Physical Item Details\".\"Statistics Note 2\" = 'C00' THEN 'C00 : Chimie'\n        WHEN \"Physical Item Details\".\"Statistics Note 2\" = 'CA0' THEN 'CA0 : Chimie th\u00e9orique, physique, analytique'\n        WHEN \"Physical Item Details\".\"Statistics Note 2\" = 'CB0' THEN 'CB0 : Chimie organique, min\u00e9rale, industrielle'\n        WHEN \"Physical Item Details\".\"Statistics Note 2\" = 'CC0' THEN 'CC0 : Chimie des mat\u00e9riaux'\n        WHEN \"Physical Item Details\".\"Statistics Note 2\" = 'CD0' THEN 'CD0 : G\u00e9nie chimique'\n        WHEN \"Physical Item Details\".\"Statistics Note 2\" = 'D00' THEN 'D00 : Sciences de la terre et de l''univers'\n        WHEN \"Physical Item Details\".\"Statistics Note 2\" = 'DA0' THEN 'DA0 : Astronomie, Astrophysique'\n        WHEN \"Physical Item Details\".\"Statistics Note 2\" = 'DB0' THEN 'DB0 : Sciences de la terre'\n        WHEN \"Physical Item Details\".\"Statistics Note 2\" = 'DBA' THEN 'DBA : Terre solide : g\u00e9odynamique des enveloppes sup\u00e9rieures, pal\u00e9obiosph\u00e8re'\n        WHEN \"Physical Item Details\".\"Statistics Note 2\" = 'DBB' THEN 'DBB : M\u00e9t\u00e9orologie, oc\u00e9anographie physique de l''environnement'\n        WHEN \"Physical Item Details\".\"Statistics Note 2\" = 'E00' THEN 'E00 : Sciences de la vie'\n        WHEN \"Physical Item Details\".\"Statistics Note 2\" = 'EA0' THEN 'EA0 : Biologie'\n        WHEN \"Physical Item Details\".\"Statistics Note 2\" = 'EAA' THEN 'EAA : Biochimie et biologie mol\u00e9culaire'\n        WHEN \"Physical Item Details\".\"Statistics Note 2\" = 'EAB' THEN 'EAB : Biologie cellulaire'\n        WHEN \"Physical Item Details\".\"Statistics Note 2\" = 'EAC' THEN 'EAC : Biologie des populations et \u00e9cologie'\n        WHEN \"Physical Item Details\".\"Statistics Note 2\" = 'EAD' THEN 'EAD : Biologie des organismes'\n        WHEN \"Physical Item Details\".\"Statistics Note 2\" = 'EB0' THEN 'EB0 : Physiologie'\n        WHEN \"Physical Item Details\".\"Statistics Note 2\" = 'EC0' THEN 'EC0 : Neurosciences'\n        WHEN \"Physical Item Details\".\"Statistics Note 2\" = 'ED0' THEN 'ED0 : Zoologie'\n        WHEN \"Physical Item Details\".\"Statistics Note 2\" = 'EF0' THEN 'EF0 : Botanique'\n        WHEN \"Physical Item Details\".\"Statistics Note 2\" = 'F00' THEN 'F00 : Sciences de la sant\u00e9'\n        WHEN \"Physical Item Details\".\"Statistics Note 2\" = 'FA0' THEN 'FA0 : M\u00e9decine'\n        WHEN \"Physical Item Details\".\"Statistics Note 2\" = 'FAA' THEN 'FAA : Sciences pr\u00e9cliniques'\n        WHEN \"Physical Item Details\".\"Statistics Note 2\" = 'FAB' THEN 'FAB : M\u00e9decine et sp\u00e9cialit\u00e9s'\n        WHEN \"Physical Item Details\".\"Statistics Note 2\" = 'FB0' THEN 'FB0 : Pharmacie'\n        WHEN \"Physical Item Details\".\"Statistics Note 2\" = 'FC0' THEN 'FC0 : Odontologie'\n        WHEN \"Physical Item Details\".\"Statistics Note 2\" = 'G00' THEN 'G00 : STAPS'\n        WHEN \"Physical Item Details\".\"Statistics Note 2\" = 'H00' THEN 'H00 : Sciences de l''ing\u00e9nieur'\n        WHEN \"Physical Item Details\".\"Statistics Note 2\" = 'HA0' THEN 'HA0 : M\u00e9canique, g\u00e9nie m\u00e9canique'\n        WHEN \"Physical Item Details\".\"Statistics Note 2\" = 'HB0' THEN 'HB0 : G\u00e9nie civil'\n        WHEN \"Physical Item Details\".\"Statistics Note 2\" = 'HC0' THEN 'HC0 : G\u00e9nie des proc\u00e9d\u00e9s'\n        WHEN \"Physical Item Details\".\"Statistics Note 2\" = 'HD0' THEN 'HD0 : Electronique, g\u00e9nie \u00e9lectrique'\n        WHEN \"Physical Item Details\".\"Statistics Note 2\" = 'HDA' THEN 'HDA : Electronique analogique'\n        WHEN \"Physical Item Details\".\"Statistics Note 2\" = 'HDB' THEN 'HDB : Electronique num\u00e9rique'\n        WHEN \"Physical Item Details\".\"Statistics Note 2\" = 'HE0' THEN 'HE0 : Sciences et technologies industrielles'\n        WHEN \"Physical Item Details\".\"Statistics Note 2\" = 'HF0' THEN 'HF0 : Ergonomie et cognitique'\n        WHEN \"Physical Item Details\".\"Statistics Note 2\" = 'I00' THEN 'I00 : Informatique et g\u00e9nie informatique'\n        WHEN \"Physical Item Details\".\"Statistics Note 2\" = 'IA0' THEN 'IA0 : Informatique'\n        WHEN \"Physical Item Details\".\"Statistics Note 2\" = 'IB0' THEN 'IB0 : G\u00e9nie informatique, automatique et traitement du signal'\n        WHEN \"Physical Item Details\".\"Statistics Note 2\" = 'J00' THEN 'J00 : Langues et litt\u00e9ratures'\n        WHEN \"Physical Item Details\".\"Statistics Note 2\" = 'JA0' THEN 'JA0 : Sciences du langage : linguistique et phon\u00e9tique g\u00e9n\u00e9rales'\n        WHEN \"Physical Item Details\".\"Statistics Note 2\" = 'JB0' THEN 'JB0 : Langues et litt\u00e9ratures anciennes'\n        WHEN \"Physical Item Details\".\"Statistics Note 2\" = 'JBA' THEN 'JBA : Langues et litt\u00e9ratures grecques et latines'\n        WHEN \"Physical Item Details\".\"Statistics Note 2\" = 'JBB' THEN 'JBB : Langues et litt\u00e9ratures m\u00e9di\u00e9vale'\n        WHEN \"Physical Item Details\".\"Statistics Note 2\" = 'JC0' THEN 'JC0 : Litt\u00e9ratures g\u00e9n\u00e9rales et compar\u00e9es'\n        WHEN \"Physical Item Details\".\"Statistics Note 2\" = 'JD0' THEN 'JD0 : Langue et litt\u00e9rature fran\u00e7aises'\n        WHEN \"Physical Item Details\".\"Statistics Note 2\" = 'JDA' THEN 'JDA : Fran\u00e7ais langue \u00e9trang\u00e8re'\n        WHEN \"Physical Item Details\".\"Statistics Note 2\" = 'JDB' THEN 'JDB : Litt\u00e9rature francophone'\n        WHEN \"Physical Item Details\".\"Statistics Note 2\" = 'JDC' THEN 'JDC : Litt\u00e9rature fran\u00e7aise'\n        WHEN \"Physical Item Details\".\"Statistics Note 2\" = 'JDE' THEN 'JDE : Grammaire et linguistique fran\u00e7aise'\n        WHEN \"Physical Item Details\".\"Statistics Note 2\" = 'JE0' THEN 'JE0 : Langues et litt\u00e9ratures anglaises et anglo-saxonnes'\n        WHEN \"Physical Item Details\".\"Statistics Note 2\" = 'JEA' THEN 'JEA : Langue anglaise'\n        WHEN \"Physical Item Details\".\"Statistics Note 2\" = 'JEB' THEN 'JEB : Civilisations anglo-saxonnes'\n        WHEN \"Physical Item Details\".\"Statistics Note 2\" = 'JF0' THEN 'JF0 : Langues et litt\u00e9ratures germaniques et scandinaves'\n        WHEN \"Physical Item Details\".\"Statistics Note 2\" = 'JFA' THEN 'JFA : Langues et litt\u00e9ratures allemandes'\n        WHEN \"Physical Item Details\".\"Statistics Note 2\" = 'JFB' THEN 'JFB : Langue et litt\u00e9rature su\u00e9doises'\n        WHEN \"Physical Item Details\".\"Statistics Note 2\" = 'JG0' THEN 'JG0 : Langues et litt\u00e9ratures slaves'\n        WHEN \"Physical Item Details\".\"Statistics Note 2\" = 'JGA' THEN 'JGA : Langue et litt\u00e9rature russes'\n        WHEN \"Physical Item Details\".\"Statistics Note 2\" = 'JGB' THEN 'JGB : Langues et litt\u00e9rature polonaises'\n        WHEN \"Physical Item Details\".\"Statistics Note 2\" = 'JGC' THEN 'JGC : Langues et litt\u00e9ratures slovaques'\n        WHEN \"Physical Item Details\".\"Statistics Note 2\" = 'JGD' THEN 'JGD : Langues et litt\u00e9ratures serbo-croates'\n        WHEN \"Physical Item Details\".\"Statistics Note 2\" = 'JGE' THEN 'JGE : Langues et litt\u00e9ratures tch\u00e8ques'\n        WHEN \"Physical Item Details\".\"Statistics Note 2\" = 'JH0' THEN 'JH0 : Langues et litt\u00e9ratures romanes : espagnol, italien, portugais, autres langues romanes'\n        WHEN \"Physical Item Details\".\"Statistics Note 2\" = 'JHA' THEN 'JHA : Langues et litt\u00e9ratures espagnoles'\n        WHEN \"Physical Item Details\".\"Statistics Note 2\" = 'JHB' THEN 'JHB : Langues et litt\u00e9ratures am\u00e9ricaines hispanophones'\n        WHEN \"Physical Item Details\".\"Statistics Note 2\" = 'JHC' THEN 'JHC : Autres langues et litt\u00e9ratures hispanophones'\n        WHEN \"Physical Item Details\".\"Statistics Note 2\" = 'JHD' THEN 'JHD : Langues et litt\u00e9ratures italiennes'\n        WHEN \"Physical Item Details\".\"Statistics Note 2\" = 'JHE' THEN 'JHE : Langues et litt\u00e9ratures portugaises'\n        WHEN \"Physical Item Details\".\"Statistics Note 2\" = 'JHF' THEN 'JHF : Langues et litt\u00e9ratures am\u00e9ricaines lusophones'\n        WHEN \"Physical Item Details\".\"Statistics Note 2\" = 'JHG' THEN 'JHG : Langues et litt\u00e9ratures africaines lusophones'\n        WHEN \"Physical Item Details\".\"Statistics Note 2\" = 'JHH' THEN 'JHH : Autres langues et litt\u00e9ratures lusophones'\n        WHEN \"Physical Item Details\".\"Statistics Note 2\" = 'JHI' THEN 'JHI : Civilisations hispanophones et lusophones'\n        WHEN \"Physical Item Details\".\"Statistics Note 2\" = 'JII' THEN 'JII : Langue persane'\n        WHEN \"Physical Item Details\".\"Statistics Note 2\" = 'JI0' THEN 'JI0 : Langues et litt\u00e9ratures arabes, chinoises, japonaises, h\u00e9braique, d''autres domaines linguistiques'\n        WHEN \"Physical Item Details\".\"Statistics Note 2\" = 'JIA' THEN 'JIA : Langue et litt\u00e9rature arabes'\n        WHEN \"Physical Item Details\".\"Statistics Note 2\" = 'JIB' THEN 'JIB : Langue et litt\u00e9rature chinoises'\n        WHEN \"Physical Item Details\".\"Statistics Note 2\" = 'JIC' THEN 'JIC : Langue et litt\u00e9rature japonaises'\n        WHEN \"Physical Item Details\".\"Statistics Note 2\" = 'JID' THEN 'JID : Langue et litt\u00e9rature hongroises'\n        WHEN \"Physical Item Details\".\"Statistics Note 2\" = 'JIE' THEN 'JIE : Langue et litt\u00e9rature cor\u00e9ennes'\n        WHEN \"Physical Item Details\".\"Statistics Note 2\" = 'JIF' THEN 'JIF : Langue et litt\u00e9rature h\u00e9bra\u00efques'\n        WHEN \"Physical Item Details\".\"Statistics Note 2\" = 'JIG' THEN 'JIG : Langue et litt\u00e9rature hell\u00e9niques'\n        WHEN \"Physical Item Details\".\"Statistics Note 2\" = 'JIH' THEN 'JIH : Civilisation asiatique'\n        WHEN \"Physical Item Details\".\"Statistics Note 2\" = 'JJ0' THEN 'JJ0 : Cultures et langues r\u00e9gionales'\n        WHEN \"Physical Item Details\".\"Statistics Note 2\" = 'JJA' THEN 'JJA : Culture et langue occitanes'\n        WHEN \"Physical Item Details\".\"Statistics Note 2\" = 'JK0' THEN 'JK0 : Litt\u00e9rature et \u00e9crits pour la jeunesse'\n        WHEN \"Physical Item Details\".\"Statistics Note 2\" = 'JLO' THEN 'JL0 : LEA - mati\u00e8res d''application'\n        WHEN \"Physical Item Details\".\"Statistics Note 2\" = 'K00' THEN 'K00 : Arts'\n        WHEN \"Physical Item Details\".\"Statistics Note 2\" = 'KA0' THEN 'KA0 : Arts plastiques et arts appliqu\u00e9s'\n        WHEN \"Physical Item Details\".\"Statistics Note 2\" = 'KB0' THEN 'KB0 : Arts du spectacle'\n        WHEN \"Physical Item Details\".\"Statistics Note 2\" = 'KBA' THEN 'KBA : Cin\u00e9ma'\n        WHEN \"Physical Item Details\".\"Statistics Note 2\" = 'KBB' THEN 'KBB : Th\u00e9atre-danse'\n        WHEN \"Physical Item Details\".\"Statistics Note 2\" = 'KC0' THEN 'KC0 : Musiques'\n        WHEN \"Physical Item Details\".\"Statistics Note 2\" = 'L00' THEN 'L00 : Philosophie et \u00e9pistemologie'\n        WHEN \"Physical Item Details\".\"Statistics Note 2\" = 'LA0' THEN 'LA0 : Epist\u00e9mologie, histoire des sciences et des techniques'\n        WHEN \"Physical Item Details\".\"Statistics Note 2\" = 'LB0' THEN 'LB0 : Philosophie'\n        WHEN \"Physical Item Details\".\"Statistics Note 2\" = 'LBA' THEN 'LBA : Sciences religieuses'\n        WHEN \"Physical Item Details\".\"Statistics Note 2\" = 'M00' THEN 'M00 : Histoire'\n        WHEN \"Physical Item Details\".\"Statistics Note 2\" = 'MA0' THEN 'MA0 : Histoire, civilisations, arch\u00e9ologie et art des mondes anciens et m\u00e9di\u00e9vaux'\n        WHEN \"Physical Item Details\".\"Statistics Note 2\" = 'MAA' THEN 'MAA : Histoire antique'\n        WHEN \"Physical Item Details\".\"Statistics Note 2\" = 'MAB' THEN 'MAB : Histoire m\u00e9di\u00e9vale'\n        WHEN \"Physical Item Details\".\"Statistics Note 2\" = 'MB0' THEN 'MB0 : Histoire et civilisations : histoire des mondes modernes, histoire du monde contemporain ; de l''art ; de la musique'\n        WHEN \"Physical Item Details\".\"Statistics Note 2\" = 'MBA' THEN 'MBA : Histoire moderne'\n        WHEN \"Physical Item Details\".\"Statistics Note 2\" = 'MBB' THEN 'MBB : Histoire contemporaine'\n        WHEN \"Physical Item Details\".\"Statistics Note 2\" = 'MC0' THEN 'MC0 : Histoire de l''art et sciences arch\u00e9ologiques'\n        WHEN \"Physical Item Details\".\"Statistics Note 2\" = 'MCA' THEN 'MCA : Histoire de l''art'\n        WHEN \"Physical Item Details\".\"Statistics Note 2\" = 'MCB' THEN 'MCB : Sciences arch\u00e9ologiques'\n        WHEN \"Physical Item Details\".\"Statistics Note 2\" = 'N00' THEN 'N00 : G\u00e9ographie'\n        WHEN \"Physical Item Details\".\"Statistics Note 2\" = 'NA0' THEN 'NA0 : G\u00e9ographie physique, humaine, \u00e9conomique et r\u00e9gionale'\n        WHEN \"Physical Item Details\".\"Statistics Note 2\" = 'NB0' THEN 'NB0 : Am\u00e9nagement de l''espace, urbanisme'\n        WHEN \"Physical Item Details\".\"Statistics Note 2\" = 'NC0' THEN 'NC0 : Environnement'\n        WHEN \"Physical Item Details\".\"Statistics Note 2\" = 'O00' THEN 'O00 : Sciences agricoles'\n        WHEN \"Physical Item Details\".\"Statistics Note 2\" = 'OA0' THEN 'OA0 : Productions v\u00e9g\u00e9tales'\n        WHEN \"Physical Item Details\".\"Statistics Note 2\" = 'OAA' THEN 'OAA : Agronomie'\n        WHEN \"Physical Item Details\".\"Statistics Note 2\" = 'OAB' THEN 'OAB : Sols'\n        WHEN \"Physical Item Details\".\"Statistics Note 2\" = 'OAC' THEN 'OAC : Cultures'\n        WHEN \"Physical Item Details\".\"Statistics Note 2\" = 'OB0' THEN 'OB0 : Productions animales'\n        WHEN \"Physical Item Details\".\"Statistics Note 2\" = 'OBA' THEN 'OBA : Zootechnie'\n        WHEN \"Physical Item Details\".\"Statistics Note 2\" = 'OBB' THEN 'OBB : Elevage'\n        WHEN \"Physical Item Details\".\"Statistics Note 2\" = 'OC0' THEN 'OC0 : For\u00eat et fili\u00e8re bois'\n        WHEN \"Physical Item Details\".\"Statistics Note 2\" = 'OD0' THEN 'OD0 : Vigne et vin'\n        WHEN \"Physical Item Details\".\"Statistics Note 2\" = 'ODA' THEN 'ODA : \u0152nologie'\n        WHEN \"Physical Item Details\".\"Statistics Note 2\" = 'ODB' THEN 'ODB : Viticulture'\n        WHEN \"Physical Item Details\".\"Statistics Note 2\" = 'OE0' THEN 'OE0 : Agriculture, \u00e9conomie et politique'\n        WHEN \"Physical Item Details\".\"Statistics Note 2\" = 'OEA' THEN 'OEA : Agriculture'\n        WHEN \"Physical Item Details\".\"Statistics Note 2\" = 'OEB' THEN 'OEB : Economie et politique'\n        WHEN \"Physical Item Details\".\"Statistics Note 2\" = 'OF0' THEN 'OF0 : Agroalimentaire'\n        WHEN \"Physical Item Details\".\"Statistics Note 2\" = 'P00' THEN 'P00 : Arch\u00e9ologie, ethnologie, pr\u00e9histoire, anthropologie biologique'\n        WHEN \"Physical Item Details\".\"Statistics Note 2\" = 'R00' THEN 'R00 : Psychologie'\n        WHEN \"Physical Item Details\".\"Statistics Note 2\" = 'S00' THEN 'S00 : Sociologie, d\u00e9mographie'\n        WHEN \"Physical Item Details\".\"Statistics Note 2\" = 'SA0' THEN 'SA0 : Sociologie - anthropologie sociale'\n        WHEN \"Physical Item Details\".\"Statistics Note 2\" = 'SAB' THEN 'SAB : Psychologie sociale'\n        WHEN \"Physical Item Details\".\"Statistics Note 2\" = 'T00' THEN 'T00 : Sciences de l''\u00e9ducation'\n        WHEN \"Physical Item Details\".\"Statistics Note 2\" = 'U00' THEN 'U00 : Sciences de l''information et de la communication'\n        WHEN \"Physical Item Details\".\"Statistics Note 2\" = 'V00' THEN 'V00 : Sciences juridiques'\n        WHEN \"Physical Item Details\".\"Statistics Note 2\" = 'VA0' THEN 'VA0 : Droit priv\u00e9 et sciences criminelles'\n        WHEN \"Physical Item Details\".\"Statistics Note 2\" = 'VAA' THEN 'VAA : Droit civil, obligations, biens, commercial'\n        WHEN \"Physical Item Details\".\"Statistics Note 2\" = 'VAB' THEN 'VAB : Droit p\u00e9nal, criminologie, science p\u00e9nitentiaire'\n        WHEN \"Physical Item Details\".\"Statistics Note 2\" = 'VAC' THEN 'VAC : Proc\u00e9dure civile et m\u00e9tiers du droit'\n        WHEN \"Physical Item Details\".\"Statistics Note 2\" = 'VB0' THEN 'VB0 : Droit public'\n        WHEN \"Physical Item Details\".\"Statistics Note 2\" = 'VBA' THEN 'VBA : Droits constitutionnel et administratif'\n        WHEN \"Physical Item Details\".\"Statistics Note 2\" = 'VBB' THEN 'VBB : Droit fiscal, finances publiques, \u00e9conomique\u2026'\n        WHEN \"Physical Item Details\".\"Statistics Note 2\" = 'VBC' THEN 'VBC : Droit social, sant\u00e9, environnement\u2026'\n        WHEN \"Physical Item Details\".\"Statistics Note 2\" = 'VBD' THEN 'VBD : Administration'\n        WHEN \"Physical Item Details\".\"Statistics Note 2\" = 'VC0' THEN 'VC0 : Histoire du droit et des institutions'\n        WHEN \"Physical Item Details\".\"Statistics Note 2\" = 'VD0' THEN 'VD0 : Droit international et europ\u00e9en'\n        WHEN \"Physical Item Details\".\"Statistics Note 2\" = 'VDA' THEN 'VDA : Droit international'\n        WHEN \"Physical Item Details\".\"Statistics Note 2\" = 'VDB' THEN 'VDB : Droit europ\u00e9en'\n        WHEN \"Physical Item Details\".\"Statistics Note 2\" = 'W00' THEN 'W00 : Sciences politiques'\n        WHEN \"Physical Item Details\".\"Statistics Note 2\" = 'X00' THEN 'X00 : Sciences \u00e9conomiques'\n        WHEN \"Physical Item Details\".\"Statistics Note 2\" = 'XA0' THEN 'XA0 : Th\u00e9orie et histoire \u00e9conomique'\n        WHEN \"Physical Item Details\".\"Statistics Note 2\" = 'XB0' THEN 'XB0 : Economie financi\u00e8re'\n        WHEN \"Physical Item Details\".\"Statistics Note 2\" = 'XC0' THEN 'XC0 : Economie appliqu\u00e9e'\n        WHEN \"Physical Item Details\".\"Statistics Note 2\" = 'Y00' THEN 'Y00 : Gestion'\n        WHEN \"Physical Item Details\".\"Statistics Note 2\" = 'YA0' THEN 'YA0 : Ressources humaines'\n        WHEN \"Physical Item Details\".\"Statistics Note 2\" = 'YB0' THEN 'YB0 : Marketing'\n        WHEN \"Physical Item Details\".\"Statistics Note 2\" = 'YC0' THEN 'YC0 : Comptabilit\u00e9'\n        WHEN \"Physical Item Details\".\"Statistics Note 2\" = 'YD0' THEN 'YD0 : Gestion de production'\n        WHEN \"Physical Item Details\".\"Statistics Note 2\" = 'YE0' THEN 'YE0 : Management'\n        WHEN \"Physical Item Details\".\"Statistics Note 2\" = 'YF0' THEN 'YF0 : Finances'\n        WHEN \"Physical Item Details\".\"Statistics Note 2\" = 'YG0' THEN 'YG0 : Communication'\n        WHEN \"Physical Item Details\".\"Statistics Note 2\" = 'Z00' THEN 'Z00 : V\u00e9t\u00e9rinaire'\n        WHEN \"Physical Item Details\".\"Statistics Note 2\" = '###' THEN '### : Aucun code de discipline attribu\u00e9'\n        ELSE 'AUTRE'\n    END<\/code><\/pre>\n","protected":false},"excerpt":{"rendered":"<p>Dans Analytics les Notes statistiques sont stock\u00e9es sous forme de code. La colonne suivante permet d&rsquo;ajouter les libell\u00e9s aux codes.<\/p>\n","protected":false},"author":2,"featured_media":0,"parent":23926,"menu_order":1,"comment_status":"closed","ping_status":"closed","template":"","meta":[],"post_mailing_queue_ids":[],"_links":{"self":[{"href":"http:\/\/rebub.u-bordeaux.fr\/index.php\/wp-json\/wp\/v2\/pages\/23944"}],"collection":[{"href":"http:\/\/rebub.u-bordeaux.fr\/index.php\/wp-json\/wp\/v2\/pages"}],"about":[{"href":"http:\/\/rebub.u-bordeaux.fr\/index.php\/wp-json\/wp\/v2\/types\/page"}],"author":[{"embeddable":true,"href":"http:\/\/rebub.u-bordeaux.fr\/index.php\/wp-json\/wp\/v2\/users\/2"}],"replies":[{"embeddable":true,"href":"http:\/\/rebub.u-bordeaux.fr\/index.php\/wp-json\/wp\/v2\/comments?post=23944"}],"version-history":[{"count":1,"href":"http:\/\/rebub.u-bordeaux.fr\/index.php\/wp-json\/wp\/v2\/pages\/23944\/revisions"}],"predecessor-version":[{"id":23945,"href":"http:\/\/rebub.u-bordeaux.fr\/index.php\/wp-json\/wp\/v2\/pages\/23944\/revisions\/23945"}],"up":[{"embeddable":true,"href":"http:\/\/rebub.u-bordeaux.fr\/index.php\/wp-json\/wp\/v2\/pages\/23926"}],"wp:attachment":[{"href":"http:\/\/rebub.u-bordeaux.fr\/index.php\/wp-json\/wp\/v2\/media?parent=23944"}],"curies":[{"name":"wp","href":"https:\/\/api.w.org\/{rel}","templated":true}]}}