	{"id":23952,"date":"2025-07-17T16:21:38","date_gmt":"2025-07-17T14:21:38","guid":{"rendered":"https:\/\/rebub.u-bordeaux.fr\/?page_id=23952"},"modified":"2025-07-18T13:37:53","modified_gmt":"2025-07-18T11:37:53","slug":"regroupement-et-filtre-des-exemplaires-selon-les-indices-des-coteqs-dewey-ou-nlm","status":"publish","type":"page","link":"http:\/\/rebub.u-bordeaux.fr\/index.php\/statistiques\/donnees-statistiques\/les-rapports-et-les-indicateurs\/dedinition-des-indicateurs\/regroupement-et-filtre-des-exemplaires-selon-les-indices-des-coteqs-dewey-ou-nlm\/","title":{"rendered":"Regroupement et filtre des exemplaires selon les indices des cotes DEWEY ou NLM"},"content":{"rendered":"<div id='wpig-floatingbar' class='wpig-floatingbar'><div id='wpig-switch-wrapper' class='wpig-switch-wrapper'><span id='wpig-floating-switch' class='wpig-floating-switch'><img src='http:\/\/rebub.u-bordeaux.fr\/wp-content\/plugins\/sticky-toc-advance-table-of-contents\/\\assets\\menu.png'><\/span><\/div><\/div><p><\/p>\n<div class=\"is-layout-constrained wp-block-group bord-bloc-reutilisable\"><div class=\"wp-block-group__inner-container\">\n<div class=\"is-layout-flex wp-container-3 wp-block-columns alignfull bord-bloc-reutilisable has-background\" style=\"background-color:#ff303047\">\n<div class=\"is-layout-flow wp-block-column is-vertically-aligned-center\" style=\"flex-basis:7%\">\n<figure class=\"wp-block-image alignfull size-full\"><img decoding=\"async\" loading=\"lazy\" width=\"512\" height=\"512\" src=\"https:\/\/rebub.u-bordeaux.fr\/wp-content\/uploads\/2024\/04\/point-dexclamation.png\" alt=\"\" class=\"wp-image-19898\" srcset=\"https:\/\/rebub.u-bordeaux.fr\/wp-content\/uploads\/2024\/04\/point-dexclamation.png 512w, https:\/\/rebub.u-bordeaux.fr\/wp-content\/uploads\/2024\/04\/point-dexclamation-300x300.png 300w, https:\/\/rebub.u-bordeaux.fr\/wp-content\/uploads\/2024\/04\/point-dexclamation-150x150.png 150w\" sizes=\"(max-width: 512px) 100vw, 512px\" \/><\/figure>\n<\/div>\n\n\n\n<div class=\"is-layout-flow wp-block-column is-vertically-aligned-center\" style=\"flex-basis:85%\">\n<p><strong>Attention !<\/strong>  Cette colonne ne fonctionne que pour les exemplaires dont la cote de la holding et de type Dewey ou NLM. Les exemplaires ne remplissant pas ces conditions sont regroup\u00e9s derri\u00e8re la mention \u00ab\u00a0Non Dewey ou NLM\u00a0\u00bb<\/p>\n<\/div>\n<\/div>\n<\/div><\/div>\n\n\n\n<p>Si le type de cote est <strong>NLM <\/strong>alors on extrait tous les caract\u00e8res  depuis le d\u00e9but de la cha\u00eene jusqu&rsquo;au premier espace qui suit un chiffre et qui est pr\u00e9c\u00e9d\u00e9 par une lettre. Les points sont remplac\u00e9s par des virgules pour faciliter le tri des donn\u00e9es.<\/p>\n\n\n\n<p>Si le type de cote est <strong>Dewey <\/strong>on extrait les caract\u00e8res \u00e0 partir du premier chiffre jusqu&rsquo;au premier espace qui suit un chiffre et qui est pr\u00e9c\u00e9d\u00e9 par une lettre. Les points sont remplac\u00e9s par des virgules pour faciliter le tri des donn\u00e9es.<\/p>\n\n\n\n<p>Dans les <strong>autres cas <\/strong> on affecte la valeur <strong>\u00ab\u00a0Non Dewey ou NLM\u00a0\u00bb<\/strong><\/p>\n\n\n\n<h2 id=\"stoc-requete-sql-pour-la-creation-de-linvite\" class=\"wpig-heading\">Requ\u00eate SQL pour la cr\u00e9ation de l&rsquo;invite<\/h2>\n\n\n\n<pre class=\"wp-block-code\"><code><div style=\"color: #cccccc;background-color: #1f1f1f;font-family: Consolas, 'Courier New', monospace;font-weight: normal;font-size: 14px;line-height: 19px;white-space: pre;\"><div><span style=\"color: #569cd6;\">SELECT<\/span><\/div><div><span style=\"color: #cccccc;\">\u00a0 \u00a0 <\/span><span style=\"color: #569cd6;\">CASE<\/span><\/div><div><span style=\"color: #cccccc;\">\u00a0 \u00a0 \u00a0 \u00a0 <\/span><span style=\"color: #569cd6;\">WHEN<\/span><span style=\"color: #cccccc;\"> <\/span><span style=\"color: #ce9178;\">\"Holdings Details\"<\/span><span style=\"color: #cccccc;\">.<\/span><span style=\"color: #ce9178;\">\"Permanent Call Number Type\"<\/span><span style=\"color: #cccccc;\"> <\/span><span style=\"color: #d4d4d4;\">=<\/span><span style=\"color: #cccccc;\"> <\/span><span style=\"color: #ce9178;\">'National Library of Medicine classification'<\/span><span style=\"color: #cccccc;\"> <\/span><span style=\"color: #569cd6;\">THEN<\/span><span style=\"color: #cccccc;\"> <\/span><span style=\"color: #569cd6;\">IFNULL<\/span><span style=\"color: #cccccc;\"> (<\/span><\/div><div><span style=\"color: #cccccc;\">\u00a0 \u00a0 \u00a0 \u00a0 \u00a0 \u00a0 EVALUATE (<\/span><\/div><div><span style=\"color: #cccccc;\">\u00a0 \u00a0 \u00a0 \u00a0 \u00a0 \u00a0 \u00a0 \u00a0 <\/span><span style=\"color: #ce9178;\">'regexp_replace(%1,%2,%3)'<\/span><span style=\"color: #cccccc;\">,<\/span><\/div><div><span style=\"color: #cccccc;\">\u00a0 \u00a0 \u00a0 \u00a0 \u00a0 \u00a0 \u00a0 \u00a0 <\/span><span style=\"color: #569cd6;\">IFNULL<\/span><span style=\"color: #cccccc;\"> (<\/span><\/div><div><span style=\"color: #cccccc;\">\u00a0 \u00a0 \u00a0 \u00a0 \u00a0 \u00a0 \u00a0 \u00a0 \u00a0 \u00a0 EVALUATE (<\/span><\/div><div><span style=\"color: #cccccc;\">\u00a0 \u00a0 \u00a0 \u00a0 \u00a0 \u00a0 \u00a0 \u00a0 \u00a0 \u00a0 \u00a0 \u00a0 <\/span><span style=\"color: #ce9178;\">'regexp_replace(%1,%2,%3)'<\/span><span style=\"color: #cccccc;\">,<\/span><\/div><div><span style=\"color: #cccccc;\">\u00a0 \u00a0 \u00a0 \u00a0 \u00a0 \u00a0 \u00a0 \u00a0 \u00a0 \u00a0 \u00a0 \u00a0 EVALUATE (<\/span><\/div><div><span style=\"color: #cccccc;\">\u00a0 \u00a0 \u00a0 \u00a0 \u00a0 \u00a0 \u00a0 \u00a0 \u00a0 \u00a0 \u00a0 \u00a0 \u00a0 \u00a0 <\/span><span style=\"color: #ce9178;\">'regexp_replace(%1,%2,%3)'<\/span><span style=\"color: #cccccc;\">,<\/span><\/div><div><span style=\"color: #cccccc;\">\u00a0 \u00a0 \u00a0 \u00a0 \u00a0 \u00a0 \u00a0 \u00a0 \u00a0 \u00a0 \u00a0 \u00a0 \u00a0 \u00a0 <\/span><span style=\"color: #ce9178;\">\"Holding Details\"<\/span><span style=\"color: #cccccc;\">.<\/span><span style=\"color: #ce9178;\">\"Permanent Call Number\"<\/span><span style=\"color: #cccccc;\">,<\/span><\/div><div><span style=\"color: #cccccc;\">\u00a0 \u00a0 \u00a0 \u00a0 \u00a0 \u00a0 \u00a0 \u00a0 \u00a0 \u00a0 \u00a0 \u00a0 \u00a0 \u00a0 <\/span><span style=\"color: #ce9178;\">'\\('<\/span><span style=\"color: #cccccc;\">,<\/span><\/div><div><span style=\"color: #cccccc;\">\u00a0 \u00a0 \u00a0 \u00a0 \u00a0 \u00a0 \u00a0 \u00a0 \u00a0 \u00a0 \u00a0 \u00a0 \u00a0 \u00a0 <\/span><span style=\"color: #ce9178;\">' '<\/span><\/div><div><span style=\"color: #cccccc;\">\u00a0 \u00a0 \u00a0 \u00a0 \u00a0 \u00a0 \u00a0 \u00a0 \u00a0 \u00a0 \u00a0 \u00a0 ),<\/span><\/div><div><span style=\"color: #cccccc;\">\u00a0 \u00a0 \u00a0 \u00a0 \u00a0 \u00a0 \u00a0 \u00a0 \u00a0 \u00a0 \u00a0 \u00a0 <\/span><span style=\"color: #ce9178;\">'^(.*?&#91;0-9\\.]+?)\\s.*$'<\/span><span style=\"color: #cccccc;\">,<\/span><\/div><div><span style=\"color: #cccccc;\">\u00a0 \u00a0 \u00a0 \u00a0 \u00a0 \u00a0 \u00a0 \u00a0 \u00a0 \u00a0 \u00a0 \u00a0 <\/span><span style=\"color: #ce9178;\">'\\1'<\/span><\/div><div><span style=\"color: #cccccc;\">\u00a0 \u00a0 \u00a0 \u00a0 \u00a0 \u00a0 \u00a0 \u00a0 \u00a0 \u00a0 ),<\/span><\/div><div><span style=\"color: #cccccc;\">\u00a0 \u00a0 \u00a0 \u00a0 \u00a0 \u00a0 \u00a0 \u00a0 \u00a0 \u00a0 <\/span><span style=\"color: #b5cea8;\">0<\/span><\/div><div><span style=\"color: #cccccc;\">\u00a0 \u00a0 \u00a0 \u00a0 \u00a0 \u00a0 \u00a0 \u00a0 ),<\/span><\/div><div><span style=\"color: #cccccc;\">\u00a0 \u00a0 \u00a0 \u00a0 \u00a0 \u00a0 \u00a0 \u00a0 <\/span><span style=\"color: #ce9178;\">'\\.'<\/span><span style=\"color: #cccccc;\">,<\/span><\/div><div><span style=\"color: #cccccc;\">\u00a0 \u00a0 \u00a0 \u00a0 \u00a0 \u00a0 \u00a0 \u00a0 <\/span><span style=\"color: #ce9178;\">','<\/span><\/div><div><span style=\"color: #cccccc;\">\u00a0 \u00a0 \u00a0 \u00a0 \u00a0 \u00a0 ),<\/span><\/div><div><span style=\"color: #cccccc;\">\u00a0 \u00a0 \u00a0 \u00a0 \u00a0 \u00a0 <\/span><span style=\"color: #b5cea8;\">0<\/span><\/div><div><span style=\"color: #cccccc;\">\u00a0 \u00a0 \u00a0 \u00a0 )<\/span><\/div><div><span style=\"color: #cccccc;\">\u00a0 \u00a0 \u00a0 \u00a0 <\/span><span style=\"color: #569cd6;\">WHEN<\/span><span style=\"color: #cccccc;\"> <\/span><span style=\"color: #ce9178;\">\"Holdings Details\"<\/span><span style=\"color: #cccccc;\">.<\/span><span style=\"color: #ce9178;\">\"Permanent Call Number Type\"<\/span><span style=\"color: #cccccc;\"> <\/span><span style=\"color: #d4d4d4;\">=<\/span><span style=\"color: #cccccc;\"> <\/span><span style=\"color: #ce9178;\">'Dewey Decimal classification'<\/span><span style=\"color: #cccccc;\"> <\/span><span style=\"color: #569cd6;\">THEN<\/span><span style=\"color: #cccccc;\"> <\/span><span style=\"color: #569cd6;\">IFNULL<\/span><span style=\"color: #cccccc;\"> (<\/span><\/div><div><span style=\"color: #cccccc;\">\u00a0 \u00a0 \u00a0 \u00a0 \u00a0 \u00a0 EVALUATE (<\/span><\/div><div><span style=\"color: #cccccc;\">\u00a0 \u00a0 \u00a0 \u00a0 \u00a0 \u00a0 \u00a0 \u00a0 <\/span><span style=\"color: #ce9178;\">'regexp_replace(%1,%2,%3)'<\/span><span style=\"color: #cccccc;\">,<\/span><\/div><div><span style=\"color: #cccccc;\">\u00a0 \u00a0 \u00a0 \u00a0 \u00a0 \u00a0 \u00a0 \u00a0 <\/span><span style=\"color: #569cd6;\">IFNULL<\/span><span style=\"color: #cccccc;\"> (<\/span><\/div><div><span style=\"color: #cccccc;\">\u00a0 \u00a0 \u00a0 \u00a0 \u00a0 \u00a0 \u00a0 \u00a0 \u00a0 \u00a0 EVALUATE (<\/span><\/div><div><span style=\"color: #cccccc;\">\u00a0 \u00a0 \u00a0 \u00a0 \u00a0 \u00a0 \u00a0 \u00a0 \u00a0 \u00a0 \u00a0 \u00a0 <\/span><span style=\"color: #ce9178;\">'regexp_replace(%1,%2,%3)'<\/span><span style=\"color: #cccccc;\">,<\/span><\/div><div><span style=\"color: #cccccc;\">\u00a0 \u00a0 \u00a0 \u00a0 \u00a0 \u00a0 \u00a0 \u00a0 \u00a0 \u00a0 \u00a0 \u00a0 EVALUATE (<\/span><\/div><div><span style=\"color: #cccccc;\">\u00a0 \u00a0 \u00a0 \u00a0 \u00a0 \u00a0 \u00a0 \u00a0 \u00a0 \u00a0 \u00a0 \u00a0 \u00a0 \u00a0 <\/span><span style=\"color: #ce9178;\">'regexp_replace(%1,%2,%3)'<\/span><span style=\"color: #cccccc;\">,<\/span><\/div><div><span style=\"color: #cccccc;\">\u00a0 \u00a0 \u00a0 \u00a0 \u00a0 \u00a0 \u00a0 \u00a0 \u00a0 \u00a0 \u00a0 \u00a0 \u00a0 \u00a0 <\/span><span style=\"color: #ce9178;\">\"Holding Details\"<\/span><span style=\"color: #cccccc;\">.<\/span><span style=\"color: #ce9178;\">\"Permanent Call Number\"<\/span><span style=\"color: #cccccc;\">,<\/span><\/div><div><span style=\"color: #cccccc;\">\u00a0 \u00a0 \u00a0 \u00a0 \u00a0 \u00a0 \u00a0 \u00a0 \u00a0 \u00a0 \u00a0 \u00a0 \u00a0 \u00a0 <\/span><span style=\"color: #ce9178;\">'\\('<\/span><span style=\"color: #cccccc;\">,<\/span><\/div><div><span style=\"color: #cccccc;\">\u00a0 \u00a0 \u00a0 \u00a0 \u00a0 \u00a0 \u00a0 \u00a0 \u00a0 \u00a0 \u00a0 \u00a0 \u00a0 \u00a0 <\/span><span style=\"color: #ce9178;\">' '<\/span><\/div><div><span style=\"color: #cccccc;\">\u00a0 \u00a0 \u00a0 \u00a0 \u00a0 \u00a0 \u00a0 \u00a0 \u00a0 \u00a0 \u00a0 \u00a0 ),<\/span><\/div><div><span style=\"color: #cccccc;\">\u00a0 \u00a0 \u00a0 \u00a0 \u00a0 \u00a0 \u00a0 \u00a0 \u00a0 \u00a0 \u00a0 \u00a0 <\/span><span style=\"color: #ce9178;\">'^.*?(&#91;0-9\\.]+?)\\s.*$'<\/span><span style=\"color: #cccccc;\">,<\/span><\/div><div><span style=\"color: #cccccc;\">\u00a0 \u00a0 \u00a0 \u00a0 \u00a0 \u00a0 \u00a0 \u00a0 \u00a0 \u00a0 \u00a0 \u00a0 <\/span><span style=\"color: #ce9178;\">'\\1'<\/span><\/div><div><span style=\"color: #cccccc;\">\u00a0 \u00a0 \u00a0 \u00a0 \u00a0 \u00a0 \u00a0 \u00a0 \u00a0 \u00a0 ),<\/span><\/div><div><span style=\"color: #cccccc;\">\u00a0 \u00a0 \u00a0 \u00a0 \u00a0 \u00a0 \u00a0 \u00a0 \u00a0 \u00a0 <\/span><span style=\"color: #b5cea8;\">0<\/span><\/div><div><span style=\"color: #cccccc;\">\u00a0 \u00a0 \u00a0 \u00a0 \u00a0 \u00a0 \u00a0 \u00a0 ),<\/span><\/div><div><span style=\"color: #cccccc;\">\u00a0 \u00a0 \u00a0 \u00a0 \u00a0 \u00a0 \u00a0 \u00a0 <\/span><span style=\"color: #ce9178;\">'\\.'<\/span><span style=\"color: #cccccc;\">,<\/span><\/div><div><span style=\"color: #cccccc;\">\u00a0 \u00a0 \u00a0 \u00a0 \u00a0 \u00a0 \u00a0 \u00a0 <\/span><span style=\"color: #ce9178;\">','<\/span><\/div><div><span style=\"color: #cccccc;\">\u00a0 \u00a0 \u00a0 \u00a0 \u00a0 \u00a0 ),<\/span><\/div><div><span style=\"color: #cccccc;\">\u00a0 \u00a0 \u00a0 \u00a0 \u00a0 \u00a0 <\/span><span style=\"color: #b5cea8;\">0<\/span><\/div><div><span style=\"color: #cccccc;\">\u00a0 \u00a0 \u00a0 \u00a0 )<\/span><\/div><div><span style=\"color: #cccccc;\">\u00a0 \u00a0 \u00a0 \u00a0 <\/span><span style=\"color: #569cd6;\">ELSE<\/span><span style=\"color: #cccccc;\"> <\/span><span style=\"color: #ce9178;\">'Non Dewey ou NLM'<\/span><\/div><div><span style=\"color: #cccccc;\">\u00a0 \u00a0 <\/span><span style=\"color: #569cd6;\">END<\/span><\/div><div><span style=\"color: #569cd6;\">FROM<\/span><\/div><div><span style=\"color: #cccccc;\">\u00a0 \u00a0 <\/span><span style=\"color: #ce9178;\">\"Physical Items\"<\/span><\/div><div><span style=\"color: #569cd6;\">FETCH<\/span><span style=\"color: #cccccc;\"> <\/span><span style=\"color: #569cd6;\">FIRST<\/span><\/div><div><span style=\"color: #cccccc;\">\u00a0 \u00a0 <\/span><span style=\"color: #b5cea8;\">65001<\/span><span style=\"color: #cccccc;\"> <\/span><span style=\"color: #569cd6;\">ROWS<\/span><span style=\"color: #cccccc;\"> ONLY<\/span><\/div><\/div><\/code><\/pre>\n","protected":false},"excerpt":{"rendered":"<p>Si le type de cote est NLM alors on extrait tous les caract\u00e8res depuis le d\u00e9but de la cha\u00eene jusqu&rsquo;au premier espace qui suit un chiffre et qui est pr\u00e9c\u00e9d\u00e9 par une lettre. Les points sont remplac\u00e9s par des virgules&#8230;<\/p>\n","protected":false},"author":2,"featured_media":0,"parent":23926,"menu_order":4,"comment_status":"closed","ping_status":"closed","template":"","meta":[],"post_mailing_queue_ids":[],"_links":{"self":[{"href":"http:\/\/rebub.u-bordeaux.fr\/index.php\/wp-json\/wp\/v2\/pages\/23952"}],"collection":[{"href":"http:\/\/rebub.u-bordeaux.fr\/index.php\/wp-json\/wp\/v2\/pages"}],"about":[{"href":"http:\/\/rebub.u-bordeaux.fr\/index.php\/wp-json\/wp\/v2\/types\/page"}],"author":[{"embeddable":true,"href":"http:\/\/rebub.u-bordeaux.fr\/index.php\/wp-json\/wp\/v2\/users\/2"}],"replies":[{"embeddable":true,"href":"http:\/\/rebub.u-bordeaux.fr\/index.php\/wp-json\/wp\/v2\/comments?post=23952"}],"version-history":[{"count":2,"href":"http:\/\/rebub.u-bordeaux.fr\/index.php\/wp-json\/wp\/v2\/pages\/23952\/revisions"}],"predecessor-version":[{"id":23955,"href":"http:\/\/rebub.u-bordeaux.fr\/index.php\/wp-json\/wp\/v2\/pages\/23952\/revisions\/23955"}],"up":[{"embeddable":true,"href":"http:\/\/rebub.u-bordeaux.fr\/index.php\/wp-json\/wp\/v2\/pages\/23926"}],"wp:attachment":[{"href":"http:\/\/rebub.u-bordeaux.fr\/index.php\/wp-json\/wp\/v2\/media?parent=23952"}],"curies":[{"name":"wp","href":"https:\/\/api.w.org\/{rel}","templated":true}]}}