	{"id":23974,"date":"2025-08-25T13:57:48","date_gmt":"2025-08-25T11:57:48","guid":{"rendered":"https:\/\/rebub.u-bordeaux.fr\/?page_id=23974"},"modified":"2025-08-25T14:53:34","modified_gmt":"2025-08-25T12:53:34","slug":"les-doublons-de-notices-debooks","status":"publish","type":"page","link":"http:\/\/rebub.u-bordeaux.fr\/index.php\/babord\/procedures\/cdi\/les-doublons-de-notices-debooks\/","title":{"rendered":"Les doublons de notices d&rsquo;E-books dans Babord +"},"content":{"rendered":"<div id='wpig-floatingbar' class='wpig-floatingbar'><div id='wpig-switch-wrapper' class='wpig-switch-wrapper'><span id='wpig-floating-switch' class='wpig-floating-switch'><img src='http:\/\/rebub.u-bordeaux.fr\/wp-content\/plugins\/sticky-toc-advance-table-of-contents\/\\assets\\menu.png'><\/span><\/div><div id='wpig-contents' class='wpig-contents  wpig-sidebar-widget wpig-style-3'><span class='wpig-headline'>Table des mati\u00e8res<span><a data-action='show' class='wpig-btn-toggledisplay'>[ Show ]<\/a><\/span><\/span><!-- Table of Contents --><div id='wpig-table-of-content' class='wpig-table-of-content'><ol><li class='stoc-gestion-des-doublons-entre-alma-et-cdi-dans-babord'><a href='#stoc-gestion-des-doublons-entre-alma-et-cdi-dans-babord'>Gestion des doublons entre Alma et CDI dans Babord+<\/a><\/li><li class='stoc-limites-de-ce-mecanisme'><a href='#stoc-limites-de-ce-mecanisme'>Limites de ce m\u00e9canisme<\/a><\/li><li class='stoc-exemple-1-doublon-persistant'><a href='#stoc-exemple-1-doublon-persistant'>Exemple 1 : doublon persistant<\/a><ol><li class='stoc-exemple-2-filtre-correctement-applique'><a href='#stoc-exemple-2-filtre-correctement-applique'>Exemple 2 : filtre correctement appliqu\u00e9<\/a><\/li><\/ol><\/li><\/div><!-- END OF Table of Contents --><\/div><\/div><p><div id='wpig-contents' class='wpig-contents  wpig-sidebar-widget wpig-style-1'><span class='wpig-headline'>Table des mati\u00e8res<span><a data-action='show' class='wpig-btn-toggledisplay'>[ Show ]<\/a><\/span><\/span><!-- Table of Contents --><div id='wpig-table-of-content' class='wpig-table-of-content' ><ol><li class='stoc-gestion-des-doublons-entre-alma-et-cdi-dans-babord'><a href='#stoc-gestion-des-doublons-entre-alma-et-cdi-dans-babord'>Gestion des doublons entre Alma et CDI dans Babord+<\/a><\/li><li class='stoc-limites-de-ce-mecanisme'><a href='#stoc-limites-de-ce-mecanisme'>Limites de ce m\u00e9canisme<\/a><\/li><li class='stoc-exemple-1-doublon-persistant'><a href='#stoc-exemple-1-doublon-persistant'>Exemple 1 : doublon persistant<\/a><ol><li class='stoc-exemple-2-filtre-correctement-applique'><a href='#stoc-exemple-2-filtre-correctement-applique'>Exemple 2 : filtre correctement appliqu\u00e9<\/a><\/li><\/ol><\/li><\/div><!-- END OF Table of Contents --><\/div><\/p>\n<h2 id=\"stoc-gestion-des-doublons-entre-alma-et-cdi-dans-babord\" class=\"wpig-heading\">Gestion des doublons entre Alma et CDI dans Babord+<\/h2>\n\n\n\n<p>Lorsqu\u2019un utilisateur effectue une recherche dans <strong>Babord+<\/strong>, deux index sont sollicit\u00e9s simultan\u00e9ment :<\/p>\n\n\n\n<ul>\n<li><strong>l\u2019index local<\/strong> (c\u2019est-\u00e0-dire les notices issues d\u2019Alma),<\/li>\n\n\n\n<li><strong>l\u2019index central CDI (Central Discovery Index)<\/strong>, qui r\u00e9f\u00e9rence des articles, des chapitres d\u2019ouvrages, mais aussi des livres \u00e9lectroniques.<\/li>\n<\/ul>\n\n\n\n<p>De ce fait, lorsqu\u2019un <strong>portfolio actif<\/strong> existe dans Alma pour un ebook, deux notices peuvent appara\u00eetre dans le catalogue :<\/p>\n\n\n\n<ul>\n<li>une notice issue d\u2019Alma,<\/li>\n\n\n\n<li>et une notice issue de CDI.<\/li>\n<\/ul>\n\n\n\n<p>Pour \u00e9viter ces doublons, CDI propose une option permettant de <strong>supprimer l\u2019affichage de la notice CDI<\/strong> lorsqu\u2019un portfolio est d\u00e9j\u00e0 actif pour le m\u00eame titre dans Alma.<\/p>\n\n\n\n<h2 id=\"stoc-limites-de-ce-mecanisme\" class=\"wpig-heading\">Limites de ce m\u00e9canisme<\/h2>\n\n\n\n<p>Malheureusement, cette fonctionnalit\u00e9 ne fonctionne pas dans toutes les situations. La raison en est li\u00e9e aux <strong>types de collections \u00e9lectroniques dans Alma<\/strong> :<\/p>\n\n\n\n<ul>\n<li><strong>Bouquets s\u00e9lectifs<\/strong> : collections comportant des portfolios activables titre \u00e0 titre.<\/li>\n\n\n\n<li><strong>Bases de donn\u00e9es<\/strong> : collections qui ne reposent que sur des index de recherche et qui ne peuvent \u00eatre activ\u00e9es que pour la recherche dans le catalogue.<\/li>\n<\/ul>\n\n\n\n<p>Lorsque le titre est pr\u00e9sent dans un <strong>bouquet s\u00e9lectif<\/strong>, le filtre fonctionne correctement.<br>En revanche, si le titre est \u00e9galement index\u00e9 via une <strong>collection de type \u201cBase de donn\u00e9es\u201d<\/strong>, la notice CDI continue \u00e0 s\u2019afficher, car CDI ne filtre pas les r\u00e9sultats provenant de ces collections.<\/p>\n\n\n\n<h2 id=\"stoc-exemple-1-doublon-persistant\" class=\"wpig-heading\">Exemple 1 : doublon persistant<\/h2>\n\n\n\n<p>\ud83d\udc49<a href=\"https:\/\/pudb-ub.primo.exlibrisgroup.com\/discovery\/search?query=any,contains,Wine%20and%20tourism%20strategic%20segment%20sustainable&amp;tab=Everything&amp;search_scope=DN_and_CI&amp;vid=33PUDB_UB:33PUDB_UB_VU1&amp;offset=0\">Exemple de recherche<\/a><\/p>\n\n\n\n<figure class=\"wp-block-image size-full\"><img decoding=\"async\" loading=\"lazy\" width=\"944\" height=\"473\" src=\"https:\/\/rebub.u-bordeaux.fr\/wp-content\/uploads\/2025\/08\/image-2.png\" alt=\"\" class=\"wp-image-23975\" srcset=\"https:\/\/rebub.u-bordeaux.fr\/wp-content\/uploads\/2025\/08\/image-2.png 944w, https:\/\/rebub.u-bordeaux.fr\/wp-content\/uploads\/2025\/08\/image-2-300x150.png 300w, https:\/\/rebub.u-bordeaux.fr\/wp-content\/uploads\/2025\/08\/image-2-768x385.png 768w\" sizes=\"(max-width: 944px) 100vw, 944px\" \/><\/figure>\n\n\n\n<ul>\n<li>Le premier r\u00e9sultat provient de <strong>CDI<\/strong> (on le rep\u00e8re facilement gr\u00e2ce \u00e0 l\u2019extrait du r\u00e9sum\u00e9 dans la notice br\u00e8ve).<\/li>\n\n\n\n<li>En v\u00e9rifiant les collections Alma associ\u00e9es (voir <a href=\"https:\/\/rebub.u-bordeaux.fr\/index.php\/babord\/procedures\/cdi\/trucs-et-astuces\/identifier-la-provenance-dun-resultat-cdi\/\" data-type=\"page\" data-id=\"23986\">Identifier la provenance d\u2019un r\u00e9sultat CDI : le CDI Activation Analysis Tool<\/a>), on constate que le titre est pr\u00e9sent dans <strong>trois sources<\/strong> :\n<ul>\n<li>deux collections de type <em>Bouquet s\u00e9lectif<\/em> (Springer Books et Springer Nature),<\/li>\n\n\n\n<li>et une collection de type <em>Base de donn\u00e9es<\/em> (SCOPUS).<\/li>\n<\/ul>\n<\/li>\n<\/ul>\n\n\n\n<figure class=\"wp-block-image size-large\"><img decoding=\"async\" loading=\"lazy\" width=\"1024\" height=\"216\" src=\"https:\/\/rebub.u-bordeaux.fr\/wp-content\/uploads\/2025\/08\/image-3-1024x216.png\" alt=\"\" class=\"wp-image-23976\" srcset=\"https:\/\/rebub.u-bordeaux.fr\/wp-content\/uploads\/2025\/08\/image-3-1024x216.png 1024w, https:\/\/rebub.u-bordeaux.fr\/wp-content\/uploads\/2025\/08\/image-3-300x63.png 300w, https:\/\/rebub.u-bordeaux.fr\/wp-content\/uploads\/2025\/08\/image-3-768x162.png 768w, https:\/\/rebub.u-bordeaux.fr\/wp-content\/uploads\/2025\/08\/image-3-1536x323.png 1536w, https:\/\/rebub.u-bordeaux.fr\/wp-content\/uploads\/2025\/08\/image-3.png 1729w\" sizes=\"(max-width: 1024px) 100vw, 1024px\" \/><\/figure>\n\n\n\n<p>Le fait que SCOPUS soit une <em>Base de donn\u00e9es<\/em> explique pourquoi la notice CDI reste visible, g\u00e9n\u00e9rant un doublon avec la notice Alma.<\/p>\n\n\n\n<figure class=\"wp-block-image size-large\"><img decoding=\"async\" loading=\"lazy\" width=\"1024\" height=\"297\" src=\"https:\/\/rebub.u-bordeaux.fr\/wp-content\/uploads\/2025\/08\/image-4-1024x297.png\" alt=\"\" class=\"wp-image-23978\" srcset=\"https:\/\/rebub.u-bordeaux.fr\/wp-content\/uploads\/2025\/08\/image-4-1024x297.png 1024w, https:\/\/rebub.u-bordeaux.fr\/wp-content\/uploads\/2025\/08\/image-4-300x87.png 300w, https:\/\/rebub.u-bordeaux.fr\/wp-content\/uploads\/2025\/08\/image-4-768x223.png 768w, https:\/\/rebub.u-bordeaux.fr\/wp-content\/uploads\/2025\/08\/image-4.png 1460w\" sizes=\"(max-width: 1024px) 100vw, 1024px\" \/><\/figure>\n\n\n\n<h3 id=\"stoc-exemple-2-filtre-correctement-applique\" class=\"wpig-heading\">Exemple 2 : filtre correctement appliqu\u00e9<\/h3>\n\n\n\n<p>\ud83d\udc49 <a href=\"https:\/\/pudb-ub.primo.exlibrisgroup.com\/discovery\/search?query=any,contains,9781836200000&amp;tab=Everything&amp;search_scope=DN_and_CI&amp;sortby=rank&amp;vid=33PUDB_UB:33PUDB_UB_VU1&amp;lang=fr&amp;offset=0\">Exemple de recherche<\/a><\/p>\n\n\n\n<figure class=\"wp-block-image size-full\"><img decoding=\"async\" loading=\"lazy\" width=\"899\" height=\"666\" src=\"https:\/\/rebub.u-bordeaux.fr\/wp-content\/uploads\/2025\/08\/image-5.png\" alt=\"\" class=\"wp-image-23980\" srcset=\"https:\/\/rebub.u-bordeaux.fr\/wp-content\/uploads\/2025\/08\/image-5.png 899w, https:\/\/rebub.u-bordeaux.fr\/wp-content\/uploads\/2025\/08\/image-5-300x222.png 300w, https:\/\/rebub.u-bordeaux.fr\/wp-content\/uploads\/2025\/08\/image-5-768x569.png 768w\" sizes=\"(max-width: 899px) 100vw, 899px\" \/><\/figure>\n\n\n\n<p>Les r\u00e9sultats affichent uniquement :<\/p>\n\n\n\n<ul>\n<li>les notices d\u2019ebooks issues d\u2019Alma (deux \u00e9ditions disponibles pour ce titre),<\/li>\n\n\n\n<li>et des notices de chapitres en provenance de CDI.<\/li>\n<\/ul>\n\n\n\n<p>En consultant la provenance des r\u00e9sultats CDI, on voit qu\u2019ils d\u00e9pendent d\u2019une <strong>seule collection de type \u201cBouquet s\u00e9lectif\u201d<\/strong>.<\/p>\n\n\n\n<figure class=\"wp-block-image size-large\"><img decoding=\"async\" loading=\"lazy\" width=\"1024\" height=\"166\" src=\"https:\/\/rebub.u-bordeaux.fr\/wp-content\/uploads\/2025\/08\/image-6-1024x166.png\" alt=\"\" class=\"wp-image-23981\" srcset=\"https:\/\/rebub.u-bordeaux.fr\/wp-content\/uploads\/2025\/08\/image-6-1024x166.png 1024w, https:\/\/rebub.u-bordeaux.fr\/wp-content\/uploads\/2025\/08\/image-6-300x49.png 300w, https:\/\/rebub.u-bordeaux.fr\/wp-content\/uploads\/2025\/08\/image-6-768x125.png 768w, https:\/\/rebub.u-bordeaux.fr\/wp-content\/uploads\/2025\/08\/image-6-1536x249.png 1536w, https:\/\/rebub.u-bordeaux.fr\/wp-content\/uploads\/2025\/08\/image-6.png 1738w\" sizes=\"(max-width: 1024px) 100vw, 1024px\" \/><\/figure>\n\n\n\n<p>Le filtre CDI a donc fonctionn\u00e9 comme pr\u00e9vu et emp\u00each\u00e9 l\u2019affichage de doublons.<\/p>\n","protected":false},"excerpt":{"rendered":"<p>Table des mati\u00e8res[ Show ]Gestion des doublons entre Alma et CDI dans Babord+Limites de ce m\u00e9canismeExemple 1 : doublon persistantExemple 2 : filtre correctement appliqu\u00e9Gestion des doublons entre Alma et CDI dans Babord+ Lorsqu\u2019un utilisateur effectue une recherche dans Babord+,&#8230;<\/p>\n","protected":false},"author":2,"featured_media":0,"parent":18427,"menu_order":5,"comment_status":"closed","ping_status":"closed","template":"","meta":[],"post_mailing_queue_ids":[],"_links":{"self":[{"href":"http:\/\/rebub.u-bordeaux.fr\/index.php\/wp-json\/wp\/v2\/pages\/23974"}],"collection":[{"href":"http:\/\/rebub.u-bordeaux.fr\/index.php\/wp-json\/wp\/v2\/pages"}],"about":[{"href":"http:\/\/rebub.u-bordeaux.fr\/index.php\/wp-json\/wp\/v2\/types\/page"}],"author":[{"embeddable":true,"href":"http:\/\/rebub.u-bordeaux.fr\/index.php\/wp-json\/wp\/v2\/users\/2"}],"replies":[{"embeddable":true,"href":"http:\/\/rebub.u-bordeaux.fr\/index.php\/wp-json\/wp\/v2\/comments?post=23974"}],"version-history":[{"count":5,"href":"http:\/\/rebub.u-bordeaux.fr\/index.php\/wp-json\/wp\/v2\/pages\/23974\/revisions"}],"predecessor-version":[{"id":23995,"href":"http:\/\/rebub.u-bordeaux.fr\/index.php\/wp-json\/wp\/v2\/pages\/23974\/revisions\/23995"}],"up":[{"embeddable":true,"href":"http:\/\/rebub.u-bordeaux.fr\/index.php\/wp-json\/wp\/v2\/pages\/18427"}],"wp:attachment":[{"href":"http:\/\/rebub.u-bordeaux.fr\/index.php\/wp-json\/wp\/v2\/media?parent=23974"}],"curies":[{"name":"wp","href":"https:\/\/api.w.org\/{rel}","templated":true}]}}