	{"id":23986,"date":"2025-08-25T14:47:58","date_gmt":"2025-08-25T12:47:58","guid":{"rendered":"https:\/\/rebub.u-bordeaux.fr\/?page_id=23986"},"modified":"2025-08-25T14:58:01","modified_gmt":"2025-08-25T12:58:01","slug":"identifier-la-provenance-dun-resultat-cdi","status":"publish","type":"page","link":"http:\/\/rebub.u-bordeaux.fr\/index.php\/babord\/procedures\/cdi\/trucs-et-astuces\/identifier-la-provenance-dun-resultat-cdi\/","title":{"rendered":"Identifier la provenance d\u2019un r\u00e9sultat CDI : le CDI Activation Analysis Tool"},"content":{"rendered":"<div id='wpig-floatingbar' class='wpig-floatingbar'><div id='wpig-switch-wrapper' class='wpig-switch-wrapper'><span id='wpig-floating-switch' class='wpig-floating-switch'><img src='http:\/\/rebub.u-bordeaux.fr\/wp-content\/plugins\/sticky-toc-advance-table-of-contents\/\\assets\\menu.png'><\/span><\/div><div id='wpig-contents' class='wpig-contents  wpig-sidebar-widget wpig-style-3'><span class='wpig-headline'>Table des mati\u00e8res<span><a data-action='show' class='wpig-btn-toggledisplay'>[ Show ]<\/a><\/span><\/span><!-- Table of Contents --><div id='wpig-table-of-content' class='wpig-table-of-content'><ol><li class='stoc-acces-a-loutil'><a href='#stoc-acces-a-loutil'>Acc\u00e8s \u00e0 l\u2019outil<\/a><ol><li class='stoc-installation-du-bookmarklet-dans-firefox'><a href='#stoc-installation-du-bookmarklet-dans-firefox'>Installation du bookmarklet dans Firefox<\/a><\/li><li class='stoc-utilisation-de-loutil'><a href='#stoc-utilisation-de-loutil'>Utilisation de l&rsquo;outil<\/a><\/li><\/ol><li class='stoc-que-revele-le-rapport'><a href='#stoc-que-revele-le-rapport'>Que r\u00e9v\u00e8le le rapport ?<\/a><\/li><\/ol><\/li><\/div><!-- END OF Table of Contents --><\/div><\/div><p><div id='wpig-contents' class='wpig-contents  wpig-sidebar-widget wpig-style-1'><span class='wpig-headline'>Table des mati\u00e8res<span><a data-action='show' class='wpig-btn-toggledisplay'>[ Show ]<\/a><\/span><\/span><!-- Table of Contents --><div id='wpig-table-of-content' class='wpig-table-of-content' ><ol><li class='stoc-acces-a-loutil'><a href='#stoc-acces-a-loutil'>Acc\u00e8s \u00e0 l\u2019outil<\/a><ol><li class='stoc-installation-du-bookmarklet-dans-firefox'><a href='#stoc-installation-du-bookmarklet-dans-firefox'>Installation du bookmarklet dans Firefox<\/a><\/li><li class='stoc-utilisation-de-loutil'><a href='#stoc-utilisation-de-loutil'>Utilisation de l&rsquo;outil<\/a><\/li><\/ol><li class='stoc-que-revele-le-rapport'><a href='#stoc-que-revele-le-rapport'>Que r\u00e9v\u00e8le le rapport ?<\/a><\/li><\/ol><\/li><\/div><!-- END OF Table of Contents --><\/div><\/p>\n<p>Le <strong>CDI Activation Analysis Tool<\/strong> est un outil indispensable pour comprendre pourquoi un enregistrement CDI appara\u00eet dans les r\u00e9sultats de recherche de Babord +. Il permet de voir quelles collections actives dans Alma ont permis la remont\u00e9e du r\u00e9sultat CDI permettant ainsi de :<\/p>\n\n\n\n<ul>\n<li>Diagnostiquer un <strong>doublon<\/strong> (double r\u00e9sultat CDI + Alma).<\/li>\n\n\n\n<li>Comprendre pourquoi un titre est <strong>visible sans \u00eatre activ\u00e9<\/strong>.<\/li>\n\n\n\n<li>Identifier si un lien CDI est <strong>mal configur\u00e9 ou cass\u00e9<\/strong>.<\/li>\n<\/ul>\n\n\n\n<h2 id=\"stoc-acces-a-loutil\" class=\"wpig-heading\">Acc\u00e8s \u00e0 l\u2019outil<\/h2>\n\n\n\n<p>L&rsquo;outil est accessible en ligne<a href=\"https:\/\/cdi-rights-analysis.hosted.exlibrisgroup.com\/client\/create\"> \u00e0 cette adresse<\/a>, mais nous vous recommandons d&rsquo;utiliser le <strong>bookmarklet <\/strong>d\u00e9di\u00e9 \u00e0 cet effet. <\/p>\n\n\n\n<h3 id=\"stoc-installation-du-bookmarklet-dans-firefox\" class=\"wpig-heading\">Installation du bookmarklet dans Firefox<\/h3>\n\n\n\n<p><a href=\"https:\/\/cdi-rights-analysis.hosted.exlibrisgroup.com\/client\/help\">https:\/\/cdi-rights-analysis.hosted.exlibrisgroup.com\/client\/help<\/a><\/p>\n\n\n\n<ol>\n<li>Dans la barre personnelle de vos marques pages, faites un clic droit sur le r\u00e9pertoire dans lequel vous souhaitez cr\u00e9er le bookmarklet<\/li>\n\n\n\n<li>Cliquez sur <strong>Ajouter un marque page<\/strong><\/li>\n\n\n\n<li><strong>Nommez<\/strong> votre Marque page<\/li>\n\n\n\n<li>Puis copier dans le champ url, le code suivant<\/li>\n<\/ol>\n\n\n\n<pre class=\"wp-block-code\"><code>\njavascript: (function() {\n    function callback() {\n        (function($) {\n            var jQuery = $;\n            javascript: (function() {\n                javascript: (function() {\n                    var resultsSet = document.getElementsByTagName(\"prm-brief-result-container\");\n                    var pckey = window.appConfig&#91;'mapping-tables'].primo_central_institutions_unique_ids&#91;0].source1;\n                    for (var i = 0; i &lt; resultsSet.length; i++) {\n                        var id = resultsSet&#91;i].querySelector(\"div&#91;data-recordid]\").getAttribute(\"data-recordid\");\n                        if (id.includes('cdi_')) {\n                            resultsSet&#91;i].insertAdjacentHTML(\"afterend\", \"&lt;p style='position:relative;z-index:99;font-weight: normal;'&gt;&lt;a href='#' onclick='window.open(\\\"https:\/\/cdi-rights-analysis.hosted.exlibrisgroup.com\/client\/create?library=\" + pckey + \"&amp;record_id=\" + id + \"\\\");return false;'&gt;CDI Activation Analysis&lt;\/a&gt;&lt;\/p&gt;\");\n                        }\n                    }\n                })()\n            })()\n        })(jQuery.noConflict(true))\n    }\n    var s = document.createElement(\"script\");\n    s.src = \"https:\/\/code.jquery.com\/jquery-3.7.1.min.js\";\n    if (s.addEventListener) {\n        s.addEventListener(\"load\", callback, false)\n    } else if (s.readyState) {\n        s.onreadystatechange = callback\n    }\n    document.body.appendChild(s);\n})()<\/code><\/pre>\n\n\n\n<h3 id=\"stoc-utilisation-de-loutil\" class=\"wpig-heading\">Utilisation de l&rsquo;outil<\/h3>\n\n\n\n<p>A partir d&rsquo;une liste de r\u00e9sultats dans Babord +, cliquez sur le bookmarklet. Un lien intitul\u00e9 <strong>CDI Activation Analysis<\/strong> apparait alors sous chaque r\u00e9sultat en provenance de CDI. <\/p>\n\n\n\n<figure class=\"wp-block-image size-full\"><img decoding=\"async\" loading=\"lazy\" width=\"955\" height=\"447\" src=\"https:\/\/rebub.u-bordeaux.fr\/wp-content\/uploads\/2025\/08\/image-7.png\" alt=\"\" class=\"wp-image-23990\" srcset=\"https:\/\/rebub.u-bordeaux.fr\/wp-content\/uploads\/2025\/08\/image-7.png 955w, https:\/\/rebub.u-bordeaux.fr\/wp-content\/uploads\/2025\/08\/image-7-300x140.png 300w, https:\/\/rebub.u-bordeaux.fr\/wp-content\/uploads\/2025\/08\/image-7-768x359.png 768w\" sizes=\"(max-width: 955px) 100vw, 955px\" \/><\/figure>\n\n\n\n<p>En cliquant sur le lien, vous \u00eates redirig\u00e9s sur l&rsquo;outil d&rsquo;analyse pr\u00e9 renseign\u00e9 avec l&rsquo;identifiant de votre institution (<strong>Library (PC Key)<\/strong> et l&rsquo;identifiant de la notice CDI (<strong>Record ID<\/strong>).  <\/p>\n\n\n\n<figure class=\"wp-block-image size-large\"><img decoding=\"async\" loading=\"lazy\" width=\"1024\" height=\"265\" src=\"https:\/\/rebub.u-bordeaux.fr\/wp-content\/uploads\/2025\/08\/image-8-1024x265.png\" alt=\"\" class=\"wp-image-23991\" srcset=\"https:\/\/rebub.u-bordeaux.fr\/wp-content\/uploads\/2025\/08\/image-8-1024x265.png 1024w, https:\/\/rebub.u-bordeaux.fr\/wp-content\/uploads\/2025\/08\/image-8-300x78.png 300w, https:\/\/rebub.u-bordeaux.fr\/wp-content\/uploads\/2025\/08\/image-8-768x199.png 768w, https:\/\/rebub.u-bordeaux.fr\/wp-content\/uploads\/2025\/08\/image-8.png 1171w\" sizes=\"(max-width: 1024px) 100vw, 1024px\" \/><\/figure>\n\n\n\n<p>Cliquez sur <strong>Start Analysis <\/strong>pour obtenir le rapport<\/p>\n\n\n\n<p>\u2757 L&rsquo;analyse peut \u00eatre assez longue.<\/p>\n\n\n\n<h2 id=\"stoc-que-revele-le-rapport\" class=\"wpig-heading\">Que r\u00e9v\u00e8le le rapport ?<\/h2>\n\n\n\n<figure class=\"wp-block-image size-large\"><img decoding=\"async\" loading=\"lazy\" width=\"1024\" height=\"163\" src=\"https:\/\/rebub.u-bordeaux.fr\/wp-content\/uploads\/2025\/08\/image-9-1024x163.png\" alt=\"\" class=\"wp-image-23992\" srcset=\"https:\/\/rebub.u-bordeaux.fr\/wp-content\/uploads\/2025\/08\/image-9-1024x163.png 1024w, https:\/\/rebub.u-bordeaux.fr\/wp-content\/uploads\/2025\/08\/image-9-300x48.png 300w, https:\/\/rebub.u-bordeaux.fr\/wp-content\/uploads\/2025\/08\/image-9-768x122.png 768w, https:\/\/rebub.u-bordeaux.fr\/wp-content\/uploads\/2025\/08\/image-9-1536x245.png 1536w, https:\/\/rebub.u-bordeaux.fr\/wp-content\/uploads\/2025\/08\/image-9.png 1726w\" sizes=\"(max-width: 1024px) 100vw, 1024px\" \/><\/figure>\n\n\n\n<p>Le rapport g\u00e9n\u00e9r\u00e9 indique :<\/p>\n\n\n\n<ul>\n<li>Quelle(s) <strong>activation(s)<\/strong> (collection Alma, bouquet s\u00e9lectif, base de donn\u00e9es,&#8230;) est \u00e0 l\u2019origine de l\u2019apparition du r\u00e9sultat CDI (<strong>1<\/strong>).<\/li>\n\n\n\n<li>Si la collection \u00e9lectronique est de type Base de donn\u00e9es (Rights Type = DBID) ou Bouquet s\u00e9lectif (Rights Type = Title) (<strong>2<\/strong>)<\/li>\n\n\n\n<li>La disponibilit\u00e9 du document en texte int\u00e9gral (3 et 4)<\/li>\n<\/ul>\n","protected":false},"excerpt":{"rendered":"<p>Table des mati\u00e8res[ Show ]Acc\u00e8s \u00e0 l\u2019outilInstallation du bookmarklet dans FirefoxUtilisation de l&rsquo;outilQue r\u00e9v\u00e8le le rapport ?Le CDI Activation Analysis Tool est un outil indispensable pour comprendre pourquoi un enregistrement CDI appara\u00eet dans les r\u00e9sultats de recherche de Babord +&#8230;.<\/p>\n","protected":false},"author":2,"featured_media":0,"parent":23984,"menu_order":0,"comment_status":"closed","ping_status":"closed","template":"","meta":[],"post_mailing_queue_ids":[],"_links":{"self":[{"href":"http:\/\/rebub.u-bordeaux.fr\/index.php\/wp-json\/wp\/v2\/pages\/23986"}],"collection":[{"href":"http:\/\/rebub.u-bordeaux.fr\/index.php\/wp-json\/wp\/v2\/pages"}],"about":[{"href":"http:\/\/rebub.u-bordeaux.fr\/index.php\/wp-json\/wp\/v2\/types\/page"}],"author":[{"embeddable":true,"href":"http:\/\/rebub.u-bordeaux.fr\/index.php\/wp-json\/wp\/v2\/users\/2"}],"replies":[{"embeddable":true,"href":"http:\/\/rebub.u-bordeaux.fr\/index.php\/wp-json\/wp\/v2\/comments?post=23986"}],"version-history":[{"count":2,"href":"http:\/\/rebub.u-bordeaux.fr\/index.php\/wp-json\/wp\/v2\/pages\/23986\/revisions"}],"predecessor-version":[{"id":23996,"href":"http:\/\/rebub.u-bordeaux.fr\/index.php\/wp-json\/wp\/v2\/pages\/23986\/revisions\/23996"}],"up":[{"embeddable":true,"href":"http:\/\/rebub.u-bordeaux.fr\/index.php\/wp-json\/wp\/v2\/pages\/23984"}],"wp:attachment":[{"href":"http:\/\/rebub.u-bordeaux.fr\/index.php\/wp-json\/wp\/v2\/media?parent=23986"}],"curies":[{"name":"wp","href":"https:\/\/api.w.org\/{rel}","templated":true}]}}