	{"id":23987,"date":"2025-08-25T15:22:01","date_gmt":"2025-08-25T13:22:01","guid":{"rendered":"https:\/\/rebub.u-bordeaux.fr\/?page_id=23987"},"modified":"2025-08-25T15:22:01","modified_gmt":"2025-08-25T13:22:01","slug":"utiliser-les-db-ids-pour-explorer-les-collections-cdi","status":"publish","type":"page","link":"http:\/\/rebub.u-bordeaux.fr\/index.php\/babord\/procedures\/cdi\/trucs-et-astuces\/utiliser-les-db-ids-pour-explorer-les-collections-cdi\/","title":{"rendered":"Utiliser les DB IDs pour explorer les collections CDI"},"content":{"rendered":"<div id='wpig-floatingbar' class='wpig-floatingbar'><div id='wpig-switch-wrapper' class='wpig-switch-wrapper'><span id='wpig-floating-switch' class='wpig-floating-switch'><img src='http:\/\/rebub.u-bordeaux.fr\/wp-content\/plugins\/sticky-toc-advance-table-of-contents\/\\assets\\menu.png'><\/span><\/div><div id='wpig-contents' class='wpig-contents  wpig-sidebar-widget wpig-style-3'><span class='wpig-headline'>Table des mati\u00e8res<span><a data-action='show' class='wpig-btn-toggledisplay'>[ Show ]<\/a><\/span><\/span><!-- Table of Contents --><div id='wpig-table-of-content' class='wpig-table-of-content'><ol><li class='stoc-ou-trouver-le-dbid'><a href='#stoc-ou-trouver-le-dbid'>O\u00f9 trouver le DBID ?<\/a><\/li><li class='stoc-comment-construire-la-requete-dans-babord'><a href='#stoc-comment-construire-la-requete-dans-babord'>Comment construire la requ\u00eate dans Babord +<\/a><\/li><li class='stoc-cas-pratique'><a href='#stoc-cas-pratique'>Cas pratique<\/a><\/li><li class='stoc-points-dattention'><a href='#stoc-points-dattention'>Points d&rsquo;attention<\/a><\/li><\/ol><\/div><!-- END OF Table of Contents --><\/div><\/div><p><div id='wpig-contents' class='wpig-contents  wpig-sidebar-widget wpig-style-1'><span class='wpig-headline'>Table des mati\u00e8res<span><a data-action='show' class='wpig-btn-toggledisplay'>[ Show ]<\/a><\/span><\/span><!-- Table of Contents --><div id='wpig-table-of-content' class='wpig-table-of-content' ><ol><li class='stoc-ou-trouver-le-dbid'><a href='#stoc-ou-trouver-le-dbid'>O\u00f9 trouver le DBID ?<\/a><\/li><li class='stoc-comment-construire-la-requete-dans-babord'><a href='#stoc-comment-construire-la-requete-dans-babord'>Comment construire la requ\u00eate dans Babord +<\/a><\/li><li class='stoc-cas-pratique'><a href='#stoc-cas-pratique'>Cas pratique<\/a><\/li><li class='stoc-points-dattention'><a href='#stoc-points-dattention'>Points d&rsquo;attention<\/a><\/li><\/ol><\/div><!-- END OF Table of Contents --><\/div><\/p>\n<p>Chaque collection CDI activ\u00e9e est associ\u00e9e \u00e0 un ou plusieurs <strong>Database IDs (DBIDs)<\/strong>.<br>Ces identifiants permettent de restreindre une recherche dans Primo pour <strong>tester le contenu d\u2019une collection<\/strong>.<\/p>\n\n\n\n<h2 id=\"stoc-ou-trouver-le-dbid\" class=\"wpig-heading\">O\u00f9 trouver le DBID ?<\/h2>\n\n\n\n<p>Pour trouver le DBID, il suffit d&rsquo;\u00e9diter la collection \u00e9lectronique dans Alma.<\/p>\n\n\n\n<figure class=\"wp-block-image size-large\"><img decoding=\"async\" loading=\"lazy\" width=\"1024\" height=\"479\" src=\"https:\/\/rebub.u-bordeaux.fr\/wp-content\/uploads\/2025\/08\/image-10-1024x479.png\" alt=\"\" class=\"wp-image-23997\" srcset=\"https:\/\/rebub.u-bordeaux.fr\/wp-content\/uploads\/2025\/08\/image-10-1024x479.png 1024w, https:\/\/rebub.u-bordeaux.fr\/wp-content\/uploads\/2025\/08\/image-10-300x140.png 300w, https:\/\/rebub.u-bordeaux.fr\/wp-content\/uploads\/2025\/08\/image-10-768x360.png 768w, https:\/\/rebub.u-bordeaux.fr\/wp-content\/uploads\/2025\/08\/image-10-1536x719.png 1536w, https:\/\/rebub.u-bordeaux.fr\/wp-content\/uploads\/2025\/08\/image-10.png 1920w\" sizes=\"(max-width: 1024px) 100vw, 1024px\" \/><\/figure>\n\n\n\n<h2 id=\"stoc-comment-construire-la-requete-dans-babord\" class=\"wpig-heading\">Comment construire la requ\u00eate dans Babord +<\/h2>\n\n\n\n<p>L&rsquo;index DBID n&rsquo;est pas disponible via l&rsquo;interface, il faut donc modifier l&rsquo;url de d&rsquo;une requ\u00eate standard. Pour ce faire :<\/p>\n\n\n\n<ol>\n<li>\u00c0 partir de votre vue standard Babord +, faites une recherche basique et copiez l&rsquo;url. <strong>Ex :<\/strong> https:\/\/pudb-ub.primo.exlibrisgroup.com\/discovery\/search?query=any,contains,wallace%20et%20gromit&amp;tab=Everything&amp;search_scope=DN_and_CI&amp;vid=33PUDB_UB:33PUDB_UB_VU1&amp;offset=0<\/li>\n\n\n\n<li>Remplacez la valeur du param\u00e8tre <strong>query <\/strong> par la requ\u00eate suivante <strong>vid,contains,[DBID de la collection anlys\u00e9e] . \u2757 le DBID est sensible \u00e0 la casse<\/strong>. Ex : <a href=\"https:\/\/pudb-ub.primo.exlibrisgroup.com\/discovery\/search?query=dbid,contains,AEMXR&amp;tab=Everything&amp;search_scope=DN_and_CI&amp;sortby=rank&amp;vid=33PUDB_UB:33PUDB_UB_VU1&amp;lang=fr&amp;offset=0\">https:\/\/pudb-ub.primo.exlibrisgroup.com\/discovery\/search?query=<strong>dbid,contains,AEMXR<\/strong>&amp;tab=Everything&amp;search_scope=DN_and_CI&amp;sortby=rank&amp;vid=33PUDB_UB:33PUDB_UB_VU1&amp;lang=fr&amp;offset=0<\/a><\/li>\n<\/ol>\n\n\n\n<h2 id=\"stoc-cas-pratique\" class=\"wpig-heading\">Cas pratique<\/h2>\n\n\n\n<p>Je veux m&rsquo;assurer que le titre <em>Bycicling Science <\/em>(ISBN 0262538407) est bien disponible pour la collection <em>ScholarVox &#8211; Staps (Cyberlibris)<\/em> (DBID AEMXR). Avec la requ\u00eate suivante je peux faire remonter toutes les notices de chapitre d&rsquo;ouvrage disponibles pour le titre : <a href=\"https:\/\/pudb-ub.primo.exlibrisgroup.com\/discovery\/search?query=dbid,contains,AEMXR,AND&amp;query=any,contains,0262538407,AND&amp;tab=Everything&amp;search_scope=DN_and_CI&amp;sortby=rank&amp;vid=33PUDB_UB:33PUDB_UB_VU1&amp;lang=fr&amp;offset=0&amp;mode=advanced\">https:\/\/pudb-ub.primo.exlibrisgroup.com\/discovery\/search?<strong>query=dbid,contains,AEMXR,AND&amp;query=any,contains,0262538407,AND<\/strong>&amp;tab=Everything&amp;search_scope=DN_and_CI&amp;sortby=rank&amp;vid=33PUDB_UB:33PUDB_UB_VU1&amp;lang=fr&amp;offset=0&amp;<strong>mode=advanced<\/strong><\/a><\/p>\n\n\n\n<h2 id=\"stoc-points-dattention\" class=\"wpig-heading\">Points d&rsquo;attention<\/h2>\n\n\n\n<p>Certaines collections poss\u00e8dent <strong>plusieurs DBIDs<\/strong>. Dans ce cas, il faut les combiner avec <code>OR<\/code>. Ex : dbid,contains,(AJJXR%20<strong>OR<\/strong>%20~1X%20<strong>OR<\/strong>%2050X)<\/p>\n\n\n\n<p>Pour les tr\u00e8s grosses bases (Scopus, ProQuest, etc.), une recherche DBID sans termes suppl\u00e9mentaires peut \u00e9chouer ou n\u2019afficher qu\u2019une partie des r\u00e9sultats, en raison de <strong>limites de temps de requ\u00eate<\/strong>.<\/p>\n\n\n\n<p>Certaines ressources (ex. <strong>Web of Science<\/strong>) regroupent en r\u00e9alit\u00e9 plusieurs sous-collections.<br>Dans Alma, elles apparaissent distinctement, mais dans CDI elles remontent sous un <strong>identifiant group\u00e9<\/strong> (ex. <code>GROUPED_WOS_WEB_OF_SCIENCE<\/code>).<\/p>\n\n\n\n<p>\ud83d\udc49 Cons\u00e9quence :<\/p>\n\n\n\n<ul>\n<li>Une recherche DBID classique ne donnera pas tous les r\u00e9sultats.<\/li>\n\n\n\n<li>Il faut cibler directement le <strong>nom du groupe<\/strong>.\n<ul>\n<li>GROUPED_WOS_WEB_OF_SCIENCE&nbsp;<\/li>\n\n\n\n<li>GROUPED_WOS_SOCIAL_SCIENCES_CITATION_INDEX&nbsp;<\/li>\n\n\n\n<li>GROUPED_WOS_SCIENCE_CITATION_INDEX_EXPANDED&nbsp;<\/li>\n\n\n\n<li>GROUPED_WOS_ARTS_HUMANITIES_CITATION_INDEX&nbsp;<\/li>\n\n\n\n<li>GROUPED_ABI_INFORM_ARCHIVE&nbsp;<\/li>\n\n\n\n<li>GROUPED_ABI_INFORM_COLLECTION&nbsp;<\/li>\n\n\n\n<li>GROUPED_ABI_INFORM_COMPLETE&nbsp;<\/li>\n\n\n\n<li>GROUPED_ABI_INFORM_DATELINE&nbsp;<\/li>\n\n\n\n<li>GROUPED_ABI_INFORM_GLOBAL&nbsp;<\/li>\n\n\n\n<li>GROUPED_ABI_INFORM_RESEARCH&nbsp;<\/li>\n\n\n\n<li>GROUPED_ABI_INFORM_TRADE_INDUSTRY&nbsp;<\/li>\n\n\n\n<li>GROUPED_PQ_HIST_NEWS&nbsp;<\/li>\n\n\n\n<li>GROUPED_IHP<\/li>\n\n\n\n<li>GROUPED_RAMBI<\/li>\n\n\n\n<li>GROUPED_SZOLD<\/li>\n\n\n\n<li>GROUPED_DOAJ&nbsp;<\/li>\n<\/ul>\n<\/li>\n<\/ul>\n","protected":false},"excerpt":{"rendered":"<p>Table des mati\u00e8res[ Show ]O\u00f9 trouver le DBID ?Comment construire la requ\u00eate dans Babord +Cas pratiquePoints d&rsquo;attentionChaque collection CDI activ\u00e9e est associ\u00e9e \u00e0 un ou plusieurs Database IDs (DBIDs).Ces identifiants permettent de restreindre une recherche dans Primo pour tester le&#8230;<\/p>\n","protected":false},"author":2,"featured_media":0,"parent":23984,"menu_order":1,"comment_status":"closed","ping_status":"closed","template":"","meta":[],"post_mailing_queue_ids":[],"_links":{"self":[{"href":"http:\/\/rebub.u-bordeaux.fr\/index.php\/wp-json\/wp\/v2\/pages\/23987"}],"collection":[{"href":"http:\/\/rebub.u-bordeaux.fr\/index.php\/wp-json\/wp\/v2\/pages"}],"about":[{"href":"http:\/\/rebub.u-bordeaux.fr\/index.php\/wp-json\/wp\/v2\/types\/page"}],"author":[{"embeddable":true,"href":"http:\/\/rebub.u-bordeaux.fr\/index.php\/wp-json\/wp\/v2\/users\/2"}],"replies":[{"embeddable":true,"href":"http:\/\/rebub.u-bordeaux.fr\/index.php\/wp-json\/wp\/v2\/comments?post=23987"}],"version-history":[{"count":1,"href":"http:\/\/rebub.u-bordeaux.fr\/index.php\/wp-json\/wp\/v2\/pages\/23987\/revisions"}],"predecessor-version":[{"id":23998,"href":"http:\/\/rebub.u-bordeaux.fr\/index.php\/wp-json\/wp\/v2\/pages\/23987\/revisions\/23998"}],"up":[{"embeddable":true,"href":"http:\/\/rebub.u-bordeaux.fr\/index.php\/wp-json\/wp\/v2\/pages\/23984"}],"wp:attachment":[{"href":"http:\/\/rebub.u-bordeaux.fr\/index.php\/wp-json\/wp\/v2\/media?parent=23987"}],"curies":[{"name":"wp","href":"https:\/\/api.w.org\/{rel}","templated":true}]}}