	{"id":23989,"date":"2025-08-25T16:31:32","date_gmt":"2025-08-25T14:31:32","guid":{"rendered":"https:\/\/rebub.u-bordeaux.fr\/?page_id=23989"},"modified":"2025-08-25T16:31:32","modified_gmt":"2025-08-25T14:31:32","slug":"verifier-lopenurl-genere","status":"publish","type":"page","link":"http:\/\/rebub.u-bordeaux.fr\/index.php\/babord\/procedures\/cdi\/trucs-et-astuces\/verifier-lopenurl-genere\/","title":{"rendered":"V\u00e9rifier l\u2019OpenURL g\u00e9n\u00e9r\u00e9e par Babord +"},"content":{"rendered":"<div id='wpig-floatingbar' class='wpig-floatingbar'><div id='wpig-switch-wrapper' class='wpig-switch-wrapper'><span id='wpig-floating-switch' class='wpig-floating-switch'><img src='http:\/\/rebub.u-bordeaux.fr\/wp-content\/plugins\/sticky-toc-advance-table-of-contents\/\\assets\\menu.png'><\/span><\/div><\/div><p><\/p>\n<p>Pour afficher les services \u00e9lectroniques disponibles pour un titre, Primo va dans, la plupart des cas (sauf cas des liens directement fournis par CDI), interroger le r\u00e9solveur de lien Alma via une OpenUrl. Il peut parfois \u00eatre utile de v\u00e9rifier les informations bibliographiques transmises via cette Open URL pour expliquer pourquoi aucun service de texte int\u00e9gral n&rsquo;est disponible pour un titre donn\u00e9.  Par exemple, cela permet de rep\u00e9rer :<\/p>\n\n\n\n<ul>\n<li>un DOI absent ou mal transmis,<\/li>\n\n\n\n<li>un ISBN erron\u00e9,<\/li>\n\n\n\n<li>une absence d\u2019ISSN emp\u00eachant la correspondance<\/li>\n<\/ul>\n\n\n\n<p>Pour acc\u00e9der \u00e0 l&rsquo;open URL g\u00e9n\u00e9r\u00e9e par Babord + :<\/p>\n\n\n\n<figure class=\"wp-block-image size-large\"><img decoding=\"async\" loading=\"lazy\" width=\"1024\" height=\"576\" src=\"https:\/\/rebub.u-bordeaux.fr\/wp-content\/uploads\/2025\/08\/Presentation1-1024x576.png\" alt=\"\" class=\"wp-image-24001\" srcset=\"https:\/\/rebub.u-bordeaux.fr\/wp-content\/uploads\/2025\/08\/Presentation1-1024x576.png 1024w, https:\/\/rebub.u-bordeaux.fr\/wp-content\/uploads\/2025\/08\/Presentation1-300x169.png 300w, https:\/\/rebub.u-bordeaux.fr\/wp-content\/uploads\/2025\/08\/Presentation1-768x432.png 768w, https:\/\/rebub.u-bordeaux.fr\/wp-content\/uploads\/2025\/08\/Presentation1.png 1280w\" sizes=\"(max-width: 1024px) 100vw, 1024px\" \/><\/figure>\n\n\n\n<ol>\n<li>\u00c0 partir de l&rsquo;affichage d\u00e9taill\u00e9 de la notice de document \u00e9lectronique<\/li>\n\n\n\n<li>Faites <strong>F12 <\/strong>pour afficher les outils de d\u00e9veloppement de votre navigateur<\/li>\n\n\n\n<li>Allez sur l&rsquo;onglet R\u00e9seau (<strong>1.<\/strong>)<\/li>\n\n\n\n<li>Rafraichissez la page en faisant <strong>F5<\/strong><\/li>\n\n\n\n<li>Tapez pnxs dans le masque de recherche <strong>(2)<\/strong> et cliquez sur la ligne qui apparait (<strong>3.)<\/strong><\/li>\n\n\n\n<li>\u00c0 droite de l&rsquo;\u00e9cran, allez sur l&rsquo;onglet <strong>R\u00e9ponse (4.)<\/strong><\/li>\n\n\n\n<li>D\u00e9ployez l&rsquo;entr\u00e9e <strong>delivery (5.)<\/strong> et faites un clic droit sur la ligne<strong> almaOpenurl<\/strong> (6.) et s\u00e9lectionnez \u00ab\u00a0Copier la valeur\u00a0\u00bb<\/li>\n\n\n\n<li>Collez le r\u00e9sultat dans votre \u00e9diteur de texte favoris<\/li>\n\n\n\n<li>\ud83d\udc4dPour vous faciliter la lecture, vous pouvez utiliser le \u00ab\u00a0rechercher, remplacer\u00a0\u00bb pour remplacer les &amp; par des sauts de paragraphes (\\n).<\/li>\n<\/ol>\n","protected":false},"excerpt":{"rendered":"<p>Pour afficher les services \u00e9lectroniques disponibles pour un titre, Primo va dans, la plupart des cas (sauf cas des liens directement fournis par CDI), interroger le r\u00e9solveur de lien Alma via une OpenUrl. Il peut parfois \u00eatre utile de v\u00e9rifier&#8230;<\/p>\n","protected":false},"author":2,"featured_media":0,"parent":23984,"menu_order":3,"comment_status":"closed","ping_status":"closed","template":"","meta":[],"post_mailing_queue_ids":[],"_links":{"self":[{"href":"http:\/\/rebub.u-bordeaux.fr\/index.php\/wp-json\/wp\/v2\/pages\/23989"}],"collection":[{"href":"http:\/\/rebub.u-bordeaux.fr\/index.php\/wp-json\/wp\/v2\/pages"}],"about":[{"href":"http:\/\/rebub.u-bordeaux.fr\/index.php\/wp-json\/wp\/v2\/types\/page"}],"author":[{"embeddable":true,"href":"http:\/\/rebub.u-bordeaux.fr\/index.php\/wp-json\/wp\/v2\/users\/2"}],"replies":[{"embeddable":true,"href":"http:\/\/rebub.u-bordeaux.fr\/index.php\/wp-json\/wp\/v2\/comments?post=23989"}],"version-history":[{"count":1,"href":"http:\/\/rebub.u-bordeaux.fr\/index.php\/wp-json\/wp\/v2\/pages\/23989\/revisions"}],"predecessor-version":[{"id":24002,"href":"http:\/\/rebub.u-bordeaux.fr\/index.php\/wp-json\/wp\/v2\/pages\/23989\/revisions\/24002"}],"up":[{"embeddable":true,"href":"http:\/\/rebub.u-bordeaux.fr\/index.php\/wp-json\/wp\/v2\/pages\/23984"}],"wp:attachment":[{"href":"http:\/\/rebub.u-bordeaux.fr\/index.php\/wp-json\/wp\/v2\/media?parent=23989"}],"curies":[{"name":"wp","href":"https:\/\/api.w.org\/{rel}","templated":true}]}}