	{"id":24110,"date":"2025-10-06T16:17:06","date_gmt":"2025-10-06T14:17:06","guid":{"rendered":"https:\/\/rebub.u-bordeaux.fr\/?page_id=24110"},"modified":"2026-03-04T10:49:44","modified_gmt":"2026-03-04T09:49:44","slug":"resoudre-les-problemes-de-regroupements-de-notices-dans-babord-primo-ve","status":"publish","type":"page","link":"http:\/\/rebub.u-bordeaux.fr\/index.php\/babord\/procedures\/signalement\/resoudre-les-problemes-de-regroupements-de-notices-dans-babord-primo-ve\/","title":{"rendered":"R\u00e9soudre les probl\u00e8mes de regroupements de notices dans Babord+ (Primo VE)"},"content":{"rendered":"<div id='wpig-floatingbar' class='wpig-floatingbar'><div id='wpig-switch-wrapper' class='wpig-switch-wrapper'><span id='wpig-floating-switch' class='wpig-floating-switch'><img src='http:\/\/rebub.u-bordeaux.fr\/wp-content\/plugins\/sticky-toc-advance-table-of-contents\/\\assets\\menu.png'><\/span><\/div><div id='wpig-contents' class='wpig-contents  wpig-sidebar-widget wpig-style-3'><span class='wpig-headline'>Table des mati\u00e8res<span><a data-action='show' class='wpig-btn-toggledisplay'>[ Show ]<\/a><\/span><\/span><!-- Table of Contents --><div id='wpig-table-of-content' class='wpig-table-of-content'><ol><li class='stoc-cas-n1-deux-notices-sont-regroupees-alors-quil-sagit-de-deux-documents-differents'><a href='#stoc-cas-n1-deux-notices-sont-regroupees-alors-quil-sagit-de-deux-documents-differents'>Cas n\u00b01&nbsp;: Deux notices sont regroup\u00e9es alors qu\u2019il s\u2019agit de deux documents diff\u00e9rents&nbsp;:<\/a><ol><li class='stoc-recuperer-les-mms-id'><a href='#stoc-recuperer-les-mms-id'>R\u00e9cup\u00e9rer les MMS ID&nbsp;:<\/a><\/li><li class='stoc-utiliser-lutilitaire-de-test-dans-alma'><a href='#stoc-utiliser-lutilitaire-de-test-dans-alma'>Utiliser l\u2019utilitaire de test&nbsp;dans Alma&nbsp;:<\/a><\/li><li class='stoc-recalculer-les-groupes'><a href='#stoc-recalculer-les-groupes'>Recalculer les groupes&nbsp;:<\/a><\/li><\/ol><li class='stoc-cas-n-2-localisations-et-inventaires-dun-titre-qui-apparaissent-sur-la-notice-dun-autre-titre'><a href='#stoc-cas-n-2-localisations-et-inventaires-dun-titre-qui-apparaissent-sur-la-notice-dun-autre-titre'>Cas n\u00b0 2 : Localisations et inventaires d&rsquo;un titre qui apparaissent sur la notice d&rsquo;un autre titre. <\/a><\/li><\/ol><\/li><\/div><!-- END OF Table of Contents --><\/div><\/div><p><div id='wpig-contents' class='wpig-contents  wpig-sidebar-widget wpig-style-1'><span class='wpig-headline'>Table des mati\u00e8res<span><a data-action='show' class='wpig-btn-toggledisplay'>[ Show ]<\/a><\/span><\/span><!-- Table of Contents --><div id='wpig-table-of-content' class='wpig-table-of-content' ><ol><li class='stoc-cas-n1-deux-notices-sont-regroupees-alors-quil-sagit-de-deux-documents-differents'><a href='#stoc-cas-n1-deux-notices-sont-regroupees-alors-quil-sagit-de-deux-documents-differents'>Cas n\u00b01&nbsp;: Deux notices sont regroup\u00e9es alors qu\u2019il s\u2019agit de deux documents diff\u00e9rents&nbsp;:<\/a><ol><li class='stoc-recuperer-les-mms-id'><a href='#stoc-recuperer-les-mms-id'>R\u00e9cup\u00e9rer les MMS ID&nbsp;:<\/a><\/li><li class='stoc-utiliser-lutilitaire-de-test-dans-alma'><a href='#stoc-utiliser-lutilitaire-de-test-dans-alma'>Utiliser l\u2019utilitaire de test&nbsp;dans Alma&nbsp;:<\/a><\/li><li class='stoc-recalculer-les-groupes'><a href='#stoc-recalculer-les-groupes'>Recalculer les groupes&nbsp;:<\/a><\/li><\/ol><li class='stoc-cas-n-2-localisations-et-inventaires-dun-titre-qui-apparaissent-sur-la-notice-dun-autre-titre'><a href='#stoc-cas-n-2-localisations-et-inventaires-dun-titre-qui-apparaissent-sur-la-notice-dun-autre-titre'>Cas n\u00b0 2 : Localisations et inventaires d&rsquo;un titre qui apparaissent sur la notice d&rsquo;un autre titre. <\/a><\/li><\/ol><\/li><\/div><!-- END OF Table of Contents --><\/div><\/p>\n<h2 id=\"stoc-cas-n1-deux-notices-sont-regroupees-alors-quil-sagit-de-deux-documents-differents\" class=\"wpig-heading\"><strong>Cas n\u00b01&nbsp;: Deux notices sont regroup\u00e9es alors qu\u2019il s\u2019agit de deux documents diff\u00e9rents&nbsp;:<\/strong><\/h2>\n\n\n\n<div class=\"is-layout-flex wp-container-3 wp-block-columns bord-bloc-reutilisable has-background\" style=\"background-color:#ffeec2\">\n<div class=\"is-layout-flow wp-block-column is-vertically-aligned-center\" style=\"flex-basis:7%\">\n<figure class=\"wp-block-image alignfull size-full is-style-default\"><img decoding=\"async\" loading=\"lazy\" width=\"512\" height=\"512\" src=\"https:\/\/rebub.u-bordeaux.fr\/wp-content\/uploads\/2024\/04\/nouvelles-idees-en-cours.png\" alt=\"\" class=\"wp-image-19897\" srcset=\"https:\/\/rebub.u-bordeaux.fr\/wp-content\/uploads\/2024\/04\/nouvelles-idees-en-cours.png 512w, https:\/\/rebub.u-bordeaux.fr\/wp-content\/uploads\/2024\/04\/nouvelles-idees-en-cours-300x300.png 300w, https:\/\/rebub.u-bordeaux.fr\/wp-content\/uploads\/2024\/04\/nouvelles-idees-en-cours-150x150.png 150w\" sizes=\"(max-width: 512px) 100vw, 512px\" \/><\/figure>\n<\/div>\n\n\n\n<div class=\"is-layout-flow wp-block-column is-vertically-aligned-center\" style=\"flex-basis:85%\">\n<p>Pour rappel&nbsp;: Avant la publication dans Babord+, l\u2019affichage des notices est calcul\u00e9 gr\u00e2ce \u00e0 deux processus&nbsp;: le dedup en premier lieu, puis la frbrisation.<\/p>\n\n\n\n<ul>\n<li>Le processus de Dedup permet de regrouper sous une seule notice deux versions d\u2019un m\u00eame document (le cas type&nbsp;: une notice pour signaler les versions physiques et \u00e9lectroniques d\u2019un m\u00eame document).<\/li>\n<\/ul>\n\n\n\n<ul>\n<li>Le processus de FRBrisation permet de regrouper plusieurs \u00e9ditions d\u2019un m\u00eame titre, quel que soit son support (Cas type, plusieurs \u00e9ditions d\u2019un manuel, versions physiques et \u00e9lectroniques)<\/li>\n<\/ul>\n<\/div>\n<\/div>\n\n\n\n<p><strong>Exemple&nbsp;:<\/strong><\/p>\n\n\n<div class=\"wp-block-image\">\n<figure class=\"aligncenter size-full\"><img decoding=\"async\" loading=\"lazy\" width=\"532\" height=\"161\" src=\"https:\/\/rebub.u-bordeaux.fr\/wp-content\/uploads\/2025\/10\/groupe1.png\" alt=\"\" class=\"wp-image-24112\" srcset=\"https:\/\/rebub.u-bordeaux.fr\/wp-content\/uploads\/2025\/10\/groupe1.png 532w, https:\/\/rebub.u-bordeaux.fr\/wp-content\/uploads\/2025\/10\/groupe1-300x91.png 300w\" sizes=\"(max-width: 532px) 100vw, 532px\" \/><\/figure><\/div>\n\n\n<p>Une fois avoir cliqu\u00e9 sur \u00ab&nbsp;voir toutes les versions&nbsp;\u00bb&nbsp;:<\/p>\n\n\n<div class=\"wp-block-image\">\n<figure class=\"aligncenter size-full\"><img decoding=\"async\" loading=\"lazy\" width=\"538\" height=\"269\" src=\"https:\/\/rebub.u-bordeaux.fr\/wp-content\/uploads\/2025\/10\/groupe2.png\" alt=\"\" class=\"wp-image-24113\" srcset=\"https:\/\/rebub.u-bordeaux.fr\/wp-content\/uploads\/2025\/10\/groupe2.png 538w, https:\/\/rebub.u-bordeaux.fr\/wp-content\/uploads\/2025\/10\/groupe2-300x150.png 300w\" sizes=\"(max-width: 538px) 100vw, 538px\" \/><\/figure><\/div>\n\n\n<h3 id=\"stoc-recuperer-les-mms-id\" class=\"wpig-heading\">R\u00e9cup\u00e9rer les MMS ID&nbsp;:<\/h3>\n\n\n\n<ul>\n<li>soit en regardant l\u2019identifiant dans la barre de recherche&nbsp;: https:\/\/pudb-ub.primo.exlibrisgroup.com\/discovery\/fulldisplay?docid=alma<strong>991013787627904671<\/strong>&amp;context=L&amp;vid=33PUDB_UB:33PUDB_UB_VU1&amp;lang=fr&amp;search_scope=DN_and_CI&amp;adaptor=Local%20Search%20Engine&amp;tab=Everything&amp;query=any,contains,50%20sujets%20d%27dactualite%20:%20culture%20generale%20:%202025-2026&amp;offset=0<\/li>\n\n\n\n<li>Soit en recherchant la notice dans Alma et r\u00e9cup\u00e9rer le MMS ID<\/li>\n<\/ul>\n\n\n\n<h3 id=\"stoc-utiliser-lutilitaire-de-test-dans-alma\" class=\"wpig-heading\">Utiliser l\u2019utilitaire de test&nbsp;dans Alma&nbsp;:<\/h3>\n\n\n\n<div class=\"is-layout-constrained wp-block-group bord-bloc-reutilisable\"><div class=\"wp-block-group__inner-container\">\n<div class=\"is-layout-flex wp-container-6 wp-block-columns alignfull bord-bloc-reutilisable has-background\" style=\"background-color:#ff303047\">\n<div class=\"is-layout-flow wp-block-column is-vertically-aligned-center\" style=\"flex-basis:7%\">\n<figure class=\"wp-block-image alignfull size-full\"><img decoding=\"async\" loading=\"lazy\" width=\"512\" height=\"512\" src=\"https:\/\/rebub.u-bordeaux.fr\/wp-content\/uploads\/2024\/04\/point-dexclamation.png\" alt=\"\" class=\"wp-image-19898\" srcset=\"https:\/\/rebub.u-bordeaux.fr\/wp-content\/uploads\/2024\/04\/point-dexclamation.png 512w, https:\/\/rebub.u-bordeaux.fr\/wp-content\/uploads\/2024\/04\/point-dexclamation-300x300.png 300w, https:\/\/rebub.u-bordeaux.fr\/wp-content\/uploads\/2024\/04\/point-dexclamation-150x150.png 150w\" sizes=\"(max-width: 512px) 100vw, 512px\" \/><\/figure>\n<\/div>\n\n\n\n<div class=\"is-layout-flow wp-block-column is-vertically-aligned-center\" style=\"flex-basis:85%\">\n<p>Pour avoir acc\u00e8s \u00e0 l&rsquo;utilitaire de test, vous devez avoir le r\u00f4le \u00ab\u00a0Op\u00e9rateur de d\u00e9couverte &#8211; Limit\u00e9\u00a0\u00bb. Si vous ne voyez pas ce menu et cet utilitaire et que vous en avez besoin dans le cadre de vos fonctions, contacter le scoop : scoop@u-bordeaux.fr !<\/p>\n<\/div>\n<\/div>\n<\/div><\/div>\n\n\n\n<p>Menu Configuration&gt;D\u00e9couverte&gt;Autre&gt;utilitaire de test Dedup et FRBR.<\/p>\n\n\n\n<p>Cocher le type de regroupement&nbsp;\u00ab&nbsp;FRBR&nbsp;\u00bb ou \u00ab&nbsp;Dedup&nbsp;\u00bb<\/p>\n\n\n<div class=\"wp-block-image\">\n<figure class=\"aligncenter size-full\"><img decoding=\"async\" loading=\"lazy\" width=\"605\" height=\"152\" src=\"https:\/\/rebub.u-bordeaux.fr\/wp-content\/uploads\/2025\/10\/utilitaire.png\" alt=\"\" class=\"wp-image-24114\" srcset=\"https:\/\/rebub.u-bordeaux.fr\/wp-content\/uploads\/2025\/10\/utilitaire.png 605w, https:\/\/rebub.u-bordeaux.fr\/wp-content\/uploads\/2025\/10\/utilitaire-300x75.png 300w\" sizes=\"(max-width: 605px) 100vw, 605px\" \/><\/figure><\/div>\n\n\n<p>Le premier onglet \u00ab&nbsp;Rechercher des notices correspondantes&nbsp;\u00bb permet de voir si la notice matche avec d\u2019autres notices et quelles sont les diff\u00e9rentes cl\u00e9s de regroupement calcul\u00e9es.<\/p>\n\n\n\n<p>Dans le cas pr\u00e9sent, la recherche avec l\u2019un des MMS ID doit rapporter la ou les notices composants le regroupement.<\/p>\n\n\n\n<div class=\"is-layout-flex wp-container-10 wp-block-columns bord-bloc-reutilisable has-background\" style=\"background-color:#ffeec2\">\n<div class=\"is-layout-flow wp-block-column is-vertically-aligned-center\" style=\"flex-basis:7%\">\n<figure class=\"wp-block-image alignfull size-full is-style-default\"><img decoding=\"async\" loading=\"lazy\" width=\"512\" height=\"512\" src=\"https:\/\/rebub.u-bordeaux.fr\/wp-content\/uploads\/2024\/04\/nouvelles-idees-en-cours.png\" alt=\"\" class=\"wp-image-19897\" srcset=\"https:\/\/rebub.u-bordeaux.fr\/wp-content\/uploads\/2024\/04\/nouvelles-idees-en-cours.png 512w, https:\/\/rebub.u-bordeaux.fr\/wp-content\/uploads\/2024\/04\/nouvelles-idees-en-cours-300x300.png 300w, https:\/\/rebub.u-bordeaux.fr\/wp-content\/uploads\/2024\/04\/nouvelles-idees-en-cours-150x150.png 150w\" sizes=\"(max-width: 512px) 100vw, 512px\" \/><\/figure>\n<\/div>\n\n\n\n<div class=\"is-layout-flow wp-block-column is-vertically-aligned-center\" style=\"flex-basis:85%\">\n<p>Pour savoir \u00e0 quoi correspondent les cl\u00e9s de regroupement, se reporter \u00e0 la documentation suivante : <a href=\"https:\/\/rebub.u-bordeaux.fr\/index.php\/babord\/configuration-administration\/signalement\/frbr-primo-ve\/\" data-type=\"page\" data-id=\"23794\">FRBR (Primo VE)<\/a> et <a href=\"https:\/\/rebub.u-bordeaux.fr\/index.php\/babord\/configuration-administration\/signalement\/dedup-primo-ve\/\" data-type=\"page\" data-id=\"23687\">D\u00e9tection des doublons (Dedup)(Primo VE<\/a>)<\/p>\n<\/div>\n<\/div>\n\n\n\n<p>Pour v\u00e9rifier si les deux notices ont des cl\u00e9s de regroupement identiques, aller dans la partie \u00ab&nbsp;Comparer des notices&nbsp;\u00bb. Cela permet de visualiser sur quels champs le regroupement se fait.<\/p>\n\n\n\n<p>Si aucune correspondance n\u2019est trouv\u00e9e dans le moteur de comparaison, les deux notices sont regroup\u00e9es par erreur.<\/p>\n\n\n\n<h3 id=\"stoc-recalculer-les-groupes\" class=\"wpig-heading\">Recalculer les groupes&nbsp;:<\/h3>\n\n\n\n<p>Il reste \u00e0 revenir dans l\u2019onglet \u00ab&nbsp;rechercher des notices correspondantes&nbsp;\u00bb, entrer le MMS ID en identifiant de la notice et cliquer sur \u00ab&nbsp;Recalculer groupes FRBR et de d\u00e9duplication&nbsp;\u00bb.<\/p>\n\n\n\n<p>Il faut r\u00e9p\u00e9ter l\u2019op\u00e9ration pour chaque notice en erreur.<\/p>\n\n\n\n<p>L\u2019op\u00e9ration de calcul peut prendre un peu de temps avant que le r\u00e9sultat ne soit visible dans les diff\u00e9rentes vues de B+.<\/p>\n\n\n\n<h2 id=\"stoc-cas-n-2-localisations-et-inventaires-dun-titre-qui-apparaissent-sur-la-notice-dun-autre-titre\" class=\"wpig-heading\">Cas n\u00b0 2 : Localisations et inventaires d&rsquo;un titre qui apparaissent sur la notice d&rsquo;un autre titre. <\/h2>\n\n\n\n<p><strong>Exemple :<\/strong> <\/p>\n\n\n\n<figure class=\"wp-block-image size-full\"><img decoding=\"async\" loading=\"lazy\" width=\"840\" height=\"577\" src=\"https:\/\/rebub.u-bordeaux.fr\/wp-content\/uploads\/2026\/03\/notice1.jpg\" alt=\"\" class=\"wp-image-24732\" srcset=\"https:\/\/rebub.u-bordeaux.fr\/wp-content\/uploads\/2026\/03\/notice1.jpg 840w, https:\/\/rebub.u-bordeaux.fr\/wp-content\/uploads\/2026\/03\/notice1-300x206.jpg 300w, https:\/\/rebub.u-bordeaux.fr\/wp-content\/uploads\/2026\/03\/notice1-768x528.jpg 768w\" sizes=\"(max-width: 840px) 100vw, 840px\" \/><\/figure>\n\n\n\n<figure class=\"wp-block-image size-full\"><img decoding=\"async\" loading=\"lazy\" width=\"795\" height=\"556\" src=\"https:\/\/rebub.u-bordeaux.fr\/wp-content\/uploads\/2026\/03\/notice2.jpg\" alt=\"\" class=\"wp-image-24733\" srcset=\"https:\/\/rebub.u-bordeaux.fr\/wp-content\/uploads\/2026\/03\/notice2.jpg 795w, https:\/\/rebub.u-bordeaux.fr\/wp-content\/uploads\/2026\/03\/notice2-300x210.jpg 300w, https:\/\/rebub.u-bordeaux.fr\/wp-content\/uploads\/2026\/03\/notice2-768x537.jpg 768w\" sizes=\"(max-width: 795px) 100vw, 795px\" \/><\/figure>\n\n\n\n<p>Ces notices ne sont pas li\u00e9es dans Alma, il n&rsquo;y a aucunes raisons qu&rsquo;elles le soient dans Babord+. <\/p>\n\n\n\n<p><strong>Proc\u00e9dure de r\u00e9solution identique au cas n\u00b01 : <\/strong><\/p>\n\n\n\n<ul>\n<li>R\u00e9cup\u00e9rer le MMS ID de chacune des notices<\/li>\n\n\n\n<li>Aller dans l&rsquo;utilitaire de test : onglet Comparer des notices : cocher dedup<\/li>\n\n\n\n<li>Recalculer les groupes pour chacune de ces deux notices. <\/li>\n<\/ul>\n\n\n\n<p><\/p>\n","protected":false},"excerpt":{"rendered":"<p>Table des mati\u00e8res[ Show ]Cas n\u00b01&nbsp;: Deux notices sont regroup\u00e9es alors qu\u2019il s\u2019agit de deux documents diff\u00e9rents&nbsp;:R\u00e9cup\u00e9rer les MMS ID&nbsp;:Utiliser l\u2019utilitaire de test&nbsp;dans Alma&nbsp;:Recalculer les groupes&nbsp;:Cas n\u00b0 2 : Localisations et inventaires d&rsquo;un titre qui apparaissent sur la notice d&rsquo;un&#8230;<\/p>\n","protected":false},"author":82,"featured_media":0,"parent":18428,"menu_order":8,"comment_status":"closed","ping_status":"closed","template":"","meta":[],"post_mailing_queue_ids":[],"_links":{"self":[{"href":"http:\/\/rebub.u-bordeaux.fr\/index.php\/wp-json\/wp\/v2\/pages\/24110"}],"collection":[{"href":"http:\/\/rebub.u-bordeaux.fr\/index.php\/wp-json\/wp\/v2\/pages"}],"about":[{"href":"http:\/\/rebub.u-bordeaux.fr\/index.php\/wp-json\/wp\/v2\/types\/page"}],"author":[{"embeddable":true,"href":"http:\/\/rebub.u-bordeaux.fr\/index.php\/wp-json\/wp\/v2\/users\/82"}],"replies":[{"embeddable":true,"href":"http:\/\/rebub.u-bordeaux.fr\/index.php\/wp-json\/wp\/v2\/comments?post=24110"}],"version-history":[{"count":11,"href":"http:\/\/rebub.u-bordeaux.fr\/index.php\/wp-json\/wp\/v2\/pages\/24110\/revisions"}],"predecessor-version":[{"id":24735,"href":"http:\/\/rebub.u-bordeaux.fr\/index.php\/wp-json\/wp\/v2\/pages\/24110\/revisions\/24735"}],"up":[{"embeddable":true,"href":"http:\/\/rebub.u-bordeaux.fr\/index.php\/wp-json\/wp\/v2\/pages\/18428"}],"wp:attachment":[{"href":"http:\/\/rebub.u-bordeaux.fr\/index.php\/wp-json\/wp\/v2\/media?parent=24110"}],"curies":[{"name":"wp","href":"https:\/\/api.w.org\/{rel}","templated":true}]}}