	{"id":2505,"date":"2017-12-04T13:45:46","date_gmt":"2017-12-04T12:45:46","guid":{"rendered":"http:\/\/rebub.u-bordeaux.fr\/?page_id=2505"},"modified":"2025-03-25T09:09:56","modified_gmt":"2025-03-25T08:09:56","slug":"presentation-2","status":"publish","type":"page","link":"http:\/\/rebub.u-bordeaux.fr\/index.php\/le-scoop\/nos-missions\/presentation-2\/","title":{"rendered":"Le Patrimoine documentaire"},"content":{"rendered":"<div id='wpig-floatingbar' class='wpig-floatingbar'><div id='wpig-switch-wrapper' class='wpig-switch-wrapper'><span id='wpig-floating-switch' class='wpig-floating-switch'><img src='http:\/\/rebub.u-bordeaux.fr\/wp-content\/plugins\/sticky-toc-advance-table-of-contents\/\\assets\\menu.png'><\/span><\/div><div id='wpig-contents' class='wpig-contents  wpig-sidebar-widget wpig-style-3'><span class='wpig-headline'>Table des mati\u00e8res<span><a data-action='show' class='wpig-btn-toggledisplay'>[ Show ]<\/a><\/span><\/span><!-- Table of Contents --><div id='wpig-table-of-content' class='wpig-table-of-content'><ol><li class='stoc-quest-ce-quun-fonds-patrimonial'><a href='#stoc-quest-ce-quun-fonds-patrimonial'>Qu&rsquo;est-ce qu&rsquo;un fonds patrimonial ?<\/a><\/li><li class='stoc-le-service'><a href='#stoc-le-service'>Le service<\/a><\/li><li class='stoc-ses-missions'><a href='#stoc-ses-missions'>Ses missions<\/a><\/li><li class='stoc-liens-vers-les-outils'><a href='#stoc-liens-vers-les-outils'>Liens vers les outils<\/a><\/li><li class='stoc-la-mise-a-disposition-de-materiel'><a href='#stoc-la-mise-a-disposition-de-materiel'>La mise \u00e0 disposition de mat\u00e9riel<\/a><ol><li class='stoc-dans-le-cadre-des-presentations-et-des-expositions'><a href='#stoc-dans-le-cadre-des-presentations-et-des-expositions'>Dans le cadre des pr\u00e9sentations et des expositions<\/a><\/li><li class='stoc-dans-le-cadre-de-la-conservation-et-des-sinistres'><a href='#stoc-dans-le-cadre-de-la-conservation-et-des-sinistres'>Dans le cadre de la conservation et des sinistres<\/a><\/li><\/ol><li class='stoc-la-numerisation-patrimoniale-en-chiffres'><a href='#stoc-la-numerisation-patrimoniale-en-chiffres'>La num\u00e9risation patrimoniale en chiffres<\/a><\/li><\/ol><\/li><\/div><!-- END OF Table of Contents --><\/div><\/div><p><div id='wpig-contents' class='wpig-contents  wpig-sidebar-widget wpig-style-1'><span class='wpig-headline'>Table des mati\u00e8res<span><a data-action='show' class='wpig-btn-toggledisplay'>[ Show ]<\/a><\/span><\/span><!-- Table of Contents --><div id='wpig-table-of-content' class='wpig-table-of-content' ><ol><li class='stoc-quest-ce-quun-fonds-patrimonial'><a href='#stoc-quest-ce-quun-fonds-patrimonial'>Qu&rsquo;est-ce qu&rsquo;un fonds patrimonial ?<\/a><\/li><li class='stoc-le-service'><a href='#stoc-le-service'>Le service<\/a><\/li><li class='stoc-ses-missions'><a href='#stoc-ses-missions'>Ses missions<\/a><\/li><li class='stoc-liens-vers-les-outils'><a href='#stoc-liens-vers-les-outils'>Liens vers les outils<\/a><\/li><li class='stoc-la-mise-a-disposition-de-materiel'><a href='#stoc-la-mise-a-disposition-de-materiel'>La mise \u00e0 disposition de mat\u00e9riel<\/a><ol><li class='stoc-dans-le-cadre-des-presentations-et-des-expositions'><a href='#stoc-dans-le-cadre-des-presentations-et-des-expositions'>Dans le cadre des pr\u00e9sentations et des expositions<\/a><\/li><li class='stoc-dans-le-cadre-de-la-conservation-et-des-sinistres'><a href='#stoc-dans-le-cadre-de-la-conservation-et-des-sinistres'>Dans le cadre de la conservation et des sinistres<\/a><\/li><\/ol><li class='stoc-la-numerisation-patrimoniale-en-chiffres'><a href='#stoc-la-numerisation-patrimoniale-en-chiffres'>La num\u00e9risation patrimoniale en chiffres<\/a><\/li><\/ol><\/li><\/div><!-- END OF Table of Contents --><\/div><\/p>\n<h3 id=\"stoc-quest-ce-quun-fonds-patrimonial\" class=\"wpig-heading\">Qu&rsquo;est-ce qu&rsquo;un fonds patrimonial ?<\/h3>\n\n\n\n<p>Ce qui d\u00e9finit un document patrimonial c&rsquo;est l&rsquo;histoire qui va \u00eatre \u00e9crite autour de ce document, la r\u00e9f\u00e9rence qu&rsquo;il va constituer aux yeux des chercheurs et du public. <strong>Ces documents dont nous avons h\u00e9rit\u00e9 et qui ont r\u00e9sist\u00e9 aux \u00e9v\u00e9nements de l&rsquo;Histoire, constituent un bien commun qui doit \u00eatre valoris\u00e9, partag\u00e9 mais aussi transmis aux g\u00e9n\u00e9rations futures.<\/strong><\/p>\n\n\n<div class=\"wp-block-image\">\n<figure class=\"aligncenter\"><img decoding=\"async\" loading=\"lazy\" width=\"300\" height=\"257\" src=\"http:\/\/rebub.u-bordeaux.fr\/wp-content\/uploads\/2017\/12\/BabordNum_mod\u00e8le-biblioth\u00e8que-illustration-300x257.png\" alt=\"\" class=\"wp-image-2565\" srcset=\"https:\/\/rebub.u-bordeaux.fr\/wp-content\/uploads\/2017\/12\/BabordNum_mod\u00e8le-biblioth\u00e8que-illustration-300x257.png 300w, https:\/\/rebub.u-bordeaux.fr\/wp-content\/uploads\/2017\/12\/BabordNum_mod\u00e8le-biblioth\u00e8que-illustration-768x657.png 768w, https:\/\/rebub.u-bordeaux.fr\/wp-content\/uploads\/2017\/12\/BabordNum_mod\u00e8le-biblioth\u00e8que-illustration-1024x876.png 1024w\" sizes=\"(max-width: 300px) 100vw, 300px\" \/><\/figure><\/div>\n\n\n<p>Alors bien s\u00fbr la notion de patrimoine est souvent li\u00e9e aux adjectifs anciens, rares et pr\u00e9cieux car c&rsquo;est souvent le cas de ces documents rarement contemporains de notre \u00e9poque. A titre d&rsquo;exemple, l&rsquo;Universit\u00e9 de Bordeaux ne poss\u00e8de pas moins de 120 000 volumes ant\u00e9rieurs \u00e0 1914 dont 10 incunables (livres imprim\u00e9s en Europe avant le 1er janvier 1501) et plus de 10 000 livres ant\u00e9rieurs \u00e0 la R\u00e9volution fran\u00e7aise. Mais les fonds patrimoniaux peuvent parfois \u00eatre constitu\u00e9s de documents plus r\u00e9cents comme par exemple les manuscrits de professeurs et chercheurs, correspondances et \u00e9preuves d&rsquo;essai datant du XX\u00e8me si\u00e8cle.<\/p>\n\n\n\n<h3 id=\"stoc-le-service\" class=\"wpig-heading\">Le service<\/h3>\n\n\n\n<p>Le <strong>Service de COOP\u00e9ration documentaire<\/strong> de l&rsquo;Universit\u00e9 de Bordeaux h\u00e9berge en ses lieux (16 avenue L\u00e9on Duguit, B\u00e2t C, 3\u00e8me \u00e9tage, 33608 Pessac) le service du<strong> patrimoine documentaire<\/strong>.<\/p>\n\n\n\n<p>Les personnes en charge de cette activit\u00e9 sont <strong>Maialen Sanchez<\/strong>, conservateur, <strong>Claire-Lise Gauvain <\/strong>et<strong> Isabelle Palais<\/strong>, biblioth\u00e9caires (retrouvez leurs coordonn\u00e9es sur la page d\u00e9di\u00e9e \u00e0 <a href=\"http:\/\/rebub.u-bordeaux.fr\/?post_type=equipe\">l&rsquo;\u00e9quipe du Scoop<\/a>).<\/p>\n\n\n\n<p>Expertes en termes de traitement, de gestion et de valorisation des collections patrimoniales, elles constituent des <strong>personnes ressources<\/strong> sur ces questions pour les \u00e9tablissements partenaires du R\u00e9BUB.<\/p>\n\n\n\n<h3 id=\"stoc-ses-missions\" class=\"wpig-heading\">Ses missions<\/h3>\n\n\n\n<p>La principale mission du service du patrimoine documentaire est de mettre en valeur les fonds anciens conserv\u00e9s dans les biblioth\u00e8ques du r\u00e9seau universitaire bordelais. Cette mise en valeur se traduit par diff\u00e9rentes actions :<\/p>\n\n\n\n<ul>\n<li>&nbsp;le rep\u00e9rage puis l&rsquo;inventaire des diff\u00e9rents fonds de documents patrimoniaux pr\u00e9sents dans les \u00e9tablissements du r\u00e9seau<\/li>\n\n\n\n<li>l&rsquo;harmonisation du catalogage :\n<ul>\n<li>&nbsp;des monographies anciennes dans le <strong>Sudoc<\/strong> et <strong>Babord+<\/strong><\/li>\n\n\n\n<li>&nbsp;des manuscrits et archives dans <strong>Calames<\/strong> (catalogue g\u00e9n\u00e9rale qui recense tous les manuscrits universitaires)<\/li>\n\n\n\n<li>&nbsp;des documents num\u00e9ris\u00e9s dans <strong>Babord-Num<\/strong>, biblioth\u00e8que num\u00e9rique patrimoniale du R\u00e9BUB et <a href=\"http:\/\/gallica.bnf.fr\/services\/engine\/search\/sru?operation=searchRetrieve&amp;exactSearch=false&amp;collapsing=true&amp;version=1.2&amp;query=(provenance%20adj%20%22babordnum%22)&amp;suggest=10\"><strong>Gallica<\/strong><\/a> (la biblioth\u00e8que num\u00e9rique de la BnF)<\/li>\n<\/ul>\n<\/li>\n<\/ul>\n\n\n\n<p>Ce catalogage est principalement assur\u00e9 par les \u00e9quipes des biblioth\u00e8ques poss\u00e9dant des documents anciens et ponctuellement par les membres du service valorisation patrimoniale. Le Scoop diffuse les \u00ab\u00a0bonnes pratiques\u00a0\u00bb pour ces documents (page d\u00e9di\u00e9e aux <a href=\"http:\/\/rebub.u-bordeaux.fr\/index.php\/le-patrimoine-documentaire\/le-signalement\/\">ressources pour le signalement<\/a>) et aide, le cas \u00e9ch\u00e9ant, les \u00e9tablissements \u00e0 constituer un dossier de demande de subventions pour les op\u00e9rations de catalogage r\u00e9trospectif aupr\u00e8s de l&rsquo;Abes. Pour Calames et Babord-Num, le Scoop coordonne et\/ou r\u00e9alise le catalogage des fonds d&rsquo;archives et manuscrits conserv\u00e9s par les \u00e9tablissements partenaires.<\/p>\n\n\n\n<ul>\n<li>la num\u00e9risation des fonds anciens :\n<ul>\n<li>&nbsp;rep\u00e9rage et s\u00e9lection des documents \u00e0 num\u00e9riser<\/li>\n\n\n\n<li>&nbsp;prestation externalis\u00e9e chez un prestataire<\/li>\n\n\n\n<li>&nbsp;structuration et indexation des documents num\u00e9ris\u00e9s<\/li>\n\n\n\n<li>&nbsp;mise en ligne sur la biblioth\u00e8que num\u00e9rique des fonds anciens Babord-Num<\/li>\n<\/ul>\n<\/li>\n<\/ul>\n\n\n\n<p><strong>A partir de 2018, le R\u00e9BUB disposera \u00e0 la fois de prestations de num\u00e9risations externalis\u00e9es, port\u00e9es par le Scoop, et de prestations de num\u00e9risations internes.<\/strong><\/p>\n\n\n\n<ul>\n<li>la conservation des documents anciens :\n<ul>\n<li>&nbsp;entretien courant<\/li>\n\n\n\n<li>&nbsp;conservation pr\u00e9ventive<\/li>\n\n\n\n<li>&nbsp;action de sauvegarde<\/li>\n\n\n\n<li>&nbsp;restauration : chaque ann\u00e9e le R\u00e9BUB b\u00e9n\u00e9ficie de restaurations de livres anciens, externalis\u00e9es et port\u00e9es par le Scoop<\/li>\n\n\n\n<li>&nbsp;expertise en cas de sinistre : le service peut \u00e9galement aider les \u00e9tablissements en cas de sinistre \u00e0 la constitution des constats d&rsquo;\u00e9tat et d\u00e9clarations de sinistre, des dossiers de d\u00e9sinfection ou de restauration des documents, ainsi que pour la mise en \u0153uvre des mesures d&rsquo;urgence ou le pr\u00eat de mat\u00e9riel (kits d&rsquo;urgence, d\u00e9shumidificateurs industriels, etc &#8230;)<\/li>\n<\/ul>\n<\/li>\n\n\n\n<li>la communication sur ces documents anciens :\n<ul>\n<li>&nbsp;par la publication d&rsquo;articles et d&rsquo;actualit\u00e9s sur <a href=\"http:\/\/bibliotheques.u-bordeaux.fr\/\">le site des biblioth\u00e8ques<\/a> ou sur le blog du R\u00e9BUB.<\/li>\n\n\n\n<li>&nbsp;par le partage sur les r\u00e9seaux sociaux (Twitter, Pinterest)<\/li>\n<\/ul>\n<\/li>\n\n\n\n<li>la formation des usagers au patrimoine documentaire et outils associ\u00e9s\n<ul>\n<li>&nbsp;pour les \u00e9tudiants dans leur cursus universitaire : master d&rsquo;histoire du droit et master d&rsquo;histoire des sciences<\/li>\n\n\n\n<li>&nbsp;pour les scolaires dans le cadre de <a href=\"http:\/\/www.ac-bordeaux.fr\/cid89189\/actions-academiques-pour-l-annee-2016-2017.html\">l&rsquo;action acad\u00e9mique<\/a><\/li>\n\n\n\n<li>&nbsp;pour les agents des biblioth\u00e8ques dans le cadre des formations initiales et continues<\/li>\n<\/ul>\n<\/li>\n<\/ul>\n\n\n\n<h3 id=\"stoc-liens-vers-les-outils\" class=\"wpig-heading\">Liens vers les outils<\/h3>\n\n\n\n<ul>\n<li>&nbsp;le <strong><a href=\"http:\/\/www.sudoc.abes.fr\/?COOKIE=U10178,Klecteurweb,I250,B341720009+,SY,NLECTEUR+WEBOPC,D2.1,Efebf3523-c,A,H,R147.210.108.31,FY\">Sudoc<\/a><\/strong> et <strong><a href=\"http:\/\/www.calames.abes.fr\/pub\/\">Calames<\/a><\/strong> pour lesquels le Scoop assure les missions de coordination sur les aspects de signalement<\/li>\n\n\n\n<li>&nbsp;<a href=\"http:\/\/www.babordnum.fr\/\"><strong>Babord-Num<\/strong><\/a> : cr\u00e9\u00e9 en 2014, Babord-Num est la biblioth\u00e8que num\u00e9rique patrimoniale du r\u00e9seau documentaire des universit\u00e9s de Bordeaux<\/li>\n<\/ul>\n\n\n\n<p>Au-del\u00e0 de la consultation, l&rsquo;interface de Babord-Num permet \u00e9galement de t\u00e9l\u00e9charger gratuitement tous les documents (export pdf, reprise de donn\u00e9es dans Zot\u00e9ro,&#8230;).<\/p>\n\n\n\n<ul>\n<li>&nbsp;le compte <strong><a href=\"https:\/\/twitter.com\/babordnum?lang=fr\">Twitter @BabordNum<\/a><\/strong> : cr\u00e9\u00e9 en juin 2015, le compte Twitter a pour objectif de partager de l&rsquo;information concernant les fonds patrimoniaux, les biblioth\u00e8ques num\u00e9riques, et constitue un relais de veille avec les partenaires.<\/li>\n\n\n\n<li>&nbsp;le compte <strong><a href=\"https:\/\/www.pinterest.fr\/BabordNum\/?autologin=true\">Pinterest de Babord-Num<\/a><\/strong> : cr\u00e9\u00e9 en juin 2015, le compte Pinterest a pour objectif de mettre \u00e0 disposition du public divers \u00ab\u00a0tableaux\u00a0\u00bb th\u00e9matiques constitu\u00e9s d&rsquo;illustrations extraites de documents num\u00e9ris\u00e9s accessibles sur Babord-Num : par exemple les Landes de Gascogne, sport et \u00e9ducation, des cartes, des jardins, etc &#8230; Chaque illustration est l\u00e9gend\u00e9e et un lien renvoie au document en ligne sur Babord-Num.<\/li>\n<\/ul>\n\n\n\n<h3 id=\"stoc-la-mise-a-disposition-de-materiel\" class=\"wpig-heading\">La mise \u00e0 disposition de mat\u00e9riel<\/h3>\n\n\n\n<h4 id=\"stoc-dans-le-cadre-des-presentations-et-des-expositions\" class=\"wpig-heading\">Dans le cadre des pr\u00e9sentations et des expositions<\/h4>\n\n\n\n<p>Parmi les services propos\u00e9s par le patrimoine documentaire, il y a l&rsquo;aide \u00e0 l&rsquo;organisation de pr\u00e9sentations ou d&rsquo;expositions des fonds anciens. A ce titre, du mat\u00e9riel est mis \u00e0 la disposition des biblioth\u00e8ques.<\/p>\n\n\n\n<h4 id=\"stoc-dans-le-cadre-de-la-conservation-et-des-sinistres\" class=\"wpig-heading\">Dans le cadre de la conservation et des sinistres<\/h4>\n\n\n\n<p>Le Scoop acquiert et met \u00e0 disposition des \u00e9tablissements du mat\u00e9riel de conservation et d&rsquo;intervention en cas de sinistres.<\/p>\n\n\n\n<h3 id=\"stoc-la-numerisation-patrimoniale-en-chiffres\" class=\"wpig-heading\">La num\u00e9risation patrimoniale en chiffres<\/h3>\n\n\n\n<p>Les donn\u00e9es diffus\u00e9es datent de novembre 2017 :<\/p>\n\n\n<div class=\"wp-block-image\">\n<figure class=\"aligncenter\"><img decoding=\"async\" loading=\"lazy\" width=\"861\" height=\"1024\" src=\"http:\/\/rebub.u-bordeaux.fr\/wp-content\/uploads\/2017\/12\/Infographie-valorisation-patrimoniale_version-finale-861x1024.png\" alt=\"\" class=\"wp-image-2561\" srcset=\"https:\/\/rebub.u-bordeaux.fr\/wp-content\/uploads\/2017\/12\/Infographie-valorisation-patrimoniale_version-finale-861x1024.png 861w, https:\/\/rebub.u-bordeaux.fr\/wp-content\/uploads\/2017\/12\/Infographie-valorisation-patrimoniale_version-finale-252x300.png 252w, https:\/\/rebub.u-bordeaux.fr\/wp-content\/uploads\/2017\/12\/Infographie-valorisation-patrimoniale_version-finale-768x914.png 768w, https:\/\/rebub.u-bordeaux.fr\/wp-content\/uploads\/2017\/12\/Infographie-valorisation-patrimoniale_version-finale.png 1600w\" sizes=\"(max-width: 861px) 100vw, 861px\" \/><\/figure><\/div>\n\n\n<p>Retrouvez les ressources (guide pour le signalement de documents anciens) dans la page d\u00e9di\u00e9e aux ressources de la rubrique patrimoine documentaire.<\/p>\n\n\n\n<p>Le service dispose d&rsquo;une adresse mail \u00e0 laquelle vous pouvez les contacter : <a href=\"mailto:patrimoine-documentaire@u-bordeaux.fr\">patrimoine-documentaire@u-bordeaux.fr<\/a><\/p>\n\n\n\n<div class=\"is-layout-flex wp-container-6 wp-block-columns bord-bloc-reutilisable has-background\" style=\"background-color:#d9edf7\">\n<div class=\"is-layout-flow wp-block-column is-vertically-aligned-center\" style=\"font-size:15px;flex-basis:20%\">\n<p style=\"font-size:15px\"><strong>Date de publication<\/strong> <\/p>\n\n\n<div style=\"font-size:15px;\" class=\"wp-block-post-date\"><time datetime=\"2017-12-04T13:45:46+01:00\">4 d\u00e9cembre 2017<\/time><\/div><\/div>\n\n\n\n<div class=\"is-layout-flow wp-block-column is-vertically-aligned-center\" style=\"font-size:15px;flex-basis:20%\">\n<p><strong>Mis \u00e0 jour le <\/strong><\/p>\n\n\n<div style=\"font-size:15px;\" class=\"wp-block-post-date\"><time datetime=\"2025-03-25T09:09:56+01:00\">25 mars 2025<\/time><\/div><\/div>\n\n\n\n<div class=\"is-layout-flow wp-block-column is-vertically-aligned-center\" style=\"font-size:15px;flex-basis:40%\">\n<p><\/p>\n\n\n\n<p><strong>Attention ! <\/strong>Certains \u00e9tablissements utilisent parfois de proc\u00e9dures compl\u00e9mentaires <\/p>\n<\/div>\n\n\n\n<div class=\"is-layout-flow wp-block-column is-vertically-aligned-center\" style=\"font-size:15px;flex-basis:25%\">\n<div class=\"is-horizontal is-content-justification-center is-layout-flex wp-container-4 wp-block-buttons alignfull has-custom-font-size\" style=\"font-size:16px\">\n<div class=\"wp-block-button has-custom-width wp-block-button__width-75 has-custom-font-size is-style-fill\" style=\"font-size:15px\"><a class=\"wp-block-button__link has-white-color has-text-color has-background wp-element-button\" href=\"mailto:scoop@u-bordeaux.fr\" style=\"border-radius:65px;background-color:#000000db\"><strong>Signaler une erreur<\/strong><\/a><\/div>\n<\/div>\n<\/div>\n<\/div>\n","protected":false},"excerpt":{"rendered":"<p>Table des mati\u00e8res[ Show ]Qu&rsquo;est-ce qu&rsquo;un fonds patrimonial ?Le serviceSes missionsLiens vers les outilsLa mise \u00e0 disposition de mat\u00e9rielDans le cadre des pr\u00e9sentations et des expositionsDans le cadre de la conservation et des sinistresLa num\u00e9risation patrimoniale en chiffresQu&rsquo;est-ce qu&rsquo;un fonds&#8230;<\/p>\n","protected":false},"author":46,"featured_media":0,"parent":19312,"menu_order":0,"comment_status":"closed","ping_status":"closed","template":"","meta":[],"post_mailing_queue_ids":[],"_links":{"self":[{"href":"http:\/\/rebub.u-bordeaux.fr\/index.php\/wp-json\/wp\/v2\/pages\/2505"}],"collection":[{"href":"http:\/\/rebub.u-bordeaux.fr\/index.php\/wp-json\/wp\/v2\/pages"}],"about":[{"href":"http:\/\/rebub.u-bordeaux.fr\/index.php\/wp-json\/wp\/v2\/types\/page"}],"author":[{"embeddable":true,"href":"http:\/\/rebub.u-bordeaux.fr\/index.php\/wp-json\/wp\/v2\/users\/46"}],"replies":[{"embeddable":true,"href":"http:\/\/rebub.u-bordeaux.fr\/index.php\/wp-json\/wp\/v2\/comments?post=2505"}],"version-history":[{"count":34,"href":"http:\/\/rebub.u-bordeaux.fr\/index.php\/wp-json\/wp\/v2\/pages\/2505\/revisions"}],"predecessor-version":[{"id":23519,"href":"http:\/\/rebub.u-bordeaux.fr\/index.php\/wp-json\/wp\/v2\/pages\/2505\/revisions\/23519"}],"up":[{"embeddable":true,"href":"http:\/\/rebub.u-bordeaux.fr\/index.php\/wp-json\/wp\/v2\/pages\/19312"}],"wp:attachment":[{"href":"http:\/\/rebub.u-bordeaux.fr\/index.php\/wp-json\/wp\/v2\/media?parent=2505"}],"curies":[{"name":"wp","href":"https:\/\/api.w.org\/{rel}","templated":true}]}}