	{"id":2871,"date":"2018-01-25T14:21:42","date_gmt":"2018-01-25T13:21:42","guid":{"rendered":"http:\/\/rebub.u-bordeaux.fr\/?page_id=2871"},"modified":"2024-06-28T09:53:53","modified_gmt":"2024-06-28T07:53:53","slug":"procedures-pour-les-dons","status":"publish","type":"page","link":"http:\/\/rebub.u-bordeaux.fr\/index.php\/le-sudoc-ps\/les-ressources\/procedures-pour-les-dons\/","title":{"rendered":"Proc\u00e9dures pour les dons"},"content":{"rendered":"<div id='wpig-floatingbar' class='wpig-floatingbar'><div id='wpig-switch-wrapper' class='wpig-switch-wrapper'><span id='wpig-floating-switch' class='wpig-floating-switch'><img src='http:\/\/rebub.u-bordeaux.fr\/wp-content\/plugins\/sticky-toc-advance-table-of-contents\/\\assets\\menu.png'><\/span><\/div><div id='wpig-contents' class='wpig-contents  wpig-sidebar-widget wpig-style-3'><span class='wpig-headline'>Table des mati\u00e8res<span><a data-action='show' class='wpig-btn-toggledisplay'>[ Show ]<\/a><\/span><\/span><!-- Table of Contents --><div id='wpig-table-of-content' class='wpig-table-of-content'><ol><li class='stoc-procedure-pour-les-propositions-de-dons'><a href='#stoc-procedure-pour-les-propositions-de-dons'>Proc\u00e9dure pour les propositions de dons<\/a><\/li><li class='stoc-procedure-pour-les-demandes-de-dons'><a href='#stoc-procedure-pour-les-demandes-de-dons'>Proc\u00e9dure pour les demandes de dons<\/a><\/li><li class='stoc-procedure-pour-les-transferts-de-dons'><a href='#stoc-procedure-pour-les-transferts-de-dons'>Proc\u00e9dure pour les transferts de dons<\/a><\/li><\/ol><\/div><!-- END OF Table of Contents --><\/div><\/div><p><div id='wpig-contents' class='wpig-contents  wpig-sidebar-widget wpig-style-1'><span class='wpig-headline'>Table des mati\u00e8res<span><a data-action='show' class='wpig-btn-toggledisplay'>[ Show ]<\/a><\/span><\/span><!-- Table of Contents --><div id='wpig-table-of-content' class='wpig-table-of-content' ><ol><li class='stoc-procedure-pour-les-propositions-de-dons'><a href='#stoc-procedure-pour-les-propositions-de-dons'>Proc\u00e9dure pour les propositions de dons<\/a><\/li><li class='stoc-procedure-pour-les-demandes-de-dons'><a href='#stoc-procedure-pour-les-demandes-de-dons'>Proc\u00e9dure pour les demandes de dons<\/a><\/li><li class='stoc-procedure-pour-les-transferts-de-dons'><a href='#stoc-procedure-pour-les-transferts-de-dons'>Proc\u00e9dure pour les transferts de dons<\/a><\/li><\/ol><\/div><!-- END OF Table of Contents --><\/div><\/p><p>Retrouvez ci-dessous les diff\u00e9rentes proc\u00e9dures \u00e0 suivre pour effectuer des propositions, des demandes ou des transferts de dons :<\/p>\n<h2 id=\"stoc-procedure-pour-les-propositions-de-dons\" class=\"wpig-heading\">Proc\u00e9dure pour les propositions de dons<\/h2>\n<p>Vous allez d\u00e9sherber un fonds de p\u00e9riodiques que vous souhaitez proposer en don et cela vous int\u00e9resserait de diffuser l\u2019information&nbsp;:<\/p>\n<ul>\n<li>sur toute l\u2019Aquitaine&nbsp;: plus de 120 biblioth\u00e8ques, centres de documentation et archives, de toutes les tutelles, qui signalent leurs p\u00e9riodiques dans le <a href=\"http:\/\/www.sudoc.abes.fr\/?COOKIE=U10178,Klecteurweb,I250,B341720009+,SY,NLECTEUR+WEBOPC,D2.1,Ebd26170a-d97,A,H,R147.210.108.31,FY\">Sudoc<\/a><\/li>\n<li>aux biblioth\u00e8ques p\u00f4les de conservation dans la trentaine de PCP (Plans de Conservation de P\u00e9riodiques) signal\u00e9s dans le Sudoc (notamment via <a href=\"https:\/\/periscope.sudoc.fr\/\">P\u00e9riscope<\/a>) ainsi qu\u2019aux p\u00f4les de conservation du PCAq (Plan de Conservation partag\u00e9e des p\u00e9riodiques d\u2019Aquitaine)<\/li>\n<\/ul>\n<p>Le Centre du r\u00e9seau du Sudoc-PS de la Nouvelle Aquitaine &#8211; acad\u00e9mie de Bordeaux peut assurer la diffusion de cette information. Pour ce faire, remplissez le <a href=\"http:\/\/rebub.u-bordeaux.fr\/index.php\/le-sudoc-ps\/les-ressources\/formulaire-de-proposition-de-don-pcaq\/\">formulaire appropri\u00e9<\/a> et envoyez-le \u00e0 l\u2019adresse suivante&nbsp;: <a href=\"mailto:periodiques-aquitaine@u-bordeaux.fr\">periodiques-aquitaine@u-bordeaux.fr<\/a><\/p>\n<p>Vous souhaitez \u00eatre inform\u00e9s des propositions de dons&nbsp;diffus\u00e9es par le Centre du r\u00e9seau du Sudoc-PS de la Nouvelle Aquitaine &#8211; acad\u00e9mie de Bordeaux ? Demandez votre inscription \u00e0 la liste de diffusion mail \u00e0 l\u2019adresse suivante&nbsp;: <a href=\"mailto:periodiques-aquitaine@u-bordeaux.fr\">periodiques-aquitaine@u-bordeaux.fr<\/a><\/p>\n<h2 id=\"stoc-procedure-pour-les-demandes-de-dons\" class=\"wpig-heading\">Proc\u00e9dure pour les demandes de dons<\/h2>\n<p>Vous souhaitez compl\u00e9ter vos collections de p\u00e9riodiques et vous aimeriez lancer un appel au don sur toute l\u2019Aquitaine (plus de 120 biblioth\u00e8ques, centres de documentation et archives, de toutes les tutelles, qui signalent leurs p\u00e9riodiques dans le Sudoc)<\/p>\n<p>Le Centre du r\u00e9seau du Sudoc-PS de la Nouvelle Aquitaine &#8211; acad\u00e9mie de Bordeaux s\u2019occupe de relayer cette information. Il vous suffit de remplir le <a href=\"http:\/\/rebub.u-bordeaux.fr\/index.php\/le-sudoc-ps\/les-ressources\/formulaire-de-demande-de-don-pcaq\/\">formulaire d\u00e9di\u00e9<\/a> et de le transmettre \u00e0 l\u2019adresse&nbsp;: <a href=\"mailto:periodiques-aquitaine@u-bordeaux.fr\">periodiques-aquitaine@u-bordeaux.fr<\/a><\/p>\n<p>Vous souhaitez \u00eatre inform\u00e9s des demandes de dons&nbsp;diffus\u00e9es par le Centre du r\u00e9seau du Sudoc-PS de la Nouvelle Aquitaine &#8211; acad\u00e9mie de Bordeaux? Demandez votre inscription \u00e0 la liste de diffusion mail \u00e0 l\u2019adresse suivante&nbsp;: <a href=\"mailto:periodiques-aquitaine@u-bordeaux.fr\">periodiques-aquitaine@u-bordeaux.fr<\/a><\/p>\n<h2 id=\"stoc-procedure-pour-les-transferts-de-dons\" class=\"wpig-heading\">Proc\u00e9dure pour les transferts de dons<\/h2>\n<p>Vous avez fait une proposition de don de num\u00e9ros de p\u00e9riodiques qui a trouv\u00e9 preneur et vous vous appr\u00eatez \u00e0 leur envoyer les num\u00e9ros demand\u00e9s.<\/p>\n<p>Ou<\/p>\n<p>Vous avez r\u00e9pondu favorablement \u00e0 une demande de don d\u2019un \u00e9tablissement et vous vous appr\u00eatez \u00e0 leur envoyer les num\u00e9ros manquants.<\/p>\n<p>Le Centre du r\u00e9seau du Sudoc-PS de la Nouvelle Aquitaine &#8211; acad\u00e9mie de Bordeaux demande&nbsp;:<\/p>\n<ul>\n<li><strong>Au donateur&nbsp;: <\/strong>de joindre \u00e0 chaque envoi physique le <a href=\"http:\/\/rebub.u-bordeaux.fr\/index.php\/le-sudoc-ps\/les-ressources\/bordereau-de-transfert-de-don-pcaq\/\">bordereau de transfert<\/a> rempli et de l\u2019envoyer conjointement par courriel \u00e0 l\u2019adresse <a href=\"mailto:periodiques-aquitaine@u-bordeaux.fr\">periodiques-aquitaine@u-bordeaux.fr<\/a> et au b\u00e9n\u00e9ficiaire du don (ses coordonn\u00e9es sont dans le formulaire de proposition ou demande de don)<\/li>\n<li><strong>Au donataire&nbsp;:<\/strong> de compl\u00e9ter le bordereau \u00e0 r\u00e9ception du don et de l\u2019adresser conjointement par courriel \u00e0 l\u2019adresse <a href=\"mailto:periodiques-aquitaine@u-bordeaux.fr\">periodiques-aquitaine@u-bordeaux.fr<\/a> et au donateur.<\/li>\n<\/ul>\n<p>Pour tout renseignement ou compl\u00e9ment d\u2019information, contactez le Centre du r\u00e9seau du Sudoc-PS de la Nouvelle Aquitaine &#8211; acad\u00e9mie de Bordeaux par courriel (<a href=\"mailto:periodiques-aquitaine@u-bordeaux.fr\">periodiques-aquitaine@u-bordeaux.fr<\/a>) ou t\u00e9l\u00e9phone (<span id=\"OBJ_PREFIX_DWT1197_com_zimbra_phone\" class=\"Object\" role=\"link\">05.56.84.29.01<\/span>).<\/p>\n\n\n<div class=\"is-layout-flex wp-container-6 wp-block-columns bord-bloc-reutilisable has-background\" style=\"background-color:#d9edf7\">\n<div class=\"is-layout-flow wp-block-column is-vertically-aligned-center\" style=\"font-size:15px;flex-basis:20%\">\n<p style=\"font-size:15px\"><strong>Date de publication<\/strong> <\/p>\n\n\n<div style=\"font-size:15px;\" class=\"wp-block-post-date\"><time datetime=\"2018-01-25T14:21:42+01:00\">25 janvier 2018<\/time><\/div><\/div>\n\n\n\n<div class=\"is-layout-flow wp-block-column is-vertically-aligned-center\" style=\"font-size:15px;flex-basis:20%\">\n<p><strong>Mis \u00e0 jour le <\/strong><\/p>\n\n\n<div style=\"font-size:15px;\" class=\"wp-block-post-date\"><time datetime=\"2024-06-28T09:53:53+02:00\">28 juin 2024<\/time><\/div><\/div>\n\n\n\n<div class=\"is-layout-flow wp-block-column is-vertically-aligned-center\" style=\"font-size:15px;flex-basis:40%\">\n<p><\/p>\n\n\n\n<p><strong>Attention ! <\/strong>Certains \u00e9tablissements utilisent parfois de proc\u00e9dures compl\u00e9mentaires <\/p>\n<\/div>\n\n\n\n<div class=\"is-layout-flow wp-block-column is-vertically-aligned-center\" style=\"font-size:15px;flex-basis:25%\">\n<div class=\"is-horizontal is-content-justification-center is-layout-flex wp-container-4 wp-block-buttons alignfull has-custom-font-size\" style=\"font-size:16px\">\n<div class=\"wp-block-button has-custom-width wp-block-button__width-75 has-custom-font-size is-style-fill\" style=\"font-size:15px\"><a class=\"wp-block-button__link has-white-color has-text-color has-background wp-element-button\" href=\"mailto:scoop@u-bordeaux.fr\" style=\"border-radius:65px;background-color:#000000db\"><strong>Signaler une erreur<\/strong><\/a><\/div>\n<\/div>\n<\/div>\n<\/div>\n","protected":false},"excerpt":{"rendered":"<p>Table des mati\u00e8res[ Show ]Proc\u00e9dure pour les propositions de donsProc\u00e9dure pour les demandes de donsProc\u00e9dure pour les transferts de donsRetrouvez ci-dessous les diff\u00e9rentes proc\u00e9dures \u00e0 suivre pour effectuer des propositions, des demandes ou des transferts de dons : Proc\u00e9dure pour&#8230;<\/p>\n","protected":false},"author":46,"featured_media":0,"parent":21700,"menu_order":1,"comment_status":"closed","ping_status":"closed","template":"","meta":[],"post_mailing_queue_ids":[],"_links":{"self":[{"href":"http:\/\/rebub.u-bordeaux.fr\/index.php\/wp-json\/wp\/v2\/pages\/2871"}],"collection":[{"href":"http:\/\/rebub.u-bordeaux.fr\/index.php\/wp-json\/wp\/v2\/pages"}],"about":[{"href":"http:\/\/rebub.u-bordeaux.fr\/index.php\/wp-json\/wp\/v2\/types\/page"}],"author":[{"embeddable":true,"href":"http:\/\/rebub.u-bordeaux.fr\/index.php\/wp-json\/wp\/v2\/users\/46"}],"replies":[{"embeddable":true,"href":"http:\/\/rebub.u-bordeaux.fr\/index.php\/wp-json\/wp\/v2\/comments?post=2871"}],"version-history":[{"count":7,"href":"http:\/\/rebub.u-bordeaux.fr\/index.php\/wp-json\/wp\/v2\/pages\/2871\/revisions"}],"predecessor-version":[{"id":21340,"href":"http:\/\/rebub.u-bordeaux.fr\/index.php\/wp-json\/wp\/v2\/pages\/2871\/revisions\/21340"}],"up":[{"embeddable":true,"href":"http:\/\/rebub.u-bordeaux.fr\/index.php\/wp-json\/wp\/v2\/pages\/21700"}],"wp:attachment":[{"href":"http:\/\/rebub.u-bordeaux.fr\/index.php\/wp-json\/wp\/v2\/media?parent=2871"}],"curies":[{"name":"wp","href":"https:\/\/api.w.org\/{rel}","templated":true}]}}