	{"id":592,"date":"2016-12-21T14:54:20","date_gmt":"2016-12-21T13:54:20","guid":{"rendered":"http:\/\/rebub.u-bordeaux.fr\/?page_id=592"},"modified":"2024-06-28T09:54:12","modified_gmt":"2024-06-28T07:54:12","slug":"procedure-de-demandes-issn-sur-cidemis","status":"publish","type":"page","link":"http:\/\/rebub.u-bordeaux.fr\/index.php\/le-sudoc-ps\/les-ressources\/procedure-de-demandes-issn-sur-cidemis\/","title":{"rendered":"Demandes ISSN sur CIDEMIS"},"content":{"rendered":"<div id='wpig-floatingbar' class='wpig-floatingbar'><div id='wpig-switch-wrapper' class='wpig-switch-wrapper'><span id='wpig-floating-switch' class='wpig-floating-switch'><img src='http:\/\/rebub.u-bordeaux.fr\/wp-content\/plugins\/sticky-toc-advance-table-of-contents\/\\assets\\menu.png'><\/span><\/div><div id='wpig-contents' class='wpig-contents  wpig-sidebar-widget wpig-style-3'><span class='wpig-headline'>Table des mati\u00e8res<span><a data-action='show' class='wpig-btn-toggledisplay'>[ Show ]<\/a><\/span><\/span><!-- Table of Contents --><div id='wpig-table-of-content' class='wpig-table-of-content'><ol><li class='stoc-pour-deposer-une-demande-de-numerotation-ou-de-correction-issn'><a href='#stoc-pour-deposer-une-demande-de-numerotation-ou-de-correction-issn'>Pour d\u00e9poser une demande de num\u00e9rotation ou de correction ISSN<\/a><\/li><li class='stoc-pour-une-demande-de-num'><a href='#stoc-pour-une-demande-de-num'>Pour une demande de NUM<\/a><\/li><li class='stoc-pour-une-demande-de-cor'><a href='#stoc-pour-une-demande-de-cor'>Pour une demande de COR<\/a><\/li><li class='stoc-pour-envoyer-la-demande-au-cr'><a href='#stoc-pour-envoyer-la-demande-au-cr'>Pour envoyer la demande au CR<\/a><\/li><li class='stoc-pour-le-suivi-des-demandes-issn'><a href='#stoc-pour-le-suivi-des-demandes-issn'>Pour le suivi des demandes ISSN<\/a><\/li><\/ol><\/div><!-- END OF Table of Contents --><\/div><\/div><p><div id='wpig-contents' class='wpig-contents  wpig-sidebar-widget wpig-style-1'><span class='wpig-headline'>Table des mati\u00e8res<span><a data-action='show' class='wpig-btn-toggledisplay'>[ Show ]<\/a><\/span><\/span><!-- Table of Contents --><div id='wpig-table-of-content' class='wpig-table-of-content' ><ol><li class='stoc-pour-deposer-une-demande-de-numerotation-ou-de-correction-issn'><a href='#stoc-pour-deposer-une-demande-de-numerotation-ou-de-correction-issn'>Pour d\u00e9poser une demande de num\u00e9rotation ou de correction ISSN<\/a><\/li><li class='stoc-pour-une-demande-de-num'><a href='#stoc-pour-une-demande-de-num'>Pour une demande de NUM<\/a><\/li><li class='stoc-pour-une-demande-de-cor'><a href='#stoc-pour-une-demande-de-cor'>Pour une demande de COR<\/a><\/li><li class='stoc-pour-envoyer-la-demande-au-cr'><a href='#stoc-pour-envoyer-la-demande-au-cr'>Pour envoyer la demande au CR<\/a><\/li><li class='stoc-pour-le-suivi-des-demandes-issn'><a href='#stoc-pour-le-suivi-des-demandes-issn'>Pour le suivi des demandes ISSN<\/a><\/li><\/ol><\/div><!-- END OF Table of Contents --><\/div><\/p>\n<p>Ouvrir une session CIDEMIS sur <a href=\"https:\/\/cidemis.sudoc.fr\/\" target=\"_blank\" rel=\"noopener\">https:\/\/cidemis.sudoc.fr\/<\/a>, en s\u2019identifiant avec son login catalogueur CA ou CB.<\/p>\n\n\n\n<h2 id=\"stoc-pour-deposer-une-demande-de-numerotation-ou-de-correction-issn\" class=\"wpig-heading\">Pour d\u00e9poser une demande de num\u00e9rotation ou de correction ISSN<\/h2>\n\n\n\n<p>Ouvrir un formulaire de demande en cliquant sur&nbsp;<a href=\"http:\/\/rebub.u-bordeaux.fr\/wp-content\/uploads\/2015\/07\/nouveau_cidemis.JPG\"><img decoding=\"async\" loading=\"lazy\" class=\"alignnone size-full wp-image-4495\" title=\"nouveau_cidemis\" src=\"http:\/\/rebub.u-bordeaux.fr\/wp-content\/uploads\/2015\/07\/nouveau_cidemis.JPG\" alt=\"nouveau_cidemis\" width=\"30\" height=\"35\"><\/a> (Nouvelle demande) en haut \u00e0 gauche du tableau de bord et en renseignant le PPN en face du type de demande \u00e0 s\u00e9lectionner (num\u00e9rotation ou correction).<\/p>\n\n\n\n<h2 id=\"stoc-pour-une-demande-de-num\" class=\"wpig-heading\">Pour une demande de NUM<\/h2>\n\n\n\n<p>Joindre les justificatifs sous forme de JPG, PNG ou PDF en les nommant\u00a0: Titre_n\u00b0 s\u00e9quentiel_format du fichier.<\/p>\n\n\n\n<div class=\"is-layout-flex wp-container-3 wp-block-columns bord-bloc-reutilisable has-background\" style=\"background-color:#ffeec2\">\n<div class=\"is-layout-flow wp-block-column is-vertically-aligned-center\" style=\"flex-basis:7%\">\n<figure class=\"wp-block-image alignfull size-full is-style-default\"><img decoding=\"async\" loading=\"lazy\" width=\"512\" height=\"512\" src=\"https:\/\/rebub.u-bordeaux.fr\/wp-content\/uploads\/2024\/04\/nouvelles-idees-en-cours.png\" alt=\"\" class=\"wp-image-19897\" srcset=\"https:\/\/rebub.u-bordeaux.fr\/wp-content\/uploads\/2024\/04\/nouvelles-idees-en-cours.png 512w, https:\/\/rebub.u-bordeaux.fr\/wp-content\/uploads\/2024\/04\/nouvelles-idees-en-cours-300x300.png 300w, https:\/\/rebub.u-bordeaux.fr\/wp-content\/uploads\/2024\/04\/nouvelles-idees-en-cours-150x150.png 150w\" sizes=\"(max-width: 512px) 100vw, 512px\" \/><\/figure>\n<\/div>\n\n\n\n<div class=\"is-layout-flow wp-block-column is-vertically-aligned-center\" style=\"flex-basis:85%\">\n<p><strong>Note<\/strong> : Si le justificatif comporte plusieurs pages, veiller \u00e0 les d\u00e9poser dans le m\u00eame sens et \u00e0 les joindre dans un m\u00eame PDF (cf. outils en ligne PDFjoin ou ilovepdf).<\/p>\n<\/div>\n<\/div>\n\n\n\n<div class=\"is-layout-constrained wp-block-group bord-bloc-reutilisable\"><div class=\"wp-block-group__inner-container\">\n<div class=\"is-layout-flex wp-container-6 wp-block-columns alignfull bord-bloc-reutilisable has-background\" style=\"background-color:#ff303047\">\n<div class=\"is-layout-flow wp-block-column is-vertically-aligned-center\" style=\"flex-basis:7%\">\n<figure class=\"wp-block-image alignfull size-full\"><img decoding=\"async\" loading=\"lazy\" width=\"512\" height=\"512\" src=\"https:\/\/rebub.u-bordeaux.fr\/wp-content\/uploads\/2024\/04\/point-dexclamation.png\" alt=\"\" class=\"wp-image-19898\" srcset=\"https:\/\/rebub.u-bordeaux.fr\/wp-content\/uploads\/2024\/04\/point-dexclamation.png 512w, https:\/\/rebub.u-bordeaux.fr\/wp-content\/uploads\/2024\/04\/point-dexclamation-300x300.png 300w, https:\/\/rebub.u-bordeaux.fr\/wp-content\/uploads\/2024\/04\/point-dexclamation-150x150.png 150w\" sizes=\"(max-width: 512px) 100vw, 512px\" \/><\/figure>\n<\/div>\n\n\n\n<div class=\"is-layout-flow wp-block-column is-vertically-aligned-center\" style=\"flex-basis:85%\">\n<p><strong>Attention !<\/strong> Ne pas saisir la zone 301 dans la notice du Sudoc parce qu\u2019elle sera g\u00e9n\u00e9r\u00e9e automatiquement par le d\u00e9p\u00f4t dans CIDEMIS.<\/p>\n<\/div>\n<\/div>\n<\/div><\/div>\n\n\n\n<h2 id=\"stoc-pour-une-demande-de-cor\" class=\"wpig-heading\">Pour une demande de COR<\/h2>\n\n\n\n<p>Apr\u00e8s avoir corrig\u00e9 la notice du Sudoc, choisir la zone \u00e0 corriger dans le formulaire et dans la partie \u00ab\u00a0Commentaires\u00a0\u00bb, pr\u00e9ciser ce qui doit \u00eatre corrig\u00e9 dans la zone concern\u00e9e. Joindre les justificatifs.<\/p>\n\n\n\n<div class=\"is-layout-flex wp-container-10 wp-block-columns bord-bloc-reutilisable has-background\" style=\"background-color:#ffeec2\">\n<div class=\"is-layout-flow wp-block-column is-vertically-aligned-center\" style=\"flex-basis:7%\">\n<figure class=\"wp-block-image alignfull size-full is-style-default\"><img decoding=\"async\" loading=\"lazy\" width=\"512\" height=\"512\" src=\"https:\/\/rebub.u-bordeaux.fr\/wp-content\/uploads\/2024\/04\/nouvelles-idees-en-cours.png\" alt=\"\" class=\"wp-image-19897\" srcset=\"https:\/\/rebub.u-bordeaux.fr\/wp-content\/uploads\/2024\/04\/nouvelles-idees-en-cours.png 512w, https:\/\/rebub.u-bordeaux.fr\/wp-content\/uploads\/2024\/04\/nouvelles-idees-en-cours-300x300.png 300w, https:\/\/rebub.u-bordeaux.fr\/wp-content\/uploads\/2024\/04\/nouvelles-idees-en-cours-150x150.png 150w\" sizes=\"(max-width: 512px) 100vw, 512px\" \/><\/figure>\n<\/div>\n\n\n\n<div class=\"is-layout-flow wp-block-column is-vertically-aligned-center\" style=\"flex-basis:85%\">\n<p><strong>Note<\/strong> : Faire une demande de COR par zone \u00e0 corriger (chaque demande aura un identifiant CIDEMIS).<\/p>\n<\/div>\n<\/div>\n\n\n\n<div class=\"is-layout-constrained wp-block-group bord-bloc-reutilisable\"><div class=\"wp-block-group__inner-container\">\n<div class=\"is-layout-flex wp-container-13 wp-block-columns alignfull bord-bloc-reutilisable has-background\" style=\"background-color:#ff303047\">\n<div class=\"is-layout-flow wp-block-column is-vertically-aligned-center\" style=\"flex-basis:7%\">\n<figure class=\"wp-block-image alignfull size-full\"><img decoding=\"async\" loading=\"lazy\" width=\"512\" height=\"512\" src=\"https:\/\/rebub.u-bordeaux.fr\/wp-content\/uploads\/2024\/04\/point-dexclamation.png\" alt=\"\" class=\"wp-image-19898\" srcset=\"https:\/\/rebub.u-bordeaux.fr\/wp-content\/uploads\/2024\/04\/point-dexclamation.png 512w, https:\/\/rebub.u-bordeaux.fr\/wp-content\/uploads\/2024\/04\/point-dexclamation-300x300.png 300w, https:\/\/rebub.u-bordeaux.fr\/wp-content\/uploads\/2024\/04\/point-dexclamation-150x150.png 150w\" sizes=\"(max-width: 512px) 100vw, 512px\" \/><\/figure>\n<\/div>\n\n\n\n<div class=\"is-layout-flow wp-block-column is-vertically-aligned-center\" style=\"flex-basis:85%\">\n<p><strong>Attention !<\/strong> Ne pas saisir la zone 830 dans la notice du Sudoc parce qu\u2019elle sera g\u00e9n\u00e9r\u00e9e automatiquement par le d\u00e9p\u00f4t dans CIDEMIS.<\/p>\n<\/div>\n<\/div>\n<\/div><\/div>\n\n\n\n<h2 id=\"stoc-pour-envoyer-la-demande-au-cr\" class=\"wpig-heading\">Pour envoyer la demande au CR<\/h2>\n\n\n\n<p>Cliquer sur <span style=\"color: #000000;\">\u00ab\u00a0Valider\u00a0\u00bb<\/span> en bas du formulaire.<\/p>\n\n\n\n<h2 id=\"stoc-pour-le-suivi-des-demandes-issn\" class=\"wpig-heading\">Pour le suivi des demandes ISSN<\/h2>\n\n\n\n<p>Consulter r\u00e9guli\u00e8rement le tableau de bord et v\u00e9rifier l&rsquo;\u00e9tat de la demande ( \u00ab\u00a0Valid\u00e9 par le CR\u00a0\u00bb ou \u00ab\u00a0En attente de pr\u00e9cision du catalogueur\u00a0\u00bb ou \u00ab\u00a0Traitement termin\u00e9\u00a0\u00bb).<\/p>\n\n\n\n<div class=\"is-layout-flex wp-container-17 wp-block-columns bord-bloc-reutilisable has-background\" style=\"background-color:#ffeec2\">\n<div class=\"is-layout-flow wp-block-column is-vertically-aligned-center\" style=\"flex-basis:7%\">\n<figure class=\"wp-block-image alignfull size-full is-style-default\"><img decoding=\"async\" loading=\"lazy\" width=\"512\" height=\"512\" src=\"https:\/\/rebub.u-bordeaux.fr\/wp-content\/uploads\/2024\/04\/nouvelles-idees-en-cours.png\" alt=\"\" class=\"wp-image-19897\" srcset=\"https:\/\/rebub.u-bordeaux.fr\/wp-content\/uploads\/2024\/04\/nouvelles-idees-en-cours.png 512w, https:\/\/rebub.u-bordeaux.fr\/wp-content\/uploads\/2024\/04\/nouvelles-idees-en-cours-300x300.png 300w, https:\/\/rebub.u-bordeaux.fr\/wp-content\/uploads\/2024\/04\/nouvelles-idees-en-cours-150x150.png 150w\" sizes=\"(max-width: 512px) 100vw, 512px\" \/><\/figure>\n<\/div>\n\n\n\n<div class=\"is-layout-flow wp-block-column is-vertically-aligned-center\" style=\"flex-basis:85%\">\n<p><strong>Note<\/strong> : Voir la prise en main de l\u2019application CIDEMIS et les d\u00e9tails de la proc\u00e9dure dans le <a rel=\"noreferrer noopener\" href=\"http:\/\/rebub.u-bordeaux.fr\/wp-content\/uploads\/2017\/07\/Support-pr\u00e9sentation-CIDEMIS.pdf\" target=\"_blank\">Support Formation.<\/a><\/p>\n<\/div>\n<\/div>\n\n\n\n<div class=\"is-layout-flex wp-container-23 wp-block-columns bord-bloc-reutilisable has-background\" style=\"background-color:#d9edf7\">\n<div class=\"is-layout-flow wp-block-column is-vertically-aligned-center\" style=\"font-size:15px;flex-basis:20%\">\n<p style=\"font-size:15px\"><strong>Date de publication<\/strong> <\/p>\n\n\n<div style=\"font-size:15px;\" class=\"wp-block-post-date\"><time datetime=\"2016-12-21T14:54:20+01:00\">21 d\u00e9cembre 2016<\/time><\/div><\/div>\n\n\n\n<div class=\"is-layout-flow wp-block-column is-vertically-aligned-center\" style=\"font-size:15px;flex-basis:20%\">\n<p><strong>Mis \u00e0 jour le <\/strong><\/p>\n\n\n<div style=\"font-size:15px;\" class=\"wp-block-post-date\"><time datetime=\"2024-06-28T09:54:12+02:00\">28 juin 2024<\/time><\/div><\/div>\n\n\n\n<div class=\"is-layout-flow wp-block-column is-vertically-aligned-center\" style=\"font-size:15px;flex-basis:40%\">\n<p><\/p>\n\n\n\n<p><strong>Attention ! <\/strong>Certains \u00e9tablissements utilisent parfois de proc\u00e9dures compl\u00e9mentaires <\/p>\n<\/div>\n\n\n\n<div class=\"is-layout-flow wp-block-column is-vertically-aligned-center\" style=\"font-size:15px;flex-basis:25%\">\n<div class=\"is-horizontal is-content-justification-center is-layout-flex wp-container-21 wp-block-buttons alignfull has-custom-font-size\" style=\"font-size:16px\">\n<div class=\"wp-block-button has-custom-width wp-block-button__width-75 has-custom-font-size is-style-fill\" style=\"font-size:15px\"><a class=\"wp-block-button__link has-white-color has-text-color has-background wp-element-button\" href=\"mailto:scoop@u-bordeaux.fr\" style=\"border-radius:65px;background-color:#000000db\"><strong>Signaler une erreur<\/strong><\/a><\/div>\n<\/div>\n<\/div>\n<\/div>\n","protected":false},"excerpt":{"rendered":"<p>Table des mati\u00e8res[ Show ]Pour d\u00e9poser une demande de num\u00e9rotation ou de correction ISSNPour une demande de NUMPour une demande de CORPour envoyer la demande au CRPour le suivi des demandes ISSNOuvrir une session CIDEMIS sur https:\/\/cidemis.sudoc.fr\/, en s\u2019identifiant avec&#8230;<\/p>\n","protected":false},"author":2,"featured_media":0,"parent":21700,"menu_order":5,"comment_status":"closed","ping_status":"closed","template":"","meta":[],"post_mailing_queue_ids":[],"_links":{"self":[{"href":"http:\/\/rebub.u-bordeaux.fr\/index.php\/wp-json\/wp\/v2\/pages\/592"}],"collection":[{"href":"http:\/\/rebub.u-bordeaux.fr\/index.php\/wp-json\/wp\/v2\/pages"}],"about":[{"href":"http:\/\/rebub.u-bordeaux.fr\/index.php\/wp-json\/wp\/v2\/types\/page"}],"author":[{"embeddable":true,"href":"http:\/\/rebub.u-bordeaux.fr\/index.php\/wp-json\/wp\/v2\/users\/2"}],"replies":[{"embeddable":true,"href":"http:\/\/rebub.u-bordeaux.fr\/index.php\/wp-json\/wp\/v2\/comments?post=592"}],"version-history":[{"count":6,"href":"http:\/\/rebub.u-bordeaux.fr\/index.php\/wp-json\/wp\/v2\/pages\/592\/revisions"}],"predecessor-version":[{"id":21346,"href":"http:\/\/rebub.u-bordeaux.fr\/index.php\/wp-json\/wp\/v2\/pages\/592\/revisions\/21346"}],"up":[{"embeddable":true,"href":"http:\/\/rebub.u-bordeaux.fr\/index.php\/wp-json\/wp\/v2\/pages\/21700"}],"wp:attachment":[{"href":"http:\/\/rebub.u-bordeaux.fr\/index.php\/wp-json\/wp\/v2\/media?parent=592"}],"curies":[{"name":"wp","href":"https:\/\/api.w.org\/{rel}","templated":true}]}}