	{"id":639,"date":"2016-12-22T09:25:09","date_gmt":"2016-12-22T08:25:09","guid":{"rendered":"http:\/\/rebub.u-bordeaux.fr\/?page_id=639"},"modified":"2024-06-28T09:54:08","modified_gmt":"2024-06-28T07:54:08","slug":"formulaire-de-demande-de-don-pcaq","status":"publish","type":"page","link":"http:\/\/rebub.u-bordeaux.fr\/index.php\/le-sudoc-ps\/les-ressources\/formulaire-de-demande-de-don-pcaq\/","title":{"rendered":"Demande de don"},"content":{"rendered":"<div id='wpig-floatingbar' class='wpig-floatingbar'><div id='wpig-switch-wrapper' class='wpig-switch-wrapper'><span id='wpig-floating-switch' class='wpig-floating-switch'><img src='http:\/\/rebub.u-bordeaux.fr\/wp-content\/plugins\/sticky-toc-advance-table-of-contents\/\\assets\\menu.png'><\/span><\/div><\/div><p><\/p>\n<p>Vous souhaitez compl\u00e9ter vos collections de p\u00e9riodiques ?<\/p>\n\n\n\n<p>Remplissez ce formulaire et envoyez-le \u00e0 l&rsquo;adresse <a href=\"mailto:periodiques-aquitaine@u-bordeaux.fr\">periodiques-aquitaine@u-bordeaux.fr<\/a><\/p>\n\n\n\n<div class=\"is-layout-flex wp-container-3 wp-block-columns bord-bloc-reutilisable has-background\" style=\"background-color:#ffeec2\">\n<div class=\"is-layout-flow wp-block-column is-vertically-aligned-center\" style=\"flex-basis:7%\">\n<figure class=\"wp-block-image alignfull size-full is-style-default\"><img decoding=\"async\" loading=\"lazy\" width=\"512\" height=\"512\" src=\"https:\/\/rebub.u-bordeaux.fr\/wp-content\/uploads\/2024\/04\/nouvelles-idees-en-cours.png\" alt=\"\" class=\"wp-image-19897\" srcset=\"https:\/\/rebub.u-bordeaux.fr\/wp-content\/uploads\/2024\/04\/nouvelles-idees-en-cours.png 512w, https:\/\/rebub.u-bordeaux.fr\/wp-content\/uploads\/2024\/04\/nouvelles-idees-en-cours-300x300.png 300w, https:\/\/rebub.u-bordeaux.fr\/wp-content\/uploads\/2024\/04\/nouvelles-idees-en-cours-150x150.png 150w\" sizes=\"(max-width: 512px) 100vw, 512px\" \/><\/figure>\n<\/div>\n\n\n\n<div class=\"is-layout-flow wp-block-column is-vertically-aligned-center\" style=\"flex-basis:85%\">\n<p><strong>Note<\/strong> : <a rel=\"noreferrer noopener\" href=\"https:\/\/rebub.u-bordeaux.fr\/wp-content\/uploads\/2023\/02\/PCAq-formulaire-demande-dons-2023.xlsx\" target=\"_blank\">PCAq formulaire demande dons 2023<\/a>\u00a0(lorsque vous cliquez sur le document, ce dernier se t\u00e9l\u00e9charge sur votre ordinateur)<\/p>\n<\/div>\n<\/div>\n\n\n\n<p>Votre demande sera adress\u00e9e aux autres biblioth\u00e8ques d&rsquo;Aquitaine, dans le cadre du PCAq (plan de conservation partag\u00e9e des p\u00e9riodiques en Aquitaine).<\/p>\n\n\n\n<p>Si vous souhaitez recevoir les demandes (et propositions) de dons de p\u00e9riodiques des autres \u00e9tablissements, demandez votre inscription \u00e0 la liste de diffusion mail du PCAq \u00e0 l&rsquo;adresse : <a href=\"mailto:periodiques-aquitaine@u-bordeaux.fr\">periodiques-aquitaine@u-bordeaux.fr<\/a><\/p>\n\n\n\n<p>Pour tout renseignement ou compl\u00e9ment d\u2019information, contactez le Centre du r\u00e9seau Sudoc-PS de la Nouvelle Aquitaine &#8211; acad\u00e9mie de Bordeaux par courriel (<a href=\"mailto:periodiques-aquitaine@u-bordeaux.fr\">periodiques-aquitaine@u-bordeaux.fr<\/a>) ou t\u00e9l\u00e9phone (<span id=\"OBJ_PREFIX_DWT1197_com_zimbra_phone\" class=\"Object\" role=\"link\">05.56.84.29.01<\/span>).<\/p>\n\n\n\n<div class=\"is-layout-flex wp-container-9 wp-block-columns bord-bloc-reutilisable has-background\" style=\"background-color:#d9edf7\">\n<div class=\"is-layout-flow wp-block-column is-vertically-aligned-center\" style=\"font-size:15px;flex-basis:20%\">\n<p style=\"font-size:15px\"><strong>Date de publication<\/strong> <\/p>\n\n\n<div style=\"font-size:15px;\" class=\"wp-block-post-date\"><time datetime=\"2016-12-22T09:25:09+01:00\">22 d\u00e9cembre 2016<\/time><\/div><\/div>\n\n\n\n<div class=\"is-layout-flow wp-block-column is-vertically-aligned-center\" style=\"font-size:15px;flex-basis:20%\">\n<p><strong>Mis \u00e0 jour le <\/strong><\/p>\n\n\n<div style=\"font-size:15px;\" class=\"wp-block-post-date\"><time datetime=\"2024-06-28T09:54:08+02:00\">28 juin 2024<\/time><\/div><\/div>\n\n\n\n<div class=\"is-layout-flow wp-block-column is-vertically-aligned-center\" style=\"font-size:15px;flex-basis:40%\">\n<p><\/p>\n\n\n\n<p><strong>Attention ! <\/strong>Certains \u00e9tablissements utilisent parfois de proc\u00e9dures compl\u00e9mentaires <\/p>\n<\/div>\n\n\n\n<div class=\"is-layout-flow wp-block-column is-vertically-aligned-center\" style=\"font-size:15px;flex-basis:25%\">\n<div class=\"is-horizontal is-content-justification-center is-layout-flex wp-container-7 wp-block-buttons alignfull has-custom-font-size\" style=\"font-size:16px\">\n<div class=\"wp-block-button has-custom-width wp-block-button__width-75 has-custom-font-size is-style-fill\" style=\"font-size:15px\"><a class=\"wp-block-button__link has-white-color has-text-color has-background wp-element-button\" href=\"mailto:scoop@u-bordeaux.fr\" style=\"border-radius:65px;background-color:#000000db\"><strong>Signaler une erreur<\/strong><\/a><\/div>\n<\/div>\n<\/div>\n<\/div>\n","protected":false},"excerpt":{"rendered":"<p>Vous souhaitez compl\u00e9ter vos collections de p\u00e9riodiques ? Remplissez ce formulaire et envoyez-le \u00e0 l&rsquo;adresse periodiques-aquitaine@u-bordeaux.fr Note : PCAq formulaire demande dons 2023\u00a0(lorsque vous cliquez sur le document, ce dernier se t\u00e9l\u00e9charge sur votre ordinateur) Votre demande sera adress\u00e9e aux&#8230;<\/p>\n","protected":false},"author":2,"featured_media":0,"parent":21700,"menu_order":4,"comment_status":"closed","ping_status":"closed","template":"","meta":[],"post_mailing_queue_ids":[],"_links":{"self":[{"href":"http:\/\/rebub.u-bordeaux.fr\/index.php\/wp-json\/wp\/v2\/pages\/639"}],"collection":[{"href":"http:\/\/rebub.u-bordeaux.fr\/index.php\/wp-json\/wp\/v2\/pages"}],"about":[{"href":"http:\/\/rebub.u-bordeaux.fr\/index.php\/wp-json\/wp\/v2\/types\/page"}],"author":[{"embeddable":true,"href":"http:\/\/rebub.u-bordeaux.fr\/index.php\/wp-json\/wp\/v2\/users\/2"}],"replies":[{"embeddable":true,"href":"http:\/\/rebub.u-bordeaux.fr\/index.php\/wp-json\/wp\/v2\/comments?post=639"}],"version-history":[{"count":19,"href":"http:\/\/rebub.u-bordeaux.fr\/index.php\/wp-json\/wp\/v2\/pages\/639\/revisions"}],"predecessor-version":[{"id":21344,"href":"http:\/\/rebub.u-bordeaux.fr\/index.php\/wp-json\/wp\/v2\/pages\/639\/revisions\/21344"}],"up":[{"embeddable":true,"href":"http:\/\/rebub.u-bordeaux.fr\/index.php\/wp-json\/wp\/v2\/pages\/21700"}],"wp:attachment":[{"href":"http:\/\/rebub.u-bordeaux.fr\/index.php\/wp-json\/wp\/v2\/media?parent=639"}],"curies":[{"name":"wp","href":"https:\/\/api.w.org\/{rel}","templated":true}]}}