	{"id":12527,"date":"2021-09-10T16:16:56","date_gmt":"2021-09-10T14:16:56","guid":{"rendered":"http:\/\/rebub.u-bordeaux.fr\/?page_id=12527"},"modified":"2023-08-23T10:57:40","modified_gmt":"2023-08-23T08:57:40","slug":"decouverte-de-linterface-publique","status":"publish","type":"page","link":"https:\/\/rebub.u-bordeaux.fr\/index.php\/lanimation-du-reseau\/les-formations\/les-supports-de-formation\/babord\/decouverte-de-linterface-publique\/","title":{"rendered":"D\u00e9couverte de l&rsquo;interface publique"},"content":{"rendered":"<div id='wpig-floatingbar' class='wpig-floatingbar'><div id='wpig-switch-wrapper' class='wpig-switch-wrapper'><span id='wpig-floating-switch' class='wpig-floating-switch'><img src='https:\/\/rebub.u-bordeaux.fr\/wp-content\/plugins\/sticky-toc-advance-table-of-contents\/\\assets\\menu.png'><\/span><\/div><\/div><p><\/p><p>Vous trouverez ci-dessous les supports de formation et de pr\u00e9sentation du module sur la d\u00e9couverte de l&rsquo;interface publique Babord+ :<\/p>\n<div class=\"message important important-vert\">\n<p><img decoding=\"async\" loading=\"lazy\" class=\"alignnone wp-image-12502\" src=\"http:\/\/rebub.u-bordeaux.fr\/wp-content\/uploads\/2021\/09\/slides-300x300.png\" alt=\"\" width=\"30\" height=\"30\" srcset=\"https:\/\/rebub.u-bordeaux.fr\/wp-content\/uploads\/2021\/09\/slides-300x300.png 300w, https:\/\/rebub.u-bordeaux.fr\/wp-content\/uploads\/2021\/09\/slides-150x150.png 150w, https:\/\/rebub.u-bordeaux.fr\/wp-content\/uploads\/2021\/09\/slides.png 512w\" sizes=\"(max-width: 30px) 100vw, 30px\" \/> <a href=\"http:\/\/rebub.u-bordeaux.fr\/wp-content\/uploads\/2021\/09\/Babord-D\u00e9couverte-de-linterface-publique-support-de-presentation.pdf\" target=\"_blank\" rel=\"noopener noreferrer\">Support de pr\u00e9sentation<\/a><\/p>\n<p><img decoding=\"async\" loading=\"lazy\" class=\"alignnone wp-image-12503\" src=\"http:\/\/rebub.u-bordeaux.fr\/wp-content\/uploads\/2021\/09\/page-300x300.png\" alt=\"\" width=\"30\" height=\"30\" srcset=\"https:\/\/rebub.u-bordeaux.fr\/wp-content\/uploads\/2021\/09\/page-300x300.png 300w, https:\/\/rebub.u-bordeaux.fr\/wp-content\/uploads\/2021\/09\/page-150x150.png 150w, https:\/\/rebub.u-bordeaux.fr\/wp-content\/uploads\/2021\/09\/page.png 512w\" sizes=\"(max-width: 30px) 100vw, 30px\" \/> <a href=\"https:\/\/rebub.u-bordeaux.fr\/wp-content\/uploads\/2023\/08\/Babord-Decouverte-de-linterface-support-de-formation.pdf\" target=\"_blank\" rel=\"noopener noreferrer\">Support de formation<\/a><\/p>\n<\/div>\n<p>Une question, une interrogation sur cet article ? <a title=\"SOOS SCOOP\" href=\"https:\/\/assistance.u-bordeaux.fr\/\" target=\"_blank\" rel=\"noopener noreferrer\">SOS SCOOP<\/a><\/p>\n","protected":false},"excerpt":{"rendered":"<p>Vous trouverez ci-dessous les supports de formation et de pr\u00e9sentation du module sur la d\u00e9couverte de l&rsquo;interface publique Babord+ : Support de pr\u00e9sentation Support de formation Une question, une interrogation sur cet article ? SOS SCOOP<\/p>\n","protected":false},"author":46,"featured_media":0,"parent":12495,"menu_order":0,"comment_status":"closed","ping_status":"closed","template":"","meta":[],"post_mailing_queue_ids":[],"_links":{"self":[{"href":"https:\/\/rebub.u-bordeaux.fr\/index.php\/wp-json\/wp\/v2\/pages\/12527"}],"collection":[{"href":"https:\/\/rebub.u-bordeaux.fr\/index.php\/wp-json\/wp\/v2\/pages"}],"about":[{"href":"https:\/\/rebub.u-bordeaux.fr\/index.php\/wp-json\/wp\/v2\/types\/page"}],"author":[{"embeddable":true,"href":"https:\/\/rebub.u-bordeaux.fr\/index.php\/wp-json\/wp\/v2\/users\/46"}],"replies":[{"embeddable":true,"href":"https:\/\/rebub.u-bordeaux.fr\/index.php\/wp-json\/wp\/v2\/comments?post=12527"}],"version-history":[{"count":3,"href":"https:\/\/rebub.u-bordeaux.fr\/index.php\/wp-json\/wp\/v2\/pages\/12527\/revisions"}],"predecessor-version":[{"id":16835,"href":"https:\/\/rebub.u-bordeaux.fr\/index.php\/wp-json\/wp\/v2\/pages\/12527\/revisions\/16835"}],"up":[{"embeddable":true,"href":"https:\/\/rebub.u-bordeaux.fr\/index.php\/wp-json\/wp\/v2\/pages\/12495"}],"wp:attachment":[{"href":"https:\/\/rebub.u-bordeaux.fr\/index.php\/wp-json\/wp\/v2\/media?parent=12527"}],"curies":[{"name":"wp","href":"https:\/\/api.w.org\/{rel}","templated":true}]}}