	{"id":17366,"date":"2023-10-31T16:38:53","date_gmt":"2023-10-31T15:38:53","guid":{"rendered":"https:\/\/rebub.u-bordeaux.fr\/?page_id=17366"},"modified":"2026-03-18T15:55:36","modified_gmt":"2026-03-18T14:55:36","slug":"gestion-des-ressources-dans-alma-atelier-gestion-des-ressources-avancee","status":"publish","type":"page","link":"https:\/\/rebub.u-bordeaux.fr\/index.php\/lanimation-du-reseau\/les-formations\/les-supports-de-formation\/alma\/gestion-des-ressources-dans-alma-atelier-gestion-des-ressources-avancee\/","title":{"rendered":"Gestion des ressources dans Alma &#8211; Atelier Gestion des ressources avanc\u00e9e"},"content":{"rendered":"<div id='wpig-floatingbar' class='wpig-floatingbar'><div id='wpig-switch-wrapper' class='wpig-switch-wrapper'><span id='wpig-floating-switch' class='wpig-floating-switch'><img src='https:\/\/rebub.u-bordeaux.fr\/wp-content\/plugins\/sticky-toc-advance-table-of-contents\/\\assets\\menu.png'><\/span><\/div><div id='wpig-contents' class='wpig-contents  wpig-sidebar-widget wpig-style-3'><span class='wpig-headline'>Table des mati\u00e8res<span><a data-action='show' class='wpig-btn-toggledisplay'>[ Show ]<\/a><\/span><\/span><!-- Table of Contents --><div id='wpig-table-of-content' class='wpig-table-of-content'><ol><li class='stoc-atelier-2023'><a href='#stoc-atelier-2023'>Atelier 2023<\/a><\/li><li class='stoc-atelier-2024'><a href='#stoc-atelier-2024'>Atelier 2024<\/a><\/li><\/div><!-- END OF Table of Contents --><\/div><\/div><p><div id='wpig-contents' class='wpig-contents  wpig-sidebar-widget wpig-style-1'><span class='wpig-headline'>Table des mati\u00e8res<span><a data-action='show' class='wpig-btn-toggledisplay'>[ Show ]<\/a><\/span><\/span><!-- Table of Contents --><div id='wpig-table-of-content' class='wpig-table-of-content' ><ol><li class='stoc-atelier-2023'><a href='#stoc-atelier-2023'>Atelier 2023<\/a><\/li><li class='stoc-atelier-2024'><a href='#stoc-atelier-2024'>Atelier 2024<\/a><\/li><\/div><!-- END OF Table of Contents --><\/div><\/p>\n<p>Vous trouverez ci-dessous les supports de l&rsquo;atelier avanc\u00e9 consacr\u00e9 \u00e0 la gestion des ressources dans Alma :<\/p>\n\n\n\n<h2 id=\"stoc-atelier-2023\" class=\"wpig-heading\">Atelier 2023<\/h2>\n\n\n\n<p><a href=\"https:\/\/rebub.u-bordeaux.fr\/wp-content\/uploads\/2026\/03\/2023_Module-4_Atelier-1-Fusionner-des-notices-bibliographiques-2023-1-3-9.pdf\" data-type=\"attachment\" data-id=\"24910\">Atelier 1 : Fusionner des notices bibliographiques<\/a><\/p>\n\n\n\n<p>Atelier 2 : Les traitements par lots dans le cadre de la gestion des ressources<\/p>\n\n\n\n<ul>\n<li><a href=\"https:\/\/rebub.u-bordeaux.fr\/wp-content\/uploads\/2026\/03\/2023_Module-41_Les-traitements-par-lots-dans-le-cadre-de-la-gestion-des-ressources-1-12.pdf\" data-type=\"attachment\" data-id=\"24915\">1\u00e8re partie<\/a><\/li>\n\n\n\n<li><a href=\"https:\/\/rebub.u-bordeaux.fr\/wp-content\/uploads\/2026\/03\/2023_Module-42_Les-traitements-par-lots-dans-le-cadre-de-la-gestion-des-ressources-13-18.pdf\" data-type=\"attachment\" data-id=\"24916\">2\u00e8me partie<\/a><\/li>\n\n\n\n<li><a href=\"https:\/\/rebub.u-bordeaux.fr\/wp-content\/uploads\/2026\/03\/2023_Module-43_Les-traitements-par-lots-dans-le-cadre-de-la-gestion-des-ressources-19-28.pdf\" data-type=\"attachment\" data-id=\"24917\">3\u00e8me partie<\/a><\/li>\n<\/ul>\n\n\n\n<p><a href=\"https:\/\/rebub.u-bordeaux.fr\/wp-content\/uploads\/2026\/03\/2023_Module-3-Cas-pratique_Gestion-des-ressources-avancee-v_finale2023-1-6.pdf\" data-type=\"attachment\" data-id=\"24918\">Atelier 3 : Cas pratique : g\u00e9rer une indisponibilit\u00e9 partielle des collections dans Alma avec un traitement interne de type \u00ab chantier \u00bb<\/a><\/p>\n\n\n\n<p><a href=\"https:\/\/rebub.u-bordeaux.fr\/wp-content\/uploads\/2026\/03\/2023_Module-4-Verification-et-qualite-du-catalogage_Gestion-des-ressources-avancee-v_finale2023-7-10.pdf\" data-type=\"attachment\" data-id=\"24919\">Atelier 4 : V\u00e9rification et qualit\u00e9 du catalogage<\/a><\/p>\n\n\n\n<h2 id=\"stoc-atelier-2024\" class=\"wpig-heading\">Atelier 2024<\/h2>\n\n\n\n<p><a href=\"https:\/\/rebub.u-bordeaux.fr\/wp-content\/uploads\/2026\/03\/2024_Module-4_Gestion-des-ressources-avancee-v_2024-Copie-3-9.pdf\" data-type=\"attachment\" data-id=\"24922\">Atelier 1 : fusionner des notices bibliographiques<\/a><\/p>\n\n\n\n<p><a rel=\"noreferrer noopener\" href=\"https:\/\/rebub.u-bordeaux.fr\/wp-content\/uploads\/2026\/03\/20242_Module-4_Gestion-des-ressources-avancee-v_2024-10-14.pdf\" data-type=\"attachment\" data-id=\"24775\" target=\"_blank\">Atelier 2 : Construire une requ\u00eate Alma<\/a><\/p>\n\n\n\n<p>Atelier 3 : Les traitements par lots dans le cadre des la gestion des ressources<\/p>\n\n\n\n<ul>\n<li><a href=\"https:\/\/rebub.u-bordeaux.fr\/wp-content\/uploads\/2026\/03\/2024_Module-4_Traitements-par-lots-Copie-1-15-43-1-12.pdf\" data-type=\"attachment\" data-id=\"24929\">1\u00e8re partie<\/a><\/li>\n\n\n\n<li><a href=\"https:\/\/rebub.u-bordeaux.fr\/wp-content\/uploads\/2026\/03\/2024_Module-4_Traitements-par-lots-Copie-1-15-43-13-18.pdf\" data-type=\"attachment\" data-id=\"24927\">2\u00e8me partie<\/a><\/li>\n\n\n\n<li><a href=\"https:\/\/rebub.u-bordeaux.fr\/wp-content\/uploads\/2026\/03\/2024_Module-4_Traitements-par-lots-Copie-1-15-43-19-29.pdf\" data-type=\"attachment\" data-id=\"24928\">3\u00e8me partie<\/a><\/li>\n<\/ul>\n\n\n\n<p><a href=\"https:\/\/rebub.u-bordeaux.fr\/wp-content\/uploads\/2026\/03\/2024_Module-4_Gestion-des-ressources-avancee-v_2024-Copie-42-43.pdf\" data-type=\"attachment\" data-id=\"24931\">Atelier 4 : Utiliser la cloudApp \u00ab\u00a0Sudoc Toolbox\u00a0\u00bb<\/a><\/p>\n\n\n\n<p><a href=\"https:\/\/rebub.u-bordeaux.fr\/wp-content\/uploads\/2026\/03\/2024_Module-4_Gestion-des-ressources-avancee-v_2024-44-49.pdf\" data-type=\"attachment\" data-id=\"24932\">Atelier 5 : Interroger une liste de PPN ferm\u00e9e dans un rapport analytique<\/a><\/p>\n\n\n\n<p>Une question, une interrogation sur cet article ? <a rel=\"noreferrer noopener\" href=\"https:\/\/assistance.u-bordeaux.fr\/\" target=\"_blank\">SOS SCOOP<\/a><\/p>\n","protected":false},"excerpt":{"rendered":"<p>Table des mati\u00e8res[ Show ]Atelier 2023Atelier 2024Vous trouverez ci-dessous les supports de l&rsquo;atelier avanc\u00e9 consacr\u00e9 \u00e0 la gestion des ressources dans Alma : Atelier 2023 Atelier 1 : Fusionner des notices bibliographiques Atelier 2 : Les traitements par lots dans&#8230;<\/p>\n","protected":false},"author":78,"featured_media":0,"parent":12494,"menu_order":7,"comment_status":"closed","ping_status":"closed","template":"","meta":[],"post_mailing_queue_ids":[],"_links":{"self":[{"href":"https:\/\/rebub.u-bordeaux.fr\/index.php\/wp-json\/wp\/v2\/pages\/17366"}],"collection":[{"href":"https:\/\/rebub.u-bordeaux.fr\/index.php\/wp-json\/wp\/v2\/pages"}],"about":[{"href":"https:\/\/rebub.u-bordeaux.fr\/index.php\/wp-json\/wp\/v2\/types\/page"}],"author":[{"embeddable":true,"href":"https:\/\/rebub.u-bordeaux.fr\/index.php\/wp-json\/wp\/v2\/users\/78"}],"replies":[{"embeddable":true,"href":"https:\/\/rebub.u-bordeaux.fr\/index.php\/wp-json\/wp\/v2\/comments?post=17366"}],"version-history":[{"count":19,"href":"https:\/\/rebub.u-bordeaux.fr\/index.php\/wp-json\/wp\/v2\/pages\/17366\/revisions"}],"predecessor-version":[{"id":24933,"href":"https:\/\/rebub.u-bordeaux.fr\/index.php\/wp-json\/wp\/v2\/pages\/17366\/revisions\/24933"}],"up":[{"embeddable":true,"href":"https:\/\/rebub.u-bordeaux.fr\/index.php\/wp-json\/wp\/v2\/pages\/12494"}],"wp:attachment":[{"href":"https:\/\/rebub.u-bordeaux.fr\/index.php\/wp-json\/wp\/v2\/media?parent=17366"}],"curies":[{"name":"wp","href":"https:\/\/api.w.org\/{rel}","templated":true}]}}