	{"id":18192,"date":"2024-01-29T15:40:40","date_gmt":"2024-01-29T14:40:40","guid":{"rendered":"https:\/\/rebub.u-bordeaux.fr\/?page_id=18192"},"modified":"2024-05-02T13:19:24","modified_gmt":"2024-05-02T11:19:24","slug":"analyser-une-erreur-dans-babord","status":"publish","type":"page","link":"https:\/\/rebub.u-bordeaux.fr\/index.php\/babord\/procedures\/signalement\/analyser-une-erreur-dans-babord\/","title":{"rendered":"Analyser une erreur dans Babord+"},"content":{"rendered":"<div id='wpig-floatingbar' class='wpig-floatingbar'><div id='wpig-switch-wrapper' class='wpig-switch-wrapper'><span id='wpig-floating-switch' class='wpig-floating-switch'><img src='https:\/\/rebub.u-bordeaux.fr\/wp-content\/plugins\/sticky-toc-advance-table-of-contents\/\\assets\\menu.png'><\/span><\/div><div id='wpig-contents' class='wpig-contents  wpig-sidebar-widget wpig-style-3'><span class='wpig-headline'>Table des mati\u00e8res<span><a data-action='show' class='wpig-btn-toggledisplay'>[ Show ]<\/a><\/span><\/span><!-- Table of Contents --><div id='wpig-table-of-content' class='wpig-table-of-content'><ol><li class='stoc-etude-de-cas-n1-probleme-daffichage-dune-notice'><a href='#stoc-etude-de-cas-n1-probleme-daffichage-dune-notice'>\u00c9tude de cas n\u00b01 : probl\u00e8me d&rsquo;affichage d&rsquo;une notice<\/a><\/li><li class='stoc-etude-de-cas-n2-probleme-daffichage-dans-les-facettes'><a href='#stoc-etude-de-cas-n2-probleme-daffichage-dans-les-facettes'>\u00c9tude de cas n\u00b02 : probl\u00e8me d&rsquo;affichage dans les facettes<\/a><\/li><li class='stoc-etude-de-cas-n3-savoir-si-un-champs-est-indexe-pour-la-recherche'><a href='#stoc-etude-de-cas-n3-savoir-si-un-champs-est-indexe-pour-la-recherche'>\u00c9tude de cas n\u00b03 : savoir si un champs est index\u00e9 pour la recherche<\/a><\/li><\/ol><\/div><!-- END OF Table of Contents --><\/div><\/div><p><div id='wpig-contents' class='wpig-contents  wpig-sidebar-widget wpig-style-1'><span class='wpig-headline'>Table des mati\u00e8res<span><a data-action='show' class='wpig-btn-toggledisplay'>[ Show ]<\/a><\/span><\/span><!-- Table of Contents --><div id='wpig-table-of-content' class='wpig-table-of-content' ><ol><li class='stoc-etude-de-cas-n1-probleme-daffichage-dune-notice'><a href='#stoc-etude-de-cas-n1-probleme-daffichage-dune-notice'>\u00c9tude de cas n\u00b01 : probl\u00e8me d&rsquo;affichage d&rsquo;une notice<\/a><\/li><li class='stoc-etude-de-cas-n2-probleme-daffichage-dans-les-facettes'><a href='#stoc-etude-de-cas-n2-probleme-daffichage-dans-les-facettes'>\u00c9tude de cas n\u00b02 : probl\u00e8me d&rsquo;affichage dans les facettes<\/a><\/li><li class='stoc-etude-de-cas-n3-savoir-si-un-champs-est-indexe-pour-la-recherche'><a href='#stoc-etude-de-cas-n3-savoir-si-un-champs-est-indexe-pour-la-recherche'>\u00c9tude de cas n\u00b03 : savoir si un champs est index\u00e9 pour la recherche<\/a><\/li><\/ol><\/div><!-- END OF Table of Contents --><\/div><\/p>\n<h2 id=\"stoc-etude-de-cas-n1-probleme-daffichage-dune-notice\" class=\"wpig-heading\">\u00c9tude de cas n\u00b01 : probl\u00e8me d&rsquo;affichage d&rsquo;une notice<\/h2>\n\n\n\n<figure class=\"wp-block-image size-full\"><img decoding=\"async\" loading=\"lazy\" width=\"935\" height=\"218\" src=\"https:\/\/rebub.u-bordeaux.fr\/wp-content\/uploads\/2024\/01\/Erreur.png\" alt=\"\" class=\"wp-image-17996\" srcset=\"https:\/\/rebub.u-bordeaux.fr\/wp-content\/uploads\/2024\/01\/Erreur.png 935w, https:\/\/rebub.u-bordeaux.fr\/wp-content\/uploads\/2024\/01\/Erreur-300x70.png 300w, https:\/\/rebub.u-bordeaux.fr\/wp-content\/uploads\/2024\/01\/Erreur-768x179.png 768w\" sizes=\"(max-width: 935px) 100vw, 935px\" \/><\/figure>\n\n\n\n<p>Dans Babord +, je rep\u00e8re une erreur d\u2019affichage d&rsquo;une notice. Par exemple, dans la notice ci-dessus, je souhaite ajouter un espace apr\u00e8s \u00ab\u00a0n\u00b0\u00a0\u00bb.<\/p>\n\n\n\n<p>Dans la barre d\u2019adresse, je tape \u00ab&nbsp;&amp;showPnx=true&nbsp;\u00bb \u00e0 la fin de l\u2019URL pour afficher la notice Pnx. <\/p>\n\n\n\n<figure class=\"wp-block-image size-large\"><img decoding=\"async\" loading=\"lazy\" width=\"1024\" height=\"233\" src=\"https:\/\/rebub.u-bordeaux.fr\/wp-content\/uploads\/2024\/01\/showpnx-1024x233.png\" alt=\"\" class=\"wp-image-17997\" srcset=\"https:\/\/rebub.u-bordeaux.fr\/wp-content\/uploads\/2024\/01\/showpnx-1024x233.png 1024w, https:\/\/rebub.u-bordeaux.fr\/wp-content\/uploads\/2024\/01\/showpnx-300x68.png 300w, https:\/\/rebub.u-bordeaux.fr\/wp-content\/uploads\/2024\/01\/showpnx-768x175.png 768w, https:\/\/rebub.u-bordeaux.fr\/wp-content\/uploads\/2024\/01\/showpnx-1536x350.png 1536w, https:\/\/rebub.u-bordeaux.fr\/wp-content\/uploads\/2024\/01\/showpnx.png 1595w\" sizes=\"(max-width: 1024px) 100vw, 1024px\" \/><\/figure>\n\n\n\n<p>Je rep\u00e8re l\u2019origine et\/ou le format de la notice pour savoir quel tableau documentation des r\u00e8gles de normalisation consulter (Unimarc, Marc, BabordNum ou 1886). Dans l\u2019exemple, la source est la Network Zone et le format est Unimarc, le tableau \u00e0 consulter est donc \u00ab&nbsp;Documentation des NR_Alma_Unimarc&nbsp;\u00bb<\/p>\n\n\n\n<p>Dans la notice Pnx, je rep\u00e8re l\u2019information que je souhaite modifier et je regarde dans quel champ elle se situe, ici \u00ab&nbsp;source&nbsp;\u00bb. Je m\u2019assure que ce champ est sous la section \u00ab&nbsp;display&nbsp;\u00bb.<\/p>\n\n\n<div class=\"wp-block-image\">\n<figure class=\"aligncenter size-large\"><img decoding=\"async\" loading=\"lazy\" width=\"1024\" height=\"459\" src=\"https:\/\/rebub.u-bordeaux.fr\/wp-content\/uploads\/2024\/01\/showpnxpage-1024x459.png\" alt=\"\" class=\"wp-image-17998\" srcset=\"https:\/\/rebub.u-bordeaux.fr\/wp-content\/uploads\/2024\/01\/showpnxpage-1024x459.png 1024w, https:\/\/rebub.u-bordeaux.fr\/wp-content\/uploads\/2024\/01\/showpnxpage-300x135.png 300w, https:\/\/rebub.u-bordeaux.fr\/wp-content\/uploads\/2024\/01\/showpnxpage-768x345.png 768w, https:\/\/rebub.u-bordeaux.fr\/wp-content\/uploads\/2024\/01\/showpnxpage.png 1420w\" sizes=\"(max-width: 1024px) 100vw, 1024px\" \/><\/figure><\/div>\n\n\n<p>Dans le dossier cUBE\/SCOOP_GT_DECOUVERTE\/R\u00e8gles normalisation (plus tard Nux\u00e9o), j\u2019ouvre le tableau correspondant, dans l\u2019exemple \u00ab&nbsp;Documentation des NR_Alma_Unimarc&nbsp;\u00bb et j\u2019analyse sous le bon onglet, ici \u00ab&nbsp;Display&nbsp;\u00bb et sur les bonnes lignes, ici \u00ab&nbsp;source&nbsp;\u00bb l\u2019origine de l\u2019erreur rep\u00e9r\u00e9e. &nbsp;<\/p>\n\n\n\n<figure class=\"wp-block-image size-large\"><img decoding=\"async\" loading=\"lazy\" width=\"1024\" height=\"265\" src=\"https:\/\/rebub.u-bordeaux.fr\/wp-content\/uploads\/2024\/01\/Document-regles-de-normalisation-1024x265.png\" alt=\"\" class=\"wp-image-17999\" srcset=\"https:\/\/rebub.u-bordeaux.fr\/wp-content\/uploads\/2024\/01\/Document-regles-de-normalisation-1024x265.png 1024w, https:\/\/rebub.u-bordeaux.fr\/wp-content\/uploads\/2024\/01\/Document-regles-de-normalisation-300x78.png 300w, https:\/\/rebub.u-bordeaux.fr\/wp-content\/uploads\/2024\/01\/Document-regles-de-normalisation-768x199.png 768w, https:\/\/rebub.u-bordeaux.fr\/wp-content\/uploads\/2024\/01\/Document-regles-de-normalisation.png 1387w\" sizes=\"(max-width: 1024px) 100vw, 1024px\" \/><\/figure>\n\n\n\n<p>Je r\u00e9dige un ticket au scoop avec les informations de la ligne \u00e0 modifier et de la proposition de modification qui sera effectu\u00e9e ou bien discut\u00e9e en GT d\u00e9couverte.<\/p>\n\n\n\n<h2 id=\"stoc-etude-de-cas-n2-probleme-daffichage-dans-les-facettes\" class=\"wpig-heading\">\u00c9tude de cas n\u00b02 : probl\u00e8me d&rsquo;affichage dans les facettes<\/h2>\n\n\n<div class=\"wp-block-image\">\n<figure class=\"aligncenter size-full is-resized\"><img decoding=\"async\" loading=\"lazy\" src=\"https:\/\/rebub.u-bordeaux.fr\/wp-content\/uploads\/2024\/01\/erreur-facettes.png\" alt=\"\" class=\"wp-image-18001\" width=\"345\" height=\"789\" srcset=\"https:\/\/rebub.u-bordeaux.fr\/wp-content\/uploads\/2024\/01\/erreur-facettes.png 365w, https:\/\/rebub.u-bordeaux.fr\/wp-content\/uploads\/2024\/01\/erreur-facettes-131x300.png 131w\" sizes=\"(max-width: 345px) 100vw, 345px\" \/><\/figure><\/div>\n\n\n<p>Je rep\u00e8re une erreur dans les facettes, par exemple ici, je souhaiterai supprimer la mention \u00ab. Auteur&nbsp;\u00bb<\/p>\n\n\n\n<p>Je clique sur la facette erron\u00e9e, puis, j\u2019ouvre une notice.<\/p>\n\n\n\n<p>Dans la barre d\u2019adresse, je tape \u00ab&nbsp;&amp;showPnx=true&nbsp;\u00bb \u00e0 la fin de l\u2019URL pour afficher la notice Pnx. <\/p>\n\n\n\n<figure class=\"wp-block-image size-large\"><img decoding=\"async\" loading=\"lazy\" width=\"1024\" height=\"233\" src=\"https:\/\/rebub.u-bordeaux.fr\/wp-content\/uploads\/2024\/01\/showpnx-1-1024x233.png\" alt=\"\" class=\"wp-image-18002\" srcset=\"https:\/\/rebub.u-bordeaux.fr\/wp-content\/uploads\/2024\/01\/showpnx-1-1024x233.png 1024w, https:\/\/rebub.u-bordeaux.fr\/wp-content\/uploads\/2024\/01\/showpnx-1-300x68.png 300w, https:\/\/rebub.u-bordeaux.fr\/wp-content\/uploads\/2024\/01\/showpnx-1-768x175.png 768w, https:\/\/rebub.u-bordeaux.fr\/wp-content\/uploads\/2024\/01\/showpnx-1-1536x350.png 1536w, https:\/\/rebub.u-bordeaux.fr\/wp-content\/uploads\/2024\/01\/showpnx-1.png 1595w\" sizes=\"(max-width: 1024px) 100vw, 1024px\" \/><\/figure>\n\n\n\n<p>Je rep\u00e8re l\u2019origine et\/ou le format de la notice pour savoir quel tableau documentation des r\u00e8gles de normalisation consulter (Unimarc, Marc, BabordNum ou 1886). Dans l\u2019exemple, la source est BabordNum, le tableau \u00e0 consulter est donc \u00ab&nbsp;Documentation des NR_BabordNum&nbsp;\u00bb<\/p>\n\n\n\n<p>Je rep\u00e8re l\u2019information que je souhaite modifier, je regarde dans quel champ elle se situe, ici \u00ab&nbsp;creatorcontrib\u00bb.&nbsp;Je m\u2019assure que ce champ est sous la section \u00ab&nbsp;facets&nbsp;\u00bb.<\/p>\n\n\n<div class=\"wp-block-image\">\n<figure class=\"aligncenter size-large\"><img decoding=\"async\" loading=\"lazy\" width=\"1024\" height=\"1013\" src=\"https:\/\/rebub.u-bordeaux.fr\/wp-content\/uploads\/2024\/01\/facettepnx-1024x1013.png\" alt=\"\" class=\"wp-image-18003\" srcset=\"https:\/\/rebub.u-bordeaux.fr\/wp-content\/uploads\/2024\/01\/facettepnx-1024x1013.png 1024w, https:\/\/rebub.u-bordeaux.fr\/wp-content\/uploads\/2024\/01\/facettepnx-300x297.png 300w, https:\/\/rebub.u-bordeaux.fr\/wp-content\/uploads\/2024\/01\/facettepnx-768x760.png 768w, https:\/\/rebub.u-bordeaux.fr\/wp-content\/uploads\/2024\/01\/facettepnx.png 1405w\" sizes=\"(max-width: 1024px) 100vw, 1024px\" \/><\/figure><\/div>\n\n\n<p>Dans le dossier cUBE\/SCOOP_GT_DECOUVERTE\/R\u00e8gles normalisation (plus tard Nux\u00e9o), j\u2019ouvre le tableau correspondant, dans l\u2019exemple \u00ab Documentation des NR_BabordNum&nbsp;\u00bb et j\u2019analyse sous le bon onglet, ici \u00ab Facets \u00bb et sur les bonnes lignes, ici \u00ab creatorcontrib \u00bb, l\u2019origine de l\u2019erreur rep\u00e9r\u00e9e.<\/p>\n\n\n\n<figure class=\"wp-block-image size-large\"><img decoding=\"async\" loading=\"lazy\" width=\"1024\" height=\"154\" src=\"https:\/\/rebub.u-bordeaux.fr\/wp-content\/uploads\/2024\/01\/20231027Documentation-des-NR_BabordNum-xlsx-UBCloud-1024x154.png\" alt=\"\" class=\"wp-image-18004\" srcset=\"https:\/\/rebub.u-bordeaux.fr\/wp-content\/uploads\/2024\/01\/20231027Documentation-des-NR_BabordNum-xlsx-UBCloud-1024x154.png 1024w, https:\/\/rebub.u-bordeaux.fr\/wp-content\/uploads\/2024\/01\/20231027Documentation-des-NR_BabordNum-xlsx-UBCloud-300x45.png 300w, https:\/\/rebub.u-bordeaux.fr\/wp-content\/uploads\/2024\/01\/20231027Documentation-des-NR_BabordNum-xlsx-UBCloud-768x115.png 768w, https:\/\/rebub.u-bordeaux.fr\/wp-content\/uploads\/2024\/01\/20231027Documentation-des-NR_BabordNum-xlsx-UBCloud-1536x230.png 1536w, https:\/\/rebub.u-bordeaux.fr\/wp-content\/uploads\/2024\/01\/20231027Documentation-des-NR_BabordNum-xlsx-UBCloud.png 1714w\" sizes=\"(max-width: 1024px) 100vw, 1024px\" \/><\/figure>\n\n\n\n<p>A priori, dans cet exemple, l\u2019erreur ne vient pas des r\u00e8gles de normalisation mais d\u2019une erreur de catalogage.<\/p>\n\n\n\n<p>Si l\u2019erreur vient des r\u00e8gles de normalisation, je fais un ticket au scoop avec les informations de la ligne \u00e0 modifier et de la proposition de modification. Elle sera faite ou bien discut\u00e9e en GT d\u00e9couverte.<\/p>\n\n\n\n<h2 id=\"stoc-etude-de-cas-n3-savoir-si-un-champs-est-indexe-pour-la-recherche\" class=\"wpig-heading\">\u00c9tude de cas n\u00b03 : savoir si un champs est index\u00e9 pour la recherche<\/h2>\n\n\n\n<p>Je souhaite v\u00e9rifier que les variantes du titre soient prises en compte dans la recherche sur Babord+. <\/p>\n\n\n\n<p>Les variantes du titre correspondent aux zones 517. <\/p>\n\n\n<div class=\"wp-block-image\">\n<figure class=\"aligncenter size-full is-resized\"><img decoding=\"async\" loading=\"lazy\" src=\"https:\/\/rebub.u-bordeaux.fr\/wp-content\/uploads\/2024\/01\/Cas-detude-search.png\" alt=\"\" class=\"wp-image-18199\" width=\"756\" height=\"677\" srcset=\"https:\/\/rebub.u-bordeaux.fr\/wp-content\/uploads\/2024\/01\/Cas-detude-search.png 904w, https:\/\/rebub.u-bordeaux.fr\/wp-content\/uploads\/2024\/01\/Cas-detude-search-300x269.png 300w, https:\/\/rebub.u-bordeaux.fr\/wp-content\/uploads\/2024\/01\/Cas-detude-search-768x688.png 768w\" sizes=\"(max-width: 756px) 100vw, 756px\" \/><\/figure><\/div>\n\n\n<p>Je cherche dans Babord+ un document ayant une zone 517. Dans la barre d\u2019adresse, je tape \u00ab&nbsp;&amp;showPnx=true&nbsp;\u00bb \u00e0 la fin de l\u2019URL afin d&rsquo;afficher la notice Pnx. <\/p>\n\n\n\n<figure class=\"wp-block-image size-large\"><img decoding=\"async\" loading=\"lazy\" width=\"1024\" height=\"233\" src=\"https:\/\/rebub.u-bordeaux.fr\/wp-content\/uploads\/2024\/01\/showpnx-1-1024x233.png\" alt=\"\" class=\"wp-image-18002\" srcset=\"https:\/\/rebub.u-bordeaux.fr\/wp-content\/uploads\/2024\/01\/showpnx-1-1024x233.png 1024w, https:\/\/rebub.u-bordeaux.fr\/wp-content\/uploads\/2024\/01\/showpnx-1-300x68.png 300w, https:\/\/rebub.u-bordeaux.fr\/wp-content\/uploads\/2024\/01\/showpnx-1-768x175.png 768w, https:\/\/rebub.u-bordeaux.fr\/wp-content\/uploads\/2024\/01\/showpnx-1-1536x350.png 1536w, https:\/\/rebub.u-bordeaux.fr\/wp-content\/uploads\/2024\/01\/showpnx-1.png 1595w\" sizes=\"(max-width: 1024px) 100vw, 1024px\" \/><\/figure>\n\n\n\n<p>Dans la notice PNX, je cherche sous le champs \u00ab\u00a0search\u00a0\u00bb mes champs 517. Ils apparaissent, ils sont donc cherchables dans Babord+. <\/p>\n\n\n<div class=\"wp-block-image\">\n<figure class=\"aligncenter size-full\"><img decoding=\"async\" loading=\"lazy\" width=\"618\" height=\"907\" src=\"https:\/\/rebub.u-bordeaux.fr\/wp-content\/uploads\/2024\/01\/PNX-search.png\" alt=\"\" class=\"wp-image-18201\" srcset=\"https:\/\/rebub.u-bordeaux.fr\/wp-content\/uploads\/2024\/01\/PNX-search.png 618w, https:\/\/rebub.u-bordeaux.fr\/wp-content\/uploads\/2024\/01\/PNX-search-204x300.png 204w\" sizes=\"(max-width: 618px) 100vw, 618px\" \/><\/figure><\/div>\n\n\n<p>Une autre fa\u00e7on de v\u00e9rifier les champs cherchables dans Babord +, c&rsquo;est de consulter directement le tableau de documentation des r\u00e8gles de normalisation. Dans le dossier cUBE\/SCOOP_GT_DECOUVERTE\/R\u00e8gles normalisation (plus tard Nux\u00e9o), d&rsquo;ouvrir le tableau correspondant, dans l\u2019exemple \u00abDocumentation des NR_Alma_Unimarc&nbsp;\u00bb. J&rsquo;ouvre l&rsquo;onglet \u00ab\u00a0search\u00a0\u00bb et je cherche mon champs 517. <\/p>\n\n\n\n<figure class=\"wp-block-image size-large\"><img decoding=\"async\" loading=\"lazy\" width=\"1024\" height=\"429\" src=\"https:\/\/rebub.u-bordeaux.fr\/wp-content\/uploads\/2024\/01\/20230728Documentation-des-NR_Alma_Unimarc-xlsx-UBCloud-1024x429.png\" alt=\"\" class=\"wp-image-18202\" srcset=\"https:\/\/rebub.u-bordeaux.fr\/wp-content\/uploads\/2024\/01\/20230728Documentation-des-NR_Alma_Unimarc-xlsx-UBCloud-1024x429.png 1024w, https:\/\/rebub.u-bordeaux.fr\/wp-content\/uploads\/2024\/01\/20230728Documentation-des-NR_Alma_Unimarc-xlsx-UBCloud-300x126.png 300w, https:\/\/rebub.u-bordeaux.fr\/wp-content\/uploads\/2024\/01\/20230728Documentation-des-NR_Alma_Unimarc-xlsx-UBCloud-768x321.png 768w, https:\/\/rebub.u-bordeaux.fr\/wp-content\/uploads\/2024\/01\/20230728Documentation-des-NR_Alma_Unimarc-xlsx-UBCloud.png 1529w\" sizes=\"(max-width: 1024px) 100vw, 1024px\" \/><\/figure>\n\n\n\n<p>Je constate ici, que les sous-champs 517 $a $e $h $i et $j sont index\u00e9s pour la recherche dans Alma. <\/p>\n\n\n\n<p>Si le champ de ma notice n&rsquo;\u00e9tait pas index\u00e9, je peux faire un ticket au Scoop pour proposer \u00e0 ce qu\u2019il le soit. La d\u00e9cision sera discut\u00e9e en GT d\u00e9couverte.<\/p>\n\n\n\n<div class=\"is-layout-flex wp-container-6 wp-block-columns bord-bloc-reutilisable has-background\" style=\"background-color:#d9edf7\">\n<div class=\"is-layout-flow wp-block-column is-vertically-aligned-center\" style=\"font-size:15px;flex-basis:20%\">\n<p style=\"font-size:15px\"><strong>Date de publication<\/strong> <\/p>\n\n\n<div style=\"font-size:15px;\" class=\"wp-block-post-date\"><time datetime=\"2024-01-29T15:40:40+01:00\">29 janvier 2024<\/time><\/div><\/div>\n\n\n\n<div class=\"is-layout-flow wp-block-column is-vertically-aligned-center\" style=\"font-size:15px;flex-basis:20%\">\n<p><strong>Mis \u00e0 jour le <\/strong><\/p>\n\n\n<div style=\"font-size:15px;\" class=\"wp-block-post-date\"><time datetime=\"2024-05-02T13:19:24+02:00\">2 mai 2024<\/time><\/div><\/div>\n\n\n\n<div class=\"is-layout-flow wp-block-column is-vertically-aligned-center\" style=\"font-size:15px;flex-basis:40%\">\n<p><\/p>\n\n\n\n<p><strong>Attention ! <\/strong>Certains \u00e9tablissements utilisent parfois de proc\u00e9dures compl\u00e9mentaires <\/p>\n<\/div>\n\n\n\n<div class=\"is-layout-flow wp-block-column is-vertically-aligned-center\" style=\"font-size:15px;flex-basis:25%\">\n<div class=\"is-horizontal is-content-justification-center is-layout-flex wp-container-4 wp-block-buttons alignfull has-custom-font-size\" style=\"font-size:16px\">\n<div class=\"wp-block-button has-custom-width wp-block-button__width-75 has-custom-font-size is-style-fill\" style=\"font-size:15px\"><a class=\"wp-block-button__link has-white-color has-text-color has-background wp-element-button\" href=\"mailto:scoop@u-bordeaux.fr\" style=\"border-radius:65px;background-color:#000000db\"><strong>Signaler une erreur<\/strong><\/a><\/div>\n<\/div>\n<\/div>\n<\/div>\n","protected":false},"excerpt":{"rendered":"<p>Table des mati\u00e8res[ Show ]\u00c9tude de cas n\u00b01 : probl\u00e8me d&rsquo;affichage d&rsquo;une notice\u00c9tude de cas n\u00b02 : probl\u00e8me d&rsquo;affichage dans les facettes\u00c9tude de cas n\u00b03 : savoir si un champs est index\u00e9 pour la recherche\u00c9tude de cas n\u00b01 : probl\u00e8me&#8230;<\/p>\n","protected":false},"author":81,"featured_media":0,"parent":18428,"menu_order":7,"comment_status":"closed","ping_status":"closed","template":"","meta":[],"post_mailing_queue_ids":[],"_links":{"self":[{"href":"https:\/\/rebub.u-bordeaux.fr\/index.php\/wp-json\/wp\/v2\/pages\/18192"}],"collection":[{"href":"https:\/\/rebub.u-bordeaux.fr\/index.php\/wp-json\/wp\/v2\/pages"}],"about":[{"href":"https:\/\/rebub.u-bordeaux.fr\/index.php\/wp-json\/wp\/v2\/types\/page"}],"author":[{"embeddable":true,"href":"https:\/\/rebub.u-bordeaux.fr\/index.php\/wp-json\/wp\/v2\/users\/81"}],"replies":[{"embeddable":true,"href":"https:\/\/rebub.u-bordeaux.fr\/index.php\/wp-json\/wp\/v2\/comments?post=18192"}],"version-history":[{"count":11,"href":"https:\/\/rebub.u-bordeaux.fr\/index.php\/wp-json\/wp\/v2\/pages\/18192\/revisions"}],"predecessor-version":[{"id":20805,"href":"https:\/\/rebub.u-bordeaux.fr\/index.php\/wp-json\/wp\/v2\/pages\/18192\/revisions\/20805"}],"up":[{"embeddable":true,"href":"https:\/\/rebub.u-bordeaux.fr\/index.php\/wp-json\/wp\/v2\/pages\/18428"}],"wp:attachment":[{"href":"https:\/\/rebub.u-bordeaux.fr\/index.php\/wp-json\/wp\/v2\/media?parent=18192"}],"curies":[{"name":"wp","href":"https:\/\/api.w.org\/{rel}","templated":true}]}}