	{"id":18274,"date":"2024-02-11T17:15:46","date_gmt":"2024-02-11T16:15:46","guid":{"rendered":"https:\/\/rebub.u-bordeaux.fr\/?page_id=18274"},"modified":"2026-01-07T11:16:30","modified_gmt":"2026-01-07T10:16:30","slug":"procedure-quotidienne-de-correction-des-doublons","status":"publish","type":"page","link":"https:\/\/rebub.u-bordeaux.fr\/index.php\/alma\/configuration-administration\/gestion-des-ressources\/circuits-et-architecture-des-donnees\/procedure-quotidienne-de-correction-des-doublons\/","title":{"rendered":"Proc\u00e9dure quotidienne de correction des doublons de notices \u00e9lectroniques dans le cadre du circuit de synchronisation SUDOC"},"content":{"rendered":"<div id='wpig-floatingbar' class='wpig-floatingbar'><div id='wpig-switch-wrapper' class='wpig-switch-wrapper'><span id='wpig-floating-switch' class='wpig-floating-switch'><img src='https:\/\/rebub.u-bordeaux.fr\/wp-content\/plugins\/sticky-toc-advance-table-of-contents\/\\assets\\menu.png'><\/span><\/div><div id='wpig-contents' class='wpig-contents  wpig-sidebar-widget wpig-style-3'><span class='wpig-headline'>Table des mati\u00e8res<span><a data-action='show' class='wpig-btn-toggledisplay'>[ Show ]<\/a><\/span><\/span><!-- Table of Contents --><div id='wpig-table-of-content' class='wpig-table-of-content'><ol><li class='stoc-traitements-automatises'><a href='#stoc-traitements-automatises'>Traitements automatis\u00e9s<\/a><\/li><li class='stoc-traitements-manuels'><a href='#stoc-traitements-manuels'>Traitements manuels<\/a><\/li><\/div><!-- END OF Table of Contents --><\/div><\/div><p><div id='wpig-contents' class='wpig-contents  wpig-sidebar-widget wpig-style-1'><span class='wpig-headline'>Table des mati\u00e8res<span><a data-action='show' class='wpig-btn-toggledisplay'>[ Show ]<\/a><\/span><\/span><!-- Table of Contents --><div id='wpig-table-of-content' class='wpig-table-of-content' ><ol><li class='stoc-traitements-automatises'><a href='#stoc-traitements-automatises'>Traitements automatis\u00e9s<\/a><\/li><li class='stoc-traitements-manuels'><a href='#stoc-traitements-manuels'>Traitements manuels<\/a><\/li><\/div><!-- END OF Table of Contents --><\/div><\/p>\n<h2 id=\"stoc-traitements-automatises\" class=\"wpig-heading\">Traitements automatis\u00e9s<\/h2>\n\n\n\n<p><strong>\u00c0 4h du matin,<\/strong> les notices Marc21 du SUDOC sont import\u00e9es. Le profil d&rsquo;import signale les cas o\u00f9 il rencontre plusieurs notices correspondantes pour un m\u00eame PPN. Ce sont les notices multimatch.<\/p>\n\n\n\n<p><strong>\u00c0 5h,<\/strong> le script <a href=\"https:\/\/github.com\/louxfaure\/Alma_Synchro_Sudoc_Detecion_Doublons\">\u00ab\u00a0Script de suivi et de fusion des doublons du circuit de synchronisation des notices \u00e9lectroniques dans le SUDOC\u00a0\u00bb<\/a> est ex\u00e9cut\u00e9. Il analyse quotidiennement le rapport de traitement du chargeur Import Notices Abes (Marc21) pour extraire les notices en <strong>multimatch <\/strong>(plusieurs notices avec le m\u00eame PPN dans Alma) et fournir un rapport pr\u00e9format\u00e9 des groupes de notices \u00e0 fusionner. Ce rapport permet par la suite de lancer le traitement Alma <strong>\u00ab\u00a0Fusionner les notices et combiner l&rsquo;inventaire\u00a0\u00bb<\/strong>. <\/p>\n\n\n\n<p>Ce script permet aussi de rep\u00e9rer les notices multimatch pr\u00e9sentes dans la CZ et de les exporter vers un serveur ftp afin de pouvoir les copier dans la zone r\u00e9seau avec le job de 7h.<em> <\/em><\/p>\n\n\n<p>Cette op\u00e9ration est un pr\u00e9alable n\u00e9cessaire \u00e0 la fusion des notices.<\/p>\n\n\n<p><strong>\u00c0 7h<\/strong>, le job d&rsquo;import <strong>\u00ab\u00a0Copie local des Notices CZ\u00a0\u00bb <\/strong>s&rsquo;ex\u00e9cute automatiquement. Les notices export\u00e9es par le script sont r\u00e9import\u00e9es dans Alma pour les copier de la CZ vers la NZ.<\/p>\n\n\n\n<h2 id=\"stoc-traitements-manuels\" class=\"wpig-heading\">Traitements manuels<\/h2>\n\n\n\n<ul>\n<li>Consulter le rapport de traitement dans sa bo\u00eete mail<\/li>\n\n\n\n<li>Si des notices \u00e0 fusionner sont signal\u00e9es : \n<ul>\n<li>Dans les pi\u00e8ces jointes du rapport du traitement, t\u00e9l\u00e9charger le fichier \u00ab\u00a0notices_a_fusionner\u00a0\u00bb. Dans le menu <em>Ressources\/Outils avanc\u00e9s : <strong>Fusionner les notices et combiner l&rsquo;inventaire<\/strong><\/em>, charger le fichier et lancer le traitement avec les param\u00e8tres suivants :\n<ul>\n<li>Routine de fusion : Fusion Passerelle SUDOC MARC21.Ecrase toutes les donn\u00e9es de la notice pr\u00e9sente \u00e0 l&rsquo;exception des 035,6##. Conserve les r\u00e9sum\u00e9s et les TOC. Si la notice SUDOC n&rsquo;en a pas<\/li>\n\n\n\n<li>Notice non favorite : supprimer<\/li>\n<\/ul>\n<\/li>\n<\/ul>\n<\/li>\n<\/ul>\n\n\n\n<figure class=\"wp-block-image size-large\"><img decoding=\"async\" loading=\"lazy\" width=\"1024\" height=\"252\" src=\"https:\/\/rebub.u-bordeaux.fr\/wp-content\/uploads\/2024\/02\/Fusionner-les-notices-et-combiner-l-inventaire-1024x252.png\" alt=\"\" class=\"wp-image-18290\" srcset=\"https:\/\/rebub.u-bordeaux.fr\/wp-content\/uploads\/2024\/02\/Fusionner-les-notices-et-combiner-l-inventaire-1024x252.png 1024w, https:\/\/rebub.u-bordeaux.fr\/wp-content\/uploads\/2024\/02\/Fusionner-les-notices-et-combiner-l-inventaire-300x74.png 300w, https:\/\/rebub.u-bordeaux.fr\/wp-content\/uploads\/2024\/02\/Fusionner-les-notices-et-combiner-l-inventaire-768x189.png 768w, https:\/\/rebub.u-bordeaux.fr\/wp-content\/uploads\/2024\/02\/Fusionner-les-notices-et-combiner-l-inventaire-1536x377.png 1536w, https:\/\/rebub.u-bordeaux.fr\/wp-content\/uploads\/2024\/02\/Fusionner-les-notices-et-combiner-l-inventaire-2048x503.png 2048w\" sizes=\"(max-width: 1024px) 100vw, 1024px\" \/><\/figure>\n","protected":false},"excerpt":{"rendered":"<p>Table des mati\u00e8res[ Show ]Traitements automatis\u00e9sTraitements manuelsTraitements automatis\u00e9s \u00c0 4h du matin, les notices Marc21 du SUDOC sont import\u00e9es. Le profil d&rsquo;import signale les cas o\u00f9 il rencontre plusieurs notices correspondantes pour un m\u00eame PPN. Ce sont les notices multimatch&#8230;.<\/p>\n","protected":false},"author":2,"featured_media":0,"parent":18830,"menu_order":2,"comment_status":"closed","ping_status":"closed","template":"","meta":[],"post_mailing_queue_ids":[],"_links":{"self":[{"href":"https:\/\/rebub.u-bordeaux.fr\/index.php\/wp-json\/wp\/v2\/pages\/18274"}],"collection":[{"href":"https:\/\/rebub.u-bordeaux.fr\/index.php\/wp-json\/wp\/v2\/pages"}],"about":[{"href":"https:\/\/rebub.u-bordeaux.fr\/index.php\/wp-json\/wp\/v2\/types\/page"}],"author":[{"embeddable":true,"href":"https:\/\/rebub.u-bordeaux.fr\/index.php\/wp-json\/wp\/v2\/users\/2"}],"replies":[{"embeddable":true,"href":"https:\/\/rebub.u-bordeaux.fr\/index.php\/wp-json\/wp\/v2\/comments?post=18274"}],"version-history":[{"count":9,"href":"https:\/\/rebub.u-bordeaux.fr\/index.php\/wp-json\/wp\/v2\/pages\/18274\/revisions"}],"predecessor-version":[{"id":24350,"href":"https:\/\/rebub.u-bordeaux.fr\/index.php\/wp-json\/wp\/v2\/pages\/18274\/revisions\/24350"}],"up":[{"embeddable":true,"href":"https:\/\/rebub.u-bordeaux.fr\/index.php\/wp-json\/wp\/v2\/pages\/18830"}],"wp:attachment":[{"href":"https:\/\/rebub.u-bordeaux.fr\/index.php\/wp-json\/wp\/v2\/media?parent=18274"}],"curies":[{"name":"wp","href":"https:\/\/api.w.org\/{rel}","templated":true}]}}