	{"id":18447,"date":"2024-03-22T09:31:51","date_gmt":"2024-03-22T08:31:51","guid":{"rendered":"https:\/\/rebub.u-bordeaux.fr\/?page_id=18447"},"modified":"2026-02-13T16:58:54","modified_gmt":"2026-02-13T15:58:54","slug":"les-comptes-des-stagiaires","status":"publish","type":"page","link":"https:\/\/rebub.u-bordeaux.fr\/index.php\/alma\/procedures\/generalites\/acceder-a-alma\/les-comptes-des-stagiaires\/","title":{"rendered":"Les comptes des stagiaires"},"content":{"rendered":"<div id='wpig-floatingbar' class='wpig-floatingbar'><div id='wpig-switch-wrapper' class='wpig-switch-wrapper'><span id='wpig-floating-switch' class='wpig-floating-switch'><img src='https:\/\/rebub.u-bordeaux.fr\/wp-content\/plugins\/sticky-toc-advance-table-of-contents\/\\assets\\menu.png'><\/span><\/div><div id='wpig-contents' class='wpig-contents  wpig-sidebar-widget wpig-style-3'><span class='wpig-headline'>Table des mati\u00e8res<span><a data-action='show' class='wpig-btn-toggledisplay'>[ Show ]<\/a><\/span><\/span><!-- Table of Contents --><div id='wpig-table-of-content' class='wpig-table-of-content'><ol><li class='stoc-liens-dacces-a-alma'><a href='#stoc-liens-dacces-a-alma'>Liens d&rsquo;acc\u00e8s \u00e0 Alma<\/a><\/li><li class='stoc-les-comptes-des-stagiaires'><a href='#stoc-les-comptes-des-stagiaires'>Les comptes des stagiaires<\/a><ol><li class='stoc-universite-de-bordeaux-direction-de-la-documentation'><a href='#stoc-universite-de-bordeaux-direction-de-la-documentation'>Universit\u00e9 de Bordeaux &#8211; Direction de la documentation<\/a><\/li><li class='stoc-sciences-po-bordeaux'><a href='#stoc-sciences-po-bordeaux'>Sciences Po Bordeaux<\/a><\/li><\/ol><li class='stoc-gestion-des-mots-de-passe'><a href='#stoc-gestion-des-mots-de-passe'>Gestion des mots de passe<\/a><\/li><\/ol><\/li><\/div><!-- END OF Table of Contents --><\/div><\/div><p><div id='wpig-contents' class='wpig-contents  wpig-sidebar-widget wpig-style-1'><span class='wpig-headline'>Table des mati\u00e8res<span><a data-action='show' class='wpig-btn-toggledisplay'>[ Show ]<\/a><\/span><\/span><!-- Table of Contents --><div id='wpig-table-of-content' class='wpig-table-of-content' ><ol><li class='stoc-liens-dacces-a-alma'><a href='#stoc-liens-dacces-a-alma'>Liens d&rsquo;acc\u00e8s \u00e0 Alma<\/a><\/li><li class='stoc-les-comptes-des-stagiaires'><a href='#stoc-les-comptes-des-stagiaires'>Les comptes des stagiaires<\/a><ol><li class='stoc-universite-de-bordeaux-direction-de-la-documentation'><a href='#stoc-universite-de-bordeaux-direction-de-la-documentation'>Universit\u00e9 de Bordeaux &#8211; Direction de la documentation<\/a><\/li><li class='stoc-sciences-po-bordeaux'><a href='#stoc-sciences-po-bordeaux'>Sciences Po Bordeaux<\/a><\/li><\/ol><li class='stoc-gestion-des-mots-de-passe'><a href='#stoc-gestion-des-mots-de-passe'>Gestion des mots de passe<\/a><\/li><\/ol><\/li><\/div><!-- END OF Table of Contents --><\/div><\/p>\n<p>En cours d&rsquo;ann\u00e9e, les biblioth\u00e8ques peuvent recevoir des stagiaires. Afin que ces derniers puissent utiliser Alma, des comptes g\u00e9n\u00e9riques par biblioth\u00e8ques ont \u00e9t\u00e9 cr\u00e9\u00e9s. Ces comptes pourront \u00eatre utilis\u00e9s d&rsquo;une ann\u00e9e sur l&rsquo;autre.<\/p>\n\n\n\n<p>Tous ces comptes disposent de droits en services aux usagers et \u00e9galement des droits de base pour intervenir sur le catalogue et les exemplaires (profil biblioth\u00e9caire).<\/p>\n\n\n\n<div class=\"is-layout-flex wp-container-3 wp-block-columns bord-bloc-reutilisable has-background\" style=\"background-color:#ffeec2\">\n<div class=\"is-layout-flow wp-block-column\" style=\"flex-basis:7%\">\n<figure class=\"wp-block-image alignfull size-full is-style-default\"><img decoding=\"async\" loading=\"lazy\" width=\"512\" height=\"512\" src=\"https:\/\/rebub.u-bordeaux.fr\/wp-content\/uploads\/2024\/04\/nouvelles-idees-en-cours.png\" alt=\"\" class=\"wp-image-19897\" srcset=\"https:\/\/rebub.u-bordeaux.fr\/wp-content\/uploads\/2024\/04\/nouvelles-idees-en-cours.png 512w, https:\/\/rebub.u-bordeaux.fr\/wp-content\/uploads\/2024\/04\/nouvelles-idees-en-cours-300x300.png 300w, https:\/\/rebub.u-bordeaux.fr\/wp-content\/uploads\/2024\/04\/nouvelles-idees-en-cours-150x150.png 150w\" sizes=\"(max-width: 512px) 100vw, 512px\" \/><\/figure>\n<\/div>\n\n\n\n<div class=\"is-layout-flow wp-block-column\" style=\"flex-basis:85%\">\n<p><strong>Note<\/strong> : Ces comptes g\u00e9n\u00e9riques sont des comptes internes dans Alma. Pour y acc\u00e9der, l&rsquo;authentification ne se fait pas par le syst\u00e8me d&rsquo;authentification de l&rsquo;\u00e9tablissement mais par le syst\u00e8me d&rsquo;authentification d&rsquo;Ex Libris<\/p>\n<\/div>\n<\/div>\n\n\n\n<h3 id=\"stoc-liens-dacces-a-alma\" class=\"wpig-heading\">Liens d&rsquo;acc\u00e8s \u00e0 Alma<\/h3>\n\n\n\n<p>Pour se connecter \u00e0 ces profils, qui n&rsquo;utilisent pas nos syst\u00e8mes d&rsquo;authentification, il faut utiliser les liens d&rsquo;acc\u00e8s Alma suivants (<strong>en mode navigation priv\u00e9e<\/strong>) :<\/p>\n\n\n\n<ul>\n<li>&nbsp;pour l&rsquo;Universit\u00e9 de Bordeaux : <a href=\"https:\/\/pudb-ub.alma.exlibrisgroup.com\" target=\"_blank\" rel=\"noreferrer noopener\">https:\/\/pudb-ub.alma.exlibrisgroup.com<\/a><\/li>\n\n\n\n<li>&nbsp;pour l&rsquo;Universit\u00e9 Bordeaux Montaigne : <a href=\"https:\/\/pudb-ubm.alma.exlibrisgroup.com\" target=\"_blank\" rel=\"noreferrer noopener\">https:\/\/pudb-ubm.alma.exlibrisgroup.com<\/a><\/li>\n\n\n\n<li>&nbsp;pour Sciences Po Bordeaux : <a href=\"https:\/\/pudb-iep.alma.exlibrisgroup.com\" target=\"_blank\" rel=\"noreferrer noopener\">https:\/\/pudb-iep.alma.exlibrisgroup.com<\/a><\/li>\n\n\n\n<li>&nbsp;pour Bordeaux Sciences Agro : <a href=\"https:\/\/pudb-bxsa.alma.exlibrisgroup.com\" target=\"_blank\" rel=\"noreferrer noopener\">https:\/\/pudb-bxsa.alma.exlibrisgroup.com<\/a><\/li>\n\n\n\n<li>&nbsp;pour Bordeaux INP : <a href=\"https:\/\/pudb-inp.alma.exlibrisgroup.com\" target=\"_blank\" rel=\"noreferrer noopener\">https:\/\/pudb-inp.alma.exlibrisgroup.com<\/a><\/li>\n<\/ul>\n\n\n\n<h3 id=\"stoc-les-comptes-des-stagiaires\" class=\"wpig-heading\">Les comptes des stagiaires<\/h3>\n\n\n\n<p>Vous trouverez dans les tableaux ci-dessous les identifiants de connexion par biblioth\u00e8ques.<\/p>\n\n\n\n<h4 id=\"stoc-universite-de-bordeaux-direction-de-la-documentation\" class=\"wpig-heading\">Universit\u00e9 de Bordeaux &#8211; Direction de la documentation<\/h4>\n\n\n\n<table id=\"tablepress-135\" class=\"tablepress tablepress-id-135\">\n<thead>\n<tr class=\"row-1\">\n\t<th class=\"column-1\"><strong>Biblioth\u00e8ques<\/strong><\/th><th class=\"column-2\"><strong>Identifiants principaux<\/strong><\/th>\n<\/tr>\n<\/thead>\n<tbody class=\"row-hover\">\n<tr class=\"row-2\">\n\t<td class=\"column-1\">Biblioth\u00e8que de l&rsquo;ISVV<\/td><td class=\"column-2\">stagiaire_isvv<br \/>\n<\/td>\n<\/tr>\n<tr class=\"row-3\">\n\t<td class=\"column-1\">BU Sciences de l&rsquo;homme<\/td><td class=\"column-2\">stagiaire_bush<br \/>\n<\/td>\n<\/tr>\n<tr class=\"row-4\">\n\t<td class=\"column-1\">BU Sciences et techniques<\/td><td class=\"column-2\">stagiaire_bust<br \/>\n<\/td>\n<\/tr>\n<tr class=\"row-5\">\n\t<td class=\"column-1\">BU SVS &#8211; Josy Reiffers<\/td><td class=\"column-2\">stagiaire_busvs<br \/>\n<\/td>\n<\/tr>\n<tr class=\"row-6\">\n\t<td class=\"column-1\">Infoth\u00e8que du PUSG<\/td><td class=\"column-2\">stagiaire_infotheque<br \/>\n<\/td>\n<\/tr>\n<tr class=\"row-7\">\n\t<td class=\"column-1\">BU campus P\u00e9rigord<\/td><td class=\"column-2\">stagiaire_buperigord<\/td>\n<\/tr>\n<tr class=\"row-8\">\n\t<td class=\"column-1\">CRD INSPE<\/td><td class=\"column-2\">stagiaire_inspe<\/td>\n<\/tr>\n<\/tbody>\n<\/table>\n<!-- #tablepress-135 from cache -->\n\n\n<h4 id=\"stoc-sciences-po-bordeaux\" class=\"wpig-heading\">Sciences Po Bordeaux<\/h4>\n\n\n\n<table id=\"tablepress-136\" class=\"tablepress tablepress-id-136\">\n<thead>\n<tr class=\"row-1\">\n\t<th class=\"column-1\"><strong>Biblioth\u00e8que<\/strong><\/th><th class=\"column-2\"><strong>Identifiant principal<\/strong><\/th>\n<\/tr>\n<\/thead>\n<tbody class=\"row-hover\">\n<tr class=\"row-2\">\n\t<td class=\"column-1\">Sciences Po Bordeaux<\/td><td class=\"column-2\">stagiaire_iep<br \/>\n<\/td>\n<\/tr>\n<\/tbody>\n<\/table>\n<!-- #tablepress-136 from cache -->\n\n\n<h3 id=\"stoc-gestion-des-mots-de-passe\" class=\"wpig-heading\">Gestion des mots de passe<\/h3>\n\n\n\n<p>Des mots de passe ont \u00e9t\u00e9 d\u00e9finis lors de la cr\u00e9ation de ces comptes et ont \u00e9t\u00e9 transmis aux \u00e9tablissements qui sont charg\u00e9s de les diffuser dans les biblioth\u00e8ques.<\/p>\n\n\n\n<p>Au bout d&rsquo;un certain temps, ces mots de passe sont supprim\u00e9s par le prestataire Ex Libris pour des raisons de s\u00e9curit\u00e9 mais chaque biblioth\u00e8que peut les recr\u00e9er. C&rsquo;est le m\u00eame principe que pour les lecteurs ext\u00e9rieurs.<\/p>\n\n\n\n<p>Depuis Babord +, cliquer sur le bouton \u00ab\u00a0S&rsquo;identifier\u00a0\u00bb :<\/p>\n\n\n<div class=\"wp-block-image\">\n<figure class=\"aligncenter\"><a href=\"https:\/\/rebub.u-bordeaux.fr\/wp-content\/uploads\/2022\/05\/Babord_Bouton-identifier.png\" target=\"_blank\" rel=\"noopener\"><img decoding=\"async\" loading=\"lazy\" width=\"315\" height=\"103\" src=\"https:\/\/rebub.u-bordeaux.fr\/wp-content\/uploads\/2022\/05\/Babord_Bouton-identifier.png\" alt=\"\" class=\"wp-image-13847\" srcset=\"https:\/\/rebub.u-bordeaux.fr\/wp-content\/uploads\/2022\/05\/Babord_Bouton-identifier.png 315w, https:\/\/rebub.u-bordeaux.fr\/wp-content\/uploads\/2022\/05\/Babord_Bouton-identifier-300x98.png 300w\" sizes=\"(max-width: 315px) 100vw, 315px\" \/><\/a><\/figure><\/div>\n\n\n<p>Dans la bo\u00eete de dialogue qui s&rsquo;ouvre, choisir \u00ab\u00a0Autre public\u00a0\u00bb :<\/p>\n\n\n<div class=\"wp-block-image\">\n<figure class=\"aligncenter\"><a href=\"https:\/\/rebub.u-bordeaux.fr\/wp-content\/uploads\/2022\/05\/Babord_Autre-public.png\" target=\"_blank\" rel=\"noopener\"><img decoding=\"async\" loading=\"lazy\" width=\"670\" height=\"574\" src=\"https:\/\/rebub.u-bordeaux.fr\/wp-content\/uploads\/2022\/05\/Babord_Autre-public.png\" alt=\"\" class=\"wp-image-13848\" srcset=\"https:\/\/rebub.u-bordeaux.fr\/wp-content\/uploads\/2022\/05\/Babord_Autre-public.png 670w, https:\/\/rebub.u-bordeaux.fr\/wp-content\/uploads\/2022\/05\/Babord_Autre-public-300x257.png 300w\" sizes=\"(max-width: 670px) 100vw, 670px\" \/><\/a><\/figure><\/div>\n\n\n<p>Dans la bo\u00eete de dialogue suivante, cliquer sur \u00ab\u00a0Cr\u00e9ez ou modifiez votre mot de passe\u00a0\u00bb :<\/p>\n\n\n<div class=\"wp-block-image\">\n<figure class=\"aligncenter\"><a href=\"https:\/\/rebub.u-bordeaux.fr\/wp-content\/uploads\/2022\/05\/Babord_mot-de-passe.png\" target=\"_blank\" rel=\"noopener\"><img decoding=\"async\" loading=\"lazy\" width=\"654\" height=\"606\" src=\"https:\/\/rebub.u-bordeaux.fr\/wp-content\/uploads\/2022\/05\/Babord_mot-de-passe.png\" alt=\"\" class=\"wp-image-13849\" srcset=\"https:\/\/rebub.u-bordeaux.fr\/wp-content\/uploads\/2022\/05\/Babord_mot-de-passe.png 654w, https:\/\/rebub.u-bordeaux.fr\/wp-content\/uploads\/2022\/05\/Babord_mot-de-passe-300x278.png 300w\" sizes=\"(max-width: 654px) 100vw, 654px\" \/><\/a><\/figure><\/div>\n\n\n<p>Dans la page qui s&rsquo;ouvre, renseigner l&rsquo;adresse mail qui est associ\u00e9e au compte stagiaire de la biblioth\u00e8que (c&rsquo;est en g\u00e9n\u00e9ral l&rsquo;adresse g\u00e9n\u00e9rique de la biblioth\u00e8que. Retrouver cette adresse dans les informations de contact du compte) :<\/p>\n\n\n<div class=\"wp-block-image\">\n<figure class=\"aligncenter\"><a href=\"https:\/\/rebub.u-bordeaux.fr\/wp-content\/uploads\/2022\/05\/Babord_Adresse-mail.png\" target=\"_blank\" rel=\"noopener\"><img decoding=\"async\" loading=\"lazy\" width=\"424\" height=\"442\" src=\"https:\/\/rebub.u-bordeaux.fr\/wp-content\/uploads\/2022\/05\/Babord_Adresse-mail.png\" alt=\"\" class=\"wp-image-13850\" srcset=\"https:\/\/rebub.u-bordeaux.fr\/wp-content\/uploads\/2022\/05\/Babord_Adresse-mail.png 424w, https:\/\/rebub.u-bordeaux.fr\/wp-content\/uploads\/2022\/05\/Babord_Adresse-mail-288x300.png 288w\" sizes=\"(max-width: 424px) 100vw, 424px\" \/><\/a><\/figure><\/div>\n\n\n<p>Rendez-vous dans la bo\u00eete mail de l&rsquo;adresse du compte pour poursuivre la proc\u00e9dure qui consiste \u00e0 cr\u00e9er le mot de passe.<\/p>\n\n\n\n<p><strong>R\u00e9initialiser son mot de passe<\/strong><\/p>\n\n\n\n<p>Si vous avez perdu votre mot de passe cr\u00e9\u00e9 initialement ou que ce dernier a \u00e9t\u00e9 supprim\u00e9, vous pouvez le r\u00e9initialiser. Pour cela, suivez la m\u00eame proc\u00e9dure depuis Babord+ en indiquant cette fois-ci <strong>l&rsquo;identifiant principal<\/strong> du compte \u00e0 la place de l&rsquo;adresse mail dans le formulaire :<\/p>\n\n\n<div class=\"wp-block-image\">\n<figure class=\"aligncenter size-full\"><img decoding=\"async\" loading=\"lazy\" width=\"424\" height=\"442\" src=\"https:\/\/rebub.u-bordeaux.fr\/wp-content\/uploads\/2026\/02\/Babord_Identifiant-principal_reinitialisation-du-mot-de-passe.png\" alt=\"\" class=\"wp-image-24669\" srcset=\"https:\/\/rebub.u-bordeaux.fr\/wp-content\/uploads\/2026\/02\/Babord_Identifiant-principal_reinitialisation-du-mot-de-passe.png 424w, https:\/\/rebub.u-bordeaux.fr\/wp-content\/uploads\/2026\/02\/Babord_Identifiant-principal_reinitialisation-du-mot-de-passe-288x300.png 288w\" sizes=\"(max-width: 424px) 100vw, 424px\" \/><\/figure><\/div>\n\n\n<div class=\"is-layout-flex wp-container-9 wp-block-columns bord-bloc-reutilisable has-background\" style=\"background-color:#d9edf7\">\n<div class=\"is-layout-flow wp-block-column is-vertically-aligned-center\" style=\"font-size:15px;flex-basis:20%\">\n<p style=\"font-size:15px\"><strong>Date de publication<\/strong> <\/p>\n\n\n<div style=\"font-size:15px;\" class=\"wp-block-post-date\"><time datetime=\"2024-03-22T09:31:51+01:00\">22 mars 2024<\/time><\/div><\/div>\n\n\n\n<div class=\"is-layout-flow wp-block-column is-vertically-aligned-center\" style=\"font-size:15px;flex-basis:20%\">\n<p><strong>Mis \u00e0 jour le <\/strong><\/p>\n\n\n<div style=\"font-size:15px;\" class=\"wp-block-post-date\"><time datetime=\"2026-02-13T16:58:54+01:00\">13 f\u00e9vrier 2026<\/time><\/div><\/div>\n\n\n\n<div class=\"is-layout-flow wp-block-column is-vertically-aligned-center\" style=\"font-size:15px;flex-basis:40%\">\n<p><\/p>\n\n\n\n<p><strong>Attention ! <\/strong>Certains \u00e9tablissements utilisent parfois de proc\u00e9dures compl\u00e9mentaires <\/p>\n<\/div>\n\n\n\n<div class=\"is-layout-flow wp-block-column is-vertically-aligned-center\" style=\"font-size:15px;flex-basis:25%\">\n<div class=\"is-horizontal is-content-justification-center is-layout-flex wp-container-7 wp-block-buttons alignfull has-custom-font-size\" style=\"font-size:16px\">\n<div class=\"wp-block-button has-custom-width wp-block-button__width-75 has-custom-font-size is-style-fill\" style=\"font-size:15px\"><a class=\"wp-block-button__link has-white-color has-text-color has-background wp-element-button\" href=\"mailto:scoop@u-bordeaux.fr\" style=\"border-radius:65px;background-color:#000000db\"><strong>Signaler une erreur<\/strong><\/a><\/div>\n<\/div>\n<\/div>\n<\/div>\n","protected":false},"excerpt":{"rendered":"<p>Table des mati\u00e8res[ Show ]Liens d&rsquo;acc\u00e8s \u00e0 AlmaLes comptes des stagiairesUniversit\u00e9 de Bordeaux &#8211; Direction de la documentationSciences Po BordeauxGestion des mots de passeEn cours d&rsquo;ann\u00e9e, les biblioth\u00e8ques peuvent recevoir des stagiaires. Afin que ces derniers puissent utiliser Alma, des&#8230;<\/p>\n","protected":false},"author":46,"featured_media":0,"parent":18441,"menu_order":4,"comment_status":"closed","ping_status":"closed","template":"","meta":[],"post_mailing_queue_ids":[],"_links":{"self":[{"href":"https:\/\/rebub.u-bordeaux.fr\/index.php\/wp-json\/wp\/v2\/pages\/18447"}],"collection":[{"href":"https:\/\/rebub.u-bordeaux.fr\/index.php\/wp-json\/wp\/v2\/pages"}],"about":[{"href":"https:\/\/rebub.u-bordeaux.fr\/index.php\/wp-json\/wp\/v2\/types\/page"}],"author":[{"embeddable":true,"href":"https:\/\/rebub.u-bordeaux.fr\/index.php\/wp-json\/wp\/v2\/users\/46"}],"replies":[{"embeddable":true,"href":"https:\/\/rebub.u-bordeaux.fr\/index.php\/wp-json\/wp\/v2\/comments?post=18447"}],"version-history":[{"count":9,"href":"https:\/\/rebub.u-bordeaux.fr\/index.php\/wp-json\/wp\/v2\/pages\/18447\/revisions"}],"predecessor-version":[{"id":24690,"href":"https:\/\/rebub.u-bordeaux.fr\/index.php\/wp-json\/wp\/v2\/pages\/18447\/revisions\/24690"}],"up":[{"embeddable":true,"href":"https:\/\/rebub.u-bordeaux.fr\/index.php\/wp-json\/wp\/v2\/pages\/18441"}],"wp:attachment":[{"href":"https:\/\/rebub.u-bordeaux.fr\/index.php\/wp-json\/wp\/v2\/media?parent=18447"}],"curies":[{"name":"wp","href":"https:\/\/api.w.org\/{rel}","templated":true}]}}