	{"id":18455,"date":"2024-03-22T09:31:57","date_gmt":"2024-03-22T08:31:57","guid":{"rendered":"https:\/\/rebub.u-bordeaux.fr\/?page_id=18455"},"modified":"2024-04-19T10:26:07","modified_gmt":"2024-04-19T08:26:07","slug":"structure-des-donnees","status":"publish","type":"page","link":"https:\/\/rebub.u-bordeaux.fr\/index.php\/alma\/procedures\/generalites\/interface-donnees\/structure-des-donnees\/","title":{"rendered":"Topologie d\u2019Alma"},"content":{"rendered":"<div id='wpig-floatingbar' class='wpig-floatingbar'><div id='wpig-switch-wrapper' class='wpig-switch-wrapper'><span id='wpig-floating-switch' class='wpig-floating-switch'><img src='https:\/\/rebub.u-bordeaux.fr\/wp-content\/plugins\/sticky-toc-advance-table-of-contents\/\\assets\\menu.png'><\/span><\/div><div id='wpig-contents' class='wpig-contents  wpig-sidebar-widget wpig-style-3'><span class='wpig-headline'>Table des mati\u00e8res<span><a data-action='show' class='wpig-btn-toggledisplay'>[ Show ]<\/a><\/span><\/span><!-- Table of Contents --><div id='wpig-table-of-content' class='wpig-table-of-content'><ol><li class='les_structures_de_niveau_haut'><a href='#les_structures_de_niveau_haut'>Les structures de niveau haut<\/a><\/li><li class='structure_organisationnelles'><a href='#structure_organisationnelles'>Structure organisationnelles<\/a><\/li><\/div><!-- END OF Table of Contents --><\/div><\/div><p><div id='wpig-contents' class='wpig-contents  wpig-sidebar-widget wpig-style-1'><span class='wpig-headline'>Table des mati\u00e8res<span><a data-action='show' class='wpig-btn-toggledisplay'>[ Show ]<\/a><\/span><\/span><!-- Table of Contents --><div id='wpig-table-of-content' class='wpig-table-of-content' ><ol><li class='les_structures_de_niveau_haut'><a href='#les_structures_de_niveau_haut'>Les structures de niveau haut<\/a><\/li><li class='structure_organisationnelles'><a href='#structure_organisationnelles'>Structure organisationnelles<\/a><\/li><\/div><!-- END OF Table of Contents --><\/div><\/p>\n<h2 id=\"les_structures_de_niveau_haut\" id=\"les_structures_de_niveau_haut\" class=\"wpig-heading\">Les structures de niveau haut<\/h2>\n\n\n\n<p>Notre r\u00e9seau est structur\u00e9 avec 4 niveaux de fonctionnement :<\/p>\n\n\n\n<ul>\n<li>les institutions Alma : ce sont les \u00e9tablissements du r\u00e9seau au nombre de 5 et le r\u00e9seau qui les coordonne<\/li>\n\n\n\n<li>les campus : ce sont des regroupements th\u00e9matiques dans les institutions permettant de coordonner des biblioth\u00e8ques et\/ou de ventiler des usagers, pour l&rsquo;instant on en utilise un dans Alma.<\/li>\n\n\n\n<li>les biblioth\u00e8ques : ce sont nos biblioth\u00e8ques, avec une correspondance stricte avec les RCR du SUDOC ; les biblioth\u00e8ques dans Alma sont porteuses des structures organisationnelles des services (voir plus bas)<\/li>\n\n\n\n<li>les biblioth\u00e8ques-relais : sans structure r\u00e9elle dans Alma, elles sont mat\u00e9rialis\u00e9es par la codification, ces structures correspondent aux entit\u00e9s distinctes pouvant exister au sein d&rsquo;un m\u00eame RCR, elles ont leur propres localisations, bureaux de pr\u00eat et d\u00e9partement d&rsquo;acquisition d\u00e9di\u00e9s<\/li>\n<\/ul>\n\n\n\n<h2 id=\"structure_organisationnelles\" id=\"structure_organisationnelles\" class=\"wpig-heading\">Structure organisationnelles<\/h2>\n\n\n\n<p>Au sein d&rsquo;une m\u00eame biblioth\u00e8que (ou d&rsquo;une biblioth\u00e8que relais), les collections, services et traitements sont r\u00e9partis dans 3 grands types de structure<\/p>\n\n\n\n<ul>\n<li>les localisations : ce sont les espaces physiques o\u00f9 sont rang\u00e9s les documents<\/li>\n\n\n\n<li>les bureaux de pr\u00eat : ce sont les espaces d\u2019interaction avec les usagers permettant d&rsquo;effectuer les transactions<\/li>\n\n\n\n<li>les d\u00e9partements de service : ce sont les services internes responsables des diff\u00e9rents traitements (acquisition, catalogage, \u00e9quipement, num\u00e9risation\u2026)<\/li>\n<\/ul>\n\n\n\n<p>Les donn\u00e9es associ\u00e9es aux biblioth\u00e8ques sont consultables dans Alma : Ouvrir la configuration d&rsquo;Alma, s\u00e9lectionner la biblioth\u00e8que, puis:<\/p>\n\n\n\n<ul>\n<li><em>Pour les localisations<\/em> : \u00e0 partir de Services aux usagers\/Localisations\/Localisations physiques<\/li>\n\n\n\n<li><em>Bureaux de pr\u00eat<\/em> : \u00e0 partir de Services aux usagers\/Gestion de la biblioth\u00e8que\/Bureau de pr\u00eat<\/li>\n\n\n\n<li><em>Imprimantes<\/em> : \u00e0 partir de Services aux usagers\/Services aux usagers\/G\u00e9n\u00e9ral\/Imprimantes<\/li>\n\n\n\n<li><em>R\u00e8gles de pr\u00eat<\/em> : \u00e0 partir de Services aux usagers\/Services aux usagers &#8211; exemplaires physiques\/Unit\u00e9s de services aux usagers, cliquer sur le code de l&rsquo;unit\u00e9, puis onglet R\u00e8gles de l&rsquo;unit\u00e9 de services aux usagers, s\u00e9lectionner type de r\u00e8gle = Pr\u00eat<\/li>\n\n\n\n<li><em>Demandes<\/em> : \u00e0 partir de Services aux usagers\/Services aux usagers &#8211; exemplaires physiques\/Unit\u00e9s de services aux usagers, cliquer sur le code de l&rsquo;unit\u00e9, puis onglet R\u00e8gles de l&rsquo;unit\u00e9 de services aux usagers, s\u00e9lectionner type de r\u00e8gle = Demande<\/li>\n\n\n\n<li><em>D\u00e9partements de services<\/em> : G\u00e9n\u00e9ral\/Traitements internes et d\u00e9partements\/D\u00e9partement de traitement interne<\/li>\n<\/ul>\n","protected":false},"excerpt":{"rendered":"<p>Table des mati\u00e8res[ Show ]Les structures de niveau hautStructure organisationnellesLes structures de niveau haut Notre r\u00e9seau est structur\u00e9 avec 4 niveaux de fonctionnement : Structure organisationnelles Au sein d&rsquo;une m\u00eame biblioth\u00e8que (ou d&rsquo;une biblioth\u00e8que relais), les collections, services et traitements&#8230;<\/p>\n","protected":false},"author":46,"featured_media":0,"parent":18442,"menu_order":1,"comment_status":"closed","ping_status":"closed","template":"","meta":[],"post_mailing_queue_ids":[],"_links":{"self":[{"href":"https:\/\/rebub.u-bordeaux.fr\/index.php\/wp-json\/wp\/v2\/pages\/18455"}],"collection":[{"href":"https:\/\/rebub.u-bordeaux.fr\/index.php\/wp-json\/wp\/v2\/pages"}],"about":[{"href":"https:\/\/rebub.u-bordeaux.fr\/index.php\/wp-json\/wp\/v2\/types\/page"}],"author":[{"embeddable":true,"href":"https:\/\/rebub.u-bordeaux.fr\/index.php\/wp-json\/wp\/v2\/users\/46"}],"replies":[{"embeddable":true,"href":"https:\/\/rebub.u-bordeaux.fr\/index.php\/wp-json\/wp\/v2\/comments?post=18455"}],"version-history":[{"count":4,"href":"https:\/\/rebub.u-bordeaux.fr\/index.php\/wp-json\/wp\/v2\/pages\/18455\/revisions"}],"predecessor-version":[{"id":20127,"href":"https:\/\/rebub.u-bordeaux.fr\/index.php\/wp-json\/wp\/v2\/pages\/18455\/revisions\/20127"}],"up":[{"embeddable":true,"href":"https:\/\/rebub.u-bordeaux.fr\/index.php\/wp-json\/wp\/v2\/pages\/18442"}],"wp:attachment":[{"href":"https:\/\/rebub.u-bordeaux.fr\/index.php\/wp-json\/wp\/v2\/media?parent=18455"}],"curies":[{"name":"wp","href":"https:\/\/api.w.org\/{rel}","templated":true}]}}