	{"id":18459,"date":"2024-03-22T09:32:04","date_gmt":"2024-03-22T08:32:04","guid":{"rendered":"https:\/\/rebub.u-bordeaux.fr\/?page_id=18459"},"modified":"2025-02-24T11:29:08","modified_gmt":"2025-02-24T10:29:08","slug":"creer-des-jeux-de-resultat","status":"publish","type":"page","link":"https:\/\/rebub.u-bordeaux.fr\/index.php\/alma\/procedures\/generalites\/la-recherche\/creer-des-jeux-de-resultat\/","title":{"rendered":"Cr\u00e9er des ensembles de r\u00e9sultats"},"content":{"rendered":"<div id='wpig-floatingbar' class='wpig-floatingbar'><div id='wpig-switch-wrapper' class='wpig-switch-wrapper'><span id='wpig-floating-switch' class='wpig-floating-switch'><img src='https:\/\/rebub.u-bordeaux.fr\/wp-content\/plugins\/sticky-toc-advance-table-of-contents\/\\assets\\menu.png'><\/span><\/div><div id='wpig-contents' class='wpig-contents  wpig-sidebar-widget wpig-style-3'><span class='wpig-headline'>Table des mati\u00e8res<span><a data-action='show' class='wpig-btn-toggledisplay'>[ Show ]<\/a><\/span><\/span><!-- Table of Contents --><div id='wpig-table-of-content' class='wpig-table-of-content'><ol><li class='stoc-constituer-un-ensemble-exemplarise-statique'><a href='#stoc-constituer-un-ensemble-exemplarise-statique'>Constituer un ensemble exemplaris\u00e9 (statique)<\/a><ol><li class='stoc-methode-manuelle'><a href='#stoc-methode-manuelle'>M\u00e9thode manuelle <\/a><\/li><li class='stoc-methode-par-une-extraction-de-codes-a-barres'><a href='#stoc-methode-par-une-extraction-de-codes-a-barres'>M\u00e9thode par une extraction de codes-\u00e0-barres<\/a><\/li><li class='stoc-enregistrer-dans-alma-lensemble-de-resultats-constitue'><a href='#stoc-enregistrer-dans-alma-lensemble-de-resultats-constitue'>Enregistrer dans Alma l&rsquo;ensemble de r\u00e9sultats constitu\u00e9.<\/a><\/li><\/ol><li class='stoc-constituer-un-ensemble-logique-dynamique'><a href='#stoc-constituer-un-ensemble-logique-dynamique'>Constituer un ensemble logique (dynamique)<\/a><ol><li class='stoc-methode-via-une-requete'><a href='#stoc-methode-via-une-requete'>M\u00e9thode via une requ\u00eate<\/a><\/li><li class='stoc-methode-par-la-gestion-des-ensembles'><a href='#stoc-methode-par-la-gestion-des-ensembles'>M\u00e9thode par la gestion des ensembles<\/a><\/li><\/ol><li class='stoc-gerer-les-ensembles'><a href='#stoc-gerer-les-ensembles'>G\u00e9rer les ensembles<\/a><\/li><\/ol><\/li><\/li><\/div><!-- END OF Table of Contents --><\/div><\/div><p><div id='wpig-contents' class='wpig-contents  wpig-sidebar-widget wpig-style-1'><span class='wpig-headline'>Table des mati\u00e8res<span><a data-action='show' class='wpig-btn-toggledisplay'>[ Show ]<\/a><\/span><\/span><!-- Table of Contents --><div id='wpig-table-of-content' class='wpig-table-of-content' ><ol><li class='stoc-constituer-un-ensemble-exemplarise-statique'><a href='#stoc-constituer-un-ensemble-exemplarise-statique'>Constituer un ensemble exemplaris\u00e9 (statique)<\/a><ol><li class='stoc-methode-manuelle'><a href='#stoc-methode-manuelle'>M\u00e9thode manuelle <\/a><\/li><li class='stoc-methode-par-une-extraction-de-codes-a-barres'><a href='#stoc-methode-par-une-extraction-de-codes-a-barres'>M\u00e9thode par une extraction de codes-\u00e0-barres<\/a><\/li><li class='stoc-enregistrer-dans-alma-lensemble-de-resultats-constitue'><a href='#stoc-enregistrer-dans-alma-lensemble-de-resultats-constitue'>Enregistrer dans Alma l&rsquo;ensemble de r\u00e9sultats constitu\u00e9.<\/a><\/li><\/ol><li class='stoc-constituer-un-ensemble-logique-dynamique'><a href='#stoc-constituer-un-ensemble-logique-dynamique'>Constituer un ensemble logique (dynamique)<\/a><ol><li class='stoc-methode-via-une-requete'><a href='#stoc-methode-via-une-requete'>M\u00e9thode via une requ\u00eate<\/a><\/li><li class='stoc-methode-par-la-gestion-des-ensembles'><a href='#stoc-methode-par-la-gestion-des-ensembles'>M\u00e9thode par la gestion des ensembles<\/a><\/li><\/ol><li class='stoc-gerer-les-ensembles'><a href='#stoc-gerer-les-ensembles'>G\u00e9rer les ensembles<\/a><\/li><\/ol><\/li><\/li><\/div><!-- END OF Table of Contents --><\/div><\/p>\n<div class=\"is-layout-constrained wp-block-group bord-bloc-reutilisable\"><div class=\"wp-block-group__inner-container\">\n<div class=\"is-layout-flex wp-container-3 wp-block-columns alignfull bord-bloc-reutilisable has-background\" style=\"background-color:#ff303047\">\n<div class=\"is-layout-flow wp-block-column is-vertically-aligned-center\" style=\"flex-basis:7%\">\n<figure class=\"wp-block-image alignfull size-full\"><img decoding=\"async\" loading=\"lazy\" width=\"512\" height=\"512\" src=\"https:\/\/rebub.u-bordeaux.fr\/wp-content\/uploads\/2024\/04\/point-dexclamation.png\" alt=\"\" class=\"wp-image-19898\" srcset=\"https:\/\/rebub.u-bordeaux.fr\/wp-content\/uploads\/2024\/04\/point-dexclamation.png 512w, https:\/\/rebub.u-bordeaux.fr\/wp-content\/uploads\/2024\/04\/point-dexclamation-300x300.png 300w, https:\/\/rebub.u-bordeaux.fr\/wp-content\/uploads\/2024\/04\/point-dexclamation-150x150.png 150w\" sizes=\"(max-width: 512px) 100vw, 512px\" \/><\/figure>\n<\/div>\n\n\n\n<div class=\"is-layout-flow wp-block-column is-vertically-aligned-center\" style=\"flex-basis:85%\">\n<p>La proc\u00e9dure suivante se base sur un ensemble constitu\u00e9 d\u2019exemplaires physiques.<\/p>\n<\/div>\n<\/div>\n<\/div><\/div>\n\n\n\n<p>La gestion des ensembles se fait dans le menu \u00ab\u00a0Admin\u00a0\u00bb.<\/p>\n\n\n<div class=\"wp-block-image\">\n<figure class=\"aligncenter size-full\"><img decoding=\"async\" loading=\"lazy\" width=\"564\" height=\"531\" src=\"https:\/\/rebub.u-bordeaux.fr\/wp-content\/uploads\/2025\/02\/ensembles-menus.png\" alt=\"\" class=\"wp-image-23368\" srcset=\"https:\/\/rebub.u-bordeaux.fr\/wp-content\/uploads\/2025\/02\/ensembles-menus.png 564w, https:\/\/rebub.u-bordeaux.fr\/wp-content\/uploads\/2025\/02\/ensembles-menus-300x282.png 300w\" sizes=\"(max-width: 564px) 100vw, 564px\" \/><\/figure><\/div>\n\n\n<p>Il est possible de constituer : <\/p>\n\n\n\n<ul>\n<li><strong>Un lot statique<\/strong> (appel\u00e9 \u00ab exemplaris\u00e9 \u00bb), c\u2019est-\u00e0-dire une liste fixe et d\u00e9termin\u00e9e de codes-\u00e0-barres identifiant des exemplaires \u00e0 modifier (par ex. la liste des exemplaires retir\u00e9e des rayonnages)<\/li>\n<\/ul>\n\n\n\n<ul>\n<li><strong>Un lot dynamique<\/strong> (appel\u00e9 \u00ab logique \u00bb), c\u2019est-\u00e0-dire \u00e0 partir de crit\u00e8res de recherche identifiant un lot de documents, ce lot s\u2019actualise \u00e0 chaque interrogation d\u2019Alma (par ex. tous les exemplaires d\u2019une biblioth\u00e8que dont le type de processus est \u00ab en transit \u00bb)<\/li>\n<\/ul>\n\n\n\n<h2 id=\"stoc-constituer-un-ensemble-exemplarise-statique\" class=\"wpig-heading\">Constituer un ensemble exemplaris\u00e9 (statique)<\/h2>\n\n\n\n<p>Deux m\u00e9thodes sont possibles: <\/p>\n\n\n\n<h3 id=\"stoc-methode-manuelle\" class=\"wpig-heading\">M\u00e9thode manuelle <\/h3>\n\n\n\n<p>Des documents collect\u00e9s physiquement sont scann\u00e9s dans un tableau. Le tableau doit : <\/p>\n\n\n\n<ul>\n<li> \u00eatre au format Excel (format xls ou xlsx, pas de format OpenOffice ou LibreOffice)<\/li>\n<\/ul>\n\n\n\n<ul>\n<li>comporter les donn\u00e9es uniquement dans la premi\u00e8re colonne, avec l&rsquo;ent\u00eate \u00ab\u00a0BARCODE\u00a0\u00bb (en majuscules) :<\/li>\n<\/ul>\n\n\n<div class=\"wp-block-image\">\n<figure class=\"aligncenter\"><a href=\"http:\/\/rebub.u-bordeaux.fr\/wp-content\/uploads\/2020\/02\/Creer_Un_Jeu_De_Resultat_Barcode.png\" target=\"_blank\" rel=\"noopener noreferrer\"><img decoding=\"async\" loading=\"lazy\" width=\"140\" height=\"155\" src=\"http:\/\/rebub.u-bordeaux.fr\/wp-content\/uploads\/2020\/02\/Creer_Un_Jeu_De_Resultat_Barcode.png\" alt=\"\" class=\"wp-image-7554\"\/><\/a><\/figure><\/div>\n\n\n<h3 id=\"stoc-methode-par-une-extraction-de-codes-a-barres\" class=\"wpig-heading\">M\u00e9thode par une extraction de codes-\u00e0-barres<\/h3>\n\n\n\n<p>A partir d&rsquo;une liste de documents constitu\u00e9e dans Alma (les exemplaires d\u2019un p\u00e9riodique imprim\u00e9, les exemplaires d\u2019une localisation, les exemplaires d\u2019une localisation dont l\u2019\u00e2ge du titre est ant\u00e9rieur \u00e0 2010\u2026), il est possible d\u2019extraire les codes-\u00e0-barres dans Excel en cliquant sur l\u2019ic\u00f4ne d\u2019extraction :<\/p>\n\n\n\n<figure class=\"wp-block-image size-large\"><img decoding=\"async\" loading=\"lazy\" width=\"1024\" height=\"156\" src=\"https:\/\/rebub.u-bordeaux.fr\/wp-content\/uploads\/2025\/02\/ensembles-requetes-1024x156.png\" alt=\"\" class=\"wp-image-23369\" srcset=\"https:\/\/rebub.u-bordeaux.fr\/wp-content\/uploads\/2025\/02\/ensembles-requetes-1024x156.png 1024w, https:\/\/rebub.u-bordeaux.fr\/wp-content\/uploads\/2025\/02\/ensembles-requetes-300x46.png 300w, https:\/\/rebub.u-bordeaux.fr\/wp-content\/uploads\/2025\/02\/ensembles-requetes-768x117.png 768w, https:\/\/rebub.u-bordeaux.fr\/wp-content\/uploads\/2025\/02\/ensembles-requetes.png 1487w\" sizes=\"(max-width: 1024px) 100vw, 1024px\" \/><\/figure>\n\n\n\n<p>Cela g\u00e9n\u00e8re un fichier comportant toutes les informations ad\u00e9quates, il suffit soit :<\/p>\n\n\n\n<ul>\n<li>de supprimer toutes les colonnes pour ne conserver que celles des codes-\u00e0-barres en veillant \u00e0 renommer la premi\u00e8re cellule de la colonne avec la mention BARCODE,<\/li>\n<\/ul>\n\n\n\n<ul>\n<li>de copier-coller les codes-\u00e0-barres concern\u00e9s dans un fichier Excel pr\u00e9par\u00e9 pour regrouper tous les codes \u00e0 barre devant faire l\u2019objet d\u2019un traitement en masse, en veillant aussi \u00e0 renommer la premi\u00e8re cellule de la colonne avec la mention BARCODE,<\/li>\n<\/ul>\n\n\n\n<h3 id=\"stoc-enregistrer-dans-alma-lensemble-de-resultats-constitue\" class=\"wpig-heading\">Enregistrer dans Alma l&rsquo;ensemble de r\u00e9sultats constitu\u00e9.<\/h3>\n\n\n\n<p>Dans le menu \u00ab Admin \u00bb, s\u00e9lectionner \u00ab\u00a0G\u00e9rer les ensembles\u00a0\u00bb<\/p>\n\n\n\n<p>Cliquer sur \u00ab\u00a0Cr\u00e9er un ensemble exemplaris\u00e9\u00a0\u00bb<\/p>\n\n\n\n<figure class=\"wp-block-image size-large\"><img decoding=\"async\" loading=\"lazy\" width=\"1024\" height=\"112\" src=\"https:\/\/rebub.u-bordeaux.fr\/wp-content\/uploads\/2025\/02\/ensemble-ex-1024x112.png\" alt=\"\" class=\"wp-image-23370\" srcset=\"https:\/\/rebub.u-bordeaux.fr\/wp-content\/uploads\/2025\/02\/ensemble-ex-1024x112.png 1024w, https:\/\/rebub.u-bordeaux.fr\/wp-content\/uploads\/2025\/02\/ensemble-ex-300x33.png 300w, https:\/\/rebub.u-bordeaux.fr\/wp-content\/uploads\/2025\/02\/ensemble-ex-768x84.png 768w, https:\/\/rebub.u-bordeaux.fr\/wp-content\/uploads\/2025\/02\/ensemble-ex.png 1324w\" sizes=\"(max-width: 1024px) 100vw, 1024px\" \/><\/figure>\n\n\n\n<p>Remplir le formulaire qui s&rsquo;ouvre : <\/p>\n\n\n\n<figure class=\"wp-block-image size-full\"><img decoding=\"async\" loading=\"lazy\" width=\"875\" height=\"785\" src=\"https:\/\/rebub.u-bordeaux.fr\/wp-content\/uploads\/2023\/08\/Formulaire-exemplarise1.png\" alt=\"\" class=\"wp-image-16861\" srcset=\"https:\/\/rebub.u-bordeaux.fr\/wp-content\/uploads\/2023\/08\/Formulaire-exemplarise1.png 875w, https:\/\/rebub.u-bordeaux.fr\/wp-content\/uploads\/2023\/08\/Formulaire-exemplarise1-300x269.png 300w, https:\/\/rebub.u-bordeaux.fr\/wp-content\/uploads\/2023\/08\/Formulaire-exemplarise1-768x689.png 768w\" sizes=\"(max-width: 875px) 100vw, 875px\" \/><\/figure>\n\n\n\n<p>Indiquer le <strong>nom de l&rsquo;ensemble<\/strong> (1) et une description (2) (facultatif)<\/p>\n\n\n\n<p>A l&rsquo;aide du menu d\u00e9roulant, pr\u00e9ciser le <strong>type de contenu<\/strong> (3), par exemple \u00ab\u00a0exemplaires physiques\u00a0\u00bb.<\/p>\n\n\n\n<p>Pr\u00e9ciser si l&rsquo;ensemble sera visible et utilisable pour vos coll\u00e8gues (visible dans votre institution) ou seulement par vous m\u00eame, en cochant ou non la case \u00ab\u00a0Priv\u00e9\u00a0\u00bb (4). <\/p>\n\n\n\n<p>Enfin, s\u00e9lectionner \u00ab\u00a0<strong>A partir d&rsquo;un fichier<\/strong>\u00a0\u00bb (5), charger votre fichier Excel et cliquer sur \u00ab\u00a0Cr\u00e9er\u00a0\u00bb (6).<\/p>\n\n\n\n<p>Au bout de quelque temps, l&rsquo;ensemble est visible dans\u00a0 <em>Admin > G\u00e9rer les ensembles<\/em>. Un mail est envoy\u00e9 lorsque le chargement est effectu\u00e9. Pour acc\u00e9der \u00e0 la liste des exemplaires, cliquer sur <strong>\u00ab\u00a0Contenu<\/strong>\u00ab\u00a0.<\/p>\n\n\n\n<figure class=\"wp-block-image size-large\"><img decoding=\"async\" loading=\"lazy\" width=\"1024\" height=\"112\" src=\"https:\/\/rebub.u-bordeaux.fr\/wp-content\/uploads\/2025\/02\/ensemble-contenu-1024x112.png\" alt=\"\" class=\"wp-image-23371\" srcset=\"https:\/\/rebub.u-bordeaux.fr\/wp-content\/uploads\/2025\/02\/ensemble-contenu-1024x112.png 1024w, https:\/\/rebub.u-bordeaux.fr\/wp-content\/uploads\/2025\/02\/ensemble-contenu-300x33.png 300w, https:\/\/rebub.u-bordeaux.fr\/wp-content\/uploads\/2025\/02\/ensemble-contenu-768x84.png 768w, https:\/\/rebub.u-bordeaux.fr\/wp-content\/uploads\/2025\/02\/ensemble-contenu-1536x168.png 1536w, https:\/\/rebub.u-bordeaux.fr\/wp-content\/uploads\/2025\/02\/ensemble-contenu.png 1622w\" sizes=\"(max-width: 1024px) 100vw, 1024px\" \/><\/figure>\n\n\n\n<h2 id=\"stoc-constituer-un-ensemble-logique-dynamique\" class=\"wpig-heading\">Constituer un ensemble logique (dynamique)<\/h2>\n\n\n\n<p>Deux m\u00e9thodes sont possibles.<\/p>\n\n\n\n<h3 id=\"stoc-methode-via-une-requete\" class=\"wpig-heading\">M\u00e9thode via une requ\u00eate<\/h3>\n\n\n\n<div class=\"is-layout-constrained wp-block-group bord-bloc-reutilisable\"><div class=\"wp-block-group__inner-container\">\n<div class=\"is-layout-flex wp-container-7 wp-block-columns alignfull are-vertically-aligned-top bord-bloc-reutilisable has-background\" style=\"background-color:#ff303047\">\n<div class=\"is-layout-flow wp-block-column is-vertically-aligned-top\" style=\"flex-basis:7%\">\n<figure class=\"wp-block-image alignfull size-full\"><img decoding=\"async\" loading=\"lazy\" width=\"512\" height=\"512\" src=\"https:\/\/rebub.u-bordeaux.fr\/wp-content\/uploads\/2024\/04\/point-dexclamation.png\" alt=\"\" class=\"wp-image-19898\" srcset=\"https:\/\/rebub.u-bordeaux.fr\/wp-content\/uploads\/2024\/04\/point-dexclamation.png 512w, https:\/\/rebub.u-bordeaux.fr\/wp-content\/uploads\/2024\/04\/point-dexclamation-300x300.png 300w, https:\/\/rebub.u-bordeaux.fr\/wp-content\/uploads\/2024\/04\/point-dexclamation-150x150.png 150w\" sizes=\"(max-width: 512px) 100vw, 512px\" \/><\/figure>\n<\/div>\n\n\n\n<div class=\"is-layout-flow wp-block-column is-vertically-aligned-top\" style=\"flex-basis:85%\">\n<p><strong>Attention !<\/strong> Pour cette m\u00e9thode, l\u2019index de recherche employ\u00e9 doit obligatoirement \u00eatre \u00ab Exemplaires physiques \u00bb.<\/p>\n<\/div>\n<\/div>\n<\/div><\/div>\n\n\n\n<p>A partir d&rsquo;une liste de documents constitu\u00e9e dans Alma (les exemplaires d\u2019un p\u00e9riodique imprim\u00e9, les exemplaires d\u2019une localisation, les exemplaires d\u2019une localisation dont l\u2019\u00e2ge du titre est ant\u00e9rieur \u00e0 2010\u2026), il est possible d\u2019enregistrer la requ\u00eate construite pour la r\u00e9utiliser dans un traitement\u00a0 (voir proc\u00e9dure <a href=\"http:\/\/rebub.u-bordeaux.fr\/index.php\/alma\/procedures\/generalites\/la-recherche\/creer-une-requete-dans-alma\/\" data-type=\"URL\" data-id=\"http:\/\/rebub.u-bordeaux.fr\/index.php\/alma\/procedures\/generalites\/la-recherche\/creer-une-requete-dans-alma\/\">Cr\u00e9er une requ\u00eate dans Alma<\/a>).<\/p>\n\n\n\n<figure class=\"wp-block-image size-large\"><img decoding=\"async\" loading=\"lazy\" width=\"1024\" height=\"123\" src=\"https:\/\/rebub.u-bordeaux.fr\/wp-content\/uploads\/2025\/02\/ensemble-renregistrer-1024x123.png\" alt=\"\" class=\"wp-image-23372\" srcset=\"https:\/\/rebub.u-bordeaux.fr\/wp-content\/uploads\/2025\/02\/ensemble-renregistrer-1024x123.png 1024w, https:\/\/rebub.u-bordeaux.fr\/wp-content\/uploads\/2025\/02\/ensemble-renregistrer-300x36.png 300w, https:\/\/rebub.u-bordeaux.fr\/wp-content\/uploads\/2025\/02\/ensemble-renregistrer-768x93.png 768w, https:\/\/rebub.u-bordeaux.fr\/wp-content\/uploads\/2025\/02\/ensemble-renregistrer.png 1427w\" sizes=\"(max-width: 1024px) 100vw, 1024px\" \/><\/figure>\n\n\n\n<p>Indiquer le <strong>nom de l&rsquo;ensemble<\/strong> et une description (facultatif). Pr\u00e9ciser si le jeu sera visible et utilisable pour vos coll\u00e8gues ou seulement par vous m\u00eame, en cochant \u00ab\u00a0Non\u00a0\u00bb ou \u00ab\u00a0Oui\u00a0\u00bb apr\u00e8s la mention \u00ab\u00a0Priv\u00e9\u00a0\u00bb et cliquer sur \u00ab\u00a0Enregistrer\u00a0\u00bb.<\/p>\n\n\n\n<h3 id=\"stoc-methode-par-la-gestion-des-ensembles\" class=\"wpig-heading\">M\u00e9thode par la gestion des ensembles<\/h3>\n\n\n\n<p>Dans le menu \u00ab Admin \u00bb, s\u00e9lectionner \u00ab\u00a0G\u00e9rer les ensembles\u00a0\u00bb<\/p>\n\n\n\n<p>Cliquer sur \u00ab\u00a0Cr\u00e9er un ensemble logique\u00a0\u00bb.<\/p>\n\n\n\n<p>Remplir le formulaire qui s&rsquo;ouvre : <\/p>\n\n\n\n<figure class=\"wp-block-image size-full\"><img decoding=\"async\" loading=\"lazy\" width=\"882\" height=\"572\" src=\"https:\/\/rebub.u-bordeaux.fr\/wp-content\/uploads\/2023\/08\/Gerer-les-ensembles1.png\" alt=\"\" class=\"wp-image-16873\" srcset=\"https:\/\/rebub.u-bordeaux.fr\/wp-content\/uploads\/2023\/08\/Gerer-les-ensembles1.png 882w, https:\/\/rebub.u-bordeaux.fr\/wp-content\/uploads\/2023\/08\/Gerer-les-ensembles1-300x195.png 300w, https:\/\/rebub.u-bordeaux.fr\/wp-content\/uploads\/2023\/08\/Gerer-les-ensembles1-768x498.png 768w\" sizes=\"(max-width: 882px) 100vw, 882px\" \/><\/figure>\n\n\n\n<p>Indiquer le <strong>nom de l&rsquo;ensemble<\/strong> (1) et une description (2) (facultatif)<\/p>\n\n\n\n<p>A l&rsquo;aide du menu d\u00e9roulant, pr\u00e9ciser le <strong>type de contenu<\/strong> (3), par exemple \u00ab\u00a0exemplaires physiques\u00a0\u00bb.<\/p>\n\n\n\n<p>Pr\u00e9ciser si le jeu sera visible et utilisable pour vos coll\u00e8gues ou seulement par vous m\u00eame, en cochant ou non la case \u00ab\u00a0Priv\u00e9\u00a0\u00bb (4) et cliquer sur \u00ab\u00a0Cr\u00e9er\u00a0\u00bb (5).<\/p>\n\n\n\n<p>Ex\u00e9cuter une recherche simple ou avanc\u00e9e en fonction du lot que vous souhaitez constituer.<\/p>\n\n\n\n<p>Lancer la recherche.<\/p>\n\n\n\n<p>V\u00e9rifier rigoureusement le r\u00e9sultat de sa recherche et sa conformit\u00e9 avec le projet de modification en masse ; recommencer autrement ou modifier autant que n\u00e9cessaire.<\/p>\n\n\n\n<p>Cliquer sur \u00ab Enregistrer \u00bb pour terminer.<\/p>\n\n\n\n<h2 id=\"stoc-gerer-les-ensembles\" class=\"wpig-heading\">G\u00e9rer les ensembles<\/h2>\n\n\n\n<p>Dans le menu \u00ab Admin \u00bb, s\u00e9lectionner \u00ab\u00a0G\u00e9rer les ensembles\u00a0\u00bb.<\/p>\n\n\n\n<figure class=\"wp-block-image size-large\"><img decoding=\"async\" loading=\"lazy\" width=\"1024\" height=\"461\" src=\"https:\/\/rebub.u-bordeaux.fr\/wp-content\/uploads\/2023\/07\/Gerer-les-ensembles-1-1024x461.png\" alt=\"\" class=\"wp-image-16762\" srcset=\"https:\/\/rebub.u-bordeaux.fr\/wp-content\/uploads\/2023\/07\/Gerer-les-ensembles-1-1024x461.png 1024w, https:\/\/rebub.u-bordeaux.fr\/wp-content\/uploads\/2023\/07\/Gerer-les-ensembles-1-300x135.png 300w, https:\/\/rebub.u-bordeaux.fr\/wp-content\/uploads\/2023\/07\/Gerer-les-ensembles-1-768x346.png 768w, https:\/\/rebub.u-bordeaux.fr\/wp-content\/uploads\/2023\/07\/Gerer-les-ensembles-1-1536x692.png 1536w, https:\/\/rebub.u-bordeaux.fr\/wp-content\/uploads\/2023\/07\/Gerer-les-ensembles-1.png 1552w\" sizes=\"(max-width: 1024px) 100vw, 1024px\" \/><\/figure>\n\n\n\n<p>La nouvelle interface simplifie la gestion des ensembles. Une nouvelle facette (1.) permet notamment de retrouver plus facilement un ensemble en filtrant la liste des jeux sur diff\u00e9rents crit\u00e8res. On peut isoler les ensembles exemplaris\u00e9s des ensembles logiques (1.1), les trier par type de contenu, par exemple : ensembles d&rsquo;exemplaires physiques, ensembles de titres physiques ou ensembles d&rsquo;utilisateurs (1.2) ou encore les filtrer par l&rsquo;origine du contenu (1.3) .<\/p>\n\n\n\n<p>Les informations des diff\u00e9rents ensembles de r\u00e9sultats (nom, type de contenu, date de cr\u00e9ation, etc.) sont plus lisibles directement depuis la liste des r\u00e9sultats (2.). Cliquer sur un des ensembles de la liste (2.1) ouvre une fen\u00eatre sur la droite (3.) avec des informations suppl\u00e9mentaires sur l&rsquo;ensemble (description, derni\u00e8re mise \u00e0 jour, identifiant de l&rsquo;ensemble, etc.). Les informations saisies dans cette page sont automatiquement sauvegard\u00e9es. Cliquer sur <em>Contenu<\/em> (2.2) ouvre une nouvelle page avec la liste des membres de l&rsquo;ensemble. Enfin, cliquer sur <em>Plus d\u2019actions (&#8230;)<\/em> (2.3) permet d&rsquo;effectuer d&rsquo;autres actions comme <em>Dupliquer<\/em>, <em>Exemplariser<\/em> , <em>Combiner des ensembles<\/em> ou <em>Supprimer<\/em> l&rsquo;ensemble. <\/p>\n\n\n\n<div class=\"is-layout-flex wp-container-14 wp-block-columns bord-bloc-reutilisable has-background\" style=\"background-color:#d9edf7\">\n<div class=\"is-layout-flow wp-block-column is-vertically-aligned-center\" style=\"font-size:15px;flex-basis:20%\">\n<p style=\"font-size:15px\"><strong>Date de publication<\/strong> <\/p>\n\n\n<div style=\"font-size:15px;\" class=\"wp-block-post-date\"><time datetime=\"2024-03-22T09:32:04+01:00\">22 mars 2024<\/time><\/div><\/div>\n\n\n\n<div class=\"is-layout-flow wp-block-column is-vertically-aligned-center\" style=\"font-size:15px;flex-basis:20%\">\n<p><strong>Mis \u00e0 jour le <\/strong><\/p>\n\n\n<div style=\"font-size:15px;\" class=\"wp-block-post-date\"><time datetime=\"2025-02-24T11:29:08+01:00\">24 f\u00e9vrier 2025<\/time><\/div><\/div>\n\n\n\n<div class=\"is-layout-flow wp-block-column is-vertically-aligned-center\" style=\"font-size:15px;flex-basis:40%\">\n<p><\/p>\n\n\n\n<p><strong>Attention ! <\/strong>Certains \u00e9tablissements utilisent parfois de proc\u00e9dures compl\u00e9mentaires <\/p>\n<\/div>\n\n\n\n<div class=\"is-layout-flow wp-block-column is-vertically-aligned-center\" style=\"font-size:15px;flex-basis:25%\">\n<div class=\"is-horizontal is-content-justification-center is-layout-flex wp-container-12 wp-block-buttons alignfull has-custom-font-size\" style=\"font-size:16px\">\n<div class=\"wp-block-button has-custom-width wp-block-button__width-75 has-custom-font-size is-style-fill\" style=\"font-size:15px\"><a class=\"wp-block-button__link has-white-color has-text-color has-background wp-element-button\" href=\"mailto:scoop@u-bordeaux.fr\" style=\"border-radius:65px;background-color:#000000db\"><strong>Signaler une erreur<\/strong><\/a><\/div>\n<\/div>\n<\/div>\n<\/div>\n","protected":false},"excerpt":{"rendered":"<p>Table des mati\u00e8res[ Show ]Constituer un ensemble exemplaris\u00e9 (statique)M\u00e9thode manuelle M\u00e9thode par une extraction de codes-\u00e0-barresEnregistrer dans Alma l&rsquo;ensemble de r\u00e9sultats constitu\u00e9.Constituer un ensemble logique (dynamique)M\u00e9thode via une requ\u00eateM\u00e9thode par la gestion des ensemblesG\u00e9rer les ensemblesLa proc\u00e9dure suivante se base&#8230;<\/p>\n","protected":false},"author":46,"featured_media":4793,"parent":18443,"menu_order":2,"comment_status":"closed","ping_status":"closed","template":"","meta":[],"post_mailing_queue_ids":[],"_links":{"self":[{"href":"https:\/\/rebub.u-bordeaux.fr\/index.php\/wp-json\/wp\/v2\/pages\/18459"}],"collection":[{"href":"https:\/\/rebub.u-bordeaux.fr\/index.php\/wp-json\/wp\/v2\/pages"}],"about":[{"href":"https:\/\/rebub.u-bordeaux.fr\/index.php\/wp-json\/wp\/v2\/types\/page"}],"author":[{"embeddable":true,"href":"https:\/\/rebub.u-bordeaux.fr\/index.php\/wp-json\/wp\/v2\/users\/46"}],"replies":[{"embeddable":true,"href":"https:\/\/rebub.u-bordeaux.fr\/index.php\/wp-json\/wp\/v2\/comments?post=18459"}],"version-history":[{"count":4,"href":"https:\/\/rebub.u-bordeaux.fr\/index.php\/wp-json\/wp\/v2\/pages\/18459\/revisions"}],"predecessor-version":[{"id":23373,"href":"https:\/\/rebub.u-bordeaux.fr\/index.php\/wp-json\/wp\/v2\/pages\/18459\/revisions\/23373"}],"up":[{"embeddable":true,"href":"https:\/\/rebub.u-bordeaux.fr\/index.php\/wp-json\/wp\/v2\/pages\/18443"}],"wp:featuredmedia":[{"embeddable":true,"href":"https:\/\/rebub.u-bordeaux.fr\/index.php\/wp-json\/wp\/v2\/media\/4793"}],"wp:attachment":[{"href":"https:\/\/rebub.u-bordeaux.fr\/index.php\/wp-json\/wp\/v2\/media?parent=18459"}],"curies":[{"name":"wp","href":"https:\/\/api.w.org\/{rel}","templated":true}]}}