	{"id":1849,"date":"2017-11-08T11:01:41","date_gmt":"2017-11-08T10:01:41","guid":{"rendered":"http:\/\/rebub.u-bordeaux.fr\/?page_id=1849"},"modified":"2026-03-02T16:05:19","modified_gmt":"2026-03-02T15:05:19","slug":"presentation-du-rebub","status":"publish","type":"page","link":"https:\/\/rebub.u-bordeaux.fr\/index.php\/lanimation-du-reseau\/presentation-du-rebub\/","title":{"rendered":"Pr\u00e9sentation du R\u00e9bub"},"content":{"rendered":"<div id='wpig-floatingbar' class='wpig-floatingbar'><div id='wpig-switch-wrapper' class='wpig-switch-wrapper'><span id='wpig-floating-switch' class='wpig-floating-switch'><img src='https:\/\/rebub.u-bordeaux.fr\/wp-content\/plugins\/sticky-toc-advance-table-of-contents\/\\assets\\menu.png'><\/span><\/div><div id='wpig-contents' class='wpig-contents  wpig-sidebar-widget wpig-style-3'><span class='wpig-headline'>Table des mati\u00e8res<span><a data-action='show' class='wpig-btn-toggledisplay'>[ Show ]<\/a><\/span><\/span><!-- Table of Contents --><div id='wpig-table-of-content' class='wpig-table-of-content'><ol><li class='stoc-vous-avez-dit-rebub'><a href='#stoc-vous-avez-dit-rebub'>Vous avez dit R\u00e9BUB&nbsp;?<\/a><\/li><li class='stoc-quest-ce-quimplique-la-notion-de-reseau'><a href='#stoc-quest-ce-quimplique-la-notion-de-reseau'>Qu\u2019est-ce qu\u2019implique la notion de r\u00e9seau&nbsp;?<\/a><\/li><li class='stoc-et-le-scoop-dans-tout-ca'><a href='#stoc-et-le-scoop-dans-tout-ca'>Et le Scoop dans tout \u00e7a&nbsp;?<\/a><\/li><\/ol><\/div><!-- END OF Table of Contents --><\/div><\/div><p><div id='wpig-contents' class='wpig-contents  wpig-sidebar-widget wpig-style-1'><span class='wpig-headline'>Table des mati\u00e8res<span><a data-action='show' class='wpig-btn-toggledisplay'>[ Show ]<\/a><\/span><\/span><!-- Table of Contents --><div id='wpig-table-of-content' class='wpig-table-of-content' ><ol><li class='stoc-vous-avez-dit-rebub'><a href='#stoc-vous-avez-dit-rebub'>Vous avez dit R\u00e9BUB&nbsp;?<\/a><\/li><li class='stoc-quest-ce-quimplique-la-notion-de-reseau'><a href='#stoc-quest-ce-quimplique-la-notion-de-reseau'>Qu\u2019est-ce qu\u2019implique la notion de r\u00e9seau&nbsp;?<\/a><\/li><li class='stoc-et-le-scoop-dans-tout-ca'><a href='#stoc-et-le-scoop-dans-tout-ca'>Et le Scoop dans tout \u00e7a&nbsp;?<\/a><\/li><\/ol><\/div><!-- END OF Table of Contents --><\/div><\/p>\n<h2 id=\"stoc-vous-avez-dit-rebub\" class=\"wpig-heading\">Vous avez dit R\u00e9BUB&nbsp;?<\/h2>\n\n\n\n<p>Le R\u00e9BUB, R\u00e9seau des Biblioth\u00e8ques Universitaires de Bordeaux, r\u00e9unit autour d\u2019un m\u00eame catalogue 5 \u00e9tablissements universitaires bordelais&nbsp;:<\/p>\n\n\n\n<ul class=\"has-vivid-cyan-blue-color has-text-color\">\n<li>L\u2019Universit\u00e9 de Bordeaux | <a href=\"https:\/\/www.u-bordeaux.fr\/\">Site institutionnel<\/a> | <a href=\"https:\/\/bibliotheques.u-bordeaux.fr\/\">Site des biblioth\u00e8ques<\/a><\/li>\n<\/ul>\n\n\n\n<ul class=\"has-vivid-purple-color has-text-color\">\n<li>L\u2019Universit\u00e9 Bordeaux Montaigne | <a href=\"https:\/\/www.u-bordeaux-montaigne.fr\/fr\/index.html\">Site institutionnel<\/a> | <a href=\"https:\/\/www.u-bordeaux-montaigne.fr\/fr\/documentation\/vos-bibliotheques.html\">Page des biblioth\u00e8ques<\/a><\/li>\n<\/ul>\n\n\n\n<ul class=\"has-vivid-red-color has-text-color\">\n<li>Sciences Po Bordeaux | <a href=\"https:\/\/www.sciencespobordeaux.fr\/fr\/index.html\">Site institutionnel<\/a> | <a href=\"https:\/\/www.sciencespobordeaux.fr\/fr\/vie-etudiante\/bibliotheque.html\">Page de la biblioth\u00e8que<\/a><\/li>\n<\/ul>\n\n\n\n<ul class=\"has-luminous-vivid-amber-color has-text-color\">\n<li>Bordeaux INP | <a href=\"https:\/\/www.bordeaux-inp.fr\/fr\">Site institutionnel<\/a> | <a href=\"https:\/\/www.bordeaux-inp.fr\/fr\/les-bibliotheques-sur-le-campus-et-alentours\">Page des biblioth\u00e8ques<\/a><\/li>\n<\/ul>\n\n\n\n<ul class=\"has-vivid-green-cyan-color has-text-color\">\n<li>Bordeaux Sciences Agro | <a href=\"https:\/\/www.agro-bordeaux.fr\/\">Site institutionnel<\/a> | <a href=\"https:\/\/cdi.agro-bordeaux.fr\/index.php\">Site de la biblioth\u00e8que<\/a><\/li>\n<\/ul>\n\n\n\n<h2 id=\"stoc-quest-ce-quimplique-la-notion-de-reseau\" class=\"wpig-heading\">Qu\u2019est-ce qu\u2019implique la notion de r\u00e9seau&nbsp;?<\/h2>\n\n\n\n<p>Derri\u00e8re cette notion de r\u00e9seau, il y a l\u2019id\u00e9e de coop\u00e9ration documentaire qui se concr\u00e9tise autour&nbsp;:<\/p>\n\n\n\n<ul>\n<li>D\u2019outils communs et partag\u00e9s : syst\u00e8me de gestion int\u00e9gr\u00e9 des biblioth\u00e8ques, syst\u00e8me de gestion de la documentation \u00e9lectronique, interface publique, biblioth\u00e8que num\u00e9rique patrimoniale.<\/li>\n\n\n\n<li>D\u2019activit\u00e9s et de services mutualis\u00e9s&nbsp;:\n<ul>\n<li>Assistance sur les outils informatiques : guichet d\u2019assistance, guides et proc\u00e9dures d\u2019utilisation des outils, extraction de donn\u00e9es \u00e0 la demande.<\/li>\n\n\n\n<li>Coordination Sudoc et gestion des relations avec l\u2019Abes<\/li>\n\n\n\n<li>Valorisation du patrimoine documentaire : conservation des p\u00e9riodiques, valorisation et num\u00e9risation des fonds anciens, atelier de reliure.<\/li>\n\n\n\n<li>Accompagnement des biblioth\u00e9caires sur les outils (prise en main).<\/li>\n<\/ul>\n<\/li>\n\n\n\n<li>De projets collectifs\n<ul>\n<li>R\u00e9-informatisation en 2017-2018 (SGBm).<\/li>\n\n\n\n<li>Formation documentaire des \u00e9tudiants (Serious Game et tutoriels).<\/li>\n\n\n\n<li>Carte r\u00e9gionale des services (Aquipass).<\/li>\n<\/ul>\n<\/li>\n<\/ul>\n\n\n\n<h2 id=\"stoc-et-le-scoop-dans-tout-ca\" class=\"wpig-heading\">Et le Scoop dans tout \u00e7a&nbsp;?<\/h2>\n\n\n\n<p>Au c\u0153ur de ce r\u00e9seau, il y a le <strong>Scoop<\/strong>, un service interuniversitaire qui rassemble les activit\u00e9s et services mutualis\u00e9s pr\u00e9sent\u00e9s plus haut.<\/p>\n\n\n\n<p>Le <strong>S<\/strong>ervice de <strong>COOP<\/strong>\u00e9ration documentaire est compos\u00e9 d&rsquo;un Responsable du service et du patrimoine documentaire, de <strong>Maialen Sanchez<\/strong> (Responsable du Scoop), <strong>Julien Kirchner<\/strong> (Responsable adjoint du Scoop), de <strong>Claire-Lise Gauvain<\/strong> (Valorisation patrimoniale), d&rsquo;<strong>Isabelle Palais<\/strong> (Charg\u00e9e du signalement des ressources \u00e0 vocation inter-\u00e9tablissements), de <strong>Fran\u00e7oise Coulon <\/strong>(CR SUDOC-PS et PCAq), de <strong>Philippe Delgal <\/strong>(Technicien reliure \u2013 num\u00e9risation, conservation pr\u00e9ventive des fonds patrimoniaux), de <strong>Daniel Gourd\u00e9<\/strong> (Technicien reliure \u2013 num\u00e9risation), d&rsquo;<strong>Aur\u00e9lie Baque<\/strong> (Coordinatrice du r\u00e9seau de signalement) et de <strong>Pierre Pouget<\/strong> (Assistance SID).<\/p>\n\n\n\n<p>Toutes les coordonn\u00e9es des membres du Scoop sont \u00e0 retrouver sur la page <a href=\"http:\/\/rebub.u-bordeaux.fr\/?post_type=equipe\">L\u2019\u00e9quipe<\/a> de la rubrique \u00ab\u00a0Le Scoop\u00a0\u00bb.<\/p>\n","protected":false},"excerpt":{"rendered":"<p>Table des mati\u00e8res[ Show ]Vous avez dit R\u00e9BUB&nbsp;?Qu\u2019est-ce qu\u2019implique la notion de r\u00e9seau&nbsp;?Et le Scoop dans tout \u00e7a&nbsp;?Vous avez dit R\u00e9BUB&nbsp;? Le R\u00e9BUB, R\u00e9seau des Biblioth\u00e8ques Universitaires de Bordeaux, r\u00e9unit autour d\u2019un m\u00eame catalogue 5 \u00e9tablissements universitaires bordelais&nbsp;: Qu\u2019est-ce qu\u2019implique&#8230;<\/p>\n","protected":false},"author":2,"featured_media":0,"parent":19313,"menu_order":0,"comment_status":"closed","ping_status":"closed","template":"","meta":[],"post_mailing_queue_ids":[],"_links":{"self":[{"href":"https:\/\/rebub.u-bordeaux.fr\/index.php\/wp-json\/wp\/v2\/pages\/1849"}],"collection":[{"href":"https:\/\/rebub.u-bordeaux.fr\/index.php\/wp-json\/wp\/v2\/pages"}],"about":[{"href":"https:\/\/rebub.u-bordeaux.fr\/index.php\/wp-json\/wp\/v2\/types\/page"}],"author":[{"embeddable":true,"href":"https:\/\/rebub.u-bordeaux.fr\/index.php\/wp-json\/wp\/v2\/users\/2"}],"replies":[{"embeddable":true,"href":"https:\/\/rebub.u-bordeaux.fr\/index.php\/wp-json\/wp\/v2\/comments?post=1849"}],"version-history":[{"count":22,"href":"https:\/\/rebub.u-bordeaux.fr\/index.php\/wp-json\/wp\/v2\/pages\/1849\/revisions"}],"predecessor-version":[{"id":24715,"href":"https:\/\/rebub.u-bordeaux.fr\/index.php\/wp-json\/wp\/v2\/pages\/1849\/revisions\/24715"}],"up":[{"embeddable":true,"href":"https:\/\/rebub.u-bordeaux.fr\/index.php\/wp-json\/wp\/v2\/pages\/19313"}],"wp:attachment":[{"href":"https:\/\/rebub.u-bordeaux.fr\/index.php\/wp-json\/wp\/v2\/media?parent=1849"}],"curies":[{"name":"wp","href":"https:\/\/api.w.org\/{rel}","templated":true}]}}