	{"id":18508,"date":"2024-03-22T09:32:35","date_gmt":"2024-03-22T08:32:35","guid":{"rendered":"https:\/\/rebub.u-bordeaux.fr\/?page_id=18508"},"modified":"2025-02-03T15:36:49","modified_gmt":"2025-02-03T14:36:49","slug":"creer-un-mandataire","status":"publish","type":"page","link":"https:\/\/rebub.u-bordeaux.fr\/index.php\/alma\/procedures\/services-aux-usagers\/gestion-des-lecteurs\/creer-un-mandataire\/","title":{"rendered":"Cr\u00e9er et g\u00e9rer un mandataire"},"content":{"rendered":"<div id='wpig-floatingbar' class='wpig-floatingbar'><div id='wpig-switch-wrapper' class='wpig-switch-wrapper'><span id='wpig-floating-switch' class='wpig-floating-switch'><img src='https:\/\/rebub.u-bordeaux.fr\/wp-content\/plugins\/sticky-toc-advance-table-of-contents\/\\assets\\menu.png'><\/span><\/div><div id='wpig-contents' class='wpig-contents  wpig-sidebar-widget wpig-style-3'><span class='wpig-headline'>Table des mati\u00e8res<span><a data-action='show' class='wpig-btn-toggledisplay'>[ Show ]<\/a><\/span><\/span><!-- Table of Contents --><div id='wpig-table-of-content' class='wpig-table-of-content'><ol><li class='stoc-parametrer-le-compte-du-mandataire'><a href='#stoc-parametrer-le-compte-du-mandataire'>Param\u00e9trer le compte du mandataire<\/a><\/li><li class='stoc-gerer-le-mandataire-en-service-aux-usagers'><a href='#stoc-gerer-le-mandataire-en-service-aux-usagers'>G\u00e9rer le mandataire en service aux usagers<\/a><\/li><\/div><!-- END OF Table of Contents --><\/div><\/div><p><div id='wpig-contents' class='wpig-contents  wpig-sidebar-widget wpig-style-1'><span class='wpig-headline'>Table des mati\u00e8res<span><a data-action='show' class='wpig-btn-toggledisplay'>[ Show ]<\/a><\/span><\/span><!-- Table of Contents --><div id='wpig-table-of-content' class='wpig-table-of-content' ><ol><li class='stoc-parametrer-le-compte-du-mandataire'><a href='#stoc-parametrer-le-compte-du-mandataire'>Param\u00e9trer le compte du mandataire<\/a><\/li><li class='stoc-gerer-le-mandataire-en-service-aux-usagers'><a href='#stoc-gerer-le-mandataire-en-service-aux-usagers'>G\u00e9rer le mandataire en service aux usagers<\/a><\/li><\/div><!-- END OF Table of Contents --><\/div><\/p>\n<div class=\"is-layout-constrained wp-block-group bord-bloc-reutilisable\"><div class=\"wp-block-group__inner-container\">\n<div class=\"is-layout-flex wp-container-3 wp-block-columns alignfull bord-bloc-reutilisable has-background\" style=\"background-color:#ff303047\">\n<div class=\"is-layout-flow wp-block-column is-vertically-aligned-center\" style=\"flex-basis:7%\">\n<figure class=\"wp-block-image alignfull size-full\"><img decoding=\"async\" loading=\"lazy\" width=\"512\" height=\"512\" src=\"https:\/\/rebub.u-bordeaux.fr\/wp-content\/uploads\/2024\/04\/point-dexclamation.png\" alt=\"\" class=\"wp-image-19898\" srcset=\"https:\/\/rebub.u-bordeaux.fr\/wp-content\/uploads\/2024\/04\/point-dexclamation.png 512w, https:\/\/rebub.u-bordeaux.fr\/wp-content\/uploads\/2024\/04\/point-dexclamation-300x300.png 300w, https:\/\/rebub.u-bordeaux.fr\/wp-content\/uploads\/2024\/04\/point-dexclamation-150x150.png 150w\" sizes=\"(max-width: 512px) 100vw, 512px\" \/><\/figure>\n<\/div>\n\n\n\n<div class=\"is-layout-flow wp-block-column is-vertically-aligned-center\" style=\"flex-basis:85%\">\n<p><strong>Attention !<\/strong> Cette proc\u00e9dure s&rsquo;applique uniquement dans les biblioth\u00e8ques de l&rsquo;Universit\u00e9 de Bordeaux.<\/p>\n<\/div>\n<\/div>\n<\/div><\/div>\n\n\n\n<p>Cette proc\u00e9dure fait suite \u00e0 la mise en place d&rsquo;un nouveau service depuis le 1er juillet 2019 qui permet \u00e0 un lecteur d&rsquo;\u00eatre mandataire pour un autre lecteur lui donnant ainsi la possibilit\u00e9 d&#8217;emprunter des documents en son nom.<\/p>\n\n\n\n<p>Ce service est propos\u00e9 aux cat\u00e9gories de lecteurs suivant :<\/p>\n\n\n\n<ul>\n<li>&nbsp;\u00e9tudiants suivis par les services PHASE (identifi\u00e9s par une note PHASE dans le dossier lecteur)<\/li>\n\n\n\n<li>&nbsp;personnels et enseignants chercheurs<\/li>\n<\/ul>\n\n\n\n<h2 id=\"stoc-parametrer-le-compte-du-mandataire\" class=\"wpig-heading\">Param\u00e9trer le compte du mandataire<\/h2>\n\n\n\n<p>Depuis la barre de recherche simple, s\u00e9lectionner le type de recherche \u00ab\u00a0Utilisateurs\u00a0\u00bb et saisir le nom du compte \u00e0 mandater :<\/p>\n\n\n<div class=\"wp-block-image\">\n<figure class=\"aligncenter\"><a href=\"http:\/\/rebub.u-bordeaux.fr\/wp-content\/uploads\/2019\/06\/Mandataire_chercher-utilisateur-mandataire.png\" target=\"_blank\" rel=\"noopener noreferrer\"><img decoding=\"async\" loading=\"lazy\" width=\"1883\" height=\"999\" src=\"http:\/\/rebub.u-bordeaux.fr\/wp-content\/uploads\/2019\/06\/Mandataire_chercher-utilisateur-mandataire.png\" alt=\"\" class=\"wp-image-6301\" srcset=\"https:\/\/rebub.u-bordeaux.fr\/wp-content\/uploads\/2019\/06\/Mandataire_chercher-utilisateur-mandataire.png 1883w, https:\/\/rebub.u-bordeaux.fr\/wp-content\/uploads\/2019\/06\/Mandataire_chercher-utilisateur-mandataire-300x159.png 300w, https:\/\/rebub.u-bordeaux.fr\/wp-content\/uploads\/2019\/06\/Mandataire_chercher-utilisateur-mandataire-768x407.png 768w, https:\/\/rebub.u-bordeaux.fr\/wp-content\/uploads\/2019\/06\/Mandataire_chercher-utilisateur-mandataire-1024x543.png 1024w\" sizes=\"(max-width: 1883px) 100vw, 1883px\" \/><\/a><\/figure><\/div>\n\n\n<p>Cliquer sur le nom du lecteur pour acc\u00e9der aux informations du compte :<\/p>\n\n\n<div class=\"wp-block-image\">\n<figure class=\"aligncenter\"><a href=\"http:\/\/rebub.u-bordeaux.fr\/wp-content\/uploads\/2019\/06\/Mandataire_r\u00e9sultat-utilisateur.png\" target=\"_blank\" rel=\"noopener noreferrer\"><img decoding=\"async\" loading=\"lazy\" width=\"1902\" height=\"759\" src=\"http:\/\/rebub.u-bordeaux.fr\/wp-content\/uploads\/2019\/06\/Mandataire_r\u00e9sultat-utilisateur.png\" alt=\"\" class=\"wp-image-6302\" srcset=\"https:\/\/rebub.u-bordeaux.fr\/wp-content\/uploads\/2019\/06\/Mandataire_r\u00e9sultat-utilisateur.png 1902w, https:\/\/rebub.u-bordeaux.fr\/wp-content\/uploads\/2019\/06\/Mandataire_r\u00e9sultat-utilisateur-300x120.png 300w, https:\/\/rebub.u-bordeaux.fr\/wp-content\/uploads\/2019\/06\/Mandataire_r\u00e9sultat-utilisateur-768x306.png 768w, https:\/\/rebub.u-bordeaux.fr\/wp-content\/uploads\/2019\/06\/Mandataire_r\u00e9sultat-utilisateur-1024x409.png 1024w\" sizes=\"(max-width: 1902px) 100vw, 1902px\" \/><\/a><\/figure><\/div>\n\n\n<p>Depuis le compte lecteur, se positionner sur l&rsquo;onglet \u00ab\u00a0Mandataire pour\u00a0\u00bb :<\/p>\n\n\n<div class=\"wp-block-image\">\n<figure class=\"aligncenter\"><a href=\"http:\/\/rebub.u-bordeaux.fr\/wp-content\/uploads\/2019\/06\/Mandataire_onglet-mandataire.png\" target=\"_blank\" rel=\"noopener noreferrer\"><img decoding=\"async\" loading=\"lazy\" width=\"1894\" height=\"902\" src=\"http:\/\/rebub.u-bordeaux.fr\/wp-content\/uploads\/2019\/06\/Mandataire_onglet-mandataire.png\" alt=\"\" class=\"wp-image-6303\" srcset=\"https:\/\/rebub.u-bordeaux.fr\/wp-content\/uploads\/2019\/06\/Mandataire_onglet-mandataire.png 1894w, https:\/\/rebub.u-bordeaux.fr\/wp-content\/uploads\/2019\/06\/Mandataire_onglet-mandataire-300x143.png 300w, https:\/\/rebub.u-bordeaux.fr\/wp-content\/uploads\/2019\/06\/Mandataire_onglet-mandataire-768x366.png 768w, https:\/\/rebub.u-bordeaux.fr\/wp-content\/uploads\/2019\/06\/Mandataire_onglet-mandataire-1024x488.png 1024w\" sizes=\"(max-width: 1894px) 100vw, 1894px\" \/><\/a><\/figure><\/div>\n\n\n<p>Cliquer sur le bouton \u00ab\u00a0Ajouter un mandataire pour\u00a0\u00bb :<\/p>\n\n\n<div class=\"wp-block-image\">\n<figure class=\"aligncenter\"><a href=\"http:\/\/rebub.u-bordeaux.fr\/wp-content\/uploads\/2019\/06\/Mandataire_bouton-ajouter-un-mandataire-pour.png\" target=\"_blank\" rel=\"noopener noreferrer\"><img decoding=\"async\" loading=\"lazy\" width=\"1892\" height=\"889\" src=\"http:\/\/rebub.u-bordeaux.fr\/wp-content\/uploads\/2019\/06\/Mandataire_bouton-ajouter-un-mandataire-pour.png\" alt=\"\" class=\"wp-image-6304\" srcset=\"https:\/\/rebub.u-bordeaux.fr\/wp-content\/uploads\/2019\/06\/Mandataire_bouton-ajouter-un-mandataire-pour.png 1892w, https:\/\/rebub.u-bordeaux.fr\/wp-content\/uploads\/2019\/06\/Mandataire_bouton-ajouter-un-mandataire-pour-300x141.png 300w, https:\/\/rebub.u-bordeaux.fr\/wp-content\/uploads\/2019\/06\/Mandataire_bouton-ajouter-un-mandataire-pour-768x361.png 768w, https:\/\/rebub.u-bordeaux.fr\/wp-content\/uploads\/2019\/06\/Mandataire_bouton-ajouter-un-mandataire-pour-1024x481.png 1024w\" sizes=\"(max-width: 1892px) 100vw, 1892px\" \/><\/a><\/figure><\/div>\n\n\n<p>Une fen\u00eatre de dialogue s&rsquo;ouvre. Rechercher le lecteur pour qui il sera mandataire :<\/p>\n\n\n<div class=\"wp-block-image\">\n<figure class=\"aligncenter\"><a href=\"http:\/\/rebub.u-bordeaux.fr\/wp-content\/uploads\/2019\/06\/Mandataire_fenetre-recherche-mandataire.png\" target=\"_blank\" rel=\"noopener noreferrer\"><img decoding=\"async\" loading=\"lazy\" width=\"1551\" height=\"709\" src=\"http:\/\/rebub.u-bordeaux.fr\/wp-content\/uploads\/2019\/06\/Mandataire_fenetre-recherche-mandataire.png\" alt=\"\" class=\"wp-image-6305\" srcset=\"https:\/\/rebub.u-bordeaux.fr\/wp-content\/uploads\/2019\/06\/Mandataire_fenetre-recherche-mandataire.png 1551w, https:\/\/rebub.u-bordeaux.fr\/wp-content\/uploads\/2019\/06\/Mandataire_fenetre-recherche-mandataire-300x137.png 300w, https:\/\/rebub.u-bordeaux.fr\/wp-content\/uploads\/2019\/06\/Mandataire_fenetre-recherche-mandataire-768x351.png 768w, https:\/\/rebub.u-bordeaux.fr\/wp-content\/uploads\/2019\/06\/Mandataire_fenetre-recherche-mandataire-1024x468.png 1024w\" sizes=\"(max-width: 1551px) 100vw, 1551px\" \/><\/a><\/figure><\/div>\n\n\n<p>Une fois le lecteur trouv\u00e9, cliquer sur le bouton \u00ab\u00a0Ajouter un utilisateur\u00a0\u00bb :<\/p>\n\n\n<div class=\"wp-block-image\">\n<figure class=\"aligncenter\"><a href=\"http:\/\/rebub.u-bordeaux.fr\/wp-content\/uploads\/2019\/06\/Mandataire_fenetre-recherche-mandataire_bouton-ajouter-un-utilisateur.png\" target=\"_blank\" rel=\"noopener noreferrer\"><img decoding=\"async\" loading=\"lazy\" width=\"1559\" height=\"820\" src=\"http:\/\/rebub.u-bordeaux.fr\/wp-content\/uploads\/2019\/06\/Mandataire_fenetre-recherche-mandataire_bouton-ajouter-un-utilisateur.png\" alt=\"\" class=\"wp-image-6306\" srcset=\"https:\/\/rebub.u-bordeaux.fr\/wp-content\/uploads\/2019\/06\/Mandataire_fenetre-recherche-mandataire_bouton-ajouter-un-utilisateur.png 1559w, https:\/\/rebub.u-bordeaux.fr\/wp-content\/uploads\/2019\/06\/Mandataire_fenetre-recherche-mandataire_bouton-ajouter-un-utilisateur-300x158.png 300w, https:\/\/rebub.u-bordeaux.fr\/wp-content\/uploads\/2019\/06\/Mandataire_fenetre-recherche-mandataire_bouton-ajouter-un-utilisateur-768x404.png 768w, https:\/\/rebub.u-bordeaux.fr\/wp-content\/uploads\/2019\/06\/Mandataire_fenetre-recherche-mandataire_bouton-ajouter-un-utilisateur-1024x539.png 1024w\" sizes=\"(max-width: 1559px) 100vw, 1559px\" \/><\/a><\/figure><\/div>\n\n\n<p>Une ligne appara\u00eet dans l&rsquo;onglet \u00ab\u00a0Mandataire pour\u00a0\u00bb. Cliquer sur \u00ab\u00a0Enregistrer\u00a0\u00bb pour terminer :<\/p>\n\n\n<div class=\"wp-block-image\">\n<figure class=\"aligncenter\"><a href=\"http:\/\/rebub.u-bordeaux.fr\/wp-content\/uploads\/2019\/06\/Mandataire_ligne-mandataire-pour-cr\u00e9\u00e9e.png\" target=\"_blank\" rel=\"noopener noreferrer\"><img decoding=\"async\" loading=\"lazy\" width=\"1554\" height=\"797\" src=\"http:\/\/rebub.u-bordeaux.fr\/wp-content\/uploads\/2019\/06\/Mandataire_ligne-mandataire-pour-cr\u00e9\u00e9e.png\" alt=\"\" class=\"wp-image-6307\" srcset=\"https:\/\/rebub.u-bordeaux.fr\/wp-content\/uploads\/2019\/06\/Mandataire_ligne-mandataire-pour-cr\u00e9\u00e9e.png 1554w, https:\/\/rebub.u-bordeaux.fr\/wp-content\/uploads\/2019\/06\/Mandataire_ligne-mandataire-pour-cr\u00e9\u00e9e-300x154.png 300w, https:\/\/rebub.u-bordeaux.fr\/wp-content\/uploads\/2019\/06\/Mandataire_ligne-mandataire-pour-cr\u00e9\u00e9e-768x394.png 768w, https:\/\/rebub.u-bordeaux.fr\/wp-content\/uploads\/2019\/06\/Mandataire_ligne-mandataire-pour-cr\u00e9\u00e9e-1024x525.png 1024w\" sizes=\"(max-width: 1554px) 100vw, 1554px\" \/><\/a><\/figure><\/div>\n\n\n<h2 id=\"stoc-gerer-le-mandataire-en-service-aux-usagers\" class=\"wpig-heading\">G\u00e9rer le mandataire en service aux usagers<\/h2>\n\n\n\n<p>Lorsqu&rsquo;un mandataire se pr\u00e9sente en service public, scanner sa carte, cocher le bouton \u00ab\u00a0Mandataire pour\u00a0\u00bb puis cliquer sur le bouton\u00a0<img decoding=\"async\" loading=\"lazy\" width=\"41\" height=\"30\" class=\"wp-image-3465 alignnone\" src=\"http:\/\/rebub.u-bordeaux.fr\/wp-content\/uploads\/2018\/06\/bouton-ok.jpg\" alt=\"\"> :<\/p>\n\n\n<div class=\"wp-block-image\">\n<figure class=\"aligncenter size-large\"><img decoding=\"async\" loading=\"lazy\" width=\"1024\" height=\"182\" src=\"https:\/\/rebub.u-bordeaux.fr\/wp-content\/uploads\/2025\/02\/Capture-01_Gerer-un-mandataire-1024x182.png\" alt=\"\" class=\"wp-image-23240\" srcset=\"https:\/\/rebub.u-bordeaux.fr\/wp-content\/uploads\/2025\/02\/Capture-01_Gerer-un-mandataire-1024x182.png 1024w, https:\/\/rebub.u-bordeaux.fr\/wp-content\/uploads\/2025\/02\/Capture-01_Gerer-un-mandataire-300x53.png 300w, https:\/\/rebub.u-bordeaux.fr\/wp-content\/uploads\/2025\/02\/Capture-01_Gerer-un-mandataire-768x136.png 768w, https:\/\/rebub.u-bordeaux.fr\/wp-content\/uploads\/2025\/02\/Capture-01_Gerer-un-mandataire-1536x273.png 1536w, https:\/\/rebub.u-bordeaux.fr\/wp-content\/uploads\/2025\/02\/Capture-01_Gerer-un-mandataire.png 2044w\" sizes=\"(max-width: 1024px) 100vw, 1024px\" \/><\/figure><\/div>\n\n\n<p>Le nom de la personne pour qui il est mandataire appara\u00eet :<\/p>\n\n\n<div class=\"wp-block-image\">\n<figure class=\"aligncenter\"><a href=\"http:\/\/rebub.u-bordeaux.fr\/wp-content\/uploads\/2019\/06\/Mandataire_service-aux-usagers_mandataire-retrouv\u00e9.png\" target=\"_blank\" rel=\"noopener noreferrer\"><img decoding=\"async\" loading=\"lazy\" width=\"1898\" height=\"888\" src=\"http:\/\/rebub.u-bordeaux.fr\/wp-content\/uploads\/2019\/06\/Mandataire_service-aux-usagers_mandataire-retrouv\u00e9.png\" alt=\"\" class=\"wp-image-6309\" srcset=\"https:\/\/rebub.u-bordeaux.fr\/wp-content\/uploads\/2019\/06\/Mandataire_service-aux-usagers_mandataire-retrouv\u00e9.png 1898w, https:\/\/rebub.u-bordeaux.fr\/wp-content\/uploads\/2019\/06\/Mandataire_service-aux-usagers_mandataire-retrouv\u00e9-300x140.png 300w, https:\/\/rebub.u-bordeaux.fr\/wp-content\/uploads\/2019\/06\/Mandataire_service-aux-usagers_mandataire-retrouv\u00e9-768x359.png 768w, https:\/\/rebub.u-bordeaux.fr\/wp-content\/uploads\/2019\/06\/Mandataire_service-aux-usagers_mandataire-retrouv\u00e9-1024x479.png 1024w\" sizes=\"(max-width: 1898px) 100vw, 1898px\" \/><\/a><\/figure><\/div>\n\n\n<div class=\"is-layout-flex wp-container-7 wp-block-columns bord-bloc-reutilisable has-background\" style=\"background-color:#ffeec2\">\n<div class=\"is-layout-flow wp-block-column is-vertically-aligned-center\" style=\"flex-basis:7%\">\n<figure class=\"wp-block-image alignfull size-full is-style-default\"><img decoding=\"async\" loading=\"lazy\" width=\"512\" height=\"512\" src=\"https:\/\/rebub.u-bordeaux.fr\/wp-content\/uploads\/2024\/04\/nouvelles-idees-en-cours.png\" alt=\"\" class=\"wp-image-19897\" srcset=\"https:\/\/rebub.u-bordeaux.fr\/wp-content\/uploads\/2024\/04\/nouvelles-idees-en-cours.png 512w, https:\/\/rebub.u-bordeaux.fr\/wp-content\/uploads\/2024\/04\/nouvelles-idees-en-cours-300x300.png 300w, https:\/\/rebub.u-bordeaux.fr\/wp-content\/uploads\/2024\/04\/nouvelles-idees-en-cours-150x150.png 150w\" sizes=\"(max-width: 512px) 100vw, 512px\" \/><\/figure>\n<\/div>\n\n\n\n<div class=\"is-layout-flow wp-block-column is-vertically-aligned-center\" style=\"flex-basis:85%\">\n<p><strong>Note<\/strong> : Si le lecteur est mandataire pour plusieurs personnes, cliquer sur le liste pour choisir la personne concern\u00e9e par le pr\u00eat.<\/p>\n<\/div>\n<\/div>\n\n\n\n<p>Cliquer sur le bouton&nbsp; <img decoding=\"async\" loading=\"lazy\" class=\"wp-image-3465 alignnone\" src=\"http:\/\/rebub.u-bordeaux.fr\/wp-content\/uploads\/2018\/06\/bouton-ok.jpg\" alt=\"\" width=\"41\" height=\"30\"> :<\/p>\n\n\n<div class=\"wp-block-image\">\n<figure class=\"aligncenter\"><a href=\"http:\/\/rebub.u-bordeaux.fr\/wp-content\/uploads\/2019\/06\/Mandataire_service-aux-usagers_mandataire-retrouv\u00e9_bouton-ok.png\" target=\"_blank\" rel=\"noopener noreferrer\"><img decoding=\"async\" loading=\"lazy\" width=\"1895\" height=\"887\" src=\"http:\/\/rebub.u-bordeaux.fr\/wp-content\/uploads\/2019\/06\/Mandataire_service-aux-usagers_mandataire-retrouv\u00e9_bouton-ok.png\" alt=\"\" class=\"wp-image-6310\" srcset=\"https:\/\/rebub.u-bordeaux.fr\/wp-content\/uploads\/2019\/06\/Mandataire_service-aux-usagers_mandataire-retrouv\u00e9_bouton-ok.png 1895w, https:\/\/rebub.u-bordeaux.fr\/wp-content\/uploads\/2019\/06\/Mandataire_service-aux-usagers_mandataire-retrouv\u00e9_bouton-ok-300x140.png 300w, https:\/\/rebub.u-bordeaux.fr\/wp-content\/uploads\/2019\/06\/Mandataire_service-aux-usagers_mandataire-retrouv\u00e9_bouton-ok-768x359.png 768w, https:\/\/rebub.u-bordeaux.fr\/wp-content\/uploads\/2019\/06\/Mandataire_service-aux-usagers_mandataire-retrouv\u00e9_bouton-ok-1024x479.png 1024w\" sizes=\"(max-width: 1895px) 100vw, 1895px\" \/><\/a><\/figure><\/div>\n\n\n<p>S&rsquo;ouvre alors le compte du lecteur pour qui il est mandataire.<\/p>\n\n\n<div class=\"wp-block-image\">\n<figure class=\"aligncenter\"><a href=\"http:\/\/rebub.u-bordeaux.fr\/wp-content\/uploads\/2019\/06\/Mandataire_service-aux-usagers_compte-lecteur-mandat\u00e9.png\" target=\"_blank\" rel=\"noopener noreferrer\"><img decoding=\"async\" loading=\"lazy\" width=\"1560\" height=\"766\" src=\"http:\/\/rebub.u-bordeaux.fr\/wp-content\/uploads\/2019\/06\/Mandataire_service-aux-usagers_compte-lecteur-mandat\u00e9.png\" alt=\"\" class=\"wp-image-6311\" srcset=\"https:\/\/rebub.u-bordeaux.fr\/wp-content\/uploads\/2019\/06\/Mandataire_service-aux-usagers_compte-lecteur-mandat\u00e9.png 1560w, https:\/\/rebub.u-bordeaux.fr\/wp-content\/uploads\/2019\/06\/Mandataire_service-aux-usagers_compte-lecteur-mandat\u00e9-300x147.png 300w, https:\/\/rebub.u-bordeaux.fr\/wp-content\/uploads\/2019\/06\/Mandataire_service-aux-usagers_compte-lecteur-mandat\u00e9-768x377.png 768w, https:\/\/rebub.u-bordeaux.fr\/wp-content\/uploads\/2019\/06\/Mandataire_service-aux-usagers_compte-lecteur-mandat\u00e9-1024x503.png 1024w\" sizes=\"(max-width: 1560px) 100vw, 1560px\" \/><\/a><\/figure><\/div>\n\n\n<p>Il ne reste plus qu&rsquo;\u00e0 r\u00e9aliser le pr\u00eat de document.<\/p>\n\n\n\n<p>Une fois le pr\u00eat enregistr\u00e9, un mail est envoy\u00e9 au \u00ab\u00a0v\u00e9ritable emprunteur\u00a0\u00bb.<\/p>\n\n\n\n<div class=\"is-layout-flex wp-container-13 wp-block-columns bord-bloc-reutilisable has-background\" style=\"background-color:#d9edf7\">\n<div class=\"is-layout-flow wp-block-column is-vertically-aligned-center\" style=\"font-size:15px;flex-basis:20%\">\n<p style=\"font-size:15px\"><strong>Date de publication<\/strong> <\/p>\n\n\n<div style=\"font-size:15px;\" class=\"wp-block-post-date\"><time datetime=\"2024-03-22T09:32:35+01:00\">22 mars 2024<\/time><\/div><\/div>\n\n\n\n<div class=\"is-layout-flow wp-block-column is-vertically-aligned-center\" style=\"font-size:15px;flex-basis:20%\">\n<p><strong>Mis \u00e0 jour le <\/strong><\/p>\n\n\n<div style=\"font-size:15px;\" class=\"wp-block-post-date\"><time datetime=\"2025-02-03T15:36:49+01:00\">3 f\u00e9vrier 2025<\/time><\/div><\/div>\n\n\n\n<div class=\"is-layout-flow wp-block-column is-vertically-aligned-center\" style=\"font-size:15px;flex-basis:40%\">\n<p><\/p>\n\n\n\n<p><strong>Attention ! <\/strong>Certains \u00e9tablissements utilisent parfois de proc\u00e9dures compl\u00e9mentaires <\/p>\n<\/div>\n\n\n\n<div class=\"is-layout-flow wp-block-column is-vertically-aligned-center\" style=\"font-size:15px;flex-basis:25%\">\n<div class=\"is-horizontal is-content-justification-center is-layout-flex wp-container-11 wp-block-buttons alignfull has-custom-font-size\" style=\"font-size:16px\">\n<div class=\"wp-block-button has-custom-width wp-block-button__width-75 has-custom-font-size is-style-fill\" style=\"font-size:15px\"><a class=\"wp-block-button__link has-white-color has-text-color has-background wp-element-button\" href=\"mailto:scoop@u-bordeaux.fr\" style=\"border-radius:65px;background-color:#000000db\"><strong>Signaler une erreur<\/strong><\/a><\/div>\n<\/div>\n<\/div>\n<\/div>\n","protected":false},"excerpt":{"rendered":"<p>Table des mati\u00e8res[ Show ]Param\u00e9trer le compte du mandataireG\u00e9rer le mandataire en service aux usagersAttention ! Cette proc\u00e9dure s&rsquo;applique uniquement dans les biblioth\u00e8ques de l&rsquo;Universit\u00e9 de Bordeaux. Cette proc\u00e9dure fait suite \u00e0 la mise en place d&rsquo;un nouveau service depuis&#8230;<\/p>\n","protected":false},"author":46,"featured_media":0,"parent":18469,"menu_order":7,"comment_status":"closed","ping_status":"closed","template":"","meta":[],"post_mailing_queue_ids":[],"_links":{"self":[{"href":"https:\/\/rebub.u-bordeaux.fr\/index.php\/wp-json\/wp\/v2\/pages\/18508"}],"collection":[{"href":"https:\/\/rebub.u-bordeaux.fr\/index.php\/wp-json\/wp\/v2\/pages"}],"about":[{"href":"https:\/\/rebub.u-bordeaux.fr\/index.php\/wp-json\/wp\/v2\/types\/page"}],"author":[{"embeddable":true,"href":"https:\/\/rebub.u-bordeaux.fr\/index.php\/wp-json\/wp\/v2\/users\/46"}],"replies":[{"embeddable":true,"href":"https:\/\/rebub.u-bordeaux.fr\/index.php\/wp-json\/wp\/v2\/comments?post=18508"}],"version-history":[{"count":4,"href":"https:\/\/rebub.u-bordeaux.fr\/index.php\/wp-json\/wp\/v2\/pages\/18508\/revisions"}],"predecessor-version":[{"id":23242,"href":"https:\/\/rebub.u-bordeaux.fr\/index.php\/wp-json\/wp\/v2\/pages\/18508\/revisions\/23242"}],"up":[{"embeddable":true,"href":"https:\/\/rebub.u-bordeaux.fr\/index.php\/wp-json\/wp\/v2\/pages\/18469"}],"wp:attachment":[{"href":"https:\/\/rebub.u-bordeaux.fr\/index.php\/wp-json\/wp\/v2\/media?parent=18508"}],"curies":[{"name":"wp","href":"https:\/\/api.w.org\/{rel}","templated":true}]}}