	{"id":18563,"date":"2024-03-22T09:33:09","date_gmt":"2024-03-22T08:33:09","guid":{"rendered":"https:\/\/rebub.u-bordeaux.fr\/?page_id=18563"},"modified":"2024-04-22T14:20:53","modified_gmt":"2024-04-22T12:20:53","slug":"editer-un-registre-des-elements-pilonnes","status":"publish","type":"page","link":"https:\/\/rebub.u-bordeaux.fr\/index.php\/alma\/procedures\/gestion-des-ressources\/exemplaires-holding\/editer-un-registre-des-elements-pilonnes\/","title":{"rendered":"\u00c9diter un registre des \u00e9l\u00e9ments pilonn\u00e9s"},"content":{"rendered":"<div id='wpig-floatingbar' class='wpig-floatingbar'><div id='wpig-switch-wrapper' class='wpig-switch-wrapper'><span id='wpig-floating-switch' class='wpig-floating-switch'><img src='https:\/\/rebub.u-bordeaux.fr\/wp-content\/plugins\/sticky-toc-advance-table-of-contents\/\\assets\\menu.png'><\/span><\/div><\/div><p><\/p>\n<p>Pour obtenir la liste des ouvrages pilonn\u00e9s sur une p\u00e9riode donn\u00e9e&nbsp;:<\/p>\n\n\n\n<p>S\u00e9lectionner menu Analytique puis Liste des exemplaires supprim\u00e9s.<\/p>\n\n\n<div class=\"wp-block-image\">\n<figure class=\"aligncenter\"><a href=\"http:\/\/rebub.u-bordeaux.fr\/wp-content\/uploads\/2020\/02\/Exemplaires_Supprimes.png\" target=\"_blank\" rel=\"noopener noreferrer\"><img decoding=\"async\" loading=\"lazy\" width=\"616\" height=\"388\" src=\"http:\/\/rebub.u-bordeaux.fr\/wp-content\/uploads\/2020\/02\/Exemplaires_Supprimes.png\" alt=\"\" class=\"wp-image-8142\" srcset=\"https:\/\/rebub.u-bordeaux.fr\/wp-content\/uploads\/2020\/02\/Exemplaires_Supprimes.png 616w, https:\/\/rebub.u-bordeaux.fr\/wp-content\/uploads\/2020\/02\/Exemplaires_Supprimes-300x189.png 300w\" sizes=\"(max-width: 616px) 100vw, 616px\" \/><\/a><\/figure><\/div>\n\n\n<div class=\"is-layout-constrained wp-block-group bord-bloc-reutilisable\"><div class=\"wp-block-group__inner-container\">\n<div class=\"is-layout-flex wp-container-3 wp-block-columns alignfull bord-bloc-reutilisable has-background\" style=\"background-color:#ff303047\">\n<div class=\"is-layout-flow wp-block-column is-vertically-aligned-center\" style=\"flex-basis:7%\">\n<figure class=\"wp-block-image alignfull size-full\"><img decoding=\"async\" loading=\"lazy\" width=\"512\" height=\"512\" src=\"https:\/\/rebub.u-bordeaux.fr\/wp-content\/uploads\/2024\/04\/point-dexclamation.png\" alt=\"\" class=\"wp-image-19898\" srcset=\"https:\/\/rebub.u-bordeaux.fr\/wp-content\/uploads\/2024\/04\/point-dexclamation.png 512w, https:\/\/rebub.u-bordeaux.fr\/wp-content\/uploads\/2024\/04\/point-dexclamation-300x300.png 300w, https:\/\/rebub.u-bordeaux.fr\/wp-content\/uploads\/2024\/04\/point-dexclamation-150x150.png 150w\" sizes=\"(max-width: 512px) 100vw, 512px\" \/><\/figure>\n<\/div>\n\n\n\n<div class=\"is-layout-flow wp-block-column is-vertically-aligned-center\" style=\"flex-basis:85%\">\n<p><strong>Attention !<\/strong> Si le pilon a lieu un jour J, il faut attendre J+1 pour obtenir une liste actualis\u00e9e.<\/p>\n<\/div>\n<\/div>\n<\/div><\/div>\n\n\n\n<p>S\u00e9lectionner les \u00e9l\u00e9ments souhait\u00e9s (Biblioth\u00e8que, Localisation, Intervalle de dates).<\/p>\n\n\n\n<p class=\"has-text-align-center\"><img decoding=\"async\" loading=\"lazy\" class=\"alignnone wp-image-8143 size-full\" src=\"http:\/\/rebub.u-bordeaux.fr\/wp-content\/uploads\/2020\/02\/Affiner_Perimetre_Requete.png\" alt=\"\" width=\"544\" height=\"266\" srcset=\"https:\/\/rebub.u-bordeaux.fr\/wp-content\/uploads\/2020\/02\/Affiner_Perimetre_Requete.png 544w, https:\/\/rebub.u-bordeaux.fr\/wp-content\/uploads\/2020\/02\/Affiner_Perimetre_Requete-300x147.png 300w\" sizes=\"(max-width: 544px) 100vw, 544px\" \/><\/p>\n\n\n\n<p><span style=\"font-size: 11.0pt;\">On obtient la liste des exemplaires supprim\u00e9s. <\/span><\/p>\n\n\n\n<figure class=\"wp-block-image\"><a href=\"http:\/\/rebub.u-bordeaux.fr\/wp-content\/uploads\/2020\/02\/Liste_Exemplaires_Supprimes.png\" target=\"_blank\" rel=\"noopener noreferrer\"><img decoding=\"async\" loading=\"lazy\" width=\"1340\" height=\"335\" src=\"http:\/\/rebub.u-bordeaux.fr\/wp-content\/uploads\/2020\/02\/Liste_Exemplaires_Supprimes.png\" alt=\"\" class=\"wp-image-8144\" srcset=\"https:\/\/rebub.u-bordeaux.fr\/wp-content\/uploads\/2020\/02\/Liste_Exemplaires_Supprimes.png 1340w, https:\/\/rebub.u-bordeaux.fr\/wp-content\/uploads\/2020\/02\/Liste_Exemplaires_Supprimes-300x75.png 300w, https:\/\/rebub.u-bordeaux.fr\/wp-content\/uploads\/2020\/02\/Liste_Exemplaires_Supprimes-1024x256.png 1024w, https:\/\/rebub.u-bordeaux.fr\/wp-content\/uploads\/2020\/02\/Liste_Exemplaires_Supprimes-768x192.png 768w\" sizes=\"(max-width: 1340px) 100vw, 1340px\" \/><\/a><\/figure>\n\n\n\n<p><span style=\"font-size: 11.0pt;\">Exporter la liste dans un tableur (en bas de la liste, possibilit\u00e9 d\u2019actualiser, d\u2019imprimer, d\u2019exporter ).<\/span><\/p>\n\n\n\n<figure class=\"wp-block-image\"><a href=\"http:\/\/rebub.u-bordeaux.fr\/wp-content\/uploads\/2020\/02\/Exporter_Liste.png\" target=\"_blank\" rel=\"noopener noreferrer\"><img decoding=\"async\" loading=\"lazy\" width=\"1080\" height=\"118\" src=\"http:\/\/rebub.u-bordeaux.fr\/wp-content\/uploads\/2020\/02\/Exporter_Liste.png\" alt=\"\" class=\"wp-image-8145\" srcset=\"https:\/\/rebub.u-bordeaux.fr\/wp-content\/uploads\/2020\/02\/Exporter_Liste.png 1080w, https:\/\/rebub.u-bordeaux.fr\/wp-content\/uploads\/2020\/02\/Exporter_Liste-300x33.png 300w, https:\/\/rebub.u-bordeaux.fr\/wp-content\/uploads\/2020\/02\/Exporter_Liste-1024x112.png 1024w, https:\/\/rebub.u-bordeaux.fr\/wp-content\/uploads\/2020\/02\/Exporter_Liste-768x84.png 768w\" sizes=\"(max-width: 1080px) 100vw, 1080px\" \/><\/a><\/figure>\n\n\n\n<p><span style=\"font-size: 11.0pt;\">Cliquer sur Exporter et choisir Excel.<\/span><\/p>\n\n\n<div class=\"wp-block-image\">\n<figure class=\"aligncenter\"><a href=\"http:\/\/rebub.u-bordeaux.fr\/wp-content\/uploads\/2020\/02\/Exporter_Liste_2.png\" target=\"_blank\" rel=\"noopener noreferrer\"><img decoding=\"async\" loading=\"lazy\" width=\"484\" height=\"210\" src=\"http:\/\/rebub.u-bordeaux.fr\/wp-content\/uploads\/2020\/02\/Exporter_Liste_2.png\" alt=\"\" class=\"wp-image-8146\" srcset=\"https:\/\/rebub.u-bordeaux.fr\/wp-content\/uploads\/2020\/02\/Exporter_Liste_2.png 484w, https:\/\/rebub.u-bordeaux.fr\/wp-content\/uploads\/2020\/02\/Exporter_Liste_2-300x130.png 300w\" sizes=\"(max-width: 484px) 100vw, 484px\" \/><\/a><\/figure><\/div>\n\n\n<p><span style=\"font-size: 11.0pt;\">La liste ainsi obtenue est \u00e0 retravailler (ajouts de colonnes, etc.) et peut \u00e9ventuellement \u00eatre nettoy\u00e9e. <\/span><\/p>\n\n\n\n<figure class=\"wp-block-image\"><a href=\"http:\/\/rebub.u-bordeaux.fr\/wp-content\/uploads\/2020\/02\/Liste_Retravaill%C3%A9e.png\" target=\"_blank\" rel=\"noopener noreferrer\"><img decoding=\"async\" loading=\"lazy\" width=\"1340\" height=\"712\" src=\"http:\/\/rebub.u-bordeaux.fr\/wp-content\/uploads\/2020\/02\/Liste_Retravaill\u00e9e.png\" alt=\"\" class=\"wp-image-8147\" srcset=\"https:\/\/rebub.u-bordeaux.fr\/wp-content\/uploads\/2020\/02\/Liste_Retravaill\u00e9e.png 1340w, https:\/\/rebub.u-bordeaux.fr\/wp-content\/uploads\/2020\/02\/Liste_Retravaill\u00e9e-300x159.png 300w, https:\/\/rebub.u-bordeaux.fr\/wp-content\/uploads\/2020\/02\/Liste_Retravaill\u00e9e-1024x544.png 1024w, https:\/\/rebub.u-bordeaux.fr\/wp-content\/uploads\/2020\/02\/Liste_Retravaill\u00e9e-768x408.png 768w\" sizes=\"(max-width: 1340px) 100vw, 1340px\" \/><\/a><\/figure>\n\n\n\n<p><span style=\"font-size: 11.0pt;\">L\u2019\u00e9dition de ces listes peut se r\u00e9v\u00e9ler relativement longue : il peut \u00eatre souhaitable de les \u00e9diter r\u00e9guli\u00e8rement.<\/span><\/p>\n\n\n\n<div class=\"is-layout-flex wp-container-10 wp-block-columns bord-bloc-reutilisable has-background\" style=\"background-color:#d9edf7\">\n<div class=\"is-layout-flow wp-block-column is-vertically-aligned-center\" style=\"font-size:15px;flex-basis:20%\">\n<p style=\"font-size:15px\"><strong>Date de publication<\/strong> <\/p>\n\n\n<div style=\"font-size:15px;\" class=\"wp-block-post-date\"><time datetime=\"2024-03-22T09:33:09+01:00\">22 mars 2024<\/time><\/div><\/div>\n\n\n\n<div class=\"is-layout-flow wp-block-column is-vertically-aligned-center\" style=\"font-size:15px;flex-basis:20%\">\n<p><strong>Mis \u00e0 jour le <\/strong><\/p>\n\n\n<div style=\"font-size:15px;\" class=\"wp-block-post-date\"><time datetime=\"2024-04-22T14:20:53+02:00\">22 avril 2024<\/time><\/div><\/div>\n\n\n\n<div class=\"is-layout-flow wp-block-column is-vertically-aligned-center\" style=\"font-size:15px;flex-basis:40%\">\n<p><\/p>\n\n\n\n<p><strong>Attention ! <\/strong>Certains \u00e9tablissements utilisent parfois de proc\u00e9dures compl\u00e9mentaires <\/p>\n<\/div>\n\n\n\n<div class=\"is-layout-flow wp-block-column is-vertically-aligned-center\" style=\"font-size:15px;flex-basis:25%\">\n<div class=\"is-horizontal is-content-justification-center is-layout-flex wp-container-8 wp-block-buttons alignfull has-custom-font-size\" style=\"font-size:16px\">\n<div class=\"wp-block-button has-custom-width wp-block-button__width-75 has-custom-font-size is-style-fill\" style=\"font-size:15px\"><a class=\"wp-block-button__link has-white-color has-text-color has-background wp-element-button\" href=\"mailto:scoop@u-bordeaux.fr\" style=\"border-radius:65px;background-color:#000000db\"><strong>Signaler une erreur<\/strong><\/a><\/div>\n<\/div>\n<\/div>\n<\/div>\n","protected":false},"excerpt":{"rendered":"<p>Pour obtenir la liste des ouvrages pilonn\u00e9s sur une p\u00e9riode donn\u00e9e&nbsp;: S\u00e9lectionner menu Analytique puis Liste des exemplaires supprim\u00e9s. Attention ! Si le pilon a lieu un jour J, il faut attendre J+1 pour obtenir une liste actualis\u00e9e. S\u00e9lectionner les&#8230;<\/p>\n","protected":false},"author":46,"featured_media":4793,"parent":18539,"menu_order":12,"comment_status":"closed","ping_status":"closed","template":"","meta":[],"post_mailing_queue_ids":[],"_links":{"self":[{"href":"https:\/\/rebub.u-bordeaux.fr\/index.php\/wp-json\/wp\/v2\/pages\/18563"}],"collection":[{"href":"https:\/\/rebub.u-bordeaux.fr\/index.php\/wp-json\/wp\/v2\/pages"}],"about":[{"href":"https:\/\/rebub.u-bordeaux.fr\/index.php\/wp-json\/wp\/v2\/types\/page"}],"author":[{"embeddable":true,"href":"https:\/\/rebub.u-bordeaux.fr\/index.php\/wp-json\/wp\/v2\/users\/46"}],"replies":[{"embeddable":true,"href":"https:\/\/rebub.u-bordeaux.fr\/index.php\/wp-json\/wp\/v2\/comments?post=18563"}],"version-history":[{"count":4,"href":"https:\/\/rebub.u-bordeaux.fr\/index.php\/wp-json\/wp\/v2\/pages\/18563\/revisions"}],"predecessor-version":[{"id":20383,"href":"https:\/\/rebub.u-bordeaux.fr\/index.php\/wp-json\/wp\/v2\/pages\/18563\/revisions\/20383"}],"up":[{"embeddable":true,"href":"https:\/\/rebub.u-bordeaux.fr\/index.php\/wp-json\/wp\/v2\/pages\/18539"}],"wp:featuredmedia":[{"embeddable":true,"href":"https:\/\/rebub.u-bordeaux.fr\/index.php\/wp-json\/wp\/v2\/media\/4793"}],"wp:attachment":[{"href":"https:\/\/rebub.u-bordeaux.fr\/index.php\/wp-json\/wp\/v2\/media?parent=18563"}],"curies":[{"name":"wp","href":"https:\/\/api.w.org\/{rel}","templated":true}]}}