	{"id":18567,"date":"2024-03-22T09:33:07","date_gmt":"2024-03-22T08:33:07","guid":{"rendered":"https:\/\/rebub.u-bordeaux.fr\/?page_id=18567"},"modified":"2025-02-24T10:39:32","modified_gmt":"2025-02-24T09:39:32","slug":"basculer-un-exemplaire-en-statut-manquant","status":"publish","type":"page","link":"https:\/\/rebub.u-bordeaux.fr\/index.php\/alma\/procedures\/gestion-des-ressources\/exemplaires-holding\/basculer-un-exemplaire-en-statut-manquant\/","title":{"rendered":"Basculer un exemplaire en statut manquant"},"content":{"rendered":"<div id='wpig-floatingbar' class='wpig-floatingbar'><div id='wpig-switch-wrapper' class='wpig-switch-wrapper'><span id='wpig-floating-switch' class='wpig-floating-switch'><img src='https:\/\/rebub.u-bordeaux.fr\/wp-content\/plugins\/sticky-toc-advance-table-of-contents\/\\assets\\menu.png'><\/span><\/div><\/div><p><\/p>\n<p>Cette proc\u00e9dure va vous permettre de changer le statut d&rsquo;un exemplaire en \u00ab\u00a0manquant\u00a0\u00bb.<\/p>\n\n\n\n<p>Cherchez le titre du document dans la barre de recherche via l&rsquo;index \u00ab\u00a0Tous les titres\u00a0\u00bb et le sous-index \u00ab\u00a0Mots-cl\u00e9s\u00a0\u00bb :<\/p>\n\n\n\n<figure class=\"wp-block-image size-large is-resized\"><img decoding=\"async\" loading=\"lazy\" src=\"https:\/\/rebub.u-bordeaux.fr\/wp-content\/uploads\/2025\/02\/manquant-recherche-1024x101.png\" alt=\"\" class=\"wp-image-23342\" width=\"845\" height=\"82\" srcset=\"https:\/\/rebub.u-bordeaux.fr\/wp-content\/uploads\/2025\/02\/manquant-recherche-1024x101.png 1024w, https:\/\/rebub.u-bordeaux.fr\/wp-content\/uploads\/2025\/02\/manquant-recherche-300x30.png 300w, https:\/\/rebub.u-bordeaux.fr\/wp-content\/uploads\/2025\/02\/manquant-recherche-768x76.png 768w, https:\/\/rebub.u-bordeaux.fr\/wp-content\/uploads\/2025\/02\/manquant-recherche.png 1802w\" sizes=\"(max-width: 845px) 100vw, 845px\" \/><\/figure>\n\n\n\n<p>Sur la page de r\u00e9sultats, depuis la notice du document, cliquez sur le bouton <img decoding=\"async\" loading=\"lazy\" width=\"30\" height=\"20\" class=\"alignnone wp-image-3417\" src=\"http:\/\/rebub.u-bordeaux.fr\/wp-content\/uploads\/2018\/06\/bouton-actions-suppl\u00e9mentaires.jpg\" alt=\"\"> :<\/p>\n\n\n\n<figure class=\"wp-block-image size-large\"><img decoding=\"async\" loading=\"lazy\" width=\"1024\" height=\"407\" src=\"https:\/\/rebub.u-bordeaux.fr\/wp-content\/uploads\/2025\/02\/manquant-notice-1024x407.png\" alt=\"\" class=\"wp-image-23343\" srcset=\"https:\/\/rebub.u-bordeaux.fr\/wp-content\/uploads\/2025\/02\/manquant-notice-1024x407.png 1024w, https:\/\/rebub.u-bordeaux.fr\/wp-content\/uploads\/2025\/02\/manquant-notice-300x119.png 300w, https:\/\/rebub.u-bordeaux.fr\/wp-content\/uploads\/2025\/02\/manquant-notice-768x305.png 768w, https:\/\/rebub.u-bordeaux.fr\/wp-content\/uploads\/2025\/02\/manquant-notice.png 1391w\" sizes=\"(max-width: 1024px) 100vw, 1024px\" \/><\/figure>\n\n\n\n<p>Un menu s&rsquo;ouvre, allez sur \u00ab\u00a0Voir exemplaires\u00a0\u00bb :<\/p>\n\n\n\n<figure class=\"wp-block-image size-large\"><img decoding=\"async\" loading=\"lazy\" width=\"1024\" height=\"402\" src=\"https:\/\/rebub.u-bordeaux.fr\/wp-content\/uploads\/2025\/02\/manquant-voirex-1024x402.png\" alt=\"\" class=\"wp-image-23344\" srcset=\"https:\/\/rebub.u-bordeaux.fr\/wp-content\/uploads\/2025\/02\/manquant-voirex-1024x402.png 1024w, https:\/\/rebub.u-bordeaux.fr\/wp-content\/uploads\/2025\/02\/manquant-voirex-300x118.png 300w, https:\/\/rebub.u-bordeaux.fr\/wp-content\/uploads\/2025\/02\/manquant-voirex-768x301.png 768w, https:\/\/rebub.u-bordeaux.fr\/wp-content\/uploads\/2025\/02\/manquant-voirex.png 1397w\" sizes=\"(max-width: 1024px) 100vw, 1024px\" \/><\/figure>\n\n\n\n<p>Un volet se d\u00e9plie sur la droite, cliquez sur le bouton <img decoding=\"async\" loading=\"lazy\" width=\"30\" height=\"20\" class=\"alignnone wp-image-3417\" src=\"http:\/\/rebub.u-bordeaux.fr\/wp-content\/uploads\/2018\/06\/bouton-actions-suppl\u00e9mentaires.jpg\" alt=\"\"><\/p>\n\n\n\n<figure class=\"wp-block-image size-large\"><img decoding=\"async\" loading=\"lazy\" width=\"1024\" height=\"486\" src=\"https:\/\/rebub.u-bordeaux.fr\/wp-content\/uploads\/2025\/02\/manquant_volet-1024x486.png\" alt=\"\" class=\"wp-image-23345\" srcset=\"https:\/\/rebub.u-bordeaux.fr\/wp-content\/uploads\/2025\/02\/manquant_volet-1024x486.png 1024w, https:\/\/rebub.u-bordeaux.fr\/wp-content\/uploads\/2025\/02\/manquant_volet-300x142.png 300w, https:\/\/rebub.u-bordeaux.fr\/wp-content\/uploads\/2025\/02\/manquant_volet-768x365.png 768w, https:\/\/rebub.u-bordeaux.fr\/wp-content\/uploads\/2025\/02\/manquant_volet-1536x729.png 1536w, https:\/\/rebub.u-bordeaux.fr\/wp-content\/uploads\/2025\/02\/manquant_volet.png 1765w\" sizes=\"(max-width: 1024px) 100vw, 1024px\" \/><\/figure>\n\n\n\n<p>Dans le volet, choisissez&nbsp;: \u00ab&nbsp;Basculer le statut Manquant&nbsp;\u00bb.<\/p>\n\n\n\n<figure class=\"wp-block-image size-large\"><img decoding=\"async\" loading=\"lazy\" width=\"1024\" height=\"480\" src=\"https:\/\/rebub.u-bordeaux.fr\/wp-content\/uploads\/2025\/02\/manquant-statut-1024x480.png\" alt=\"\" class=\"wp-image-23346\" srcset=\"https:\/\/rebub.u-bordeaux.fr\/wp-content\/uploads\/2025\/02\/manquant-statut-1024x480.png 1024w, https:\/\/rebub.u-bordeaux.fr\/wp-content\/uploads\/2025\/02\/manquant-statut-300x141.png 300w, https:\/\/rebub.u-bordeaux.fr\/wp-content\/uploads\/2025\/02\/manquant-statut-768x360.png 768w, https:\/\/rebub.u-bordeaux.fr\/wp-content\/uploads\/2025\/02\/manquant-statut-1536x721.png 1536w, https:\/\/rebub.u-bordeaux.fr\/wp-content\/uploads\/2025\/02\/manquant-statut.png 1735w\" sizes=\"(max-width: 1024px) 100vw, 1024px\" \/><\/figure>\n\n\n\n<p>L\u2019exemplaire passe en Type de processus \u00ab&nbsp;Manquant&nbsp;\u00bb, le statut devient \u00ab&nbsp;Exemplaire pas en rayon&nbsp;\u00bb.<\/p>\n\n\n\n<figure class=\"wp-block-image size-large\"><img decoding=\"async\" loading=\"lazy\" width=\"1024\" height=\"233\" src=\"https:\/\/rebub.u-bordeaux.fr\/wp-content\/uploads\/2025\/02\/manquant-resultat-1024x233.png\" alt=\"\" class=\"wp-image-23347\" srcset=\"https:\/\/rebub.u-bordeaux.fr\/wp-content\/uploads\/2025\/02\/manquant-resultat-1024x233.png 1024w, https:\/\/rebub.u-bordeaux.fr\/wp-content\/uploads\/2025\/02\/manquant-resultat-300x68.png 300w, https:\/\/rebub.u-bordeaux.fr\/wp-content\/uploads\/2025\/02\/manquant-resultat-768x175.png 768w, https:\/\/rebub.u-bordeaux.fr\/wp-content\/uploads\/2025\/02\/manquant-resultat.png 1448w\" sizes=\"(max-width: 1024px) 100vw, 1024px\" \/><\/figure>\n\n\n\n<p>Si vous le recherchez dans Alma, il appara\u00eetra comme indisponible :<\/p>\n\n\n\n<figure class=\"wp-block-image size-large\"><img decoding=\"async\" loading=\"lazy\" width=\"1024\" height=\"494\" src=\"https:\/\/rebub.u-bordeaux.fr\/wp-content\/uploads\/2025\/02\/manquant-exe-1024x494.png\" alt=\"\" class=\"wp-image-23348\" srcset=\"https:\/\/rebub.u-bordeaux.fr\/wp-content\/uploads\/2025\/02\/manquant-exe-1024x494.png 1024w, https:\/\/rebub.u-bordeaux.fr\/wp-content\/uploads\/2025\/02\/manquant-exe-300x145.png 300w, https:\/\/rebub.u-bordeaux.fr\/wp-content\/uploads\/2025\/02\/manquant-exe-768x370.png 768w, https:\/\/rebub.u-bordeaux.fr\/wp-content\/uploads\/2025\/02\/manquant-exe-1536x741.png 1536w, https:\/\/rebub.u-bordeaux.fr\/wp-content\/uploads\/2025\/02\/manquant-exe.png 1611w\" sizes=\"(max-width: 1024px) 100vw, 1024px\" \/><\/figure>\n\n\n\n<p>Dans Babord+, l\u2019exemplaire para\u00eet en statut \u00ab&nbsp;Manquant \u00bb.<\/p>\n\n\n\n<figure class=\"wp-block-image size-large\"><img decoding=\"async\" loading=\"lazy\" width=\"1024\" height=\"277\" src=\"https:\/\/rebub.u-bordeaux.fr\/wp-content\/uploads\/2025\/02\/manquantB-1024x277.png\" alt=\"\" class=\"wp-image-23349\" srcset=\"https:\/\/rebub.u-bordeaux.fr\/wp-content\/uploads\/2025\/02\/manquantB-1024x277.png 1024w, https:\/\/rebub.u-bordeaux.fr\/wp-content\/uploads\/2025\/02\/manquantB-300x81.png 300w, https:\/\/rebub.u-bordeaux.fr\/wp-content\/uploads\/2025\/02\/manquantB-768x208.png 768w, https:\/\/rebub.u-bordeaux.fr\/wp-content\/uploads\/2025\/02\/manquantB-1536x416.png 1536w, https:\/\/rebub.u-bordeaux.fr\/wp-content\/uploads\/2025\/02\/manquantB.png 1611w\" sizes=\"(max-width: 1024px) 100vw, 1024px\" \/><\/figure>\n\n\n\n<p>Pour supprimer un statut \u00ab\u00a0Manquant\u00a0\u00bb, reportez-vous \u00e0 la proc\u00e9dure <a href=\"https:\/\/rebub.u-bordeaux.fr\/index.php\/alma\/procedures\/gestion-des-ressources\/exemplaires-holding\/rendre-disponible-un-document-dans-un-statut-autre-technique-migration-manquant\/\" data-type=\"URL\" data-id=\"https:\/\/rebub.u-bordeaux.fr\/index.php\/alma\/procedures\/gestion-des-ressources\/exemplaires-holding\/rendre-disponible-un-document-dans-un-statut-autre-technique-migration-manquant\/\">disponible ici<\/a>. <\/p>\n\n\n\n<div class=\"is-layout-flex wp-container-6 wp-block-columns bord-bloc-reutilisable has-background\" style=\"background-color:#d9edf7\">\n<div class=\"is-layout-flow wp-block-column is-vertically-aligned-center\" style=\"font-size:15px;flex-basis:20%\">\n<p style=\"font-size:15px\"><strong>Date de publication<\/strong> <\/p>\n\n\n<div style=\"font-size:15px;\" class=\"wp-block-post-date\"><time datetime=\"2024-03-22T09:33:07+01:00\">22 mars 2024<\/time><\/div><\/div>\n\n\n\n<div class=\"is-layout-flow wp-block-column is-vertically-aligned-center\" style=\"font-size:15px;flex-basis:20%\">\n<p><strong>Mis \u00e0 jour le <\/strong><\/p>\n\n\n<div style=\"font-size:15px;\" class=\"wp-block-post-date\"><time datetime=\"2025-02-24T10:39:32+01:00\">24 f\u00e9vrier 2025<\/time><\/div><\/div>\n\n\n\n<div class=\"is-layout-flow wp-block-column is-vertically-aligned-center\" style=\"font-size:15px;flex-basis:40%\">\n<p><\/p>\n\n\n\n<p><strong>Attention ! <\/strong>Certains \u00e9tablissements utilisent parfois de proc\u00e9dures compl\u00e9mentaires <\/p>\n<\/div>\n\n\n\n<div class=\"is-layout-flow wp-block-column is-vertically-aligned-center\" style=\"font-size:15px;flex-basis:25%\">\n<div class=\"is-horizontal is-content-justification-center is-layout-flex wp-container-4 wp-block-buttons alignfull has-custom-font-size\" style=\"font-size:16px\">\n<div class=\"wp-block-button has-custom-width wp-block-button__width-75 has-custom-font-size is-style-fill\" style=\"font-size:15px\"><a class=\"wp-block-button__link has-white-color has-text-color has-background wp-element-button\" href=\"mailto:scoop@u-bordeaux.fr\" style=\"border-radius:65px;background-color:#000000db\"><strong>Signaler une erreur<\/strong><\/a><\/div>\n<\/div>\n<\/div>\n<\/div>\n","protected":false},"excerpt":{"rendered":"<p>Cette proc\u00e9dure va vous permettre de changer le statut d&rsquo;un exemplaire en \u00ab\u00a0manquant\u00a0\u00bb. Cherchez le titre du document dans la barre de recherche via l&rsquo;index \u00ab\u00a0Tous les titres\u00a0\u00bb et le sous-index \u00ab\u00a0Mots-cl\u00e9s\u00a0\u00bb : Sur la page de r\u00e9sultats, depuis la&#8230;<\/p>\n","protected":false},"author":46,"featured_media":4793,"parent":18539,"menu_order":9,"comment_status":"closed","ping_status":"closed","template":"","meta":[],"post_mailing_queue_ids":[],"_links":{"self":[{"href":"https:\/\/rebub.u-bordeaux.fr\/index.php\/wp-json\/wp\/v2\/pages\/18567"}],"collection":[{"href":"https:\/\/rebub.u-bordeaux.fr\/index.php\/wp-json\/wp\/v2\/pages"}],"about":[{"href":"https:\/\/rebub.u-bordeaux.fr\/index.php\/wp-json\/wp\/v2\/types\/page"}],"author":[{"embeddable":true,"href":"https:\/\/rebub.u-bordeaux.fr\/index.php\/wp-json\/wp\/v2\/users\/46"}],"replies":[{"embeddable":true,"href":"https:\/\/rebub.u-bordeaux.fr\/index.php\/wp-json\/wp\/v2\/comments?post=18567"}],"version-history":[{"count":5,"href":"https:\/\/rebub.u-bordeaux.fr\/index.php\/wp-json\/wp\/v2\/pages\/18567\/revisions"}],"predecessor-version":[{"id":23352,"href":"https:\/\/rebub.u-bordeaux.fr\/index.php\/wp-json\/wp\/v2\/pages\/18567\/revisions\/23352"}],"up":[{"embeddable":true,"href":"https:\/\/rebub.u-bordeaux.fr\/index.php\/wp-json\/wp\/v2\/pages\/18539"}],"wp:featuredmedia":[{"embeddable":true,"href":"https:\/\/rebub.u-bordeaux.fr\/index.php\/wp-json\/wp\/v2\/media\/4793"}],"wp:attachment":[{"href":"https:\/\/rebub.u-bordeaux.fr\/index.php\/wp-json\/wp\/v2\/media?parent=18567"}],"curies":[{"name":"wp","href":"https:\/\/api.w.org\/{rel}","templated":true}]}}