	{"id":18615,"date":"2024-03-22T09:33:48","date_gmt":"2024-03-22T08:33:48","guid":{"rendered":"https:\/\/rebub.u-bordeaux.fr\/?page_id=18615"},"modified":"2024-04-26T09:13:06","modified_gmt":"2024-04-26T07:13:06","slug":"suivi-budgetaire","status":"publish","type":"page","link":"https:\/\/rebub.u-bordeaux.fr\/index.php\/alma\/procedures\/documentation-electronique\/portfolios-collections\/suivi-budgetaire\/","title":{"rendered":"Cr\u00e9er des portfolios de monographies \u00e9lectroniques"},"content":{"rendered":"<div id='wpig-floatingbar' class='wpig-floatingbar'><div id='wpig-switch-wrapper' class='wpig-switch-wrapper'><span id='wpig-floating-switch' class='wpig-floating-switch'><img src='https:\/\/rebub.u-bordeaux.fr\/wp-content\/plugins\/sticky-toc-advance-table-of-contents\/\\assets\\menu.png'><\/span><\/div><div id='wpig-contents' class='wpig-contents  wpig-sidebar-widget wpig-style-3'><span class='wpig-headline'>Table des mati\u00e8res<span><a data-action='show' class='wpig-btn-toggledisplay'>[ Show ]<\/a><\/span><\/span><!-- Table of Contents --><div id='wpig-table-of-content' class='wpig-table-of-content'><ol><li class='stoc-acceder-au-titre-de-monographie-concerne-et-lancer-la-creation-du-portfolio'><a href='#stoc-acceder-au-titre-de-monographie-concerne-et-lancer-la-creation-du-portfolio'>Acc\u00e9der au titre de monographie concern\u00e9 et lancer la cr\u00e9ation du portfolio<\/a><\/li><li class='stoc-creer-le-portfolio'><a href='#stoc-creer-le-portfolio'>Cr\u00e9er le portfolio<\/a><\/li><li class='stoc-verifier-lacces'><a href='#stoc-verifier-lacces'>V\u00e9rifier l\u2019acc\u00e8s<\/a><\/li><\/ol><\/div><!-- END OF Table of Contents --><\/div><\/div><p><div id='wpig-contents' class='wpig-contents  wpig-sidebar-widget wpig-style-1'><span class='wpig-headline'>Table des mati\u00e8res<span><a data-action='show' class='wpig-btn-toggledisplay'>[ Show ]<\/a><\/span><\/span><!-- Table of Contents --><div id='wpig-table-of-content' class='wpig-table-of-content' ><ol><li class='stoc-acceder-au-titre-de-monographie-concerne-et-lancer-la-creation-du-portfolio'><a href='#stoc-acceder-au-titre-de-monographie-concerne-et-lancer-la-creation-du-portfolio'>Acc\u00e9der au titre de monographie concern\u00e9 et lancer la cr\u00e9ation du portfolio<\/a><\/li><li class='stoc-creer-le-portfolio'><a href='#stoc-creer-le-portfolio'>Cr\u00e9er le portfolio<\/a><\/li><li class='stoc-verifier-lacces'><a href='#stoc-verifier-lacces'>V\u00e9rifier l\u2019acc\u00e8s<\/a><\/li><\/ol><\/div><!-- END OF Table of Contents --><\/div><\/p>\n<p>La cr\u00e9ation d\u2019un portfolio num\u00e9rique suppose l\u2019existence d\u2019une collection num\u00e9rique adapt\u00e9e.<\/p>\n\n\n\n<h2 id=\"stoc-acceder-au-titre-de-monographie-concerne-et-lancer-la-creation-du-portfolio\" class=\"wpig-heading\">Acc\u00e9der au titre de monographie concern\u00e9 et lancer la cr\u00e9ation du portfolio<\/h2>\n\n\n\n<p>Dans le menu g\u00e9n\u00e9ral \u00ab Ressources \u00bb &gt; Cr\u00e9er l\u2019inventaire &gt; Ajouter un portfolio local.<br>La page de recherche du titre appara\u00eet.<br>\u00ab Cr\u00e9er un nouveau titre \u00bb : permet de cr\u00e9er une notice provisoire dot\u00e9e d\u2019un portfolio, par exemple pour qu\u2019elle accueille la redescente d\u2019une notice bibliographique du Sudoc sous laquelle on s\u2019est localis\u00e9.<br>S\u00e9lectionner \u00ab Utiliser un titre existant \u00bb.<br>Cliquer sur \u00ab S\u00e9lectionner dans une liste \u00bb. Un module de recherche appara\u00eet : s\u2019il s\u2019agit d\u2019une notice bibliographique sans inventaire (pas d\u2019exemplaire, pas de portfolio) ou issue de la base de connaissance communautaire, veiller \u00e0 recherche dans la zone r\u00e9seau ou dans la zone communaut\u00e9.<br>Une fois le titre trouv\u00e9, cliquer sur le r\u00e9sultat ad\u00e9quat.<\/p>\n\n\n\n<h2 id=\"stoc-creer-le-portfolio\" class=\"wpig-heading\">Cr\u00e9er le portfolio<\/h2>\n\n\n\n<p>Dans le pav\u00e9 \u00ab informations g\u00e9n\u00e9rales \u00bb :<br>&#8211; cocher \u00ab partie d\u2019une collection num\u00e9rique \u00bb,<br>&#8211; recherche la collection num\u00e9rique par son nom et la s\u00e9lectionner,<br>&#8211; v\u00e9rifier le type de service automatiquement rempli par le choix de la collection,<br>&#8211; v\u00e9rifier la Biblioth\u00e8que automatiquement remplie par la collection (doit \u00eatre la Biblioth\u00e8que \u00e9lectronique).<\/p>\n\n\n\n<figure class=\"wp-block-image\"><a href=\"http:\/\/rebub.u-bordeaux.fr\/wp-content\/uploads\/2020\/02\/Creer_Portfolio.png\" target=\"_blank\" rel=\"noopener noreferrer\"><img decoding=\"async\" loading=\"lazy\" width=\"612\" height=\"277\" src=\"http:\/\/rebub.u-bordeaux.fr\/wp-content\/uploads\/2020\/02\/Creer_Portfolio.png\" alt=\"\" class=\"wp-image-7934\" srcset=\"https:\/\/rebub.u-bordeaux.fr\/wp-content\/uploads\/2020\/02\/Creer_Portfolio.png 612w, https:\/\/rebub.u-bordeaux.fr\/wp-content\/uploads\/2020\/02\/Creer_Portfolio-300x136.png 300w\" sizes=\"(max-width: 612px) 100vw, 612px\" \/><\/a><\/figure>\n\n\n\n<p>Dans le pav\u00e9 \u00ab Informations d\u2019inventaire et de lien \u00bb :<br>&#8211; coller l\u2019URL dans le champ \u00ab URL \u00bb,<br>&#8211; que le \u00ab Statut de disponibilit\u00e9 \u00bb est bien actif,<br>&#8211; \u00ab Type de mat\u00e9riel \u00e9lectronique \u00bb :<br>* indiquer \u00ab Dissertation \u00bb pour tout m\u00e9moire ou th\u00e8se num\u00e9rique,<br>* indiquer \u00ab Livre \u00bb pour toute monographie hors travaux universitaires de d\u00e9p\u00f4t,<br>* Indiquer \u00ab Revue \u00bb pour tout p\u00e9riodique,<br>* Indiquer \u00ab Base de donn\u00e9es \u00bb pour toute ressource agr\u00e9geant des sources.<\/p>\n\n\n\n<figure class=\"wp-block-image\"><a href=\"http:\/\/rebub.u-bordeaux.fr\/wp-content\/uploads\/2020\/02\/Lien.png\" target=\"_blank\" rel=\"noopener noreferrer\"><img decoding=\"async\" loading=\"lazy\" width=\"648\" height=\"273\" src=\"http:\/\/rebub.u-bordeaux.fr\/wp-content\/uploads\/2020\/02\/Lien.png\" alt=\"\" class=\"wp-image-7935\" srcset=\"https:\/\/rebub.u-bordeaux.fr\/wp-content\/uploads\/2020\/02\/Lien.png 648w, https:\/\/rebub.u-bordeaux.fr\/wp-content\/uploads\/2020\/02\/Lien-300x126.png 300w\" sizes=\"(max-width: 648px) 100vw, 648px\" \/><\/a><\/figure>\n\n\n\n<p>Dans le pav\u00e9 des Notes, mentionner une \u00ab Note d\u2019identification \u00bb pour toute question d\u2019acc\u00e8s.<br>Cliquer sur \u00ab Enregistrer et finir.<\/p>\n\n\n\n<h2 id=\"stoc-verifier-lacces\" class=\"wpig-heading\">V\u00e9rifier l\u2019acc\u00e8s<\/h2>\n\n\n\n<p>Le titre dispose \u00e0 pr\u00e9sent normalement d\u2019un portfolio. Il peut donc \u00eatre recherch\u00e9 par l\u2019index \u00ab Titre \u00e9lectronique \u00bb en zone institution, c\u2019est un moyen de v\u00e9rifier la situation :<\/p>\n\n\n\n<figure class=\"wp-block-image\"><a href=\"http:\/\/rebub.u-bordeaux.fr\/wp-content\/uploads\/2020\/02\/Titres_Electroniques.png\" target=\"_blank\" rel=\"noopener noreferrer\"><img decoding=\"async\" loading=\"lazy\" width=\"944\" height=\"53\" src=\"http:\/\/rebub.u-bordeaux.fr\/wp-content\/uploads\/2020\/02\/Titres_Electroniques.png\" alt=\"\" class=\"wp-image-7936\" srcset=\"https:\/\/rebub.u-bordeaux.fr\/wp-content\/uploads\/2020\/02\/Titres_Electroniques.png 944w, https:\/\/rebub.u-bordeaux.fr\/wp-content\/uploads\/2020\/02\/Titres_Electroniques-300x17.png 300w, https:\/\/rebub.u-bordeaux.fr\/wp-content\/uploads\/2020\/02\/Titres_Electroniques-768x43.png 768w\" sizes=\"(max-width: 944px) 100vw, 944px\" \/><\/a><\/figure>\n\n\n\n<p>Cliquer sur \u00ab Electronique \u00bb.<\/p>\n\n\n\n<figure class=\"wp-block-image\"><a href=\"http:\/\/rebub.u-bordeaux.fr\/wp-content\/uploads\/2020\/02\/Electronique.png\" target=\"_blank\" rel=\"noopener noreferrer\"><img decoding=\"async\" loading=\"lazy\" width=\"412\" height=\"60\" src=\"http:\/\/rebub.u-bordeaux.fr\/wp-content\/uploads\/2020\/02\/Electronique.png\" alt=\"\" class=\"wp-image-7937\" srcset=\"https:\/\/rebub.u-bordeaux.fr\/wp-content\/uploads\/2020\/02\/Electronique.png 412w, https:\/\/rebub.u-bordeaux.fr\/wp-content\/uploads\/2020\/02\/Electronique-300x44.png 300w\" sizes=\"(max-width: 412px) 100vw, 412px\" \/><\/a><\/figure>\n\n\n\n<p>Puis cliquer sur \u00ab Tous les portfolios \u00bb.<br>En face du portfolio \u00e0 tester, cliquer sur les \u00ab \u2026 \u00bb puis sur \u00ab Tester l\u2019acc\u00e8s \u00bb.<br>Alma g\u00e9n\u00e8re une page comportant le lien de test, cliquer sur le lien et v\u00e9rifier que la page ou le document qui s\u2019ouvrent sont les bons et fonctionnels.<\/p>\n\n\n\n<div class=\"is-layout-flex wp-container-6 wp-block-columns bord-bloc-reutilisable has-background\" style=\"background-color:#d9edf7\">\n<div class=\"is-layout-flow wp-block-column is-vertically-aligned-center\" style=\"font-size:15px;flex-basis:20%\">\n<p style=\"font-size:15px\"><strong>Date de publication<\/strong> <\/p>\n\n\n<div style=\"font-size:15px;\" class=\"wp-block-post-date\"><time datetime=\"2024-03-22T09:33:48+01:00\">22 mars 2024<\/time><\/div><\/div>\n\n\n\n<div class=\"is-layout-flow wp-block-column is-vertically-aligned-center\" style=\"font-size:15px;flex-basis:20%\">\n<p><strong>Mis \u00e0 jour le <\/strong><\/p>\n\n\n<div style=\"font-size:15px;\" class=\"wp-block-post-date\"><time datetime=\"2024-04-26T09:13:06+02:00\">26 avril 2024<\/time><\/div><\/div>\n\n\n\n<div class=\"is-layout-flow wp-block-column is-vertically-aligned-center\" style=\"font-size:15px;flex-basis:40%\">\n<p><\/p>\n\n\n\n<p><strong>Attention ! <\/strong>Certains \u00e9tablissements utilisent parfois de proc\u00e9dures compl\u00e9mentaires <\/p>\n<\/div>\n\n\n\n<div class=\"is-layout-flow wp-block-column is-vertically-aligned-center\" style=\"font-size:15px;flex-basis:25%\">\n<div class=\"is-horizontal is-content-justification-center is-layout-flex wp-container-4 wp-block-buttons alignfull has-custom-font-size\" style=\"font-size:16px\">\n<div class=\"wp-block-button has-custom-width wp-block-button__width-75 has-custom-font-size is-style-fill\" style=\"font-size:15px\"><a class=\"wp-block-button__link has-white-color has-text-color has-background wp-element-button\" href=\"mailto:scoop@u-bordeaux.fr\" style=\"border-radius:65px;background-color:#000000db\"><strong>Signaler une erreur<\/strong><\/a><\/div>\n<\/div>\n<\/div>\n<\/div>\n","protected":false},"excerpt":{"rendered":"<p>Table des mati\u00e8res[ Show ]Acc\u00e9der au titre de monographie concern\u00e9 et lancer la cr\u00e9ation du portfolioCr\u00e9er le portfolioV\u00e9rifier l\u2019acc\u00e8sLa cr\u00e9ation d\u2019un portfolio num\u00e9rique suppose l\u2019existence d\u2019une collection num\u00e9rique adapt\u00e9e. Acc\u00e9der au titre de monographie concern\u00e9 et lancer la cr\u00e9ation du&#8230;<\/p>\n","protected":false},"author":46,"featured_media":4793,"parent":18610,"menu_order":2,"comment_status":"closed","ping_status":"closed","template":"","meta":[],"post_mailing_queue_ids":[],"_links":{"self":[{"href":"https:\/\/rebub.u-bordeaux.fr\/index.php\/wp-json\/wp\/v2\/pages\/18615"}],"collection":[{"href":"https:\/\/rebub.u-bordeaux.fr\/index.php\/wp-json\/wp\/v2\/pages"}],"about":[{"href":"https:\/\/rebub.u-bordeaux.fr\/index.php\/wp-json\/wp\/v2\/types\/page"}],"author":[{"embeddable":true,"href":"https:\/\/rebub.u-bordeaux.fr\/index.php\/wp-json\/wp\/v2\/users\/46"}],"replies":[{"embeddable":true,"href":"https:\/\/rebub.u-bordeaux.fr\/index.php\/wp-json\/wp\/v2\/comments?post=18615"}],"version-history":[{"count":3,"href":"https:\/\/rebub.u-bordeaux.fr\/index.php\/wp-json\/wp\/v2\/pages\/18615\/revisions"}],"predecessor-version":[{"id":20479,"href":"https:\/\/rebub.u-bordeaux.fr\/index.php\/wp-json\/wp\/v2\/pages\/18615\/revisions\/20479"}],"up":[{"embeddable":true,"href":"https:\/\/rebub.u-bordeaux.fr\/index.php\/wp-json\/wp\/v2\/pages\/18610"}],"wp:featuredmedia":[{"embeddable":true,"href":"https:\/\/rebub.u-bordeaux.fr\/index.php\/wp-json\/wp\/v2\/media\/4793"}],"wp:attachment":[{"href":"https:\/\/rebub.u-bordeaux.fr\/index.php\/wp-json\/wp\/v2\/media?parent=18615"}],"curies":[{"name":"wp","href":"https:\/\/api.w.org\/{rel}","templated":true}]}}