	{"id":18616,"date":"2024-03-22T09:33:59","date_gmt":"2024-03-22T08:33:59","guid":{"rendered":"https:\/\/rebub.u-bordeaux.fr\/?page_id=18616"},"modified":"2024-07-15T09:36:21","modified_gmt":"2024-07-15T07:36:21","slug":"signalement-de-la-documentation-electronique-presentation-du-circuit-de-synchroniqation-avec-le-sudoc","status":"publish","type":"page","link":"https:\/\/rebub.u-bordeaux.fr\/index.php\/alma\/procedures\/documentation-electronique\/circuit-de-synchronisation-sudoc\/signalement-de-la-documentation-electronique-presentation-du-circuit-de-synchroniqation-avec-le-sudoc\/","title":{"rendered":"Signalement de la documentation \u00e9lectronique : pr\u00e9sentation du circuit de synchronisation avec le SUDOC"},"content":{"rendered":"<div id='wpig-floatingbar' class='wpig-floatingbar'><div id='wpig-switch-wrapper' class='wpig-switch-wrapper'><span id='wpig-floating-switch' class='wpig-floating-switch'><img src='https:\/\/rebub.u-bordeaux.fr\/wp-content\/plugins\/sticky-toc-advance-table-of-contents\/\\assets\\menu.png'><\/span><\/div><div id='wpig-contents' class='wpig-contents  wpig-sidebar-widget wpig-style-3'><span class='wpig-headline'>Table des mati\u00e8res<span><a data-action='show' class='wpig-btn-toggledisplay'>[ Show ]<\/a><\/span><\/span><!-- Table of Contents --><div id='wpig-table-of-content' class='wpig-table-of-content'><ol><li class='stoc-dans-la-zone-communautaire-injection-des-ppns-dans-le-catalogue-central'><a href='#stoc-dans-la-zone-communautaire-injection-des-ppns-dans-le-catalogue-central'>Dans la zone communautaire : injection des PPNs dans le catalogue central<\/a><\/li><li class='stoc-au-niveau-de-linstitution-creation-des-inventaires-dans-le-sudoc'><a href='#stoc-au-niveau-de-linstitution-creation-des-inventaires-dans-le-sudoc'>Au niveau de l&rsquo;institution : cr\u00e9ation des inventaires dans le SUDOC<\/a><ol><li class='stoc-publication-des-inventaires-vers-le-sudoc'><a href='#stoc-publication-des-inventaires-vers-le-sudoc'>Publication des inventaires vers le SUDOC<\/a><ol><li class='stoc-perimetre'><a href='#stoc-perimetre'>P\u00e9rim\u00e8tre<\/a><\/li><li class='stoc-declenchement-de-lenvoi-dun-inventaire-dans-le-sudoc'><a href='#stoc-declenchement-de-lenvoi-dun-inventaire-dans-le-sudoc'>D\u00e9clenchement de l&rsquo;envoi d&rsquo;un inventaire dans le SUDOC<\/a><\/li><\/ol><li class='stoc-format-dexposition-des-donnees'><a href='#stoc-format-dexposition-des-donnees'>Format d&rsquo;exposition des donn\u00e9es<\/a><\/li><li class='stoc-creation-des-inventaires-dans-le-sudoc'><a href='#stoc-creation-des-inventaires-dans-le-sudoc'>Cr\u00e9ation des inventaires dans le SUDOC<\/a><\/li><\/ol><li class='stoc-au-niveau-de-la-zone-reseau-chargement-des-notices-sudoc'><a href='#stoc-au-niveau-de-la-zone-reseau-chargement-des-notices-sudoc'>Au niveau de la zone r\u00e9seau : chargement des notices SUDOC<\/a><\/li><\/ol><\/li><\/li><\/div><!-- END OF Table of Contents --><\/div><\/div><p><div id='wpig-contents' class='wpig-contents  wpig-sidebar-widget wpig-style-1'><span class='wpig-headline'>Table des mati\u00e8res<span><a data-action='show' class='wpig-btn-toggledisplay'>[ Show ]<\/a><\/span><\/span><!-- Table of Contents --><div id='wpig-table-of-content' class='wpig-table-of-content' ><ol><li class='stoc-dans-la-zone-communautaire-injection-des-ppns-dans-le-catalogue-central'><a href='#stoc-dans-la-zone-communautaire-injection-des-ppns-dans-le-catalogue-central'>Dans la zone communautaire : injection des PPNs dans le catalogue central<\/a><\/li><li class='stoc-au-niveau-de-linstitution-creation-des-inventaires-dans-le-sudoc'><a href='#stoc-au-niveau-de-linstitution-creation-des-inventaires-dans-le-sudoc'>Au niveau de l&rsquo;institution : cr\u00e9ation des inventaires dans le SUDOC<\/a><ol><li class='stoc-publication-des-inventaires-vers-le-sudoc'><a href='#stoc-publication-des-inventaires-vers-le-sudoc'>Publication des inventaires vers le SUDOC<\/a><ol><li class='stoc-perimetre'><a href='#stoc-perimetre'>P\u00e9rim\u00e8tre<\/a><\/li><li class='stoc-declenchement-de-lenvoi-dun-inventaire-dans-le-sudoc'><a href='#stoc-declenchement-de-lenvoi-dun-inventaire-dans-le-sudoc'>D\u00e9clenchement de l&rsquo;envoi d&rsquo;un inventaire dans le SUDOC<\/a><\/li><\/ol><li class='stoc-format-dexposition-des-donnees'><a href='#stoc-format-dexposition-des-donnees'>Format d&rsquo;exposition des donn\u00e9es<\/a><\/li><li class='stoc-creation-des-inventaires-dans-le-sudoc'><a href='#stoc-creation-des-inventaires-dans-le-sudoc'>Cr\u00e9ation des inventaires dans le SUDOC<\/a><\/li><\/ol><li class='stoc-au-niveau-de-la-zone-reseau-chargement-des-notices-sudoc'><a href='#stoc-au-niveau-de-la-zone-reseau-chargement-des-notices-sudoc'>Au niveau de la zone r\u00e9seau : chargement des notices SUDOC<\/a><\/li><\/ol><\/li><\/li><\/div><!-- END OF Table of Contents --><\/div><\/p>\n<p>Ce document pr\u00e9sente le fonctionnement du circuit de synchronisation des inventaires \u00e9lectroniques avec le SUDOC. Pour faciliter la compr\u00e9hension de certains concepts et circuit nous vous conseillons au pr\u00e9alable la lecture de l&rsquo;article sur <a href=\"https:\/\/rebub.u-bordeaux.fr\/index.php\/alma\/procedures\/gestion-des-ressources\/circuits-et-architecture-des-donnees\/la-structure-des-donnees-dans-alma\/\" data-type=\"URL\" data-id=\"https:\/\/rebub.u-bordeaux.fr\/index.php\/alma\/procedures\/gestion-des-ressources\/circuits-et-architecture-des-donnees\/la-structure-des-donnees-dans-alma\/\">l&rsquo;architecture des donn\u00e9es dans Alma<\/a>.<\/p>\n\n\n<div class=\"wp-block-image\">\n<figure class=\"aligncenter size-full\"><img decoding=\"async\" loading=\"lazy\" width=\"691\" height=\"541\" src=\"https:\/\/rebub.u-bordeaux.fr\/wp-content\/uploads\/2022\/05\/j5QtUv7Q.jpeg\" alt=\"\" class=\"wp-image-13795\" srcset=\"https:\/\/rebub.u-bordeaux.fr\/wp-content\/uploads\/2022\/05\/j5QtUv7Q.jpeg 691w, https:\/\/rebub.u-bordeaux.fr\/wp-content\/uploads\/2022\/05\/j5QtUv7Q-300x235.jpeg 300w, https:\/\/rebub.u-bordeaux.fr\/wp-content\/uploads\/2022\/05\/j5QtUv7Q-280x220.jpeg 280w\" sizes=\"(max-width: 691px) 100vw, 691px\" \/><figcaption class=\"wp-element-caption\">Vue g\u00e9n\u00e9rale du circuit de synchronisation <\/figcaption><\/figure><\/div>\n\n\n<h2 id=\"stoc-dans-la-zone-communautaire-injection-des-ppns-dans-le-catalogue-central\" class=\"wpig-heading\">Dans la zone communautaire : injection des PPNs dans le catalogue central<\/h2>\n\n\n\n<p>Chaque <strong>mois <\/strong>l&rsquo;ABES va fournir \u00e0 Exlibris une extraction de toutes les <strong>notices \u00e9lectroniques<\/strong> mises \u00e0 jour depuis le dernier traitement. Exlibris se base sur les ISBNs pour ajouter l&rsquo;identifiant SUDOC en zone 035 de la notice dans la zone communautaire Alma. Comme pour nos traitements locaux et conform\u00e9ment \u00e0 la normalisation Marc, l&rsquo;identifiant est pr\u00e9fix\u00e9 par la mention \u00ab\u00a0(PPN)\u00a0\u00bb. <\/p>\n\n\n\n<p>En <strong>cas de fusion des PPNs <\/strong>dans le SUDOC, le chargeur d&rsquo;Exlibris va remplacer le PPN fusionn\u00e9 (envoy\u00e9 par le SUDOC en 035$z) par le PPN retenu.<\/p>\n\n\n\n<p> Pour l&rsquo;instant ce chargement ne concerne que les <strong>monographies<\/strong>. Il s&rsquo;\u00e9tendra \u00e0 terme aux publications en s\u00e9rie.<\/p>\n\n\n\n<div class=\"is-layout-flex wp-container-3 wp-block-columns bord-bloc-reutilisable has-background\" style=\"background-color:#ffeec2\">\n<div class=\"is-layout-flow wp-block-column is-vertically-aligned-center\" style=\"flex-basis:7%\">\n<figure class=\"wp-block-image alignfull size-full is-style-default\"><img decoding=\"async\" loading=\"lazy\" width=\"512\" height=\"512\" src=\"https:\/\/rebub.u-bordeaux.fr\/wp-content\/uploads\/2024\/04\/nouvelles-idees-en-cours.png\" alt=\"\" class=\"wp-image-19897\" srcset=\"https:\/\/rebub.u-bordeaux.fr\/wp-content\/uploads\/2024\/04\/nouvelles-idees-en-cours.png 512w, https:\/\/rebub.u-bordeaux.fr\/wp-content\/uploads\/2024\/04\/nouvelles-idees-en-cours-300x300.png 300w, https:\/\/rebub.u-bordeaux.fr\/wp-content\/uploads\/2024\/04\/nouvelles-idees-en-cours-150x150.png 150w\" sizes=\"(max-width: 512px) 100vw, 512px\" \/><\/figure>\n<\/div>\n\n\n\n<div class=\"is-layout-flow wp-block-column is-vertically-aligned-center\" style=\"flex-basis:85%\">\n<p><strong>Note<\/strong> : Pour retrouver ces notices il suffit d&rsquo;effectuer une recherche <strong>dans la zone communautaire<\/strong> avec les param\u00e8tres suivants : Autres num\u00e9ro de syst\u00e8me &gt; Commence par &gt; (PPN)<\/p>\n<\/div>\n<\/div>\n\n\n\n<h2 id=\"stoc-au-niveau-de-linstitution-creation-des-inventaires-dans-le-sudoc\" class=\"wpig-heading\">Au niveau de l&rsquo;institution : cr\u00e9ation des inventaires dans le SUDOC<\/h2>\n\n\n\n<figure class=\"wp-block-image size-full\"><img decoding=\"async\" loading=\"lazy\" width=\"803\" height=\"613\" src=\"https:\/\/rebub.u-bordeaux.fr\/wp-content\/uploads\/2022\/05\/Circuit-Synchro-SUDOC.drawio4.png\" alt=\"\" class=\"wp-image-13868\" srcset=\"https:\/\/rebub.u-bordeaux.fr\/wp-content\/uploads\/2022\/05\/Circuit-Synchro-SUDOC.drawio4.png 803w, https:\/\/rebub.u-bordeaux.fr\/wp-content\/uploads\/2022\/05\/Circuit-Synchro-SUDOC.drawio4-300x229.png 300w, https:\/\/rebub.u-bordeaux.fr\/wp-content\/uploads\/2022\/05\/Circuit-Synchro-SUDOC.drawio4-768x586.png 768w\" sizes=\"(max-width: 803px) 100vw, 803px\" \/><\/figure>\n\n\n\n<h3 id=\"stoc-publication-des-inventaires-vers-le-sudoc\" class=\"wpig-heading\">Publication des inventaires vers le SUDOC<\/h3>\n\n\n\n<p>Chaque jour, Alma va publier vers le SUDOC les portfolios cr\u00e9\u00e9s, mis \u00e0 jour ou supprim\u00e9s pour lesquels nous souhaitons cr\u00e9er ou modifier un inventaire dans le SUDOC.<\/p>\n\n\n\n<h4 id=\"stoc-perimetre\" class=\"wpig-heading\">P\u00e9rim\u00e8tre<\/h4>\n\n\n\n<p>Pour qu&rsquo;il soit publi\u00e9, un inventaire doit : <\/p>\n\n\n\n<ul>\n<li>\u00eatre li\u00e9 \u00e0 une notice disposant d&rsquo;un PPN <\/li>\n\n\n\n<li>\u00eatre li\u00e9 \u00e0 une notice au format marc21<\/li>\n\n\n\n<li>appartenir \u00e0 une collection pour laquelle l&rsquo;\u00e9tablissement a choisi de synchroniser le contenu avec le SUDOC (la description interne contient \u00ab\u00a0Synchronisation SUDOC\u00a0\u00bb) <\/li>\n<\/ul>\n\n\n\n<p>Voir la proc\u00e9dure de signalement des portfolios dans le SUDOC.<\/p>\n\n\n\n<div class=\"is-layout-flex wp-container-6 wp-block-columns bord-bloc-reutilisable has-background\" style=\"background-color:#ffeec2\">\n<div class=\"is-layout-flow wp-block-column is-vertically-aligned-center\" style=\"flex-basis:7%\">\n<figure class=\"wp-block-image alignfull size-full is-style-default\"><img decoding=\"async\" loading=\"lazy\" width=\"512\" height=\"512\" src=\"https:\/\/rebub.u-bordeaux.fr\/wp-content\/uploads\/2024\/04\/nouvelles-idees-en-cours.png\" alt=\"\" class=\"wp-image-19897\" srcset=\"https:\/\/rebub.u-bordeaux.fr\/wp-content\/uploads\/2024\/04\/nouvelles-idees-en-cours.png 512w, https:\/\/rebub.u-bordeaux.fr\/wp-content\/uploads\/2024\/04\/nouvelles-idees-en-cours-300x300.png 300w, https:\/\/rebub.u-bordeaux.fr\/wp-content\/uploads\/2024\/04\/nouvelles-idees-en-cours-150x150.png 150w\" sizes=\"(max-width: 512px) 100vw, 512px\" \/><\/figure>\n<\/div>\n\n\n\n<div class=\"is-layout-flow wp-block-column is-vertically-aligned-center\" style=\"flex-basis:85%\">\n<p><strong>Note<\/strong> : Pour retrouver les portfolios publi\u00e9s vers le sudoc il suffit d&rsquo;effectuer une recherche <strong>de portfolios \u00e9lectroniques<\/strong> avec les param\u00e8tres suivants :<\/p>\n\n\n\n<ul>\n<li>Titre : Autres num\u00e9ro de syst\u00e8me &gt; Commence par &gt; (PPN).<\/li>\n\n\n\n<li>Titre : Format de notice &gt; Contient la phrase &gt; Marc 21<\/li>\n\n\n\n<li>Collection \u00e9lectronique : Description interne &gt; Contient la Phrase &gt;Synchronisation SUDOC<\/li>\n<\/ul>\n<\/div>\n<\/div>\n\n\n\n<h4 id=\"stoc-declenchement-de-lenvoi-dun-inventaire-dans-le-sudoc\" class=\"wpig-heading\"><strong>D\u00e9clenchement de l&rsquo;envoi d&rsquo;un inventaire dans le SUDOC<\/strong><\/h4>\n\n\n\n<p>A partir du moment o\u00f9 un portfolio qui remplit ces conditions est cr\u00e9\u00e9, modifi\u00e9 ou supprim\u00e9, la notice d&rsquo;inventaire est publi\u00e9e vers un entrep\u00f4t OAI-PMH.<\/p>\n\n\n\n<p>\ud83d\udd55 La publication des inventaires est d\u00e9clench\u00e9e <strong>toutes les 6 heures \u00e0 partir de 4 h<\/strong> du matin.<\/p>\n\n\n\n<p>Ainsi les actions suivantes d\u00e9clencheront l&rsquo;envoi d&rsquo;un inventaire vers le SUDOC :<\/p>\n\n\n\n<ul>\n<li>Activation\/Modification\/Suppression d&rsquo;un portfolio li\u00e9 \u00e0 une notice de la zone communautaire avec un PPN<\/li>\n\n\n\n<li>Ajout d&rsquo;un PPN \u00e0 une notice de la zone communautaire li\u00e9e \u00e0 un portfolio actif dans l&rsquo;institution<\/li>\n\n\n\n<li>Chargement de portfolios locaux avec cr\u00e9ation de notices marc21 disposant d&rsquo;un PPN<\/li>\n<\/ul>\n\n\n\n<h3 id=\"stoc-format-dexposition-des-donnees\" class=\"wpig-heading\"><strong>Format d&rsquo;exposition des donn\u00e9es<\/strong><\/h3>\n\n\n\n<p>Au moment de la publication les donn\u00e9es des portfolios d&rsquo;Alma sont transform\u00e9es en donn\u00e9es d&rsquo;exemplaires <strong>SUDOC selon la table de mapping suivante<\/strong> gr\u00e2ce \u00e0 une r\u00e8gle de normalisation. Les donn\u00e9es sont alors expos\u00e9es en marc Xml dans un entrep\u00f4t OAI-PMH.<\/p>\n\n\n\n<pre class=\"wp-block-code\"><code>&lt;record&gt;\n\t&lt;header&gt;\n\t\t&lt;identifier&gt;oai:alma.33PUDB_BXSA:5311329110004676&lt;\/identifier&gt;\n\t\t&lt;datestamp&gt;2021-05-27T07:31:09Z&lt;\/datestamp&gt;\n\t\t&lt;setSpec&gt;abes_docelec&lt;\/setSpec&gt;\n\t&lt;\/header&gt;\n\t&lt;metadata&gt;\n\t&lt;record xmlns=\"&lt;http:\/\/www.loc.gov\/MARC21\/slim&gt;\" xmlns:xsi=\"&lt;http:\/\/www.w3.org\/2001\/XMLSchema-instance&gt;\" xsi:schemaLocation=\"&lt;http:\/\/www.loc.gov\/MARC21\/slim&gt; &lt;http:\/\/www.loc.gov\/standards\/marcxml\/schema\/MARC21slim.xsd&gt;\"&gt;\n\t\t&lt;datafield tag=\"MAJ\" ind1=\"\" ind2=\"\"&gt;\n\t\t\t&lt;subfield code=\"a\"&gt;2021-04-01 15:14:51 Europe\/Paris&lt;\/subfield&gt;\n\t\t\t&lt;subfield code=\"b\"&gt;NON_SFX&lt;\/subfield&gt;\n\t\t&lt;\/datafield&gt;\n\t\t&lt;datafield tag=\"PPN\" ind1=\"\" ind2=\"\"&gt;\n\t\t\t&lt;subfield code=\"a\"&gt;184716500&lt;\/subfield&gt;\n\t\t&lt;\/datafield&gt;\n\t\t&lt;datafield tag=\"856\" ind1=\"4\" ind2=\"\"&gt;\n\t\t\t&lt;subfield code=\"u\"&gt;&lt;https:\/\/eu02-psb.alma.exlibrisgroup.com\/view\/uresolver\/33PUDB_BXSA\/openurl?u.ignore_date_coverage=true&amp;portfolio_pid=5311329110004676&amp;Force_direct=tru&gt; e&lt;\/subfield&gt;\n\t\t\t&lt;subfield code=\"z\"&gt;Acc\u00e8s restreint aux membres de la communaut\u00e9 universitaire de l'\u00e9tablissement&lt;\/subfield&gt;\n\t\t\t&lt;subfield code=\"8\"&gt;5311329110004676&lt;\/subfield&gt;\n\t\t&lt;\/datafield&gt;\n\t\t&lt;datafield tag=\"930\" ind1=\"\" ind2=\"\"&gt;\n\t\t\t&lt;subfield code=\"b\"&gt;330009999&lt;\/subfield&gt;\n\t\t\t&lt;subfield code=\"j\"&gt;s&lt;\/subfield&gt;\n\t\t\t&lt;subfield code=\"8\"&gt;5311329110004676&lt;\/subfield&gt;\n\t\t&lt;\/datafield&gt;\n\t\t&lt;datafield tag=\"997\" ind1=\"\" ind2=\"\"&gt;\n\t\t\t&lt;subfield code=\"a\"&gt;2021-05-25 11:38:26 Europe\/Paris&lt;\/subfield&gt;\n\t\t\t&lt;subfield code=\"8\"&gt;5311329110004676&lt;\/subfield&gt;\n\t\t&lt;\/datafield&gt;\n\t&lt;\/record&gt;\n&lt;\/metadata&gt;\n<\/code><\/pre>\n\n\n\n<h3 id=\"stoc-creation-des-inventaires-dans-le-sudoc\" class=\"wpig-heading\">Cr\u00e9ation des inventaires dans le SUDOC<\/h3>\n\n\n\n<p>C\u00f4t\u00e9 SUDOC, chaque soir vers \u23f2<strong>18h30 <\/strong>, un programme vient moissonner l&rsquo;entrep\u00f4t. Il ne traite le portfolio que si la notice bibliographique li\u00e9e n&rsquo;est pas une notice SUDOC ou, dans le cas d&rsquo;une notice Sudoc, que si la date de modification de l&rsquo;inventaire est sup\u00e9rieure \u00e0 la date de modification de la notice. Ce filtre permet d&rsquo;\u00e9viter de traiter en boucle les portfolios dont la notice a \u00e9t\u00e9 mise \u00e0 jour suite \u00e0 une modification du SUDOC.<\/p>\n\n\n\n<div class=\"is-layout-constrained wp-block-group bord-bloc-reutilisable\"><div class=\"wp-block-group__inner-container\">\n<div class=\"is-layout-flex wp-container-9 wp-block-columns alignfull bord-bloc-reutilisable has-background\" style=\"background-color:#ff303047\">\n<div class=\"is-layout-flow wp-block-column is-vertically-aligned-center\" style=\"flex-basis:7%\">\n<figure class=\"wp-block-image alignfull size-full\"><img decoding=\"async\" loading=\"lazy\" width=\"512\" height=\"512\" src=\"https:\/\/rebub.u-bordeaux.fr\/wp-content\/uploads\/2024\/04\/point-dexclamation.png\" alt=\"\" class=\"wp-image-19898\" srcset=\"https:\/\/rebub.u-bordeaux.fr\/wp-content\/uploads\/2024\/04\/point-dexclamation.png 512w, https:\/\/rebub.u-bordeaux.fr\/wp-content\/uploads\/2024\/04\/point-dexclamation-300x300.png 300w, https:\/\/rebub.u-bordeaux.fr\/wp-content\/uploads\/2024\/04\/point-dexclamation-150x150.png 150w\" sizes=\"(max-width: 512px) 100vw, 512px\" \/><\/figure>\n<\/div>\n\n\n\n<div class=\"is-layout-flow wp-block-column is-vertically-aligned-center\" style=\"flex-basis:85%\">\n<p><strong>Attention !<\/strong> Pour ne pas surcharger CBS, le programme n&rsquo;injecte que 5000 inventaires par traitement. Ainsi, en cas de traitement de gros bouquets la cr\u00e9ation des inventaires SUDOC peut s\u2019\u00e9taler sur plusieurs jours.<\/p>\n<\/div>\n<\/div>\n<\/div><\/div>\n\n\n\n<p>Lorsque le programme ne peut pas cr\u00e9er un inventaire il retourne une anomalie. Un rapport est alors envoy\u00e9 par mail \u00e0 l&rsquo;administrateur et une API permet de lister toutes les erreurs.<\/p>\n\n\n\n<p>A \u23f2 19h30 un programme interne \u00e0 notre r\u00e9seau va r\u00e9cup\u00e9rer ces anomalies et cr\u00e9er des rappels sous chaque notice concern\u00e9e.<\/p>\n\n\n\n<h2 id=\"stoc-au-niveau-de-la-zone-reseau-chargement-des-notices-sudoc\" class=\"wpig-heading\">Au niveau de la zone r\u00e9seau : chargement des notices SUDOC<\/h2>\n\n\n\n<p>Chaque jour l\u2019ABES g\u00e9n\u00e8re un export des notices de documents \u00e9lectroniques &nbsp;au format Marc21. &nbsp;Ces notices sont ajout\u00e9es aux fichiers des Transferts R\u00e9guliers puis charg\u00e9es dans Alma \u00e0 4h via un profil d\u2019import sp\u00e9cifique. Le traitement est similaire au traitement d&rsquo;importation des notices de documents physiques. Pour en savoir plus vous pouvez consulter cette page : <a href=\"https:\/\/rebub.u-bordeaux.fr\/index.php\/alma\/procedures\/gestion-des-ressources\/circuits-et-architecture-des-donnees\/circuit-des-notices\/\" data-type=\"URL\" data-id=\"https:\/\/rebub.u-bordeaux.fr\/index.php\/alma\/procedures\/gestion-des-ressources\/circuits-et-architecture-des-donnees\/circuit-des-notices\/\">Du SUDOC \u00e0 Babord + : circuit des notices bibliographiques<\/a>.<\/p>\n\n\n\n<p>En revanche le profil marc21 ne traite que les mises \u00e0 jour. Il copie la notice de la zone communautaire dans le r\u00e9pertoire de l\u2019institution et remplace tous les champs par les champs SUDOC \u00e0 l\u2019exception des 035 (Il nous a sembl\u00e9 pertinent de les conserver pour d\u2019\u00e9ventuelles v\u00e9rifications).<\/p>\n\n\n\n<div class=\"is-layout-flex wp-container-13 wp-block-columns bord-bloc-reutilisable has-background\" style=\"background-color:#ffeec2\">\n<div class=\"is-layout-flow wp-block-column is-vertically-aligned-center\" style=\"flex-basis:7%\">\n<figure class=\"wp-block-image alignfull size-full is-style-default\"><img decoding=\"async\" loading=\"lazy\" width=\"512\" height=\"512\" src=\"https:\/\/rebub.u-bordeaux.fr\/wp-content\/uploads\/2024\/04\/nouvelles-idees-en-cours.png\" alt=\"\" class=\"wp-image-19897\" srcset=\"https:\/\/rebub.u-bordeaux.fr\/wp-content\/uploads\/2024\/04\/nouvelles-idees-en-cours.png 512w, https:\/\/rebub.u-bordeaux.fr\/wp-content\/uploads\/2024\/04\/nouvelles-idees-en-cours-300x300.png 300w, https:\/\/rebub.u-bordeaux.fr\/wp-content\/uploads\/2024\/04\/nouvelles-idees-en-cours-150x150.png 150w\" sizes=\"(max-width: 512px) 100vw, 512px\" \/><\/figure>\n<\/div>\n\n\n\n<div class=\"is-layout-flow wp-block-column is-vertically-aligned-center\" style=\"flex-basis:85%\">\n<p><strong>Note<\/strong> : Nnous sommes oblig\u00e9s d\u2019utiliser des notices au format Marc21 car les r\u00e9pertoires Marc21 et Unimarc sont deux r\u00e9pertoires distincts et il est impossible de remplacer une notice Marc21 par une notice Unimarc.<\/p>\n<\/div>\n<\/div>\n\n\n\n<div class=\"is-layout-flex wp-container-19 wp-block-columns bord-bloc-reutilisable has-background\" style=\"background-color:#d9edf7\">\n<div class=\"is-layout-flow wp-block-column is-vertically-aligned-center\" style=\"font-size:15px;flex-basis:20%\">\n<p style=\"font-size:15px\"><strong>Date de publication<\/strong> <\/p>\n\n\n<div style=\"font-size:15px;\" class=\"wp-block-post-date\"><time datetime=\"2024-03-22T09:33:59+01:00\">22 mars 2024<\/time><\/div><\/div>\n\n\n\n<div class=\"is-layout-flow wp-block-column is-vertically-aligned-center\" style=\"font-size:15px;flex-basis:20%\">\n<p><strong>Mis \u00e0 jour le <\/strong><\/p>\n\n\n<div style=\"font-size:15px;\" class=\"wp-block-post-date\"><time datetime=\"2024-07-15T09:36:21+02:00\">15 juillet 2024<\/time><\/div><\/div>\n\n\n\n<div class=\"is-layout-flow wp-block-column is-vertically-aligned-center\" style=\"font-size:15px;flex-basis:40%\">\n<p><\/p>\n\n\n\n<p><strong>Attention ! <\/strong>Certains \u00e9tablissements utilisent parfois de proc\u00e9dures compl\u00e9mentaires <\/p>\n<\/div>\n\n\n\n<div class=\"is-layout-flow wp-block-column is-vertically-aligned-center\" style=\"font-size:15px;flex-basis:25%\">\n<div class=\"is-horizontal is-content-justification-center is-layout-flex wp-container-17 wp-block-buttons alignfull has-custom-font-size\" style=\"font-size:16px\">\n<div class=\"wp-block-button has-custom-width wp-block-button__width-75 has-custom-font-size is-style-fill\" style=\"font-size:15px\"><a class=\"wp-block-button__link has-white-color has-text-color has-background wp-element-button\" href=\"mailto:scoop@u-bordeaux.fr\" style=\"border-radius:65px;background-color:#000000db\"><strong>Signaler une erreur<\/strong><\/a><\/div>\n<\/div>\n<\/div>\n<\/div>\n","protected":false},"excerpt":{"rendered":"<p>Table des mati\u00e8res[ Show ]Dans la zone communautaire : injection des PPNs dans le catalogue centralAu niveau de l&rsquo;institution : cr\u00e9ation des inventaires dans le SUDOCPublication des inventaires vers le SUDOCP\u00e9rim\u00e8treD\u00e9clenchement de l&rsquo;envoi d&rsquo;un inventaire dans le SUDOCFormat d&rsquo;exposition des&#8230;<\/p>\n","protected":false},"author":2,"featured_media":0,"parent":18681,"menu_order":0,"comment_status":"closed","ping_status":"closed","template":"","meta":[],"post_mailing_queue_ids":[],"_links":{"self":[{"href":"https:\/\/rebub.u-bordeaux.fr\/index.php\/wp-json\/wp\/v2\/pages\/18616"}],"collection":[{"href":"https:\/\/rebub.u-bordeaux.fr\/index.php\/wp-json\/wp\/v2\/pages"}],"about":[{"href":"https:\/\/rebub.u-bordeaux.fr\/index.php\/wp-json\/wp\/v2\/types\/page"}],"author":[{"embeddable":true,"href":"https:\/\/rebub.u-bordeaux.fr\/index.php\/wp-json\/wp\/v2\/users\/2"}],"replies":[{"embeddable":true,"href":"https:\/\/rebub.u-bordeaux.fr\/index.php\/wp-json\/wp\/v2\/comments?post=18616"}],"version-history":[{"count":5,"href":"https:\/\/rebub.u-bordeaux.fr\/index.php\/wp-json\/wp\/v2\/pages\/18616\/revisions"}],"predecessor-version":[{"id":22211,"href":"https:\/\/rebub.u-bordeaux.fr\/index.php\/wp-json\/wp\/v2\/pages\/18616\/revisions\/22211"}],"up":[{"embeddable":true,"href":"https:\/\/rebub.u-bordeaux.fr\/index.php\/wp-json\/wp\/v2\/pages\/18681"}],"wp:attachment":[{"href":"https:\/\/rebub.u-bordeaux.fr\/index.php\/wp-json\/wp\/v2\/media?parent=18616"}],"curies":[{"name":"wp","href":"https:\/\/api.w.org\/{rel}","templated":true}]}}