	{"id":18618,"date":"2024-03-22T09:34:00","date_gmt":"2024-03-22T08:34:00","guid":{"rendered":"https:\/\/rebub.u-bordeaux.fr\/?page_id=18618"},"modified":"2024-04-26T10:20:00","modified_gmt":"2024-04-26T08:20:00","slug":"mapping-portfolios-alma-vers-inventaires-sudoc","status":"publish","type":"page","link":"https:\/\/rebub.u-bordeaux.fr\/index.php\/alma\/procedures\/documentation-electronique\/circuit-de-synchronisation-sudoc\/mapping-portfolios-alma-vers-inventaires-sudoc\/","title":{"rendered":"Mapping des donn\u00e9es des portfolios Alma pour cr\u00e9ation des inventaires SUDOC"},"content":{"rendered":"<div id='wpig-floatingbar' class='wpig-floatingbar'><div id='wpig-switch-wrapper' class='wpig-switch-wrapper'><span id='wpig-floating-switch' class='wpig-floating-switch'><img src='https:\/\/rebub.u-bordeaux.fr\/wp-content\/plugins\/sticky-toc-advance-table-of-contents\/\\assets\\menu.png'><\/span><\/div><\/div><p><\/p>\n<figure class=\"wp-block-table is-style-stripes\"><table><thead><tr><th>Donn\u00e9es<\/th><th>Champ source Alma<\/th><th>Champ de des tination SUDOC<\/th><th>Traitement<\/th><\/tr><\/thead><tbody><tr><td>PPN<\/td><td>Notice bibliographique :035$a<\/td><td>Non import\u00e9 utile au recouvrement<\/td><td>Uniquement 035$a pr\u00e9fix\u00e9 par (PPN). Suppression du pr\u00e9fixe.<\/td><\/tr><tr><td>RCR<\/td><td>Valeur fixe en fonction de l&rsquo;institution o\u00f9 s&rsquo;ex\u00e9cute le traitement.<\/td><td>930##$$b<\/td><td><\/td><\/tr><tr><td>Code PEB<\/td><td>Valeur calcul\u00e9e<\/td><td>930##$$j<\/td><td>Si le portfolio est actif alors &lsquo;s&rsquo; sinon &lsquo;g&rsquo;<\/td><\/tr><tr><td>Etat de collection<\/td><td>Portfolio : Couverture : Ann\u00e9e de d\u00e9but<\/td><td>95541$$a<\/td><td><\/td><\/tr><tr><td><\/td><td>Portfolio : Couverture : Jour de d\u00e9but<\/td><td>95541$$b<\/td><td><\/td><\/tr><tr><td><\/td><td>Portfolio : Mois de d\u00e9but<\/td><td>95541$$c<\/td><td><\/td><\/tr><tr><td><\/td><td>Portfolio : Volume de d\u00e9but<\/td><td>95541$$d<\/td><td><\/td><\/tr><tr><td><\/td><td>Portfolio : N\u00b0 de d\u00e9but<\/td><td>95541$$e<\/td><td><\/td><\/tr><tr><td><\/td><td>Portfolio : Couverture : Ann\u00e9e de fin<\/td><td>95541$$k<\/td><td><\/td><\/tr><tr><td><\/td><td>Portfolio : Couverture : Jour de fin<\/td><td>95541$$l<\/td><td><\/td><\/tr><tr><td><\/td><td>Portfolio : Mois de fin<\/td><td>95541$$m<\/td><td><\/td><\/tr><tr><td><\/td><td>Portfolio : Volume de fin<\/td><td>95541$$n<\/td><td><\/td><\/tr><tr><td><\/td><td>Portfolio : N\u00b0 de fin<\/td><td>95541$$o<\/td><td><\/td><\/tr><tr><td><\/td><td>Portfolio : Embargo\/Barri\u00e8re mobile &#8211; Operateur + Nombre d&rsquo;ann\u00e9es<\/td><td>95541$$4<\/td><td>Si [Op\u00e9rateur] = \u00ab\u00a0&gt;\u00a0\u00bb Alors \u00ab\u00a0Embargo sur les \u00a0\u00bb + [Nombre d&rsquo;ann\u00e9es] + \u00ab\u00a0derni\u00e8res ann\u00e9es\u00a0\u00bb Sinon \u00ab\u00a0Embargo sur les \u00a0\u00bb + [Nombre d&rsquo;ann\u00e9es] + \u00ab\u00a0derni\u00e8res ann\u00e9es\u00a0\u00bb<\/td><\/tr><tr><td>URL<\/td><td>Portfolio : Sous champ de lien direct<\/td><td>E8564#$$u<\/td><td>Si le portfolio n&rsquo;est pas actif alors pas d&rsquo;url sinon valeur du champ [Luien direct]<\/td><\/tr><tr><td>Note destin\u00e9e au punlic<\/td><td>Portfolio : Note d&rsquo;authentification<\/td><td>E8564#$$z<\/td><td>Si champ [Note d&rsquo;authentification ] est vide alors \u00ab\u00a0Acc\u00e8s restreint aux membres de la communaut\u00e9 universitaire de l&rsquo;\u00e9tablissement\u00a0\u00bb<\/td><\/tr><tr><td>Texte de lien hypertexte<\/td><td>Valeur calcul\u00e9e<\/td><td>E856 4# $2<\/td><td>Si le portfolio n&rsquo;est pas actif alors \u00ab\u00a0Ressource non disponible\u00a0\u00bb<\/td><\/tr><tr><td>Date de modification niveau biblio Alma<\/td><td>&#8211;<\/td><td>Pour test uniquement<\/td><td>Si le syst\u00e8me d&rsquo;origine est \u00e9gal \u00e0 \u00ab\u00a0ABES\u00a0\u00bb et que la datec de modification de la notice est sup\u00e9rieure \u00e0 celle du portfolio alors l&rsquo;inventaire n&rsquo;eespasc trait\u00e9<\/td><\/tr><tr><td>Syst\u00e8me d\u2019origine de la notice<\/td><td><\/td><td>Pour test uniquement<\/td><td><\/td><\/tr><tr><td>Date de modification notice holding Alma<\/td><td><\/td><td>997<\/td><td><\/td><\/tr><tr><td>Identifiant du portfolio Alma<\/td><td>Portfolio : PID<\/td><td>919 ##$a<\/td><td><\/td><\/tr><\/tbody><\/table><\/figure>\n\n\n\n<div class=\"is-layout-flex wp-container-6 wp-block-columns bord-bloc-reutilisable has-background\" style=\"background-color:#d9edf7\">\n<div class=\"is-layout-flow wp-block-column is-vertically-aligned-center\" style=\"font-size:15px;flex-basis:20%\">\n<p style=\"font-size:15px\"><strong>Date de publication<\/strong> <\/p>\n\n\n<div style=\"font-size:15px;\" class=\"wp-block-post-date\"><time datetime=\"2024-03-22T09:34:00+01:00\">22 mars 2024<\/time><\/div><\/div>\n\n\n\n<div class=\"is-layout-flow wp-block-column is-vertically-aligned-center\" style=\"font-size:15px;flex-basis:20%\">\n<p><strong>Mis \u00e0 jour le <\/strong><\/p>\n\n\n<div style=\"font-size:15px;\" class=\"wp-block-post-date\"><time datetime=\"2024-04-26T10:20:00+02:00\">26 avril 2024<\/time><\/div><\/div>\n\n\n\n<div class=\"is-layout-flow wp-block-column is-vertically-aligned-center\" style=\"font-size:15px;flex-basis:40%\">\n<p><\/p>\n\n\n\n<p><strong>Attention ! <\/strong>Certains \u00e9tablissements utilisent parfois de proc\u00e9dures compl\u00e9mentaires <\/p>\n<\/div>\n\n\n\n<div class=\"is-layout-flow wp-block-column is-vertically-aligned-center\" style=\"font-size:15px;flex-basis:25%\">\n<div class=\"is-horizontal is-content-justification-center is-layout-flex wp-container-4 wp-block-buttons alignfull has-custom-font-size\" style=\"font-size:16px\">\n<div class=\"wp-block-button has-custom-width wp-block-button__width-75 has-custom-font-size is-style-fill\" style=\"font-size:15px\"><a class=\"wp-block-button__link has-white-color has-text-color has-background wp-element-button\" href=\"mailto:scoop@u-bordeaux.fr\" style=\"border-radius:65px;background-color:#000000db\"><strong>Signaler une erreur<\/strong><\/a><\/div>\n<\/div>\n<\/div>\n<\/div>\n","protected":false},"excerpt":{"rendered":"<p>Donn\u00e9es Champ source Alma Champ de des tination SUDOC Traitement PPN Notice bibliographique :035$a Non import\u00e9 utile au recouvrement Uniquement 035$a pr\u00e9fix\u00e9 par (PPN). Suppression du pr\u00e9fixe. RCR Valeur fixe en fonction de l&rsquo;institution o\u00f9 s&rsquo;ex\u00e9cute le traitement. 930##$$b Code&#8230;<\/p>\n","protected":false},"author":2,"featured_media":0,"parent":18681,"menu_order":1,"comment_status":"closed","ping_status":"closed","template":"","meta":[],"post_mailing_queue_ids":[],"_links":{"self":[{"href":"https:\/\/rebub.u-bordeaux.fr\/index.php\/wp-json\/wp\/v2\/pages\/18618"}],"collection":[{"href":"https:\/\/rebub.u-bordeaux.fr\/index.php\/wp-json\/wp\/v2\/pages"}],"about":[{"href":"https:\/\/rebub.u-bordeaux.fr\/index.php\/wp-json\/wp\/v2\/types\/page"}],"author":[{"embeddable":true,"href":"https:\/\/rebub.u-bordeaux.fr\/index.php\/wp-json\/wp\/v2\/users\/2"}],"replies":[{"embeddable":true,"href":"https:\/\/rebub.u-bordeaux.fr\/index.php\/wp-json\/wp\/v2\/comments?post=18618"}],"version-history":[{"count":3,"href":"https:\/\/rebub.u-bordeaux.fr\/index.php\/wp-json\/wp\/v2\/pages\/18618\/revisions"}],"predecessor-version":[{"id":20504,"href":"https:\/\/rebub.u-bordeaux.fr\/index.php\/wp-json\/wp\/v2\/pages\/18618\/revisions\/20504"}],"up":[{"embeddable":true,"href":"https:\/\/rebub.u-bordeaux.fr\/index.php\/wp-json\/wp\/v2\/pages\/18681"}],"wp:attachment":[{"href":"https:\/\/rebub.u-bordeaux.fr\/index.php\/wp-json\/wp\/v2\/media?parent=18618"}],"curies":[{"name":"wp","href":"https:\/\/api.w.org\/{rel}","templated":true}]}}