	{"id":18621,"date":"2024-03-22T09:34:02","date_gmt":"2024-03-22T08:34:02","guid":{"rendered":"https:\/\/rebub.u-bordeaux.fr\/?page_id=18621"},"modified":"2024-04-26T10:26:04","modified_gmt":"2024-04-26T08:26:04","slug":"signalement-de-la-documentation-electronique-identifier-les-notices-ou-les-portfolios","status":"publish","type":"page","link":"https:\/\/rebub.u-bordeaux.fr\/index.php\/alma\/procedures\/documentation-electronique\/circuit-de-synchronisation-sudoc\/signalement-de-la-documentation-electronique-identifier-les-notices-ou-les-portfolios\/","title":{"rendered":"Identifier les notices ou les portfolios synchronis\u00e9s avec le SUDOC"},"content":{"rendered":"<div id='wpig-floatingbar' class='wpig-floatingbar'><div id='wpig-switch-wrapper' class='wpig-switch-wrapper'><span id='wpig-floating-switch' class='wpig-floating-switch'><img src='https:\/\/rebub.u-bordeaux.fr\/wp-content\/plugins\/sticky-toc-advance-table-of-contents\/\\assets\\menu.png'><\/span><\/div><div id='wpig-contents' class='wpig-contents  wpig-sidebar-widget wpig-style-3'><span class='wpig-headline'>Table des mati\u00e8res<span><a data-action='show' class='wpig-btn-toggledisplay'>[ Show ]<\/a><\/span><\/span><!-- Table of Contents --><div id='wpig-table-of-content' class='wpig-table-of-content'><ol><li class='stoc-identifier-toutes-les-notices-de-la-zone-communautaire-dotees-dun-ppn'><a href='#stoc-identifier-toutes-les-notices-de-la-zone-communautaire-dotees-dun-ppn'>Identifier toutes les notices de la zone communautaire dot\u00e9es d&rsquo;un PPN<\/a><\/li><li class='stoc-identifier-tous-les-portfolios-candidats-a-la-synchronisation-sudoc'><a href='#stoc-identifier-tous-les-portfolios-candidats-a-la-synchronisation-sudoc'>Identifier tous les portfolios candidats \u00e0 la synchronisation SUDOC<\/a><\/li><li class='stoc-identifier-tous-les-portfolios-synchronises'><a href='#stoc-identifier-tous-les-portfolios-synchronises'>Identifier tous les portfolios synchronis\u00e9s<\/a><\/li><li class='stoc-identifier-les-anomalies-portfolios-censes-etre-synchronise-mais-dont-la-notice-sudoc-na-pas-ete-chargee-dans-alma'><a href='#stoc-identifier-les-anomalies-portfolios-censes-etre-synchronise-mais-dont-la-notice-sudoc-na-pas-ete-chargee-dans-alma'>Identifier les anomalies : portfolios cens\u00e9s \u00eatre synchronis\u00e9 mais dont la notice SUDOC n&rsquo;a pas \u00e9t\u00e9 charg\u00e9e dans Alma<\/a><\/li><\/ol><\/div><!-- END OF Table of Contents --><\/div><\/div><p><div id='wpig-contents' class='wpig-contents  wpig-sidebar-widget wpig-style-1'><span class='wpig-headline'>Table des mati\u00e8res<span><a data-action='show' class='wpig-btn-toggledisplay'>[ Show ]<\/a><\/span><\/span><!-- Table of Contents --><div id='wpig-table-of-content' class='wpig-table-of-content' ><ol><li class='stoc-identifier-toutes-les-notices-de-la-zone-communautaire-dotees-dun-ppn'><a href='#stoc-identifier-toutes-les-notices-de-la-zone-communautaire-dotees-dun-ppn'>Identifier toutes les notices de la zone communautaire dot\u00e9es d&rsquo;un PPN<\/a><\/li><li class='stoc-identifier-tous-les-portfolios-candidats-a-la-synchronisation-sudoc'><a href='#stoc-identifier-tous-les-portfolios-candidats-a-la-synchronisation-sudoc'>Identifier tous les portfolios candidats \u00e0 la synchronisation SUDOC<\/a><\/li><li class='stoc-identifier-tous-les-portfolios-synchronises'><a href='#stoc-identifier-tous-les-portfolios-synchronises'>Identifier tous les portfolios synchronis\u00e9s<\/a><\/li><li class='stoc-identifier-les-anomalies-portfolios-censes-etre-synchronise-mais-dont-la-notice-sudoc-na-pas-ete-chargee-dans-alma'><a href='#stoc-identifier-les-anomalies-portfolios-censes-etre-synchronise-mais-dont-la-notice-sudoc-na-pas-ete-chargee-dans-alma'>Identifier les anomalies : portfolios cens\u00e9s \u00eatre synchronis\u00e9 mais dont la notice SUDOC n&rsquo;a pas \u00e9t\u00e9 charg\u00e9e dans Alma<\/a><\/li><\/ol><\/div><!-- END OF Table of Contents --><\/div><\/p>\n<p>Cette page pr\u00e9sente un ensemble de recherches avanc\u00e9es dans Alma utiles au travail de surveillance du circuit de synchronisation SUDOC pour la documentation \u00e9lectroniques. A part pour la recherche dans la zone communautaire. L&rsquo;ensemble de ces requ\u00eates fonctionnent dans les p\u00e9rim\u00e8tre <strong>Portfolios \u00e9lectroniques <\/strong> et <strong>Titres \u00e9lectroniques.<\/strong><\/p>\n\n\n\n<h2 id=\"stoc-identifier-toutes-les-notices-de-la-zone-communautaire-dotees-dun-ppn\" class=\"wpig-heading\">Identifier toutes les notices de la zone communautaire dot\u00e9es d&rsquo;un PPN<\/h2>\n\n\n\n<ul>\n<li><strong>P\u00e9rim\u00e8tre de recherche : <\/strong> Zone communaut\u00e9<\/li>\n\n\n\n<li>Recherche <strong>Tous les titres :<\/strong>\n<ul>\n<li><strong>Autre num\u00e9ro de syst\u00e8me &gt; commence par &gt; (PPN)<\/strong><\/li>\n\n\n\n<li><strong>Format de notice &gt; est \u00e9gal \u00e0 &gt; MARC21<\/strong><\/li>\n<\/ul>\n<\/li>\n<\/ul>\n\n\n\n<h2 id=\"stoc-identifier-tous-les-portfolios-candidats-a-la-synchronisation-sudoc\" class=\"wpig-heading\">Identifier tous les portfolios candidats \u00e0 la synchronisation SUDOC<\/h2>\n\n\n\n<ul>\n<li><strong>P\u00e9rim\u00e8tre de recherche : <\/strong> Votre institution<\/li>\n\n\n\n<li><strong>Crit\u00e8res de recherche :<\/strong>\n<ul>\n<li>Titre : Autres num\u00e9ro de syst\u00e8me &gt; Commence par &gt; (PPN).<\/li>\n\n\n\n<li>Titre : Format de notice &gt; Contient la phrase &gt; Marc 21<\/li>\n\n\n\n<li>Collection \u00e9lectronique : Description interne &gt; Contient la Phrase &gt;Synchronisation SUDOC<\/li>\n<\/ul>\n<\/li>\n<\/ul>\n\n\n\n<div class=\"is-layout-flex wp-container-3 wp-block-columns bord-bloc-reutilisable has-background\" style=\"background-color:#ffeec2\">\n<div class=\"is-layout-flow wp-block-column is-vertically-aligned-center\" style=\"flex-basis:7%\">\n<figure class=\"wp-block-image alignfull size-full is-style-default\"><img decoding=\"async\" loading=\"lazy\" width=\"512\" height=\"512\" src=\"https:\/\/rebub.u-bordeaux.fr\/wp-content\/uploads\/2024\/04\/nouvelles-idees-en-cours.png\" alt=\"\" class=\"wp-image-19897\" srcset=\"https:\/\/rebub.u-bordeaux.fr\/wp-content\/uploads\/2024\/04\/nouvelles-idees-en-cours.png 512w, https:\/\/rebub.u-bordeaux.fr\/wp-content\/uploads\/2024\/04\/nouvelles-idees-en-cours-300x300.png 300w, https:\/\/rebub.u-bordeaux.fr\/wp-content\/uploads\/2024\/04\/nouvelles-idees-en-cours-150x150.png 150w\" sizes=\"(max-width: 512px) 100vw, 512px\" \/><\/figure>\n<\/div>\n\n\n\n<div class=\"is-layout-flow wp-block-column is-vertically-aligned-center\" style=\"flex-basis:85%\">\n<p><strong>Note<\/strong> : Pour limiter la recherche sur les titres d&rsquo;une collection donn\u00e9e remplacer le crit\u00e8re <strong>Collection \u00e9lectronique : Description interne<\/strong> par le nom ou l&rsquo;identifiant de la collection.<\/p>\n<\/div>\n<\/div>\n\n\n\n<h2 id=\"stoc-identifier-tous-les-portfolios-synchronises\" class=\"wpig-heading\">Identifier tous les portfolios synchronis\u00e9s<\/h2>\n\n\n\n<ul>\n<li><strong>P\u00e9rim\u00e8tre de recherche : <\/strong> Votre institution<\/li>\n\n\n\n<li><strong>Crit\u00e8res de recherche :<\/strong>\n<ul>\n<li>Titre : Format de notice &gt; Contient la phrase &gt; Marc 21<\/li>\n\n\n\n<li>Agence&nbsp;de&nbsp;catalogage&nbsp;d&rsquo;origine &gt; Contient la phrase &gt; ABES<\/li>\n\n\n\n<li>Collection \u00e9lectronique : Description interne &gt; Contient la Phrase &gt;Synchronisation SUDOC<\/li>\n<\/ul>\n<\/li>\n<\/ul>\n\n\n\n<div class=\"is-layout-flex wp-container-6 wp-block-columns bord-bloc-reutilisable has-background\" style=\"background-color:#ffeec2\">\n<div class=\"is-layout-flow wp-block-column is-vertically-aligned-center\" style=\"flex-basis:7%\">\n<figure class=\"wp-block-image alignfull size-full is-style-default\"><img decoding=\"async\" loading=\"lazy\" width=\"512\" height=\"512\" src=\"https:\/\/rebub.u-bordeaux.fr\/wp-content\/uploads\/2024\/04\/nouvelles-idees-en-cours.png\" alt=\"\" class=\"wp-image-19897\" srcset=\"https:\/\/rebub.u-bordeaux.fr\/wp-content\/uploads\/2024\/04\/nouvelles-idees-en-cours.png 512w, https:\/\/rebub.u-bordeaux.fr\/wp-content\/uploads\/2024\/04\/nouvelles-idees-en-cours-300x300.png 300w, https:\/\/rebub.u-bordeaux.fr\/wp-content\/uploads\/2024\/04\/nouvelles-idees-en-cours-150x150.png 150w\" sizes=\"(max-width: 512px) 100vw, 512px\" \/><\/figure>\n<\/div>\n\n\n\n<div class=\"is-layout-flow wp-block-column is-vertically-aligned-center\" style=\"flex-basis:85%\">\n<p><strong>Note<\/strong> : Pour limiter la recherche sur les titres d&rsquo;une collection donn\u00e9e remplacer le crit\u00e8re <strong>Collection \u00e9lectronique : Description interne<\/strong> par le nom ou l&rsquo;identifiant de la collection.<\/p>\n<\/div>\n<\/div>\n\n\n\n<h2 id=\"stoc-identifier-les-anomalies-portfolios-censes-etre-synchronise-mais-dont-la-notice-sudoc-na-pas-ete-chargee-dans-alma\" class=\"wpig-heading\">Identifier les anomalies : portfolios cens\u00e9s \u00eatre synchronis\u00e9 mais dont la notice SUDOC n&rsquo;a pas \u00e9t\u00e9 charg\u00e9e dans Alma<\/h2>\n\n\n\n<ul>\n<li><strong>P\u00e9rim\u00e8tre de recherche : <\/strong> Votre institution<\/li>\n\n\n\n<li><strong>Crit\u00e8res de recherche :<\/strong>\n<ul>\n<li>Titre : Format de notice &gt; Contient la phrase &gt; Marc 21<\/li>\n\n\n\n<li>Titre : Autres num\u00e9ro de syst\u00e8me &gt; Commence par &gt; (PPN).<\/li>\n\n\n\n<li>Agence&nbsp;de&nbsp;catalogage&nbsp;d&rsquo;origine &gt; n&rsquo;est pas \u00e9gal \u00e0 &gt; ABES<\/li>\n\n\n\n<li>Collection \u00e9lectronique : Description interne &gt; Contient la Phrase &gt;Synchronisation SUDOC<\/li>\n<\/ul>\n<\/li>\n<\/ul>\n\n\n\n<div class=\"is-layout-flex wp-container-12 wp-block-columns bord-bloc-reutilisable has-background\" style=\"background-color:#d9edf7\">\n<div class=\"is-layout-flow wp-block-column is-vertically-aligned-center\" style=\"font-size:15px;flex-basis:20%\">\n<p style=\"font-size:15px\"><strong>Date de publication<\/strong> <\/p>\n\n\n<div style=\"font-size:15px;\" class=\"wp-block-post-date\"><time datetime=\"2024-03-22T09:34:02+01:00\">22 mars 2024<\/time><\/div><\/div>\n\n\n\n<div class=\"is-layout-flow wp-block-column is-vertically-aligned-center\" style=\"font-size:15px;flex-basis:20%\">\n<p><strong>Mis \u00e0 jour le <\/strong><\/p>\n\n\n<div style=\"font-size:15px;\" class=\"wp-block-post-date\"><time datetime=\"2024-04-26T10:26:04+02:00\">26 avril 2024<\/time><\/div><\/div>\n\n\n\n<div class=\"is-layout-flow wp-block-column is-vertically-aligned-center\" style=\"font-size:15px;flex-basis:40%\">\n<p><\/p>\n\n\n\n<p><strong>Attention ! <\/strong>Certains \u00e9tablissements utilisent parfois de proc\u00e9dures compl\u00e9mentaires <\/p>\n<\/div>\n\n\n\n<div class=\"is-layout-flow wp-block-column is-vertically-aligned-center\" style=\"font-size:15px;flex-basis:25%\">\n<div class=\"is-horizontal is-content-justification-center is-layout-flex wp-container-10 wp-block-buttons alignfull has-custom-font-size\" style=\"font-size:16px\">\n<div class=\"wp-block-button has-custom-width wp-block-button__width-75 has-custom-font-size is-style-fill\" style=\"font-size:15px\"><a class=\"wp-block-button__link has-white-color has-text-color has-background wp-element-button\" href=\"mailto:scoop@u-bordeaux.fr\" style=\"border-radius:65px;background-color:#000000db\"><strong>Signaler une erreur<\/strong><\/a><\/div>\n<\/div>\n<\/div>\n<\/div>\n","protected":false},"excerpt":{"rendered":"<p>Table des mati\u00e8res[ Show ]Identifier toutes les notices de la zone communautaire dot\u00e9es d&rsquo;un PPNIdentifier tous les portfolios candidats \u00e0 la synchronisation SUDOCIdentifier tous les portfolios synchronis\u00e9sIdentifier les anomalies : portfolios cens\u00e9s \u00eatre synchronis\u00e9 mais dont la notice SUDOC n&rsquo;a&#8230;<\/p>\n","protected":false},"author":2,"featured_media":0,"parent":18681,"menu_order":2,"comment_status":"closed","ping_status":"closed","template":"","meta":[],"post_mailing_queue_ids":[],"_links":{"self":[{"href":"https:\/\/rebub.u-bordeaux.fr\/index.php\/wp-json\/wp\/v2\/pages\/18621"}],"collection":[{"href":"https:\/\/rebub.u-bordeaux.fr\/index.php\/wp-json\/wp\/v2\/pages"}],"about":[{"href":"https:\/\/rebub.u-bordeaux.fr\/index.php\/wp-json\/wp\/v2\/types\/page"}],"author":[{"embeddable":true,"href":"https:\/\/rebub.u-bordeaux.fr\/index.php\/wp-json\/wp\/v2\/users\/2"}],"replies":[{"embeddable":true,"href":"https:\/\/rebub.u-bordeaux.fr\/index.php\/wp-json\/wp\/v2\/comments?post=18621"}],"version-history":[{"count":3,"href":"https:\/\/rebub.u-bordeaux.fr\/index.php\/wp-json\/wp\/v2\/pages\/18621\/revisions"}],"predecessor-version":[{"id":20508,"href":"https:\/\/rebub.u-bordeaux.fr\/index.php\/wp-json\/wp\/v2\/pages\/18621\/revisions\/20508"}],"up":[{"embeddable":true,"href":"https:\/\/rebub.u-bordeaux.fr\/index.php\/wp-json\/wp\/v2\/pages\/18681"}],"wp:attachment":[{"href":"https:\/\/rebub.u-bordeaux.fr\/index.php\/wp-json\/wp\/v2\/media?parent=18621"}],"curies":[{"name":"wp","href":"https:\/\/api.w.org\/{rel}","templated":true}]}}