	{"id":18632,"date":"2024-03-22T09:34:09","date_gmt":"2024-03-22T08:34:09","guid":{"rendered":"https:\/\/rebub.u-bordeaux.fr\/?page_id=18632"},"modified":"2024-04-26T12:03:19","modified_gmt":"2024-04-26T10:03:19","slug":"transferer-une-ligne-de-commande-dun-portfolio-a-un-autre","status":"publish","type":"page","link":"https:\/\/rebub.u-bordeaux.fr\/index.php\/alma\/procedures\/documentation-electronique\/acquisition-a-deplacer-vers-acquisiton\/transferer-une-ligne-de-commande-dun-portfolio-a-un-autre\/","title":{"rendered":"Transf\u00e9rer une ligne de commande d\u2019un portfolio \u00e0 un autre ou d\u2019une collection \u00e9lectronique \u00e0 une autre"},"content":{"rendered":"<div id='wpig-floatingbar' class='wpig-floatingbar'><div id='wpig-switch-wrapper' class='wpig-switch-wrapper'><span id='wpig-floating-switch' class='wpig-floating-switch'><img src='https:\/\/rebub.u-bordeaux.fr\/wp-content\/plugins\/sticky-toc-advance-table-of-contents\/\\assets\\menu.png'><\/span><\/div><div id='wpig-contents' class='wpig-contents  wpig-sidebar-widget wpig-style-3'><span class='wpig-headline'>Table des mati\u00e8res<span><a data-action='show' class='wpig-btn-toggledisplay'>[ Show ]<\/a><\/span><\/span><!-- Table of Contents --><div id='wpig-table-of-content' class='wpig-table-of-content'><ol><li class='stoc-supprimer-le-lien-de-la-ligne-de-commande-a-la-collection-locale'><a href='#stoc-supprimer-le-lien-de-la-ligne-de-commande-a-la-collection-locale'>Supprimer le lien de la ligne de commande \u00e0 la collection locale<\/a><\/li><li class='stoc-declarer-la-ligne-de-commande-dans-le-nouvel-inventaire-actif'><a href='#stoc-declarer-la-ligne-de-commande-dans-le-nouvel-inventaire-actif'>D\u00e9clarer la ligne de commande dans le nouvel inventaire actif<\/a><\/li><li class='stoc-changer-les-reference-bibliographique-de-la-ligne-de-commande'><a href='#stoc-changer-les-reference-bibliographique-de-la-ligne-de-commande'>Changer les r\u00e9f\u00e9rence bibliographique de la ligne de commande<\/a><\/li><li class='stoc-supprimer-linventaire-local'><a href='#stoc-supprimer-linventaire-local'>Supprimer l&rsquo;inventaire local<\/a><\/li><\/ol><\/div><!-- END OF Table of Contents --><\/div><\/div><p><div id='wpig-contents' class='wpig-contents  wpig-sidebar-widget wpig-style-1'><span class='wpig-headline'>Table des mati\u00e8res<span><a data-action='show' class='wpig-btn-toggledisplay'>[ Show ]<\/a><\/span><\/span><!-- Table of Contents --><div id='wpig-table-of-content' class='wpig-table-of-content' ><ol><li class='stoc-supprimer-le-lien-de-la-ligne-de-commande-a-la-collection-locale'><a href='#stoc-supprimer-le-lien-de-la-ligne-de-commande-a-la-collection-locale'>Supprimer le lien de la ligne de commande \u00e0 la collection locale<\/a><\/li><li class='stoc-declarer-la-ligne-de-commande-dans-le-nouvel-inventaire-actif'><a href='#stoc-declarer-la-ligne-de-commande-dans-le-nouvel-inventaire-actif'>D\u00e9clarer la ligne de commande dans le nouvel inventaire actif<\/a><\/li><li class='stoc-changer-les-reference-bibliographique-de-la-ligne-de-commande'><a href='#stoc-changer-les-reference-bibliographique-de-la-ligne-de-commande'>Changer les r\u00e9f\u00e9rence bibliographique de la ligne de commande<\/a><\/li><li class='stoc-supprimer-linventaire-local'><a href='#stoc-supprimer-linventaire-local'>Supprimer l&rsquo;inventaire local<\/a><\/li><\/ol><\/div><!-- END OF Table of Contents --><\/div><\/p>\n<p>Il est fr\u00e9quent qu&rsquo;en l&rsquo;absence de correspondance dans la KB au moment de l&rsquo;abonnement \u00e0 une ressource \u00e9lectronique on attache une ligne de commande \u00e0 une collection ou un portfolio local. Une fois, la ressource cr\u00e9\u00e9e dans la KB il est alors n\u00e9cessaire de transf\u00e9rer les informations de commande de l&rsquo;inventaire local vers l&rsquo;inventaire de la KB.<\/p>\n\n\n\n<h2 id=\"stoc-supprimer-le-lien-de-la-ligne-de-commande-a-la-collection-locale\" class=\"wpig-heading\">Supprimer le lien de la ligne de commande \u00e0 la collection locale<\/h2>\n\n\n\n<ol>\n<li>\u00c9diter la collection \u00e9lectronique ou le portfolio local<\/li>\n\n\n\n<li>Noter le num\u00e9ro de la ligne de bon de commande<\/li>\n\n\n\n<li>Supprimer la ligne de commande\n<ul>\n<li> Pour un <strong>portfolio <\/strong>aller dans l&rsquo;onglet <strong>\u00ab\u00a0Information sur les acquisitions\u00a0\u00bb<\/strong> <\/li>\n\n\n\n<li> Pour une <strong>collection <\/strong>aller dans l&rsquo;onglet <strong>\u00ab\u00a0Information g\u00e9n\u00e9rale\u00a0\u00bb<\/strong> <\/li>\n<\/ul>\n<\/li>\n<\/ol>\n\n\n\n<figure class=\"wp-block-image size-large\"><img decoding=\"async\" loading=\"lazy\" width=\"1024\" height=\"499\" src=\"http:\/\/rebub.u-bordeaux.fr\/wp-content\/uploads\/2021\/05\/\u00c9diteur-de-collection-\u00e9lectronique2-1024x499.png\" alt=\"\" class=\"wp-image-10752\" srcset=\"https:\/\/rebub.u-bordeaux.fr\/wp-content\/uploads\/2021\/05\/\u00c9diteur-de-collection-\u00e9lectronique2-1024x499.png 1024w, https:\/\/rebub.u-bordeaux.fr\/wp-content\/uploads\/2021\/05\/\u00c9diteur-de-collection-\u00e9lectronique2-300x146.png 300w, https:\/\/rebub.u-bordeaux.fr\/wp-content\/uploads\/2021\/05\/\u00c9diteur-de-collection-\u00e9lectronique2-768x374.png 768w, https:\/\/rebub.u-bordeaux.fr\/wp-content\/uploads\/2021\/05\/\u00c9diteur-de-collection-\u00e9lectronique2-1536x748.png 1536w, https:\/\/rebub.u-bordeaux.fr\/wp-content\/uploads\/2021\/05\/\u00c9diteur-de-collection-\u00e9lectronique2.png 1903w\" sizes=\"(max-width: 1024px) 100vw, 1024px\" \/><\/figure>\n\n\n\n<h2 id=\"stoc-declarer-la-ligne-de-commande-dans-le-nouvel-inventaire-actif\" class=\"wpig-heading\">D\u00e9clarer la ligne de commande dans le nouvel inventaire actif<\/h2>\n\n\n\n<ol>\n<li>Copier  le <strong>num\u00e9ro de la ligne de commande<\/strong> \u00e0 transf\u00e9rer <\/li>\n\n\n\n<li>Activer dans la<strong> KB <\/strong>votre portfolio\/collection<\/li>\n\n\n\n<li><strong>\u00c9diter <\/strong>le portfolio\/collection<\/li>\n\n\n\n<li>Associer la ligne de commande :\n<ul>\n<li>Pour un <strong>portfolio <\/strong>aller dans l&rsquo;onglet <strong>\u00ab\u00a0Information sur les acquisitions\u00a0\u00bb<\/strong> et saisir  le num\u00e9ro de ligne de commande dans le champ <strong>\u00ab\u00a0Ligne de commande\u00a0\u00bb<\/strong> <\/li>\n\n\n\n<li>Pour une <strong>collection <\/strong>aller dans l&rsquo;onglet <strong>\u00ab\u00a0Information g\u00e9n\u00e9rale\u00a0\u00bb<\/strong> et saisir  le num\u00e9ro de ligne de commande dans le champ <strong>\u00ab\u00a0Ligne de commande\u00a0\u00bb<\/strong>  <\/li>\n<\/ul>\n<\/li>\n<\/ol>\n\n\n\n<figure class=\"wp-block-image\"><img decoding=\"async\" loading=\"lazy\" width=\"1024\" height=\"563\" src=\"http:\/\/rebub.u-bordeaux.fr\/wp-content\/uploads\/2021\/02\/\u00c9diteur-de-collection-\u00e9lectronique2-1-1024x563.png\" alt=\"\" class=\"wp-image-10065\" srcset=\"https:\/\/rebub.u-bordeaux.fr\/wp-content\/uploads\/2021\/02\/\u00c9diteur-de-collection-\u00e9lectronique2-1-1024x563.png 1024w, https:\/\/rebub.u-bordeaux.fr\/wp-content\/uploads\/2021\/02\/\u00c9diteur-de-collection-\u00e9lectronique2-1-300x165.png 300w, https:\/\/rebub.u-bordeaux.fr\/wp-content\/uploads\/2021\/02\/\u00c9diteur-de-collection-\u00e9lectronique2-1-768x423.png 768w, https:\/\/rebub.u-bordeaux.fr\/wp-content\/uploads\/2021\/02\/\u00c9diteur-de-collection-\u00e9lectronique2-1-1536x845.png 1536w, https:\/\/rebub.u-bordeaux.fr\/wp-content\/uploads\/2021\/02\/\u00c9diteur-de-collection-\u00e9lectronique2-1.png 1903w\" sizes=\"(max-width: 1024px) 100vw, 1024px\" \/><figcaption class=\"wp-element-caption\">Collection \u00e9lectronique<\/figcaption><\/figure>\n\n\n<div class=\"wp-block-image\">\n<figure class=\"aligncenter\"><img decoding=\"async\" src=\"http:\/\/rebub.u-bordeaux.fr\/wp-content\/uploads\/2021\/02\/\u00c9diteur-de-portfolio-\u00e9lectronique-2-1024x563.png\" alt=\"\"\/><figcaption class=\"wp-element-caption\">Portfolio <\/figcaption><\/figure><\/div>\n\n\n<h2 id=\"stoc-changer-les-reference-bibliographique-de-la-ligne-de-commande\" class=\"wpig-heading\">Changer les r\u00e9f\u00e9rence bibliographique de la ligne de commande<\/h2>\n\n\n\n<ol>\n<li>Rechercher la ligne de commande<\/li>\n\n\n\n<li>Cliquer sur \u00ab\u00a0Changer les r\u00e9f\u00e9rences bibliographiques\u00a0\u00bb<img decoding=\"async\" loading=\"lazy\" width=\"1482\" height=\"315\" class=\"wp-image-10071\" style=\"width: 800px;\" src=\"http:\/\/rebub.u-bordeaux.fr\/wp-content\/uploads\/2021\/02\/Rechercher-une-ligne-de-commande.png\" alt=\"\" srcset=\"https:\/\/rebub.u-bordeaux.fr\/wp-content\/uploads\/2021\/02\/Rechercher-une-ligne-de-commande.png 1482w, https:\/\/rebub.u-bordeaux.fr\/wp-content\/uploads\/2021\/02\/Rechercher-une-ligne-de-commande-300x64.png 300w, https:\/\/rebub.u-bordeaux.fr\/wp-content\/uploads\/2021\/02\/Rechercher-une-ligne-de-commande-1024x218.png 1024w, https:\/\/rebub.u-bordeaux.fr\/wp-content\/uploads\/2021\/02\/Rechercher-une-ligne-de-commande-768x163.png 768w\" sizes=\"(max-width: 1482px) 100vw, 1482px\" \/><br>Alma va effectuer une recherche sur l&rsquo;ISBN ou l&rsquo;ISSN<\/li>\n\n\n\n<li>S\u00e9lectionner la notice sous laquelle est li\u00e9 l&rsquo;inventaire actif<\/li>\n<\/ol>\n\n\n\n<h2 id=\"stoc-supprimer-linventaire-local\" class=\"wpig-heading\">Supprimer l&rsquo;inventaire local<\/h2>\n\n\n\n<p>Vous pouvez forcer la suppression malgr\u00e9 la pr\u00e9sence d&rsquo;une ligne de commande. Cette derni\u00e8re Ne sera pas supprim\u00e9e.<\/p>\n\n\n\n<div class=\"is-layout-flex wp-container-6 wp-block-columns bord-bloc-reutilisable has-background\" style=\"background-color:#d9edf7\">\n<div class=\"is-layout-flow wp-block-column is-vertically-aligned-center\" style=\"font-size:15px;flex-basis:20%\">\n<p style=\"font-size:15px\"><strong>Date de publication<\/strong> <\/p>\n\n\n<div style=\"font-size:15px;\" class=\"wp-block-post-date\"><time datetime=\"2024-03-22T09:34:09+01:00\">22 mars 2024<\/time><\/div><\/div>\n\n\n\n<div class=\"is-layout-flow wp-block-column is-vertically-aligned-center\" style=\"font-size:15px;flex-basis:20%\">\n<p><strong>Mis \u00e0 jour le <\/strong><\/p>\n\n\n<div style=\"font-size:15px;\" class=\"wp-block-post-date\"><time datetime=\"2024-04-26T12:03:19+02:00\">26 avril 2024<\/time><\/div><\/div>\n\n\n\n<div class=\"is-layout-flow wp-block-column is-vertically-aligned-center\" style=\"font-size:15px;flex-basis:40%\">\n<p><\/p>\n\n\n\n<p><strong>Attention ! <\/strong>Certains \u00e9tablissements utilisent parfois de proc\u00e9dures compl\u00e9mentaires <\/p>\n<\/div>\n\n\n\n<div class=\"is-layout-flow wp-block-column is-vertically-aligned-center\" style=\"font-size:15px;flex-basis:25%\">\n<div class=\"is-horizontal is-content-justification-center is-layout-flex wp-container-4 wp-block-buttons alignfull has-custom-font-size\" style=\"font-size:16px\">\n<div class=\"wp-block-button has-custom-width wp-block-button__width-75 has-custom-font-size is-style-fill\" style=\"font-size:15px\"><a class=\"wp-block-button__link has-white-color has-text-color has-background wp-element-button\" href=\"mailto:scoop@u-bordeaux.fr\" style=\"border-radius:65px;background-color:#000000db\"><strong>Signaler une erreur<\/strong><\/a><\/div>\n<\/div>\n<\/div>\n<\/div>\n","protected":false},"excerpt":{"rendered":"<p>Table des mati\u00e8res[ Show ]Supprimer le lien de la ligne de commande \u00e0 la collection localeD\u00e9clarer la ligne de commande dans le nouvel inventaire actifChanger les r\u00e9f\u00e9rence bibliographique de la ligne de commandeSupprimer l&rsquo;inventaire localIl est fr\u00e9quent qu&rsquo;en l&rsquo;absence de&#8230;<\/p>\n","protected":false},"author":2,"featured_media":0,"parent":18612,"menu_order":4,"comment_status":"closed","ping_status":"closed","template":"","meta":[],"post_mailing_queue_ids":[],"_links":{"self":[{"href":"https:\/\/rebub.u-bordeaux.fr\/index.php\/wp-json\/wp\/v2\/pages\/18632"}],"collection":[{"href":"https:\/\/rebub.u-bordeaux.fr\/index.php\/wp-json\/wp\/v2\/pages"}],"about":[{"href":"https:\/\/rebub.u-bordeaux.fr\/index.php\/wp-json\/wp\/v2\/types\/page"}],"author":[{"embeddable":true,"href":"https:\/\/rebub.u-bordeaux.fr\/index.php\/wp-json\/wp\/v2\/users\/2"}],"replies":[{"embeddable":true,"href":"https:\/\/rebub.u-bordeaux.fr\/index.php\/wp-json\/wp\/v2\/comments?post=18632"}],"version-history":[{"count":3,"href":"https:\/\/rebub.u-bordeaux.fr\/index.php\/wp-json\/wp\/v2\/pages\/18632\/revisions"}],"predecessor-version":[{"id":20538,"href":"https:\/\/rebub.u-bordeaux.fr\/index.php\/wp-json\/wp\/v2\/pages\/18632\/revisions\/20538"}],"up":[{"embeddable":true,"href":"https:\/\/rebub.u-bordeaux.fr\/index.php\/wp-json\/wp\/v2\/pages\/18612"}],"wp:attachment":[{"href":"https:\/\/rebub.u-bordeaux.fr\/index.php\/wp-json\/wp\/v2\/media?parent=18632"}],"curies":[{"name":"wp","href":"https:\/\/api.w.org\/{rel}","templated":true}]}}