	{"id":18633,"date":"2024-03-22T09:34:20","date_gmt":"2024-03-22T08:34:20","guid":{"rendered":"https:\/\/rebub.u-bordeaux.fr\/?page_id=18633"},"modified":"2024-04-26T14:08:57","modified_gmt":"2024-04-26T12:08:57","slug":"supprimmer-une-collection-quand-des-portfolios-sont-presents-dans-une-selection","status":"publish","type":"page","link":"https:\/\/rebub.u-bordeaux.fr\/index.php\/alma\/procedures\/documentation-electronique\/gestion-controles\/supprimmer-une-collection-quand-des-portfolios-sont-presents-dans-une-selection\/","title":{"rendered":"Supprimer une collection quand des portfolios sont pr\u00e9sents dans une s\u00e9lection"},"content":{"rendered":"<div id='wpig-floatingbar' class='wpig-floatingbar'><div id='wpig-switch-wrapper' class='wpig-switch-wrapper'><span id='wpig-floating-switch' class='wpig-floating-switch'><img src='https:\/\/rebub.u-bordeaux.fr\/wp-content\/plugins\/sticky-toc-advance-table-of-contents\/\\assets\\menu.png'><\/span><\/div><div id='wpig-contents' class='wpig-contents  wpig-sidebar-widget wpig-style-3'><span class='wpig-headline'>Table des mati\u00e8res<span><a data-action='show' class='wpig-btn-toggledisplay'>[ Show ]<\/a><\/span><\/span><!-- Table of Contents --><div id='wpig-table-of-content' class='wpig-table-of-content'><ol><li class='stoc-identifier-les-portfolios-lies-a-une-selection'><a href='#stoc-identifier-les-portfolios-lies-a-une-selection'>Identifier les portfolios li\u00e9s \u00e0 une s\u00e9lection<\/a><\/li><li class='stoc-supprimer-la-collection'><a href='#stoc-supprimer-la-collection'>Supprimer la collection<\/a><\/li><\/div><!-- END OF Table of Contents --><\/div><\/div><p><div id='wpig-contents' class='wpig-contents  wpig-sidebar-widget wpig-style-1'><span class='wpig-headline'>Table des mati\u00e8res<span><a data-action='show' class='wpig-btn-toggledisplay'>[ Show ]<\/a><\/span><\/span><!-- Table of Contents --><div id='wpig-table-of-content' class='wpig-table-of-content' ><ol><li class='stoc-identifier-les-portfolios-lies-a-une-selection'><a href='#stoc-identifier-les-portfolios-lies-a-une-selection'>Identifier les portfolios li\u00e9s \u00e0 une s\u00e9lection<\/a><\/li><li class='stoc-supprimer-la-collection'><a href='#stoc-supprimer-la-collection'>Supprimer la collection<\/a><\/li><\/div><!-- END OF Table of Contents --><\/div><\/p>\n<p>Lorsque vous tentez de supprimer une collection dont au moins un portfolio est li\u00e9 \u00e0 une s\u00e9lection. Le syst\u00e8me ne supprime pas les portfolios il les d\u00e9sactive sans taguer la notice pour surpression dans Babord +. Voici une proc\u00e9dure pour supprimer d\u00e9finitivement les portfolios et la collection.<\/p>\n\n\n\n<h2 id=\"stoc-identifier-les-portfolios-lies-a-une-selection\" class=\"wpig-heading\">Identifier les portfolios li\u00e9s \u00e0 une s\u00e9lection<\/h2>\n\n\n\n<ol>\n<li>Dans la recherche de  Portfolios \u00c9lectroniques<\/li>\n\n\n\n<li>Saisissez les crit\u00e8res de recherche suivant :\n<ul>\n<li><strong>Collection \u00e9lectronique : Nom de la collection<\/strong> = contient [Nom de la colection \u00e0 supprimer]<\/li>\n\n\n\n<li><strong>Titre : Collection<\/strong> =  Contient <strong>*<\/strong>  <\/li>\n<\/ul>\n<\/li>\n\n\n\n<li>Supprimer individuellement les portfolios ou lancer un traite de suppression par lot<\/li>\n<\/ol>\n\n\n\n<figure class=\"is-layout-flex wp-block-gallery-1 wp-block-gallery has-nested-images columns-default is-cropped\">\n<figure class=\"wp-block-image size-large\"><img decoding=\"async\" loading=\"lazy\" width=\"966\" height=\"199\" data-id=\"10755\"  src=\"https:\/\/rebub.u-bordeaux.fr\/wp-content\/uploads\/2021\/05\/Portfolios-\u00e9lectroniques.png\" alt=\"\" class=\"wp-image-10755\" srcset=\"https:\/\/rebub.u-bordeaux.fr\/wp-content\/uploads\/2021\/05\/Portfolios-\u00e9lectroniques.png 966w, https:\/\/rebub.u-bordeaux.fr\/wp-content\/uploads\/2021\/05\/Portfolios-\u00e9lectroniques-300x62.png 300w, https:\/\/rebub.u-bordeaux.fr\/wp-content\/uploads\/2021\/05\/Portfolios-\u00e9lectroniques-768x158.png 768w\" sizes=\"(max-width: 966px) 100vw, 966px\" \/><\/figure>\n<\/figure>\n\n\n\n<h2 id=\"stoc-supprimer-la-collection\" class=\"wpig-heading\">Supprimer la collection<\/h2>\n\n\n\n<div class=\"is-layout-flex wp-container-8 wp-block-columns bord-bloc-reutilisable has-background\" style=\"background-color:#d9edf7\">\n<div class=\"is-layout-flow wp-block-column is-vertically-aligned-center\" style=\"font-size:15px;flex-basis:20%\">\n<p style=\"font-size:15px\"><strong>Date de publication<\/strong> <\/p>\n\n\n<div style=\"font-size:15px;\" class=\"wp-block-post-date\"><time datetime=\"2024-03-22T09:34:20+01:00\">22 mars 2024<\/time><\/div><\/div>\n\n\n\n<div class=\"is-layout-flow wp-block-column is-vertically-aligned-center\" style=\"font-size:15px;flex-basis:20%\">\n<p><strong>Mis \u00e0 jour le <\/strong><\/p>\n\n\n<div style=\"font-size:15px;\" class=\"wp-block-post-date\"><time datetime=\"2024-04-26T14:08:57+02:00\">26 avril 2024<\/time><\/div><\/div>\n\n\n\n<div class=\"is-layout-flow wp-block-column is-vertically-aligned-center\" style=\"font-size:15px;flex-basis:40%\">\n<p><\/p>\n\n\n\n<p><strong>Attention ! <\/strong>Certains \u00e9tablissements utilisent parfois de proc\u00e9dures compl\u00e9mentaires <\/p>\n<\/div>\n\n\n\n<div class=\"is-layout-flow wp-block-column is-vertically-aligned-center\" style=\"font-size:15px;flex-basis:25%\">\n<div class=\"is-horizontal is-content-justification-center is-layout-flex wp-container-6 wp-block-buttons alignfull has-custom-font-size\" style=\"font-size:16px\">\n<div class=\"wp-block-button has-custom-width wp-block-button__width-75 has-custom-font-size is-style-fill\" style=\"font-size:15px\"><a class=\"wp-block-button__link has-white-color has-text-color has-background wp-element-button\" href=\"mailto:scoop@u-bordeaux.fr\" style=\"border-radius:65px;background-color:#000000db\"><strong>Signaler une erreur<\/strong><\/a><\/div>\n<\/div>\n<\/div>\n<\/div>\n","protected":false},"excerpt":{"rendered":"<p>Table des mati\u00e8res[ Show ]Identifier les portfolios li\u00e9s \u00e0 une s\u00e9lectionSupprimer la collectionLorsque vous tentez de supprimer une collection dont au moins un portfolio est li\u00e9 \u00e0 une s\u00e9lection. Le syst\u00e8me ne supprime pas les portfolios il les d\u00e9sactive sans&#8230;<\/p>\n","protected":false},"author":2,"featured_media":0,"parent":18613,"menu_order":6,"comment_status":"closed","ping_status":"closed","template":"","meta":[],"post_mailing_queue_ids":[],"_links":{"self":[{"href":"https:\/\/rebub.u-bordeaux.fr\/index.php\/wp-json\/wp\/v2\/pages\/18633"}],"collection":[{"href":"https:\/\/rebub.u-bordeaux.fr\/index.php\/wp-json\/wp\/v2\/pages"}],"about":[{"href":"https:\/\/rebub.u-bordeaux.fr\/index.php\/wp-json\/wp\/v2\/types\/page"}],"author":[{"embeddable":true,"href":"https:\/\/rebub.u-bordeaux.fr\/index.php\/wp-json\/wp\/v2\/users\/2"}],"replies":[{"embeddable":true,"href":"https:\/\/rebub.u-bordeaux.fr\/index.php\/wp-json\/wp\/v2\/comments?post=18633"}],"version-history":[{"count":4,"href":"https:\/\/rebub.u-bordeaux.fr\/index.php\/wp-json\/wp\/v2\/pages\/18633\/revisions"}],"predecessor-version":[{"id":20561,"href":"https:\/\/rebub.u-bordeaux.fr\/index.php\/wp-json\/wp\/v2\/pages\/18633\/revisions\/20561"}],"up":[{"embeddable":true,"href":"https:\/\/rebub.u-bordeaux.fr\/index.php\/wp-json\/wp\/v2\/pages\/18613"}],"wp:attachment":[{"href":"https:\/\/rebub.u-bordeaux.fr\/index.php\/wp-json\/wp\/v2\/media?parent=18633"}],"curies":[{"name":"wp","href":"https:\/\/api.w.org\/{rel}","templated":true}]}}